{"id":4936,"date":"2026-03-11T13:19:02","date_gmt":"2026-03-11T13:19:02","guid":{"rendered":"https:\/\/mueller-wrh.de\/produkt\/cnc-haas-st-20ss-bj-2010-mit-lns-hydrobar-6-50-intnr231495\/"},"modified":"2026-03-13T10:46:30","modified_gmt":"2026-03-13T10:46:30","slug":"cnc-haas-st-20ss-bj-2010-mit-lns-hydrobar-6-50-intnr231495","status":"publish","type":"product","link":"https:\/\/mueller-wrh.de\/tr\/urun\/cnc-haas-st-20ss-bj-2010-mit-lns-hydrobar-6-50-intnr231495\/","title":{"rendered":"CNC HAAS ST-20SS, 2010 y\u0131l\u0131, LNS Hydrobar 6.50 HS-4.6 IntNr231495 ile"},"content":{"rendered":"<p><b>Konum:<\/b> Almanya, Baden-W\u00fcrttemberg G\u00fcneybat\u0131<\/p>\n<p><b>Durum:<\/b> Kullan\u0131lm\u0131\u015f<\/p>\n<p><b>\u00dcretici firma:<\/b> HAAS<\/p>\n<p><b>Model:<\/b> ST-20SS<\/p>\n<p><b>\u0130n\u015faat y\u0131l\u0131:<\/b> 2010<\/p>\n<p><b>\u00c7al\u0131\u015fma saatleri:<\/b> 1900<\/p>\n<p>Kullan\u0131lm\u0131\u015f CNC torna merkezi Haas ST-20SS (Super Speed) 2010 y\u0131l\u0131nda \u00fcretilmi\u015ftir,<br \/>\nLNS Super Hydrobar 6.50 HS 4.6 y\u0131l 2011 dahil. <\/p>\n<p>Teknik detaylar:<br \/>\n15 in\u00e7 renkli LCD monit\u00f6r, kullan\u0131c\u0131 dostu HAAS kontrol sistemi<br \/>\nMaks. D\u00f6nd\u00fcrme \u00e7ap\u0131: 254 mm'ye kadar<br \/>\nMaks. D\u00f6nd\u00fcrme uzunlu\u011fu: 533 mm.<\/p>\n<p>Mil:<br \/>\nAna mil yata\u011f\u0131 ar\u0131zal\u0131!<br \/>\nH\u0131z: maks. 5.000 rpm.<br \/>\nTahrik g\u00fcc\u00fc: 22,4 kW (30 hp) Y\u00fcksek Performansl\u0131 Vekt\u00f6r Tahrik.<br \/>\n\u0130\u015f mili burnu: A2-6.<br \/>\n\u0130\u015f mili deli\u011fi: 88,9 mm<\/p>\n<p>Alet tareti:<br \/>\n24 istasyonlu hibrit taret<\/p>\n<p>Ekspres yollar:<br \/>\n24,0 m\/dak (X ekseni)<br \/>\n30,5 m\/dak (Z ekseni).<br \/>\nEkipman:<br \/>\nOtomatik tak\u0131m \u00f6n ayar sistemi (Otomatik Prob Kolu).<br \/>\nTahrikli aletler i\u00e7in \u00fcnite<br \/>\nLNS Super Hydrobar 6.50 HS 4.6 (2011 y\u0131l\u0131)<br \/>\nyakla\u015f\u0131k 5 mm ila 50 mm aras\u0131ndaki \u00e7ubuk \u00e7aplar\u0131 i\u00e7in (modele ba\u011fl\u0131 olarak HS serisinde 65\/68 mm'ye kadar uzat\u0131labilir).<\/p>\n<p>Makine randevu ile elektrik alt\u0131nda incelenebilir.<br \/>\nTeknik veri ve bilgilerdeki de\u011fi\u015fiklikler ve hatalar ile \u00f6n sat\u0131\u015f hakk\u0131 sakl\u0131d\u0131r!<\/p>\n<p>Kullan\u0131lm\u0131\u015f Haas ST-20SS (S\u00fcper H\u0131zl\u0131) CNC torna merkezi, 2010 y\u0131l\u0131nda \u00fcretilmi\u015ftir,<br \/>\nLNS Super Hydrobar 6.50 HS 4.6 dahil, 2011 y\u0131l\u0131nda \u00fcretilmi\u015ftir. <\/p>\n<p>Teknik detaylar:<br \/>\n15 in\u00e7 renkli LCD monit\u00f6r, kullan\u0131c\u0131 dostu HAAS kontrol\u00fc<br \/>\nMaks. d\u00f6n\u00fc\u015f \u00e7ap\u0131: 254 mm'ye kadar<br \/>\nMaks. d\u00f6n\u00fc\u015f uzunlu\u011fu: 533 mm.<\/p>\n<p>Mil:<br \/>\nAna mil yata\u011f\u0131 ar\u0131zal\u0131!<br \/>\nH\u0131z: maks. 5.000 rpm.<br \/>\nTahrik g\u00fcc\u00fc: 22,4 kW (30 hp) y\u00fcksek performansl\u0131 vekt\u00f6r tahrik.<br \/>\nMil burnu: A2-6.<br \/>\n\u0130\u015f mili deli\u011fi: 88,9 mm<\/p>\n<p>Alet tareti:<br \/>\n24 istasyonlu hibrit taret<\/p>\n<p>H\u0131zl\u0131 travers:<br \/>\n24,0 m\/dak (X ekseni)<br \/>\n30,5 m\/dak (Z ekseni).<br \/>\nEkipman:<br \/>\notomatik tak\u0131m \u00f6n ayar sistemi (Auto Probe Arm)<br \/>\nTahrikli aletler i\u00e7in \u00fcnite<br \/>\nLNS Super Hydrobar 6.50 HS 4.6 (2011 y\u0131l\u0131nda \u00fcretilmi\u015ftir)<br \/>\nyakla\u015f\u0131k 5 mm'den 50 mm'ye kadar \u00e7ubuk \u00e7aplar\u0131 i\u00e7in (modele ba\u011fl\u0131 olarak HS serisinde 65\/68 mm'ye kadar geni\u015fletilebilir).<\/p>\n<p>Makine randevu ile elektrik alt\u0131nda g\u00f6r\u00fclebilir.<br \/>\nTeknik verilerdeki ve spesifikasyonlardaki de\u011fi\u015fikliklere ve hatalara ve ayr\u0131ca sat\u0131\u015f \u00f6ncesine tabidir!<\/p>","protected":false},"excerpt":{"rendered":"<p>Standort: Deutschland, Baden-W\u00fcrttemberg S\u00fcdwest Zustand: Gebraucht Hersteller: HAAS Modell: ST-20SS Baujahr: 2010 Betriebsstunden: 1900 Gebrauchtes CNC-Drehzentrum Haas ST-20SS (Super Speed) Bj. 2010, inklusive LNS Super Hydrobar 6.50 HS 4.6 Bj. 2011. Technische Details: 15-Zoll-Farb-LCD-Monitor, benutzerfreundliche HAAS-Steuerung Max. Drehdurchmesser: bis zu 254 mm Max. Drehl\u00e4nge: 533 mm. Spindel: Hauptspindellager defekt! Drehzahl: max. 5.000 U\/min. Antriebsleistung: 22,4 [&hellip;]<\/p>\n","protected":false},"featured_media":4960,"comment_status":"open","ping_status":"closed","template":"","meta":{"_uf_show_specific_survey":0,"_uf_disable_surveys":false},"product_brand":[],"product_cat":[90],"product_tag":[],"class_list":{"0":"post-4936","1":"product","2":"type-product","3":"status-publish","4":"has-post-thumbnail","6":"product_cat-cnc-drehmaschinen-0-199mm-drehd","8":"first","9":"instock","10":"taxable","11":"shipping-taxable","12":"product-type-simple"},"aioseo_notices":[],"_links":{"self":[{"href":"https:\/\/mueller-wrh.de\/tr\/wp-json\/wp\/v2\/product\/4936","targetHints":{"allow":["GET"]}}],"collection":[{"href":"https:\/\/mueller-wrh.de\/tr\/wp-json\/wp\/v2\/product"}],"about":[{"href":"https:\/\/mueller-wrh.de\/tr\/wp-json\/wp\/v2\/types\/product"}],"replies":[{"embeddable":true,"href":"https:\/\/mueller-wrh.de\/tr\/wp-json\/wp\/v2\/comments?post=4936"}],"wp:featuredmedia":[{"embeddable":true,"href":"https:\/\/mueller-wrh.de\/tr\/wp-json\/wp\/v2\/media\/4960"}],"wp:attachment":[{"href":"https:\/\/mueller-wrh.de\/tr\/wp-json\/wp\/v2\/media?parent=4936"}],"wp:term":[{"taxonomy":"product_brand","embeddable":true,"href":"https:\/\/mueller-wrh.de\/tr\/wp-json\/wp\/v2\/product_brand?post=4936"},{"taxonomy":"product_cat","embeddable":true,"href":"https:\/\/mueller-wrh.de\/tr\/wp-json\/wp\/v2\/product_cat?post=4936"},{"taxonomy":"product_tag","embeddable":true,"href":"https:\/\/mueller-wrh.de\/tr\/wp-json\/wp\/v2\/product_tag?post=4936"}],"curies":[{"name":"wp","href":"https:\/\/api.w.org\/{rel}","templated":true}]}}