{"id":4921,"date":"2026-03-07T11:31:09","date_gmt":"2026-03-07T11:31:09","guid":{"rendered":"https:\/\/mueller-wrh.de\/produkt\/gebr-lns-express-220_bj-2027-intnr231503\/"},"modified":"2026-03-07T11:31:09","modified_gmt":"2026-03-07T11:31:09","slug":"gebr-lns-express-220_bj-2027-intnr231503","status":"publish","type":"product","link":"https:\/\/mueller-wrh.de\/tr\/urun\/gebr-lns-express-220_bj-2027-intnr231503\/","title":{"rendered":"markal\u0131 LNS Express 220_year 2027 IntNr231503"},"content":{"rendered":"<p><b>Konum:<\/b> Almanya, Baden-W\u00fcrttemberg G\u00fcneybat\u0131<\/p>\n<p><b>Durum:<\/b> Kullan\u0131lm\u0131\u015f<\/p>\n<p><b>\u00dcretici firma:<\/b> LNS<\/p>\n<p><b>Model:<\/b> Ekspres 220<\/p>\n<p><b>\u0130n\u015faat y\u0131l\u0131:<\/b> 2007<\/p>\n<p>CNC Y\u00fckleme \u015earj\u00f6r\u00fc LNS Express 220<br \/>\n\u0130n\u015faat y\u0131l\u0131: 2007<br \/>\nTip: \u00c7ubuk besleyici<\/p>\n<p>Yakla\u015f\u0131k 2 dakikadan daha k\u0131sa bir s\u00fcrede k\u0131lavuz kanal\u0131n\u0131n kolay d\u00f6n\u00fc\u015ft\u00fcr\u00fclmesi.<br \/>\nK\u0131lavuz elemanlar\u0131n tamamen de\u011fi\u015ftirilmesi yakla\u015f\u0131k 8 dakikadan daha k\u0131sa bir s\u00fcrede m\u00fcmk\u00fcnd\u00fcr.<\/p>\n<p>Teknik detaylar:<br \/>\n\u00c7ap aral\u0131\u011f\u0131: 2 mm ila 20 mm<br \/>\nKanal \u00d8 22mm<br \/>\nMaksimum \u00e7ubuk uzunlu\u011fu: 3.000 mm<br \/>\nKurulum boyutlar\u0131 \/ \u00f6l\u00e7\u00fcleri (U x G x Y): 3.970 x 480 x 1.250 mm<br \/>\nA\u011f\u0131rl\u0131k: yakla\u015f\u0131k 850 kg<br \/>\nDurum: Tam \u00e7al\u0131\u015f\u0131r<\/p>\n<p>Makine randevu ile incelenebilir.<br \/>\nTeknik veri ve bilgilerdeki de\u011fi\u015fiklikler ve hatalar ile \u00f6n sat\u0131\u015f hakk\u0131 sakl\u0131d\u0131r!<\/p>\n<p>I<br \/>\nCNC y\u00fckleme magazini LNS Express 220<br \/>\n\u00dcretim y\u0131l\u0131: 2007<br \/>\nTip: Namlu y\u00fcklemeli \u015farj\u00f6r<\/p>\n<p>K\u0131lavuz kanal\u0131n\u0131n yakla\u015f\u0131k 2 dakikadan k\u0131sa s\u00fcrede kolayca de\u011fi\u015ftirilmesi.<br \/>\nRehber elemanlar\u0131n\u0131n tamamen de\u011fi\u015ftirilmesi yakla\u015f\u0131k 8 dakikan\u0131n alt\u0131nda m\u00fcmk\u00fcnd\u00fcr.<\/p>\n<p>Teknik detaylar:<br \/>\n\u00c7ap aral\u0131\u011f\u0131: 2 mm - 20 mm<br \/>\nKanal \u00d8 22 mm<br \/>\nMaksimum \u00e7ubuk uzunlu\u011fu: 3.000 mm<br \/>\nMontaj boyutlar\u0131 \/ boyutlar (U x G x Y): 3.970 x 480 x 1.250 mm<br \/>\nA\u011f\u0131rl\u0131k: yakla\u015f\u0131k 850 kg<br \/>\nDurum: Tamamen \u00e7al\u0131\u015f\u0131r durumda<\/p>\n<p>Makine, randevu ile \u00e7al\u0131\u015f\u0131r durumda g\u00f6r\u00fclebilir.<br \/>\nTeknik verilerdeki ve spesifikasyonlardaki de\u011fi\u015fikliklere ve hatalara ve ayr\u0131ca sat\u0131\u015f \u00f6ncesine tabidir!<\/p>\n<p>DeepL.com (\u00fccretsiz s\u00fcr\u00fcm) ile \u00e7evrilmi\u015ftir<\/p>","protected":false},"excerpt":{"rendered":"<p>Standort: Deutschland, Baden-W\u00fcrttemberg S\u00fcdwest Zustand: Gebraucht Hersteller: LNS Modell: Express 220 Baujahr: 2007 CNC-Lademagazin LNS Express 220 Baujahr: 2007 Typ: Stangenlademagazin Einfaches Umr\u00fcsten des F\u00fchrungskanals in weniger als ca. 2 Minuten. Komplettwechsel der F\u00fchrungselemente in unter ca. 8 Minuten m\u00f6glich. Technische Details: Durchmesserbereich: 2 mm bis 20 mm Kanal \u00d8 22mm Maximale Stangenl\u00e4nge: 3.000 mm [&hellip;]<\/p>\n","protected":false},"featured_media":4916,"comment_status":"open","ping_status":"closed","template":"","meta":{"_uf_show_specific_survey":0,"_uf_disable_surveys":false},"product_brand":[],"product_cat":[88],"product_tag":[],"class_list":{"0":"post-4921","1":"product","2":"type-product","3":"status-publish","4":"has-post-thumbnail","6":"product_cat-stangenzufuehrungen","8":"first","9":"instock","10":"taxable","11":"shipping-taxable","12":"product-type-simple"},"aioseo_notices":[],"_links":{"self":[{"href":"https:\/\/mueller-wrh.de\/tr\/wp-json\/wp\/v2\/product\/4921","targetHints":{"allow":["GET"]}}],"collection":[{"href":"https:\/\/mueller-wrh.de\/tr\/wp-json\/wp\/v2\/product"}],"about":[{"href":"https:\/\/mueller-wrh.de\/tr\/wp-json\/wp\/v2\/types\/product"}],"replies":[{"embeddable":true,"href":"https:\/\/mueller-wrh.de\/tr\/wp-json\/wp\/v2\/comments?post=4921"}],"wp:featuredmedia":[{"embeddable":true,"href":"https:\/\/mueller-wrh.de\/tr\/wp-json\/wp\/v2\/media\/4916"}],"wp:attachment":[{"href":"https:\/\/mueller-wrh.de\/tr\/wp-json\/wp\/v2\/media?parent=4921"}],"wp:term":[{"taxonomy":"product_brand","embeddable":true,"href":"https:\/\/mueller-wrh.de\/tr\/wp-json\/wp\/v2\/product_brand?post=4921"},{"taxonomy":"product_cat","embeddable":true,"href":"https:\/\/mueller-wrh.de\/tr\/wp-json\/wp\/v2\/product_cat?post=4921"},{"taxonomy":"product_tag","embeddable":true,"href":"https:\/\/mueller-wrh.de\/tr\/wp-json\/wp\/v2\/product_tag?post=4921"}],"curies":[{"name":"wp","href":"https:\/\/api.w.org\/{rel}","templated":true}]}}