{"id":4869,"date":"2026-02-24T11:35:04","date_gmt":"2026-02-24T11:35:04","guid":{"rendered":"https:\/\/mueller-wrh.de\/produkt\/cnc-langdrehfraeszentrum-star-st-38-bj-19-intnr231494\/"},"modified":"2026-02-24T11:35:04","modified_gmt":"2026-02-24T11:35:04","slug":"cnc-langdrehfraeszentrum-star-st-38-bj-19-intnr231494","status":"publish","type":"product","link":"https:\/\/mueller-wrh.de\/tr\/urun\/cnc-langdrehfraeszentrum-star-st-38-bj-19-intnr231494\/","title":{"rendered":"CNC kayar ba\u015fl\u0131 freze merkezi STAR ST-38, y\u0131l '19 (IntNo231494)"},"content":{"rendered":"<p><b>Konum:<\/b> Almanya, Baden-W\u00fcrttemberg G\u00fcneybat\u0131<\/p>\n<p><b>Durum:<\/b> Kullan\u0131lm\u0131\u015f<\/p>\n<p><b>\u00dcretici firma:<\/b> STAR Micronics<\/p>\n<p><b>Model:<\/b> ST-38<\/p>\n<p><b>\u0130n\u015faat y\u0131l\u0131:<\/b> 2019<\/p>\n<p>FANUC, y\u00fcksek performansl\u0131 bilgisayar serisi 31i-B5,<\/p>\n<p>Bak\u0131ml\u0131 durumda, yakla\u015f\u0131k 9000 \u00e7al\u0131\u015fma saati<\/p>\n<p>Ana teknik veriler<br \/>\n\u00c7al\u0131\u015fma alan\u0131<br \/>\nMaks. \u00c7ubuk \u00e7ap\u0131: 38 mm<br \/>\nMaks. \u0130\u015fleme uzunlu\u011fu (k\u0131lavuz bur\u00e7 ile): yakl. 320 mm<br \/>\nK\u0131lavuz bur\u00e7 olmadan i\u015fleme m\u00fcmk\u00fcnd\u00fcr (daha k\u0131sa i\u015f par\u00e7alar\u0131 i\u00e7in)<br \/>\nMaks. Kar\u015f\u0131 milin pens \u00e7ap\u0131: 38 mm<\/p>\n<p>Ana mil<br \/>\n\u0130\u015f mili g\u00fcc\u00fc: yakla\u015f\u0131k 11-15 kW<br \/>\nMaks. H\u0131z: yakla\u015f\u0131k 7.000 dak-\u00b9<br \/>\nC ekseni entegre (0,001\u00b0 \u00e7\u00f6z\u00fcn\u00fcrl\u00fck)<br \/>\nA\u011f\u0131r hizmet tipi i\u015fleme i\u00e7in y\u00fcksek hassasiyetli i\u015f mili yata\u011f\u0131<\/p>\n<p>Saya\u00e7 mili<br \/>\nG\u00fc\u00e7: yakla\u015f\u0131k 5,5-7,5 kW<br \/>\nMaks. H\u0131z: yakla\u015f\u0131k 7.000 dak-\u00b9<br \/>\nTam te\u015fekk\u00fcll\u00fc C ekseni<br \/>\nTek bir ba\u011flama i\u015fleminde par\u00e7a transferi ve arka u\u00e7 i\u015fleme<\/p>\n<p>Aks konfig\u00fcrasyonu<br \/>\nX1 \/ Z1 (ana sistem)<br \/>\nX2 \/ Z2 (kar\u015f\u0131 i\u015f mili sistemi)<br \/>\nMerkez d\u0131\u015f\u0131 frezeleme i\u015flemleri i\u00e7in Y ekseni<br \/>\nC ekseni ana ve kar\u015f\u0131 i\u015f mili<br \/>\nOpsiyonel B ekseni benzeri d\u00f6nd\u00fcrme fonksiyonlar\u0131 (ekipmana ba\u011fl\u0131 olarak)<br \/>\n\u00c7ok kanall\u0131 kontrol, d\u00f6ng\u00fc s\u00fcrelerini \u00f6nemli \u00f6l\u00e7\u00fcde azaltmak i\u00e7in ana ve kar\u015f\u0131 i\u015f millerinde e\u015fzamanl\u0131 i\u015fleme sa\u011flar.<\/p>\n<p>Aletler<br \/>\nTak\u0131m tutucu seti, (tahriksiz)<br \/>\nK\u0131lavuz bur\u00e7 \u00fcnitesi (gergi sistemi, JBS)<br \/>\nYa\u011f so\u011futucu \u00fcnitesi<br \/>\nM\u00fcller combistream CS 3 tipi y\u00fcksek bas\u0131n\u00e7l\u0131 konvey\u00f6r (entegre y\u00fcksek bas\u0131n\u00e7 \u00fcniteli)<br \/>\nSo\u011futma s\u0131v\u0131s\u0131 uygulamas\u0131: Ya\u011f<br \/>\nA\u011f\u0131rl\u0131k: 6,25 ton<br \/>\nBoyutlar: (UxGxY) 3477x1860x1865 mm<\/p>\n<p>Makine randevu ile elektrik alt\u0131nda incelenebilir.<br \/>\nTeknik veri ve bilgilerdeki de\u011fi\u015fiklikler ve hatalar ile \u00f6n sat\u0131\u015f hakk\u0131 sakl\u0131d\u0131r!<\/p>\n<p>FANUC, y\u00fcksek performansl\u0131 bilgisayar serisi 31i-B5,<\/p>\n<p>Bak\u0131ml\u0131, yakla\u015f\u0131k 9000 \u00e7al\u0131\u015fma saati<\/p>\n<p>Ana teknik veriler<br \/>\n\u00c7al\u0131\u015fma aral\u0131\u011f\u0131<br \/>\nMaks. \u00e7ubuk \u00e7ap\u0131: 38 mm<br \/>\nMaks. i\u015fleme uzunlu\u011fu (k\u0131lavuz bur\u00e7 ile): yakla\u015f\u0131k 320 mm<br \/>\nK\u0131lavuz bur\u00e7 olmadan i\u015fleme m\u00fcmk\u00fcnd\u00fcr (daha k\u0131sa i\u015f par\u00e7alar\u0131 i\u00e7in)<br \/>\nMaks. pens \u00e7ap\u0131 kar\u015f\u0131 i\u015f mili: 38 mm<\/p>\n<p>Ana mil<br \/>\n\u0130\u015f mili g\u00fcc\u00fc: yakla\u015f\u0131k 11-15 kW<br \/>\nMaks. h\u0131z: yakla\u015f\u0131k 7.000 dak-\u00b9<br \/>\nEntegre C ekseni (0,001\u00b0 \u00e7\u00f6z\u00fcn\u00fcrl\u00fck)<br \/>\nA\u011f\u0131r hizmet tipi i\u015fleme i\u00e7in y\u00fcksek hassasiyetli i\u015f mili yata\u011f\u0131<\/p>\n<p>Saya\u00e7 mili<br \/>\nG\u00fc\u00e7: yakla\u015f\u0131k 5,5-7,5 kW<br \/>\nMaks. h\u0131z: yakla\u015f\u0131k 7.000 rpm<br \/>\nTam C ekseni<br \/>\nTek bir ba\u011flama ile par\u00e7a transferi ve arka i\u015fleme<\/p>\n<p>Eksen yap\u0131land\u0131rmas\u0131<br \/>\nX1 \/ Z1 (ana sistem)<br \/>\nX2 \/ Z2 (kar\u015f\u0131 i\u015f mili sistemi)<br \/>\nMerkez d\u0131\u015f\u0131 frezeleme i\u015flemleri i\u00e7in Y ekseni<br \/>\nC ekseni ana ve kar\u015f\u0131 i\u015f mili<br \/>\nOpsiyonel B ekseni benzeri d\u00f6nd\u00fcrme fonksiyonlar\u0131 (ekipmana ba\u011fl\u0131 olarak)<br \/>\n\u00c7ok kanall\u0131 kontrol, d\u00f6ng\u00fc s\u00fcresinde \u00f6nemli bir azalma i\u00e7in ana ve kar\u015f\u0131 i\u015f millerinde e\u015fzamanl\u0131 i\u015fleme sa\u011flar.<\/p>\n<p>Aletler<br \/>\nTak\u0131m tutucu seti, (tahriksiz)<br \/>\nK\u0131lavuz bur\u00e7 \u00fcnitesi (\u00e7ekme sistemi, JBS)<br \/>\nYa\u011f so\u011futucu \u00fcnitesi<br \/>\nY\u00fcksek bas\u0131n\u00e7l\u0131 konvey\u00f6r (entegre y\u00fcksek bas\u0131n\u00e7 \u00fcniteli) Tip M\u00fcller combistream CS 3<br \/>\nKullan\u0131lan so\u011futma s\u0131v\u0131s\u0131: ya\u011f<br \/>\nA\u011f\u0131rl\u0131k: 6,25 ton<br \/>\nBoyutlar: (UxGxY) 3477x1860x1865 mm<\/p>\n<p>Makine randevu ile elektrik alt\u0131nda g\u00f6r\u00fclebilir.<br \/>\nTeknik verilerdeki ve spesifikasyonlardaki de\u011fi\u015fikliklere ve hatalara ve ayr\u0131ca sat\u0131\u015f \u00f6ncesine tabidir!<\/p>","protected":false},"excerpt":{"rendered":"<p>Standort: Deutschland, Baden-W\u00fcrttemberg S\u00fcdwest Zustand: Gebraucht Hersteller: STAR Micronics Modell: ST-38 Baujahr: 2019 FANUC, Hochleistungs-Rechner Serie 31i-B5, Gepflegter Zustand, ca. 9000 Betriebsstunden Technische Hauptdaten Arbeitsbereich Max. Stangendurchmesser: 38 mm Max. Bearbeitungsl\u00e4nge (mit F\u00fchrungsbuchse): ca. 320 mm Bearbeitung ohne F\u00fchrungsbuchse m\u00f6glich (f\u00fcr k\u00fcrzere Werkst\u00fccke) Max. Spannzangendurchmesser Gegenspindel: 38 mm Hauptspindel Spindelleistung: ca. 11\u201315 kW Max. Drehzahl: [&hellip;]<\/p>\n","protected":false},"featured_media":4863,"comment_status":"open","ping_status":"closed","template":"","meta":{"_uf_show_specific_survey":0,"_uf_disable_surveys":false},"product_brand":[],"product_cat":[23],"product_tag":[],"class_list":{"0":"post-4869","1":"product","2":"type-product","3":"status-publish","4":"has-post-thumbnail","6":"product_cat-cnc-langdrehmaschinen","8":"first","9":"instock","10":"taxable","11":"shipping-taxable","12":"product-type-simple"},"aioseo_notices":[],"_links":{"self":[{"href":"https:\/\/mueller-wrh.de\/tr\/wp-json\/wp\/v2\/product\/4869","targetHints":{"allow":["GET"]}}],"collection":[{"href":"https:\/\/mueller-wrh.de\/tr\/wp-json\/wp\/v2\/product"}],"about":[{"href":"https:\/\/mueller-wrh.de\/tr\/wp-json\/wp\/v2\/types\/product"}],"replies":[{"embeddable":true,"href":"https:\/\/mueller-wrh.de\/tr\/wp-json\/wp\/v2\/comments?post=4869"}],"wp:featuredmedia":[{"embeddable":true,"href":"https:\/\/mueller-wrh.de\/tr\/wp-json\/wp\/v2\/media\/4863"}],"wp:attachment":[{"href":"https:\/\/mueller-wrh.de\/tr\/wp-json\/wp\/v2\/media?parent=4869"}],"wp:term":[{"taxonomy":"product_brand","embeddable":true,"href":"https:\/\/mueller-wrh.de\/tr\/wp-json\/wp\/v2\/product_brand?post=4869"},{"taxonomy":"product_cat","embeddable":true,"href":"https:\/\/mueller-wrh.de\/tr\/wp-json\/wp\/v2\/product_cat?post=4869"},{"taxonomy":"product_tag","embeddable":true,"href":"https:\/\/mueller-wrh.de\/tr\/wp-json\/wp\/v2\/product_tag?post=4869"}],"curies":[{"name":"wp","href":"https:\/\/api.w.org\/{rel}","templated":true}]}}