{"id":4861,"date":"2026-02-18T15:57:49","date_gmt":"2026-02-18T15:57:49","guid":{"rendered":"https:\/\/mueller-wrh.de\/produkt\/neu-star-er16-or1-61-werkzeughalter-str766100_-passend-fuer-star-sb-12-20rsd-26c-e-g-s-sl-7-10-sp-23sr-20jii-b-sr-20riv-sr-32jii-a-sr-32jii-b-jiii-bsr-38-type-a-bsv-20rsw-12rii_intnr231492\/"},"modified":"2026-02-18T15:57:50","modified_gmt":"2026-02-18T15:57:50","slug":"neu-star-er16-or1-61-werkzeughalter-str766100_-passend-fuer-star-sb-12-20rsd-26c-e-g-s-sl-7-10-sp-23sr-20jii-b-sr-20riv-sr-32jii-a-sr-32jii-b-jiii-bsr-38-type-a-bsv-20rsw-12rii_intnr231492","status":"publish","type":"product","link":"https:\/\/mueller-wrh.de\/tr\/urun\/neu-star-er16-or1-61-werkzeughalter-str766100_-passend-fuer-star-sb-12-20rsd-26c-e-g-s-sl-7-10-sp-23sr-20jii-b-sr-20riv-sr-32jii-a-sr-32jii-b-jiii-bsr-38-type-a-bsv-20rsw-12rii_intnr231492\/","title":{"rendered":"YEN\u0130 STAR ER16 OR1-61 Tak\u0131m tutucu STR766100_ Star SB-12\/20R; SD-26C\/E\/G\/S; SL-7\/10; SP-23; SR-20JII-B; SR-20RIV; SR-32JII-A; SR-32JII-B\/JIII-B; SR-38 (Tip A\/B); SV-20R; SW-12RII_IntNr231492 i\u00e7in uygundur"},"content":{"rendered":"<p><b>Konum:<\/b> Almanya, Baden-W\u00fcrttemberg G\u00fcneybat\u0131<\/p>\n<p><b>Durum:<\/b> Yeni<\/p>\n<p>Arka i\u015fleme i\u00e7in ER16 \u00f6n delme\/frezeleme \u00fcnitesi<br \/>\nStar Star i\u00e7in uygundur<br \/>\nSB-12\/20R<br \/>\nY\u0131ld\u0131z SD-26C\/E\/G\/S<br \/>\nY\u0131ld\u0131z SL-7\/10<br \/>\nY\u0131ld\u0131z SP-23<br \/>\nY\u0131ld\u0131z SR-20JII-B<br \/>\nY\u0131ld\u0131z SR-20RIV<br \/>\nY\u0131ld\u0131z SR-32JII-A<br \/>\nY\u0131ld\u0131z SR-32JII-B\/JIII-B<br \/>\nY\u0131ld\u0131z SR-38 (Tip A\/B)<br \/>\nY\u0131ld\u0131z SV-20R<br \/>\nY\u0131ld\u0131z SW-12RII<br \/>\nY\u0131ld\u0131z SW-20<br \/>\nStar sipari\u015f no. 0R1-61 ile kar\u015f\u0131la\u015ft\u0131r\u0131labilir<br \/>\n12 makine i\u00e7in<br \/>\n\u00c7eviri 1:1<br \/>\nGiri\u015f h\u0131z\u0131 maks. 12000 1\/dak<br \/>\n\u00c7\u0131k\u0131\u015f h\u0131z\u0131 maks. 12000 1\/dak<br \/>\n\u00c7\u0131k\u0131\u015f torku maks. 13 Nm<\/p>\n<p>Teknik veri ve bilgilerdeki de\u011fi\u015fiklikler ve hatalar ile \u00f6n sat\u0131\u015f hakk\u0131 sakl\u0131d\u0131r!<\/p>\n<p>Arka Taraf \u0130\u015fleme i\u00e7in \u00d6n Delme\/Frezeleme \u00dcnitesi ER16<br \/>\nStar makineleri ile uyumludur:<\/p>\n<p>Y\u0131ld\u0131z SB-12\/20R<\/p>\n<p>Y\u0131ld\u0131z SD-26C\/E\/G\/S<\/p>\n<p>Y\u0131ld\u0131z SL-7\/10<\/p>\n<p>Y\u0131ld\u0131z SP-23<\/p>\n<p>Y\u0131ld\u0131z SR-20JII-B<\/p>\n<p>Y\u0131ld\u0131z SR-20RIV<\/p>\n<p>Y\u0131ld\u0131z SR-32JII-A<\/p>\n<p>Y\u0131ld\u0131z SR-32JII-B\/JIII-B<\/p>\n<p>Y\u0131ld\u0131z SR-38 (Tip A\/B)<\/p>\n<p>Y\u0131ld\u0131z SV-20R<\/p>\n<p>Y\u0131ld\u0131z SW-12RII<\/p>\n<p>Y\u0131ld\u0131z SW-20<\/p>\n<p>Star par\u00e7a no. ile kar\u015f\u0131la\u015ft\u0131r\u0131labilir: 0R1-61<br \/>\n12 makine i\u00e7in<\/p>\n<p>\u00c7eviri oran\u0131: 1:1<br \/>\nGiri\u015f h\u0131z\u0131: maks. 12.000 rpm<br \/>\n\u00c7\u0131k\u0131\u015f h\u0131z\u0131: maks. 12.000 rpm<br \/>\n\u00c7\u0131k\u0131\u015f torku: maks. 13 Nm<\/p>\n<p>Teknik verilerdeki ve spesifikasyonlardaki de\u011fi\u015fiklikler ve hatalar ile \u00f6nceden sat\u0131\u015f hakk\u0131 sakl\u0131d\u0131r!<\/p>","protected":false},"excerpt":{"rendered":"<p>Standort: Deutschland, Baden-W\u00fcrttemberg S\u00fcdwest Zustand: Neu Frontalbohr-\/Fr\u00e4sapparat ER16 f\u00fcr R\u00fcckseitenbearbeitung Passend f\u00fcr Star Star SB-12\/20R Star SD-26C\/E\/G\/S Star SL-7\/10 Star SP-23 Star SR-20JII-B Star SR-20RIV Star SR-32JII-A Star SR-32JII-B\/JIII-B Star SR-38 (Type A\/B) Star SV-20R Star SW-12RII Star SW-20 Vergleichbar mit Star Bestell-Nr. 0R1-61 f\u00fcr 12 Maschinen \u00dcbersetzung 1:1 Eingangsdrehzahl max. 12000 1\/min Ausgangsdrehzahl max. [&hellip;]<\/p>\n","protected":false},"featured_media":4860,"comment_status":"open","ping_status":"closed","template":"","meta":{"_uf_show_specific_survey":0,"_uf_disable_surveys":false},"product_brand":[],"product_cat":[20],"product_tag":[],"class_list":{"0":"post-4861","1":"product","2":"type-product","3":"status-publish","4":"has-post-thumbnail","6":"product_cat-werkzeughalter","8":"first","9":"instock","10":"taxable","11":"shipping-taxable","12":"product-type-simple"},"aioseo_notices":[],"_links":{"self":[{"href":"https:\/\/mueller-wrh.de\/tr\/wp-json\/wp\/v2\/product\/4861","targetHints":{"allow":["GET"]}}],"collection":[{"href":"https:\/\/mueller-wrh.de\/tr\/wp-json\/wp\/v2\/product"}],"about":[{"href":"https:\/\/mueller-wrh.de\/tr\/wp-json\/wp\/v2\/types\/product"}],"replies":[{"embeddable":true,"href":"https:\/\/mueller-wrh.de\/tr\/wp-json\/wp\/v2\/comments?post=4861"}],"wp:featuredmedia":[{"embeddable":true,"href":"https:\/\/mueller-wrh.de\/tr\/wp-json\/wp\/v2\/media\/4860"}],"wp:attachment":[{"href":"https:\/\/mueller-wrh.de\/tr\/wp-json\/wp\/v2\/media?parent=4861"}],"wp:term":[{"taxonomy":"product_brand","embeddable":true,"href":"https:\/\/mueller-wrh.de\/tr\/wp-json\/wp\/v2\/product_brand?post=4861"},{"taxonomy":"product_cat","embeddable":true,"href":"https:\/\/mueller-wrh.de\/tr\/wp-json\/wp\/v2\/product_cat?post=4861"},{"taxonomy":"product_tag","embeddable":true,"href":"https:\/\/mueller-wrh.de\/tr\/wp-json\/wp\/v2\/product_tag?post=4861"}],"curies":[{"name":"wp","href":"https:\/\/api.w.org\/{rel}","templated":true}]}}