{"id":4852,"date":"2026-02-18T12:46:22","date_gmt":"2026-02-18T12:46:22","guid":{"rendered":"https:\/\/mueller-wrh.de\/produkt\/messmaschine-keyence_im6025_bj-09-2016-_intnr231489\/"},"modified":"2026-02-18T12:46:22","modified_gmt":"2026-02-18T12:46:22","slug":"messmaschine-keyence_im6025_bj-09-2016-_intnr231489","status":"publish","type":"product","link":"https:\/\/mueller-wrh.de\/tr\/urun\/messmaschine-keyence_im6025_bj-09-2016-_intnr231489\/","title":{"rendered":"\u00d6l\u00e7\u00fcm makinesi Keyence_IM6025_Y\u0131l 09\/2016 _IntNo231489"},"content":{"rendered":"<p><b>Konum:<\/b> Almanya, Baden-W\u00fcrttemberg G\u00fcneybat\u0131<\/p>\n<p><b>Durum:<\/b> Kullan\u0131lm\u0131\u015f<\/p>\n<p><b>\u00dcretici firma:<\/b> KEYENCE<\/p>\n<p><b>Model:<\/b> IM 6025<\/p>\n<p><b>\u0130n\u015faat y\u0131l\u0131:<\/b> 2016<\/p>\n<p>Keyence IM-6025 \u00f6l\u00e7\u00fcm cihaz\u0131 - H\u0131zl\u0131 ve hassas optik \u00f6l\u00e7\u00fcm<\/p>\n<p>H\u0131zl\u0131 seri \u00fcretim testleri, gelen mal denetimi ve \u00fcretimde hassas boyut kontrolleri i\u00e7in ideal olan bir Keyence IM-6025 \u00f6l\u00e7\u00fcm cihaz\u0131 sat\u0131yoruz.<br \/>\nYap\u0131m y\u0131l\u0131: 09\/2016<\/p>\n<p>Ana \u00f6zellikler:<\/p>\n<p>\u00dcretici: Keyence<br \/>\nModel: IM-6025<br \/>\nYap\u0131m y\u0131l\u0131: 09\/2016<\/p>\n<p>\u00d6l\u00e7\u00fcm aral\u0131\u011f\u0131:<\/p>\n<p>300 \u00d7 200 mm (modele ba\u011fl\u0131 olarak)<\/p>\n<p>\u00d6l\u00e7\u00fcm prensibi:<\/p>\n<p>Otomatik kontur alg\u0131lama ile optik 2D g\u00f6r\u00fcnt\u00fc i\u015fleme<\/p>\n<p>\u00d6l\u00e7\u00fcm hassasiyeti:<\/p>\n<p>Mikrometre aral\u0131\u011f\u0131nda y\u00fcksek tekrarlanabilirlik<\/p>\n<p>Fonksiyonlar:<\/p>\n<p>Otomatik konum alg\u0131lama<\/p>\n<p>E\u015f zamanl\u0131 \u00e7ok noktal\u0131 \u00f6l\u00e7\u00fcm<\/p>\n<p>CAD verileri ile kar\u015f\u0131la\u015ft\u0131rma m\u00fcmk\u00fcn<\/p>\n<p>SPC de\u011ferlendirmesi<\/p>\n<p>Sezgisel kullan\u0131c\u0131 aray\u00fcz\u00fc<\/p>\n<p>USB ve a\u011f aray\u00fczleri<\/p>\n<p>Ayd\u0131nlatma sistemi:<\/p>\n<p>\u0130letilen \u0131\u015f\u0131k ve gelen \u0131\u015f\u0131k ayd\u0131nlatmas\u0131 (LED)<\/p>\n<p>Maks. i\u015f par\u00e7as\u0131 y\u00fcksekli\u011fi:<\/p>\n<p>Yakla\u015f\u0131k 75 mm'ye kadar<\/p>\n<p>\u00d6zel \u00f6zellikler:<\/p>\n<p>Zaman al\u0131c\u0131 hizalama olmadan saniyeler i\u00e7inde \u00f6l\u00e7\u00fcmler<\/p>\n<p>Seri ve rastgele numune testleri i\u00e7in ideal<\/p>\n<p>Operat\u00f6rden ba\u011f\u0131ms\u0131z \u00f6l\u00e7\u00fcm sonu\u00e7lar\u0131<\/p>\n<p>Kompakt tasar\u0131m<\/p>\n<p>Durum:<br \/>\nKullan\u0131lm\u0131\u015f, test edilmi\u015f ve \u00e7al\u0131\u015f\u0131r durumda.<\/p>\n<p>Uygulama alan\u0131:<br \/>\nMetal ve plastik i\u015fleme, damgal\u0131 par\u00e7alar, tornalanm\u0131\u015f par\u00e7alar, frezelenmi\u015f par\u00e7alar\u0131n yan\u0131 s\u0131ra kalite g\u00fcvencesi ve \u00fcretim kontrol\u00fc i\u00e7in idealdir.<\/p>\n<p>Makine randevu ile elektrik alt\u0131nda incelenebilir.<\/p>\n<p>Teknik verilerdeki ve bilgilerdeki de\u011fi\u015fikliklere ve hatalara ve ayr\u0131ca sat\u0131\u015f \u00f6ncesine tabidir.<\/p>\n<p>Keyence IM-6025 \u00d6l\u00e7\u00fcm Makinesi - H\u0131zl\u0131 ve Hassas Optik \u00d6l\u00e7\u00fcm<\/p>\n<p>Sat\u0131l\u0131k Keyence IM-6025 \u00f6l\u00e7\u00fcm makinesi, h\u0131zl\u0131 parti denetimi, gelen mal kontrol\u00fc ve \u00fcretim ortamlar\u0131nda hassas boyutsal \u00f6l\u00e7\u00fcm i\u00e7in idealdir.<br \/>\n\u00dcretim y\u0131l\u0131: 09\/2016<\/p>\n<p>Ana \u00d6zellikler:<\/p>\n<p>\u00dcretici: Keyence<br \/>\nModel: IM-6025<br \/>\nY\u0131l: 09\/2016<\/p>\n<p>\u00d6l\u00e7\u00fcm aral\u0131\u011f\u0131:<\/p>\n<p>Yakla\u015f\u0131k 300 \u00d7 200 mm (yap\u0131land\u0131rmaya ba\u011fl\u0131 olarak)<\/p>\n<p>\u00d6l\u00e7\u00fcm prensibi:<\/p>\n<p>Otomatik kontur alg\u0131lama ile optik 2D g\u00f6r\u00fcnt\u00fc i\u015fleme<\/p>\n<p>Do\u011fruluk:<\/p>\n<p>Mikron aral\u0131\u011f\u0131nda y\u00fcksek tekrarlanabilirlik<\/p>\n<p>Fonksiyonlar:<\/p>\n<p>Otomatik par\u00e7a konumland\u0131rma<\/p>\n<p>E\u015f zamanl\u0131 \u00e7ok noktal\u0131 \u00f6l\u00e7\u00fcm<\/p>\n<p>CAD veri kar\u015f\u0131la\u015ft\u0131rmas\u0131 m\u00fcmk\u00fcn<\/p>\n<p>SPC de\u011ferlendirmesi<\/p>\n<p>Kullan\u0131c\u0131 dostu aray\u00fcz<\/p>\n<p>USB ve a\u011f aray\u00fczleri<\/p>\n<p>Ayd\u0131nlatma sistemi:<\/p>\n<p>LED iletilen ve yans\u0131t\u0131lan \u0131\u015f\u0131k ayd\u0131nlatmas\u0131<\/p>\n<p>Maks. i\u015f par\u00e7as\u0131 y\u00fcksekli\u011fi:<\/p>\n<p>Yakla\u015f\u0131k 75 mm'ye kadar<\/p>\n<p>\u00d6zel \u00f6zellikler:<\/p>\n<p>Karma\u015f\u0131k hizalama olmadan saniyeler i\u00e7inde \u00f6l\u00e7\u00fcmler<\/p>\n<p>Toplu ve rastgele denetim i\u00e7in ideal<\/p>\n<p>Operat\u00f6rden ba\u011f\u0131ms\u0131z \u00f6l\u00e7\u00fcm sonu\u00e7lar\u0131<\/p>\n<p>Kompakt tasar\u0131m<\/p>\n<p>Durum:<br \/>\nKullan\u0131lm\u0131\u015f, test edilmi\u015f ve tamamen i\u015flevsel.<\/p>\n<p>Uygulama alan\u0131:<br \/>\nMetal ve plastik i\u015fleme, damgal\u0131 par\u00e7alar, tornalanm\u0131\u015f par\u00e7alar, frezelenmi\u015f bile\u015fenler, kalite g\u00fcvencesi ve \u00fcretim kontrol\u00fc i\u00e7in uygundur.<\/p>\n<p>Makine randevu ile elektrik alt\u0131nda incelenebilir.<\/p>\n<p>\u00d6nceden sat\u0131\u015fa tabidir. Teknik verilerdeki ve spesifikasyonlardaki hatalar ve eksiklikler hari\u00e7tir.<\/p>","protected":false},"excerpt":{"rendered":"<p>Standort: Deutschland, Baden-W\u00fcrttemberg S\u00fcdwest Zustand: Gebraucht Hersteller: KEYENCE Modell: IM 6025 Baujahr: 2016 Keyence IM-6025 Messmaschine \u2013 Schnelle und pr\u00e4zise optische Messung Verkauft wird eine Keyence IM-6025 Messmaschine, ideal f\u00fcr die schnelle Serienpr\u00fcfung, Wareneingangskontrolle sowie pr\u00e4zise Ma\u00dfkontrollen in der Fertigung. Baujahr: 09\/2016 Hauptmerkmale: Hersteller: Keyence Modell: IM-6025 Baujahr: 09\/2016 Messbereich: 300 \u00d7 200 mm (modellabh\u00e4ngig) [&hellip;]<\/p>\n","protected":false},"featured_media":4849,"comment_status":"open","ping_status":"closed","template":"","meta":{"_uf_show_specific_survey":0,"_uf_disable_surveys":false},"product_brand":[],"product_cat":[98],"product_tag":[],"class_list":{"0":"post-4852","1":"product","2":"type-product","3":"status-publish","4":"has-post-thumbnail","6":"product_cat-messtechnik","8":"first","9":"instock","10":"taxable","11":"shipping-taxable","12":"product-type-simple"},"aioseo_notices":[],"_links":{"self":[{"href":"https:\/\/mueller-wrh.de\/tr\/wp-json\/wp\/v2\/product\/4852","targetHints":{"allow":["GET"]}}],"collection":[{"href":"https:\/\/mueller-wrh.de\/tr\/wp-json\/wp\/v2\/product"}],"about":[{"href":"https:\/\/mueller-wrh.de\/tr\/wp-json\/wp\/v2\/types\/product"}],"replies":[{"embeddable":true,"href":"https:\/\/mueller-wrh.de\/tr\/wp-json\/wp\/v2\/comments?post=4852"}],"wp:featuredmedia":[{"embeddable":true,"href":"https:\/\/mueller-wrh.de\/tr\/wp-json\/wp\/v2\/media\/4849"}],"wp:attachment":[{"href":"https:\/\/mueller-wrh.de\/tr\/wp-json\/wp\/v2\/media?parent=4852"}],"wp:term":[{"taxonomy":"product_brand","embeddable":true,"href":"https:\/\/mueller-wrh.de\/tr\/wp-json\/wp\/v2\/product_brand?post=4852"},{"taxonomy":"product_cat","embeddable":true,"href":"https:\/\/mueller-wrh.de\/tr\/wp-json\/wp\/v2\/product_cat?post=4852"},{"taxonomy":"product_tag","embeddable":true,"href":"https:\/\/mueller-wrh.de\/tr\/wp-json\/wp\/v2\/product_tag?post=4852"}],"curies":[{"name":"wp","href":"https:\/\/api.w.org\/{rel}","templated":true}]}}