{"id":4848,"date":"2026-02-18T12:37:51","date_gmt":"2026-02-18T12:37:51","guid":{"rendered":"https:\/\/mueller-wrh.de\/produkt\/mitutoyo-pj-a3000_profilprojektor_bj-2015_intnr231490\/"},"modified":"2026-02-18T12:37:51","modified_gmt":"2026-02-18T12:37:51","slug":"mitutoyo-pj-a3000_profilprojektor_bj-2015_intnr231490","status":"publish","type":"product","link":"https:\/\/mueller-wrh.de\/tr\/urun\/mitutoyo-pj-a3000_profilprojektor_bj-2015_intnr231490\/","title":{"rendered":"Mitutoyo PJ A3000_profile_projector_year_2015_IntNo231490"},"content":{"rendered":"<p><b>Konum:<\/b> Almanya, Baden-W\u00fcrttemberg G\u00fcneybat\u0131<\/p>\n<p><b>Durum:<\/b> Kullan\u0131lm\u0131\u015f<\/p>\n<p><b>\u00dcretici firma:<\/b> Mitutoyo<\/p>\n<p><b>Model:<\/b> PJ-A3000<\/p>\n<p><b>\u0130n\u015faat y\u0131l\u0131:<\/b> 2015<\/p>\n<p><b>\u00c7al\u0131\u015fma saatleri:<\/b> Hi\u00e7biri<\/p>\n<p>Mitutoyo PJ-A3000 profil projekt\u00f6r\u00fc - Hassas optik \u00f6l\u00e7\u00fcm<\/p>\n<p>Kalite g\u00fcvencesi, \u00fcretim kontrol\u00fc ve hassas i\u015f par\u00e7as\u0131 \u00f6l\u00e7\u00fcmleri i\u00e7in ideal olan Mitutoyo PJ-A3000 profil projekt\u00f6r\u00fc sat\u0131l\u0131kt\u0131r.<br \/>\n2015 Y\u0131l\u0131<\/p>\n<p>Ana \u00f6zellikler:<\/p>\n<p>\u00dcretici: Mitutoyo Corporation<\/p>\n<p>Model: PJ-A3000<\/p>\n<p>Projeksiyon perdesi: \u00d8 315 mm<\/p>\n<p>B\u00fcy\u00fctme: 10\u00d7 standart, (iste\u011fe ba\u011fl\u0131 20\u00d7, 50\u00d7, 100\u00d7)<\/p>\n<p>\u00d6l\u00e7\u00fcm hassasiyeti: \u00b10,001 mm (XY \u00e7\u00f6z\u00fcn\u00fcrl\u00fc\u011f\u00fc)<\/p>\n<p>Masa hareketi: Modele ba\u011fl\u0131 olarak farkl\u0131 \u00f6l\u00e7\u00fcm aral\u0131klar\u0131 (200\u00d7100 mm'ye kadar)<\/p>\n<p>Ayd\u0131nlatma: Halojen lamba 24 V \/ 150 W<\/p>\n<p>Fonksiyonlar: Dijital XY ekran\u0131, a\u00e7\u0131 \u00f6l\u00e7\u00fcm\u00fc, RS-232C aray\u00fcz\u00fc<\/p>\n<p>Maks. \u0130\u015f par\u00e7as\u0131 y\u00fcksekli\u011fi: yakl. 92,5-123,5 mm<\/p>\n<p>\u00d6zel \u00f6zellikler: Distorsiyonsuz g\u00f6r\u00fcnt\u00fc i\u00e7in telesentrik optik sistem, d\u00f6nd\u00fcr\u00fclebilir masa, manuel odaklama<\/p>\n<p>Durum: Kullan\u0131lm\u0131\u015f, test edilmi\u015f ve \u00e7al\u0131\u015f\u0131r durumda.<\/p>\n<p>Uygulama: Metal ve plastik i\u015fleme, e\u011fitim, laboratuvar ve hassas \u00f6l\u00e7\u00fcmler i\u00e7in idealdir.<\/p>\n<p>Makine randevu ile incelenebilir.<br \/>\nTeknik veri ve bilgilerdeki de\u011fi\u015fiklikler ve hatalar ile \u00f6n sat\u0131\u015f hakk\u0131 sakl\u0131d\u0131r!<\/p>\n<p>Mitutoyo PJ-A3000 Profil Projekt\u00f6r\u00fc - Hassas Optik \u00d6l\u00e7\u00fcm<\/p>\n<p>Sat\u0131l\u0131k: kalite g\u00fcvencesi, \u00fcretim kontrol\u00fc ve hassas i\u015f par\u00e7as\u0131 \u00f6l\u00e7\u00fcmleri i\u00e7in ideal bir Mitutoyo PJ-A3000 Profil Projekt\u00f6r\u00fc.<br \/>\n\u00dcretim y\u0131l\u0131: 2015<\/p>\n<p>Anahtar \u00f6zellikler:<\/p>\n<p>\u00dcretici: Mitutoyo Corporation<\/p>\n<p>Model: PJ-A3000<\/p>\n<p>Projeksiyon Perdesi: \u00d8 315 mm<\/p>\n<p>B\u00fcy\u00fctme: 10\u00d7 standart (iste\u011fe ba\u011fl\u0131 20\u00d7, 50\u00d7, 100\u00d7)<\/p>\n<p>\u00d6l\u00e7\u00fcm Do\u011frulu\u011fu: \u00b10,001 mm (XY \u00e7\u00f6z\u00fcn\u00fcrl\u00fc\u011f\u00fc)<\/p>\n<p>Tablo Seyahat: Modele ba\u011fl\u0131 olarak \u00e7e\u015fitli \u00f6l\u00e7\u00fcm aral\u0131klar\u0131 (200\u00d7100 mm'ye kadar)<\/p>\n<p>Ayd\u0131nlatma: Halojen lamba 24 V \/ 150 W<\/p>\n<p>Fonksiyonlar: Dijital XY okuma, a\u00e7\u0131 \u00f6l\u00e7\u00fcm\u00fc, RS-232C aray\u00fcz\u00fc<\/p>\n<p>Maks. \u0130\u015f par\u00e7as\u0131 y\u00fcksekli\u011fi: yakl. 92,5-123,5 mm<\/p>\n<p>\u00d6zel \u00f6zellikler: Distorsiyonsuz projeksiyon i\u00e7in telesentrik optik sistem, d\u00f6nd\u00fcr\u00fclebilir masa, manuel odaklama<\/p>\n<p>Durum: Kullan\u0131lm\u0131\u015f, test edilmi\u015f ve tamamen i\u015flevsel.<\/p>\n<p>Uygulamalar: Metal ve plastik i\u015fleme, e\u011fitim, laboratuvarlar ve hassas \u00f6l\u00e7\u00fcmler i\u00e7in idealdir.<\/p>\n<p>Makine randevu ile elektrik alt\u0131nda incelenebilir.<br \/>\nTeknik \u00f6zellikler de\u011fi\u015febilir, hatalar olabilir ve \u00f6nceden sat\u0131\u015f hakk\u0131 sakl\u0131d\u0131r.<\/p>","protected":false},"excerpt":{"rendered":"<p>Standort: Deutschland, Baden-W\u00fcrttemberg S\u00fcdwest Zustand: Gebraucht Hersteller: Mitutoyo Modell: PJ-A3000 Baujahr: 2015 Betriebsstunden: keine Mitutoyo PJ-A3000 Profilprojektor \u2013 Pr\u00e4zise optische Messung Verkauft wird ein Mitutoyo PJ-A3000 Profilprojektor, ideal f\u00fcr die Qualit\u00e4tssicherung, Fertigungskontrolle und pr\u00e4zise Werkst\u00fcckmessungen. Bj.2015 Hauptmerkmale: Hersteller: Mitutoyo Corporation Modell: PJ-A3000 Projektionsbildschirm: \u00d8 315\u202fmm Vergr\u00f6\u00dferung: 10\u00d7 Standard, (optional 20\u00d7, 50\u00d7, 100\u00d7) Messgenauigkeit: \u00b10,001\u202fmm (XY-Aufl\u00f6sung) [&hellip;]<\/p>\n","protected":false},"featured_media":4843,"comment_status":"open","ping_status":"closed","template":"","meta":{"_uf_show_specific_survey":0,"_uf_disable_surveys":false},"product_brand":[],"product_cat":[98],"product_tag":[],"class_list":{"0":"post-4848","1":"product","2":"type-product","3":"status-publish","4":"has-post-thumbnail","6":"product_cat-messtechnik","8":"first","9":"instock","10":"taxable","11":"shipping-taxable","12":"product-type-simple"},"aioseo_notices":[],"_links":{"self":[{"href":"https:\/\/mueller-wrh.de\/tr\/wp-json\/wp\/v2\/product\/4848","targetHints":{"allow":["GET"]}}],"collection":[{"href":"https:\/\/mueller-wrh.de\/tr\/wp-json\/wp\/v2\/product"}],"about":[{"href":"https:\/\/mueller-wrh.de\/tr\/wp-json\/wp\/v2\/types\/product"}],"replies":[{"embeddable":true,"href":"https:\/\/mueller-wrh.de\/tr\/wp-json\/wp\/v2\/comments?post=4848"}],"wp:featuredmedia":[{"embeddable":true,"href":"https:\/\/mueller-wrh.de\/tr\/wp-json\/wp\/v2\/media\/4843"}],"wp:attachment":[{"href":"https:\/\/mueller-wrh.de\/tr\/wp-json\/wp\/v2\/media?parent=4848"}],"wp:term":[{"taxonomy":"product_brand","embeddable":true,"href":"https:\/\/mueller-wrh.de\/tr\/wp-json\/wp\/v2\/product_brand?post=4848"},{"taxonomy":"product_cat","embeddable":true,"href":"https:\/\/mueller-wrh.de\/tr\/wp-json\/wp\/v2\/product_cat?post=4848"},{"taxonomy":"product_tag","embeddable":true,"href":"https:\/\/mueller-wrh.de\/tr\/wp-json\/wp\/v2\/product_tag?post=4848"}],"curies":[{"name":"wp","href":"https:\/\/api.w.org\/{rel}","templated":true}]}}