{"id":4822,"date":"2026-02-11T14:24:12","date_gmt":"2026-02-11T14:24:12","guid":{"rendered":"https:\/\/mueller-wrh.de\/produkt\/deckel-maho-dmf-250-bj-2004-intnr231486\/"},"modified":"2026-02-11T14:43:02","modified_gmt":"2026-02-11T14:43:02","slug":"deckel-maho-dmf-250-bj-2004-intnr231486","status":"publish","type":"product","link":"https:\/\/mueller-wrh.de\/tr\/urun\/deckel-maho-dmf-250-bj-2004-intnr231486\/","title":{"rendered":"Kapak Maho DMF 250 do\u011frusal y\u0131l 2004, IntNr231486"},"content":{"rendered":"<p><b>Konum:<\/b> Almanya, Baden-W\u00fcrttemberg G\u00fcneybat\u0131<\/p>\n<p><b>Durum:<\/b> Kullan\u0131lm\u0131\u015f<\/p>\n<p><b>\u00dcretici firma:<\/b> DMG<\/p>\n<p><b>Model:<\/b> DMF 250<\/p>\n<p><b>\u0130n\u015faat y\u0131l\u0131:<\/b> 2004<\/p>\n<p><b>\u00c7al\u0131\u015fma saatleri:<\/b> 0<\/p>\n<p>Kullan\u0131lm\u0131\u015f yenilenmi\u015f 5 eksenli CNC i\u015fleme merkezi Deckel MAHO DMF 250 lineer<br \/>\n\u0130n\u015faat y\u0131l\u0131 2004<\/p>\n<p>Kontrol: Heidenhain iTNC 530<br \/>\nTeknik veriler:<br \/>\nHareket mesafesi X: 2.500 mm<br \/>\nY hareket mesafesi: 920 mm<br \/>\nHareket mesafesi Z: 820 mm<br \/>\nB ekseni: x\/- 105\u00b0<\/p>\n<p>\u00c7al\u0131\u015fma masas\u0131: 3100 x 900 mm<\/p>\n<p>\u0130\u015f mili istisnas\u0131: HSK 63<br \/>\n\u0130\u015f mili h\u0131zlar\u0131: 20 - 18.000 rpm.<br \/>\nTak\u0131m de\u011fi\u015ftirici: 30 adet.<\/p>\n<p>\u0130le donat\u0131lm\u0131\u015ft\u0131r:<br \/>\n- Tala\u015f konvey\u00f6r\u00fc<br \/>\n- \u0130\u015f mili \u00fczerinden so\u011futma 40 bar<br \/>\n- Kullan\u0131m k\u0131lavuzu<\/p>\n<p>Kaynak \u00fclke: Almanya<br \/>\nMotor g\u00fcc\u00fc: 35 KW<br \/>\nMakine GxYxY: 6000 x 3800 x 2950 mm<br \/>\nMakine a\u011f\u0131rl\u0131\u011f\u0131: 25.000 kg<\/p>\n<p>Makine randevu ile incelenebilir.<br \/>\nTeknik veri ve bilgilerdeki de\u011fi\u015fiklikler ve hatalar ile \u00f6n sat\u0131\u015f hakk\u0131 sakl\u0131d\u0131r!<\/p>\n<p>Yenilenmi\u015f 5 eksenli CNC i\u015fleme merkezi Deckel MAHO DMF 250 lineer iyi durumda.<br \/>\n\u00dcretim y\u0131l\u0131: 2004.<\/p>\n<p>Kontrol: Heidenhain iTNC 530.<br \/>\nTeknik veriler:<br \/>\nSeyahat mesafesi X: 2.500 mm.<br \/>\nSeyahat mesafesi Y: 920 mm.<br \/>\nHareket mesafesi Z: 820 mm.<br \/>\nB ekseni: x\/- 105\u00b0<\/p>\n<p>\u00c7al\u0131\u015fma masas\u0131: 3100 x 900 mm<\/p>\n<p>\u0130\u015f mili istisnas\u0131: HSK 63<br \/>\n\u0130\u015f mili h\u0131zlar\u0131: 20 - 18.000 rpm<br \/>\nTak\u0131m de\u011fi\u015ftirici: 30 adet.<\/p>\n<p>\u0130le donat\u0131lm\u0131\u015ft\u0131r:<br \/>\n- Tala\u015f konvey\u00f6r\u00fc<br \/>\n- \u0130\u015f mili \u00fczerinden so\u011futma 40 bar<br \/>\n- Kullan\u0131m k\u0131lavuzu<\/p>\n<p>Kaynak \u00fclke: Almanya<br \/>\nMotor g\u00fcc\u00fc: 35 KW<br \/>\nMakine GxYxY: 6000 x 3800 x 2950 mm<br \/>\nMakine a\u011f\u0131rl\u0131\u011f\u0131: 25.000 kg<\/p>\n<p>Makine randevu ile g\u00f6r\u00fclebilir.<br \/>\nTeknik verilerdeki ve spesifikasyonlardaki de\u011fi\u015fikliklere ve hatalara ve ayr\u0131ca sat\u0131\u015f \u00f6ncesine tabidir!<\/p>","protected":false},"excerpt":{"rendered":"<p>Standort: Deutschland, Baden-W\u00fcrttemberg S\u00fcdwest Zustand: Gebraucht Hersteller: DMG Modell: DMF 250 Baujahr: 2004 Betriebsstunden: 0 Gebrauchtes \u00fcberholtes 5-Achs CNC Bearbeitungszentrum Deckel MAHO DMF 250 linear Baujahr 2004 Steuerung: Heidenhain iTNC 530 Technische Daten: Verfahrweg X: 2.500 mm Verfahrweg Y: 920 mm Verfahrweg Z: 820 mm B-Achse: x\/- 105\u00b0 Arbeitstisch: 3100 x 900 mm Spindel Ausnahme: [&hellip;]<\/p>\n","protected":false},"featured_media":4830,"comment_status":"open","ping_status":"closed","template":"","meta":{"_uf_show_specific_survey":0,"_uf_disable_surveys":false},"product_brand":[],"product_cat":[21],"product_tag":[],"class_list":{"0":"post-4822","1":"product","2":"type-product","3":"status-publish","4":"has-post-thumbnail","6":"product_cat-cnc-bearbeitungszentrum","8":"first","9":"instock","10":"taxable","11":"shipping-taxable","12":"product-type-simple"},"aioseo_notices":[],"_links":{"self":[{"href":"https:\/\/mueller-wrh.de\/tr\/wp-json\/wp\/v2\/product\/4822","targetHints":{"allow":["GET"]}}],"collection":[{"href":"https:\/\/mueller-wrh.de\/tr\/wp-json\/wp\/v2\/product"}],"about":[{"href":"https:\/\/mueller-wrh.de\/tr\/wp-json\/wp\/v2\/types\/product"}],"replies":[{"embeddable":true,"href":"https:\/\/mueller-wrh.de\/tr\/wp-json\/wp\/v2\/comments?post=4822"}],"wp:featuredmedia":[{"embeddable":true,"href":"https:\/\/mueller-wrh.de\/tr\/wp-json\/wp\/v2\/media\/4830"}],"wp:attachment":[{"href":"https:\/\/mueller-wrh.de\/tr\/wp-json\/wp\/v2\/media?parent=4822"}],"wp:term":[{"taxonomy":"product_brand","embeddable":true,"href":"https:\/\/mueller-wrh.de\/tr\/wp-json\/wp\/v2\/product_brand?post=4822"},{"taxonomy":"product_cat","embeddable":true,"href":"https:\/\/mueller-wrh.de\/tr\/wp-json\/wp\/v2\/product_cat?post=4822"},{"taxonomy":"product_tag","embeddable":true,"href":"https:\/\/mueller-wrh.de\/tr\/wp-json\/wp\/v2\/product_tag?post=4822"}],"curies":[{"name":"wp","href":"https:\/\/api.w.org\/{rel}","templated":true}]}}