{"id":4791,"date":"2026-02-04T15:42:35","date_gmt":"2026-02-04T15:42:35","guid":{"rendered":"https:\/\/mueller-wrh.de\/produkt\/chiron-mill-6000-high-speed-mit-nc-schwenkkopf-bj-2004-ueberholt-2013_-intnr231477\/"},"modified":"2026-02-04T15:42:35","modified_gmt":"2026-02-04T15:42:35","slug":"chiron-mill-6000-high-speed-mit-nc-schwenkkopf-bj-2004-ueberholt-2013_-intnr231477","status":"publish","type":"product","link":"https:\/\/mueller-wrh.de\/tr\/urun\/chiron-mill-6000-high-speed-mit-nc-schwenkkopf-bj-2004-ueberholt-2013_-intnr231477\/","title":{"rendered":"CHIRON MILL 6000 y\u00fcksek h\u0131zl\u0131, NC d\u00f6ner kafal\u0131, 2004 y\u0131l\u0131 \/ revizyon 2013_ IntNr231477"},"content":{"rendered":"<p><b>Konum:<\/b> Almanya, Baden-W\u00fcrttemberg G\u00fcneybat\u0131<\/p>\n<p><b>Durum:<\/b> Kullan\u0131lm\u0131\u015f<\/p>\n<p><b>\u00dcretici firma:<\/b> Chiron<\/p>\n<p><b>Model:<\/b> NC d\u00f6ner kafal\u0131 Chiron MILL 6000 y\u00fcksek h\u0131z<\/p>\n<p><b>\u0130n\u015faat y\u0131l\u0131:<\/b> 2004<\/p>\n<p><b>\u00c7al\u0131\u015fma saatleri:<\/b> 77374<\/p>\n<p>Dikey CNC i\u015fleme merkezi<br \/>\nNC d\u00f6ner kafal\u0131 Chiron MILL 6000 y\u00fcksek h\u0131z<br \/>\nYap\u0131m y\u0131l\u0131 2004, b\u00fcy\u00fck revizyon 2013<br \/>\nMakine 2013 y\u0131l\u0131nda \u00fcretici Chiron taraf\u0131ndan tamamen elden ge\u00e7irilmi\u015ftir.<br \/>\n\u00c7al\u0131\u015fma saati yakla\u015f\u0131k 80.374 saat<br \/>\n\u0130\u015f mili de\u011fi\u015fimi Mart 2021 \u0130\u015f mili saati yakla\u015f\u0131k 8.000 saat<br \/>\nBak\u0131m Ocak 2024'te ger\u00e7ekle\u015ftirilmi\u015ftir<br \/>\nTeknik veriler:<br \/>\nSiemens 840D (PCU50, NCU572.4) <\/p>\n<p>NC d\u00f6ner kafa  <\/p>\n<p>Y\u00fcksek h\u0131zl\u0131 paket:<br \/>\nMotor mili D 12.000 rpm, 140 Nm<br \/>\nSeyahat X 6.000mm \/ Y 630mm \/ Z 550mm<br \/>\nX \/ Y \/ Z 60 m \/ dak'da h\u0131zl\u0131 travers.<br \/>\n\u00c7ipten \u00e7ipe s\u00fcre 3,0 sn. (3,3 sn. DIN) dikey ve 4,7 sn. (5,0 sn. DIN) yatay<br \/>\n\u00dcretim paketi:<br \/>\nS\u0131y\u0131r\u0131c\u0131 bantl\u0131 konvey\u00f6r, bo\u015faltma y\u00fcksekli\u011fi 1.050 mm<br \/>\nICZ haz\u0131rl\u0131\u011f\u0131<br \/>\nKNOLL VRF250 vakumlu d\u00f6ner filtre (\u00e7elik, d\u00f6kme demir, al\u00fcminyum, plastik, pirin\u00e7)<br \/>\nHP pompa ve varyovalf ile y\u00fcksek bas\u0131n\u00e7 70 bar<br \/>\nOtomatik y\u00fckleme kap\u0131lar\u0131<br \/>\nSarka\u00e7 i\u015fleme i\u00e7in merkez b\u00f6lme<br \/>\n92 tak\u0131m pozisyonu HSK-A63 (arka plan magazini)<br \/>\n5 eksenli frezeleme paketi<br \/>\n\u00dcflenen hava<br \/>\nTak\u0131m \u00f6mr\u00fc izleme<br \/>\nKontrol kabininde ek V24 RS232<br \/>\nBDE\/MDE aray\u00fcz\u00fc (durumlar: makine a\u00e7\u0131k, makine \u00e7al\u0131\u015f\u0131yor, par\u00e7a sayac\u0131)<br \/>\nMarposs (Brankamp) \u00c7arp\u0131\u015fma izleme CMS100<br \/>\nCAM programlama sisteminde kinematik sim\u00fclasyon i\u00e7in 3D makine modeli<br \/>\nHidrolik \u00fcnite 210 bar, 2 s\u0131kma devresi, her sarka\u00e7 alan\u0131 i\u00e7in ayr\u0131 sistem s\u0131kma bas\u0131nc\u0131,<br \/>\nS\u0131k\u0131\u015ft\u0131rma bas\u0131n\u00e7 kontrol\u00fc  <\/p>\n<p>Lineer ba\u011flama sistemi KOHN<br \/>\n8 hidrolik yard\u0131mc\u0131s\u0131 KOHN Multi 2000 MFS 125\/680 HD <\/p>\n<p>Operat\u00f6rler i\u00e7in 6.000 mm'lik t\u00fcm \u00e7al\u0131\u015fma geni\u015fli\u011fi boyunca iki par\u00e7al\u0131 basamak \u0131zgaras\u0131 <\/p>\n<p>Makine y\u00fcksekli\u011fi: yakla\u015f\u0131k 3.000<br \/>\nToplam a\u011f\u0131rl\u0131k: yakla\u015f\u0131k 20.000 kg <\/p>\n<p>Makine randevu ile incelenebilir.<br \/>\nTeknik veri ve bilgilerdeki de\u011fi\u015fiklikler ve hatalar ile \u00f6n sat\u0131\u015f hakk\u0131 sakl\u0131d\u0131r!<\/p>\n<p>Dikey CNC \u0130\u015fleme Merkezi<br \/>\nNC d\u00f6ner kafal\u0131 CHIRON MILL 6000 y\u00fcksek h\u0131z<br \/>\n\u00dcretim y\u0131l\u0131: 2004 - 2013 y\u0131l\u0131nda \u00fcretici CHIRON taraf\u0131ndan b\u00fcy\u00fck revizyon<br \/>\nMakine 2013 y\u0131l\u0131nda CHIRON taraf\u0131ndan komple fabrika revizyonundan ge\u00e7irilmi\u015ftir.<br \/>\n\u00c7al\u0131\u015fma saati: yakla\u015f\u0131k 80.374 saat<br \/>\n\u0130\u015f mili de\u011fi\u015fimi: Mart 2021 - i\u015f mili saati: yakla\u015f\u0131k 8.000 saat<br \/>\nSon bak\u0131m yap\u0131ld\u0131: Ocak 2024<br \/>\nTeknik \u00d6zellikler:<\/p>\n<p>Kontrol: Siemens 840D (PCU50, NCU572.4)<br \/>\nNC d\u00f6ner kafa<br \/>\nY\u00fcksek h\u0131zl\u0131 paket: 12.000 rpm'ye kadar motor mili, 140 Nm<br \/>\nHareketler: X 6.000 mm \/ Y 630 mm \/ Z 550 mm<br \/>\nX \/ Y \/ Z'de h\u0131zl\u0131 travers: 60 m\/dak<br \/>\n\u00c7ipten \u00e7ipe s\u00fcre: 3,0 sn (3,3 sn DIN) dikey \/ 4,7 sn (5,0 sn DIN) yatay<br \/>\n\u00dcretim paketi:<br \/>\nS\u0131y\u0131r\u0131c\u0131 bantl\u0131 konvey\u00f6r, bo\u015faltma y\u00fcksekli\u011fi 1.050 mm<br \/>\nDahili so\u011futma s\u0131v\u0131s\u0131 beslemesi i\u00e7in haz\u0131rl\u0131k (IKZ)<br \/>\nVakumlu d\u00f6ner filtre KNOLL VRF250 (\u00e7elik, d\u00f6kme demir, al\u00fcminyum, plastik, pirin\u00e7 i\u00e7in)<br \/>\nHP pompa ve de\u011fi\u015fken valf ile y\u00fcksek bas\u0131n\u00e7 70 bar<br \/>\nOtomatik y\u00fckleme kap\u0131lar\u0131<br \/>\nSarka\u00e7 i\u015fleme i\u00e7in merkezi b\u00f6lme<br \/>\n92 tak\u0131m pozisyonu HSK-A63 (arka plan magazini)<br \/>\n5 eksenli frezeleme paketi<br \/>\nHava patlamas\u0131<br \/>\nTak\u0131m \u00f6mr\u00fc izleme<br \/>\nElektrik kabininde ek V24 RS232 aray\u00fcz\u00fc<br \/>\nBDE\/MDE aray\u00fcz\u00fc (makine a\u00e7\u0131k, makine \u00e7al\u0131\u015f\u0131yor, par\u00e7a sayac\u0131)<br \/>\nMarposs (Brankamp) \u00e7arp\u0131\u015fma izleme CMS100<br \/>\nCAM programlama sisteminde kinematik sim\u00fclasyon i\u00e7in 3D makine modeli<br \/>\nHidrolik \u00fcnite 210 bar, 2 s\u0131kma devresi, sarka\u00e7 alan\u0131 ba\u015f\u0131na ayr\u0131 sistem s\u0131kma bas\u0131nc\u0131, s\u0131kma bas\u0131nc\u0131 izleme<br \/>\nLineer ba\u011flama sistemi KOHN<br \/>\n8 hidrolik s\u0131k\u0131\u015ft\u0131rma mengenesi KOHN Multi 2000 MFS 125\/680 HD<\/p>\n<p>Tam 6.000 mm \u00e7al\u0131\u015fma geni\u015fli\u011fi boyunca iki par\u00e7al\u0131 operat\u00f6r platformu (s\u0131rt \u0131zgaras\u0131)<\/p>\n<p>Boyutlar ve a\u011f\u0131rl\u0131k:<\/p>\n<p>Makine y\u00fcksekli\u011fi: yakla\u015f\u0131k 3.000 mm<br \/>\nToplam a\u011f\u0131rl\u0131k: yakla\u015f\u0131k 20.000 kg<\/p>\n<p>Uzun X hareketi 6.000 mm (uzun yatak tasar\u0131m\u0131) nedeniyle, gerekli zemin alan\u0131 olduk\u00e7a fazlad\u0131r:<\/p>\n<p>Yakla\u015f\u0131k uzunluk (X ekseni boyunca): 9-10 m (makine ayak izi genellikle ~8-9 m, art\u0131 operat\u00f6r\/bak\u0131m eri\u015fimi ~9-10 m toplam)<br \/>\nYakla\u015f\u0131k geni\u015flik (Y ekseni boyunca): 3-3,5 m (makine g\u00f6vdesi ~2,8-3 m, art\u0131 g\u00fcvenlik\/\u00e7al\u0131\u015fma bo\u015flu\u011fu)<\/p>\n<p>Makine randevu ile elektrik alt\u0131nda incelenebilir.<br \/>\nTeknik \u00f6zellikler ve bilgiler de\u011fi\u015fikli\u011fe ve hatalara tabi olup, \u00f6nceden sat\u0131\u015f hakk\u0131 sakl\u0131d\u0131r.<\/p>","protected":false},"excerpt":{"rendered":"<p>Standort: Deutschland, Baden-W\u00fcrttemberg S\u00fcdwest Zustand: Gebraucht Hersteller: Chiron Modell: Chiron MILL 6000 high speed mit NC-Schwenkkopf Baujahr: 2004 Betriebsstunden: 77374 Vertikales CNC-Fertigungszentrum Chiron MILL 6000 high speed mit NC-Schwenkkopf Baujahr 2004, gro\u00dfe Grund\u00fcberholung 2013 Die Maschine wurde 2013 vom Hersteller Chiron grund\u00fcberholt. Betriebsstunden ca. 80.374 h Spindeltausch M\u00e4rz 2021 Spindelstunden ca. 8.000 h Wartung wurde [&hellip;]<\/p>\n","protected":false},"featured_media":4786,"comment_status":"open","ping_status":"closed","template":"","meta":{"_uf_show_specific_survey":0,"_uf_disable_surveys":false},"product_brand":[],"product_cat":[21],"product_tag":[],"class_list":{"0":"post-4791","1":"product","2":"type-product","3":"status-publish","4":"has-post-thumbnail","6":"product_cat-cnc-bearbeitungszentrum","8":"first","9":"instock","10":"taxable","11":"shipping-taxable","12":"product-type-simple"},"aioseo_notices":[],"_links":{"self":[{"href":"https:\/\/mueller-wrh.de\/tr\/wp-json\/wp\/v2\/product\/4791","targetHints":{"allow":["GET"]}}],"collection":[{"href":"https:\/\/mueller-wrh.de\/tr\/wp-json\/wp\/v2\/product"}],"about":[{"href":"https:\/\/mueller-wrh.de\/tr\/wp-json\/wp\/v2\/types\/product"}],"replies":[{"embeddable":true,"href":"https:\/\/mueller-wrh.de\/tr\/wp-json\/wp\/v2\/comments?post=4791"}],"wp:featuredmedia":[{"embeddable":true,"href":"https:\/\/mueller-wrh.de\/tr\/wp-json\/wp\/v2\/media\/4786"}],"wp:attachment":[{"href":"https:\/\/mueller-wrh.de\/tr\/wp-json\/wp\/v2\/media?parent=4791"}],"wp:term":[{"taxonomy":"product_brand","embeddable":true,"href":"https:\/\/mueller-wrh.de\/tr\/wp-json\/wp\/v2\/product_brand?post=4791"},{"taxonomy":"product_cat","embeddable":true,"href":"https:\/\/mueller-wrh.de\/tr\/wp-json\/wp\/v2\/product_cat?post=4791"},{"taxonomy":"product_tag","embeddable":true,"href":"https:\/\/mueller-wrh.de\/tr\/wp-json\/wp\/v2\/product_tag?post=4791"}],"curies":[{"name":"wp","href":"https:\/\/api.w.org\/{rel}","templated":true}]}}