{"id":4741,"date":"2026-01-28T14:33:58","date_gmt":"2026-01-28T14:33:58","guid":{"rendered":"https:\/\/mueller-wrh.de\/produkt\/gebr-lademagazin-fmb-turbo-3-26-bj-2003-a-intnr231478\/"},"modified":"2026-02-11T12:36:51","modified_gmt":"2026-02-11T12:36:51","slug":"gebr-lademagazin-fmb-turbo-3-26-bj-2003-a-intnr231478","status":"publish","type":"product","link":"https:\/\/mueller-wrh.de\/tr\/urun\/gebr-lademagazin-fmb-turbo-3-26-bj-2003-a-intnr231478\/","title":{"rendered":"kullan\u0131lm\u0131\u015f y\u00fckleme dergisi FMB Turbo 3 26 y\u0131l 2003 (A) (IntNo231478)"},"content":{"rendered":"<p><b>Konum:<\/b> Almanya, Baden-W\u00fcrttemberg G\u00fcneybat\u0131<\/p>\n<p><b>Durum:<\/b> Kullan\u0131lm\u0131\u015f<\/p>\n<p><b>\u00dcretici firma:<\/b> FMB<\/p>\n<p><b>Model:<\/b> Turbo 3-26<\/p>\n<p><b>\u0130n\u015faat y\u0131l\u0131:<\/b> 2003<\/p>\n<p>FMB TURBO 3-26 3200 A \u00e7ubuk besleyici, 2003 y\u0131l\u0131<\/p>\n<p>\u00dcretildi\u011fi \u00fclke: Almanya<br \/>\nCE Uygunluk Beyan\u0131<br \/>\nTeknik veriler<br \/>\n\u00c7ubuk \u00e7ap\u0131: 3-26 mm<br \/>\n\u00c7ubuk uzunlu\u011fu : 3200 mm<br \/>\nCNC kayar ba\u015fl\u0131kl\u0131 torna tezgah\u0131na son tak\u0131lan<\/p>\n<p>A\u011eIRLIK VE BOYUTLAR<br \/>\nY\u00fckleme magazini boyutlar\u0131: yakla\u015f\u0131k 4300 x 701 x 1400 mm<br \/>\nY\u00fckleme magazini a\u011f\u0131rl\u0131\u011f\u0131: yakla\u015f\u0131k 980 kg<\/p>\n<p>Makine randevu ile incelenebilir.<br \/>\nTeknik veri ve bilgilerdeki de\u011fi\u015fiklikler ve hatalar ile \u00f6n sat\u0131\u015f hakk\u0131 sakl\u0131d\u0131r!<\/p>\n<p>FMB TURBO 3-26 3200 A \u00e7ubuk y\u00fckleyici, 2003 y\u0131l\u0131nda \u00fcretilmi\u015ftir<\/p>\n<p>\u00dcretildi\u011fi \u00fclke: Almanya<br \/>\nCE Uygunluk Beyan\u0131<br \/>\nTeknik veriler<br \/>\n\u00c7ubuk \u00e7ap\u0131: 3-26 mm<br \/>\n\u00c7ubuk uzunlu\u011fu: 3200 mm<br \/>\nSon olarak bir CNC kayar kafa torna tezgah\u0131na monte edildi<\/p>\n<p>A\u011eIRLIK VE BOYUTLAR<br \/>\nY\u00fckleme magazini boyutlar\u0131: yakla\u015f\u0131k 4300 x 701 x 1400 mm<br \/>\nY\u00fckleme \u015farj\u00f6r\u00fcn\u00fcn a\u011f\u0131rl\u0131\u011f\u0131: yakla\u015f\u0131k 980 kg<\/p>\n<p>Makine randevu ile g\u00f6r\u00fclebilir.<br \/>\nTeknik verilerdeki ve spesifikasyonlardaki de\u011fi\u015fikliklere ve hatalara ve ayr\u0131ca sat\u0131\u015f \u00f6ncesine tabidir!<\/p>","protected":false},"excerpt":{"rendered":"<p>Standort: Deutschland, Baden-W\u00fcrttemberg S\u00fcdwest Zustand: Gebraucht Hersteller: FMB Modell: Turbo 3-26 Baujahr: 2003 FMB Stangenlademagazin TURBO 3-26 3200 A, Bj. 2003 Herstellerland: Deutschland CE Konformit\u00e4tserkl\u00e4rung Technische Daten Stangendurchmesser : 3-26 mm Stangenl\u00e4nge : 3200 mm zuletzt angebaut an CNC-Langdrehmaschine GEWICHT UND ABMESSUNGEN Abmessungen Lademagazin: ca. 4300 x 701 x 1400 mm Gewicht Lademagazin: ca. 980 [&hellip;]<\/p>\n","protected":false},"featured_media":4798,"comment_status":"open","ping_status":"closed","template":"","meta":{"_uf_show_specific_survey":0,"_uf_disable_surveys":false},"product_brand":[],"product_cat":[88],"product_tag":[],"class_list":{"0":"post-4741","1":"product","2":"type-product","3":"status-publish","4":"has-post-thumbnail","6":"product_cat-stangenzufuehrungen","8":"first","9":"instock","10":"taxable","11":"shipping-taxable","12":"product-type-simple"},"aioseo_notices":[],"_links":{"self":[{"href":"https:\/\/mueller-wrh.de\/tr\/wp-json\/wp\/v2\/product\/4741","targetHints":{"allow":["GET"]}}],"collection":[{"href":"https:\/\/mueller-wrh.de\/tr\/wp-json\/wp\/v2\/product"}],"about":[{"href":"https:\/\/mueller-wrh.de\/tr\/wp-json\/wp\/v2\/types\/product"}],"replies":[{"embeddable":true,"href":"https:\/\/mueller-wrh.de\/tr\/wp-json\/wp\/v2\/comments?post=4741"}],"wp:featuredmedia":[{"embeddable":true,"href":"https:\/\/mueller-wrh.de\/tr\/wp-json\/wp\/v2\/media\/4798"}],"wp:attachment":[{"href":"https:\/\/mueller-wrh.de\/tr\/wp-json\/wp\/v2\/media?parent=4741"}],"wp:term":[{"taxonomy":"product_brand","embeddable":true,"href":"https:\/\/mueller-wrh.de\/tr\/wp-json\/wp\/v2\/product_brand?post=4741"},{"taxonomy":"product_cat","embeddable":true,"href":"https:\/\/mueller-wrh.de\/tr\/wp-json\/wp\/v2\/product_cat?post=4741"},{"taxonomy":"product_tag","embeddable":true,"href":"https:\/\/mueller-wrh.de\/tr\/wp-json\/wp\/v2\/product_tag?post=4741"}],"curies":[{"name":"wp","href":"https:\/\/api.w.org\/{rel}","templated":true}]}}