{"id":4614,"date":"2026-01-12T12:39:36","date_gmt":"2026-01-12T12:39:36","guid":{"rendered":"https:\/\/mueller-wrh.de\/produkt\/gebr-cnc-kurzdrehmaschine-used-cnc-lathe-star-sr32-jn-2015-intnr231186\/"},"modified":"2026-01-12T12:39:36","modified_gmt":"2026-01-12T12:39:36","slug":"gebr-cnc-kurzdrehmaschine-used-cnc-lathe-star-sr32-jn-2015-intnr231186","status":"publish","type":"product","link":"https:\/\/mueller-wrh.de\/tr\/urun\/gebr-cnc-kurzdrehmaschine-used-cnc-lathe-star-sr32-jn-2015-intnr231186\/","title":{"rendered":"kullan\u0131lm\u0131\u015f cnc torna STAR SR32-JN, 2015 (IntNo231186)"},"content":{"rendered":"<p><b>Konum:<\/b> Almanya, Baden-W\u00fcrttemberg G\u00fcneybat\u0131<\/p>\n<p><b>Durum:<\/b> Yeni kadar iyi<\/p>\n<p><b>\u00dcretici firma:<\/b> STAR Micronics<\/p>\n<p><b>Model:<\/b> SR32-JN<\/p>\n<p><b>\u0130n\u015faat y\u0131l\u0131:<\/b> 2015<\/p>\n<p><b>\u00c7al\u0131\u015fma saatleri:<\/b> 16000<\/p>\n<p>CNC kayar mesnetli torna STAR SR32JN Yeni, 2015 y\u0131l\u0131<br \/>\nKontrol sistemi, Fanuc, Seri 32i-B,<br \/>\n7 eksen (X\/Z\/Y\/C1\/X1\/Z1\/C2,<br \/>\n\u00c7ubuk \u00d8 maks. 32 mm,<br \/>\nD\u00f6nd\u00fcrme uzunlu\u011fu maks. 80 mm,<br \/>\nAna i\u015f mili, maks. h\u0131z 7.000 rpm, C ekseni 0,001 derece,<br \/>\nKar\u015f\u0131 mil \u00d8 maks. 32 mm,<br \/>\nKar\u015f\u0131 i\u015f mili h\u0131z\u0131 maks. 7.000 rpm, C ekseni,<br \/>\nToplam 23 tak\u0131m i\u00e7in tak\u0131m tutucu (lineer tak\u0131m tutucu, \u00f6n ata\u015fman, arka i\u015fleme),<br \/>\nArt\u0131r\u0131lm\u0131\u015f basma h\u0131z\u0131na sahip so\u011futma s\u0131v\u0131s\u0131 pompas\u0131<br \/>\nPar\u00e7a konvey\u00f6r band\u0131,<br \/>\nMayfran tala\u015f konvey\u00f6r\u00fc,<br \/>\n***Servis seti em\u00fclsiyon paketi***<br \/>\nY\u00fckleme magazini FMB turbo 3-36\/3200 \/ A \/k\u0131sa d\u00f6n\u00fc\u015fl\u00fc alt yap\u0131<br \/>\nMakinede kullan\u0131lan so\u011futma s\u0131v\u0131s\u0131: Em\u00fclsiyon<\/p>\n<p>Makine randevu ile elektrik alt\u0131nda incelenebilir.<br \/>\nTeknik veri ve bilgilerdeki de\u011fi\u015fiklikler ve hatalar ile \u00f6n sat\u0131\u015f hakk\u0131 sakl\u0131d\u0131r!<\/p>\n<p>Kullan\u0131lm\u0131\u015f CNC \u0130svi\u00e7re tipi torna STAR SR32-JN Yeni, y\u0131l 2015<br \/>\nkontrol, Fanuc marka, seri 32i-B,<br \/>\n7 eksen (X\/Z\/Y\/C1\/X1\/Z1\/C2,<br \/>\nbar-\u00d8 maks. 32 mm,<br \/>\nd\u00f6n\u00fc\u015f uzunlu\u011fu maks. 80 mm,<br \/>\nana i\u015f mili, h\u0131z maks. 7.000 rpm, C ekseni 0,001 derece,<br \/>\narka mil \u00d8 maks. 32 mm,<br \/>\nh\u0131z maks. 7.000 rpm, C ekseni,<br \/>\ntoplam 23 tak\u0131m i\u00e7in tak\u0131m tutucu (lineer tak\u0131m tutucu, \u00f6n ata\u015fman, arka i\u015fleme),<br \/>\npar\u00e7a konvey\u00f6r band\u0131,<br \/>\nMayfran tala\u015f konvey\u00f6r\u00fc,<br \/>\n***Servis seti em\u00fclsiyon paketi***<br \/>\nbarloader magazini FMB turbo 3-36\/3200 \/ A \/ desteklemek i\u00e7in aksesuarlar<br \/>\nK\u0131lavuz bur\u00e7 olmadan tornalama.<br \/>\nMakinede so\u011futma s\u0131v\u0131s\u0131 kullan\u0131m\u0131: em\u00fclsiyon<\/p>\n<p>Makine randevu ile elektrik alt\u0131nda incelenebilir.<br \/>\nTeknik veri ve bilgilerdeki de\u011fi\u015fiklikler ve hatalar \u00f6nceden sat\u0131\u015fa tabidir!<\/p>","protected":false},"excerpt":{"rendered":"<p>Standort: Deutschland, Baden-W\u00fcrttemberg S\u00fcdwest Zustand: Neuwertig Hersteller: STAR Micronics Modell: SR32-JN Baujahr: 2015 Betriebsstunden: 16000 gebr. CNC-Langdrehmaschine STAR SR32JN New, Bj. 2015 Steuerung, Fabr. Fanuc, Serie 32i-B, 7 Achsen (X\/Z\/Y\/C1\/X1\/Z1\/C2, Stangen-\u00d8 max. 32 mm, Drehl\u00e4nge max. 80 mm, Hauptspindel, Drehzahl max. 7.000 U\/min, C-Achse 0,001 Grad, Gegenspindel-\u00d8 max. 32 mm, Gegenspindeldrehzahl max. 7.000 U\/min, C-Achse, [&hellip;]<\/p>\n","protected":false},"featured_media":4607,"comment_status":"open","ping_status":"closed","template":"","meta":{"_uf_show_specific_survey":0,"_uf_disable_surveys":false},"product_brand":[],"product_cat":[89],"product_tag":[],"class_list":{"0":"post-4614","1":"product","2":"type-product","3":"status-publish","4":"has-post-thumbnail","6":"product_cat-cnc-kurzdrehmaschinen","8":"first","9":"instock","10":"taxable","11":"shipping-taxable","12":"product-type-simple"},"aioseo_notices":[],"_links":{"self":[{"href":"https:\/\/mueller-wrh.de\/tr\/wp-json\/wp\/v2\/product\/4614","targetHints":{"allow":["GET"]}}],"collection":[{"href":"https:\/\/mueller-wrh.de\/tr\/wp-json\/wp\/v2\/product"}],"about":[{"href":"https:\/\/mueller-wrh.de\/tr\/wp-json\/wp\/v2\/types\/product"}],"replies":[{"embeddable":true,"href":"https:\/\/mueller-wrh.de\/tr\/wp-json\/wp\/v2\/comments?post=4614"}],"wp:featuredmedia":[{"embeddable":true,"href":"https:\/\/mueller-wrh.de\/tr\/wp-json\/wp\/v2\/media\/4607"}],"wp:attachment":[{"href":"https:\/\/mueller-wrh.de\/tr\/wp-json\/wp\/v2\/media?parent=4614"}],"wp:term":[{"taxonomy":"product_brand","embeddable":true,"href":"https:\/\/mueller-wrh.de\/tr\/wp-json\/wp\/v2\/product_brand?post=4614"},{"taxonomy":"product_cat","embeddable":true,"href":"https:\/\/mueller-wrh.de\/tr\/wp-json\/wp\/v2\/product_cat?post=4614"},{"taxonomy":"product_tag","embeddable":true,"href":"https:\/\/mueller-wrh.de\/tr\/wp-json\/wp\/v2\/product_tag?post=4614"}],"curies":[{"name":"wp","href":"https:\/\/api.w.org\/{rel}","templated":true}]}}