{"id":4600,"date":"2026-01-12T10:30:27","date_gmt":"2026-01-12T10:30:27","guid":{"rendered":"https:\/\/mueller-wrh.de\/produkt\/hardinge-gt27sp-gg-121_fanuc_fmb-unirobot-cnc-drehmaschine-bj-2013-_intnr231461\/"},"modified":"2026-01-12T10:30:27","modified_gmt":"2026-01-12T10:30:27","slug":"hardinge-gt27sp-gg-121_fanuc_fmb-unirobot-cnc-drehmaschine-bj-2013-_intnr231461","status":"publish","type":"product","link":"https:\/\/mueller-wrh.de\/tr\/urun\/hardinge-gt27sp-gg-121_fanuc_fmb-unirobot-cnc-drehmaschine-bj-2013-_intnr231461\/","title":{"rendered":"HARDINGE GT27SP GG-121_Fanuc_FMB Unirobot CNC torna y\u0131l 2013 _IntNo231461"},"content":{"rendered":"<p><b>Konum:<\/b> Almanya, Baden-W\u00fcrttemberg G\u00fcneybat\u0131<\/p>\n<p><b>Durum:<\/b> Kullan\u0131lm\u0131\u015f<\/p>\n<p><b>\u00dcretici firma:<\/b> Hardinge<\/p>\n<p><b>Model:<\/b> GT27SP GG-121<\/p>\n<p><b>\u0130n\u015faat y\u0131l\u0131:<\/b> 2013<\/p>\n<p><b>\u00c7al\u0131\u015fma saatleri:<\/b> 59861<\/p>\n<p>Makine tan\u0131m\u0131: CNC k\u0131sa torna<br \/>\n\u00dcretici: Hardinge<br \/>\nModel: GT27SP GG-121<br \/>\n\u0130n\u015faat y\u0131l\u0131: 2013<br \/>\nKontrol sistemi: Fanuc 32i A<br \/>\n\u0130\u015flevsellik: tamamen i\u015flevsel<br \/>\n\u0130\u015flem saati: yakla\u015f\u0131k 60.000 saat<\/p>\n<p>Teknik veriler<br \/>\n\u0130\u015f mili deli\u011fi: \u00d8 27 mm<br \/>\nMil tutucu: A2-5<br \/>\nAyna maks. 80 mm<br \/>\nMaks. \u0130\u015f mili h\u0131z\u0131: 6.000 dak-\u00b9<br \/>\nX ekseni: 607 mm<br \/>\nZ ekseni: 286 mm<\/p>\n<p>So\u011futma s\u0131v\u0131s\u0131 sistemi<\/p>\n<p>Y\u00fckleme ve bo\u015faltma sistemi FMB MH5LS-SP \/ 5 i\u015f par\u00e7as\u0131 paleti, \u00e7ift tutucu<br \/>\nAksesuarlar \/ Ara\u00e7lar \/ K\u0131lavuzlar<\/p>\n<p>Makine a\u011f\u0131rl\u0131\u011f\u0131 ve boyutlar\u0131<br \/>\nMakine boyutlar\u0131: yakla\u015f\u0131k 1850 \u00d7 1750 \u00d7 1750 mm<br \/>\nMakine a\u011f\u0131rl\u0131\u011f\u0131: yakla\u015f\u0131k 2100 kg<\/p>\n<p>A\u011f\u0131rl\u0131k ve boyutlar Y\u00fckleme ve bo\u015faltma sistemi<br \/>\nMakine boyutlar\u0131: yakla\u015f\u0131k 1900 \u00d7 950 \u00d7 2000 mm<br \/>\nMakine a\u011f\u0131rl\u0131\u011f\u0131: yakla\u015f\u0131k 1000 kg<\/p>\n<p>So\u011futma s\u0131v\u0131s\u0131 sisteminin a\u011f\u0131rl\u0131\u011f\u0131 ve boyutlar\u0131<br \/>\nMakine boyutlar\u0131: yakla\u015f\u0131k 1500 \u00d7 800 \u00d7 1100 mm<br \/>\nMakine a\u011f\u0131rl\u0131\u011f\u0131: yakla\u015f\u0131k 250 kg<\/p>\n<p>Makine tamamen i\u015flevseldir ve iyi kullan\u0131lm\u0131\u015f durumdad\u0131r.<br \/>\nDaha fazla bilgi veya elektrik alt\u0131nda g\u00f6r\u00fcnt\u00fcleme i\u00e7in l\u00fctfen bizimle ileti\u015fime ge\u00e7mekten \u00e7ekinmeyin.<br \/>\nTeknik verilerdeki ve teknik \u00f6zelliklerdeki de\u011fi\u015fikliklere ve hatalara ve ayr\u0131ca sat\u0131\u015f \u00f6ncesine tabidir!<\/p>\n<p>Makine Tipi: CNC K\u0131sa Torna<br \/>\n\u00dcretici: Hardinge<br \/>\nModel: GT27SP GG-121<br \/>\n\u00dcretim Y\u0131l\u0131: 2013<br \/>\nKontrol: Fanuc 32i A<br \/>\nOperasyonel Durum: Tamamen operasyonel<br \/>\n\u00c7al\u0131\u015fma Saatleri: yakla\u015f\u0131k 60.000 saat<\/p>\n<p>Teknik Veriler<\/p>\n<p>\u0130\u015f Mili Deli\u011fi: \u00d8 27 mm<\/p>\n<p>Mil Burnu: A2-5<\/p>\n<p>Ayna kapasitesi: maks. 80 mm<\/p>\n<p>Maksimum i\u015f mili h\u0131z\u0131: 6.000 rpm<\/p>\n<p>X Ekseni Hareketi: 607 mm<\/p>\n<p>Z ekseni hareketi: 286 mm<\/p>\n<p>So\u011futma s\u0131v\u0131s\u0131 sistemi<\/p>\n<p>Y\u00fckleme ve Bo\u015faltma Sistemi: FMB MH5LS-SP \/ 5 i\u015f par\u00e7as\u0131 paleti, \u00e7ift tutucu<\/p>\n<p>Aksesuarlar \/ Ara\u00e7lar \/ K\u0131lavuzlar<\/p>\n<p>Makine Boyutlar\u0131 ve A\u011f\u0131rl\u0131\u011f\u0131<\/p>\n<p>Makine Boyutlar\u0131: yakla\u015f\u0131k 1850 \u00d7 1750 \u00d7 1750 mm<\/p>\n<p>Makine A\u011f\u0131rl\u0131\u011f\u0131: yakla\u015f\u0131k 2100 kg<\/p>\n<p>Y\u00fckleme\/Bo\u015faltma Sistemi Boyutlar\u0131 ve A\u011f\u0131rl\u0131\u011f\u0131<\/p>\n<p>Boyutlar: yakla\u015f\u0131k 1900 \u00d7 950 \u00d7 2000 mm<\/p>\n<p>A\u011f\u0131rl\u0131k: yakla\u015f\u0131k 1000 kg<\/p>\n<p>So\u011futucu Sistem Boyutlar\u0131 ve A\u011f\u0131rl\u0131\u011f\u0131<\/p>\n<p>Boyutlar: yakla\u015f\u0131k 1500 \u00d7 800 \u00d7 1100 mm<\/p>\n<p>A\u011f\u0131rl\u0131k: yakla\u015f\u0131k 250 kg<\/p>\n<p>Makine tamamen \u00e7al\u0131\u015f\u0131r ve iyi kullan\u0131lm\u0131\u015f durumdad\u0131r.<br \/>\nDaha fazla bilgi almak veya g\u00fc\u00e7 alt\u0131nda canl\u0131 bir g\u00f6steri d\u00fczenlemek i\u00e7in l\u00fctfen bizimle ileti\u015fime ge\u00e7mekten \u00e7ekinmeyin.<br \/>\nT\u00fcm teknik veriler ve bilgiler yakla\u015f\u0131k de\u011ferlerdir. \u00d6nceden sat\u0131\u015fa tabidir ve hatalar hari\u00e7tir.<\/p>","protected":false},"excerpt":{"rendered":"<p>Standort: Deutschland, Baden-W\u00fcrttemberg S\u00fcdwest Zustand: Gebraucht Hersteller: Hardinge Modell: GT27SP GG-121 Baujahr: 2013 Betriebsstunden: 59861 Maschinenbezeichnung: CNC-Kurzdrehmaschine Hersteller: Hardinge Modell: GT27SP GG-121 Baujahr: 2013 Steuerung: Fanuc 32i A Funktionsf\u00e4higkeit: voll funktionsf\u00e4hig Bearbeitungsstunden: ca. 60.000 Stunden Technische Daten Spindelbohrung: \u00d8 27 mm Spindelaufnahme: A2-5 Spannfutter max. 80mm Max. Spindeldrehzahl: 6.000 min\u207b\u00b9 X-Achse: 607 mm Z-Achse: 286 [&hellip;]<\/p>\n","protected":false},"featured_media":4597,"comment_status":"open","ping_status":"closed","template":"","meta":{"_uf_show_specific_survey":0,"_uf_disable_surveys":false},"product_brand":[],"product_cat":[90],"product_tag":[],"class_list":{"0":"post-4600","1":"product","2":"type-product","3":"status-publish","4":"has-post-thumbnail","6":"product_cat-cnc-drehmaschinen-0-199mm-drehd","8":"first","9":"instock","10":"taxable","11":"shipping-taxable","12":"product-type-simple"},"aioseo_notices":[],"_links":{"self":[{"href":"https:\/\/mueller-wrh.de\/tr\/wp-json\/wp\/v2\/product\/4600","targetHints":{"allow":["GET"]}}],"collection":[{"href":"https:\/\/mueller-wrh.de\/tr\/wp-json\/wp\/v2\/product"}],"about":[{"href":"https:\/\/mueller-wrh.de\/tr\/wp-json\/wp\/v2\/types\/product"}],"replies":[{"embeddable":true,"href":"https:\/\/mueller-wrh.de\/tr\/wp-json\/wp\/v2\/comments?post=4600"}],"wp:featuredmedia":[{"embeddable":true,"href":"https:\/\/mueller-wrh.de\/tr\/wp-json\/wp\/v2\/media\/4597"}],"wp:attachment":[{"href":"https:\/\/mueller-wrh.de\/tr\/wp-json\/wp\/v2\/media?parent=4600"}],"wp:term":[{"taxonomy":"product_brand","embeddable":true,"href":"https:\/\/mueller-wrh.de\/tr\/wp-json\/wp\/v2\/product_brand?post=4600"},{"taxonomy":"product_cat","embeddable":true,"href":"https:\/\/mueller-wrh.de\/tr\/wp-json\/wp\/v2\/product_cat?post=4600"},{"taxonomy":"product_tag","embeddable":true,"href":"https:\/\/mueller-wrh.de\/tr\/wp-json\/wp\/v2\/product_tag?post=4600"}],"curies":[{"name":"wp","href":"https:\/\/api.w.org\/{rel}","templated":true}]}}