{"id":4596,"date":"2026-01-12T10:29:03","date_gmt":"2026-01-12T10:29:03","guid":{"rendered":"https:\/\/mueller-wrh.de\/produkt\/index-abc_fanuc_-cnc-drehmaschine-bj-2017-_intnr231463\/"},"modified":"2026-01-12T10:29:03","modified_gmt":"2026-01-12T10:29:03","slug":"index-abc_fanuc_-cnc-drehmaschine-bj-2017-_intnr231463","status":"publish","type":"product","link":"https:\/\/mueller-wrh.de\/tr\/urun\/index-abc_fanuc_-cnc-drehmaschine-bj-2017-_intnr231463\/","title":{"rendered":"Dizin ABC_Fanuc_ CNC torna y\u0131l\u0131 2017 _IntNo231463"},"content":{"rendered":"<p><b>Konum:<\/b> Almanya, Baden-W\u00fcrttemberg G\u00fcneybat\u0131<\/p>\n<p><b>Durum:<\/b> Kullan\u0131lm\u0131\u015f<\/p>\n<p><b>\u00dcretici firma:<\/b> Dizin<\/p>\n<p><b>Model:<\/b> ABC<\/p>\n<p><b>\u0130n\u015faat y\u0131l\u0131:<\/b> 2017<\/p>\n<p>Makine tan\u0131m\u0131: CNC k\u0131sa torna<br \/>\n\u00dcretici: Index<br \/>\nModel: ABC<br \/>\n\u0130n\u015faat y\u0131l\u0131: 2017<br \/>\nKontrol sistemi: Fanuc 32 i- B<br \/>\n\u0130\u015flevsellik: tamamen i\u015flevsel<br \/>\n\u0130\u015flem saatleri: yakla\u015f\u0131k saat<\/p>\n<p>Teknik veriler<br \/>\n\u0130\u015f mili deli\u011fi: \u00d8 42 mm<br \/>\nTravers ve besleme verileri<br \/>\nX ekseni hareketi: yakla\u015f\u0131k 90 mm<br \/>\nZ ekseni hareketi: yakla\u015f\u0131k 280 mm<br \/>\nH\u0131zl\u0131 travers X: yakla\u015f\u0131k 27 m\/dak.<br \/>\nH\u0131zl\u0131 travers Z: yakla\u015f\u0131k 36 m\/dak.<\/p>\n<p>\u00dcst taret (ana tak\u0131m ta\u015f\u0131y\u0131c\u0131):<br \/>\n\u0130stasyon say\u0131s\u0131: 8 (1 senkronize edilebilir pozisyon dahil)<br \/>\nTak\u0131m tutucu: VDI 25<br \/>\nTahrikli ara\u00e7lar\u0131 destekler.<\/p>\n<p>Alt taret :<br \/>\n\u0130stasyon say\u0131s\u0131: 6<br \/>\nS\u00fcr\u00fcc\u00fc olmadan<\/p>\n<p>Arka taraf:<br \/>\nArka i\u015fleme i\u00e7in 5 istasyon<\/p>\n<p>Ayn\u0131 anda 3 tak\u0131ma kadar e\u015fzamanl\u0131 i\u015fleme<\/p>\n<p>So\u011futma sistemi - tala\u015f konvey\u00f6r\u00fc <\/p>\n<p>\u00c7ubuk besleyici IRCO ILS MUK 7012-II Y\u0131l 2015<br \/>\nAksesuarlar \/ Ara\u00e7lar \/ K\u0131lavuzlar<\/p>\n<p>Makine a\u011f\u0131rl\u0131\u011f\u0131 ve boyutlar\u0131<br \/>\nMakine boyutlar\u0131: yakla\u015f\u0131k 2830 \u00d7 1500 \u00d7 2200 mm<br \/>\nMakine a\u011f\u0131rl\u0131\u011f\u0131: yakla\u015f\u0131k 3500 kg<\/p>\n<p>So\u011futma s\u0131v\u0131s\u0131 sistemi tala\u015f konvey\u00f6r\u00fcn\u00fcn a\u011f\u0131rl\u0131\u011f\u0131 ve boyutlar\u0131<br \/>\nMakine boyutlar\u0131: yakla\u015f\u0131k 1600 \u00d7 1250 \u00d7 1780 mm<br \/>\nMakine a\u011f\u0131rl\u0131\u011f\u0131: yakla\u015f\u0131k 680 kg<\/p>\n<p>A\u011f\u0131rl\u0131k ve boyutlar \u00e7ubuk besleyici IRCO ILS MUK<br \/>\nMakine boyutlar\u0131: yakla\u015f\u0131k 1800 \u00d7 1000 \u00d7 1280 mm<br \/>\nMakine a\u011f\u0131rl\u0131\u011f\u0131: yakla\u015f\u0131k 650 kg<\/p>\n<p>Makine tamamen i\u015flevseldir ve iyi kullan\u0131lm\u0131\u015f durumdad\u0131r.<br \/>\nDaha fazla bilgi veya elektrik alt\u0131nda g\u00f6r\u00fcnt\u00fcleme i\u00e7in l\u00fctfen bizimle ileti\u015fime ge\u00e7mekten \u00e7ekinmeyin.<br \/>\nTeknik verilerdeki ve teknik \u00f6zelliklerdeki de\u011fi\u015fikliklere ve hatalara ve ayr\u0131ca sat\u0131\u015f \u00f6ncesine tabidir!<\/p>\n<p>Makine Tan\u0131m\u0131: CNC K\u0131sa Torna Tezgah\u0131<br \/>\n\u00dcretici: Index<br \/>\nModel: ABC<br \/>\n\u00dcretim Y\u0131l\u0131: 2017<br \/>\nKontrol Sistemi: Fanuc 32i-B<br \/>\nOperasyonel Durum: Tamamen operasyonel<br \/>\n\u00c7al\u0131\u015fma Saatleri: yakla\u015f\u0131k ___ saat<\/p>\n<p>Teknik Veriler<\/p>\n<p>\u0130\u015f Mili Deli\u011fi: \u00d8 42 mm<\/p>\n<p>Seyahat ve Yem Verileri:<\/p>\n<p>X Ekseni Hareketi: yakla\u015f\u0131k 90 mm<\/p>\n<p>Z Ekseni Hareketi: yakla\u015f\u0131k 280 mm<\/p>\n<p>H\u0131zl\u0131 Besleme X: yakla\u015f\u0131k 27 m\/dak.<\/p>\n<p>H\u0131zl\u0131 Besleme Z: yakla\u015f\u0131k 36 m\/dak.<\/p>\n<p>\u00dcst Taret (Ana Tak\u0131m Ta\u015f\u0131y\u0131c\u0131):<\/p>\n<p>\u0130stasyon say\u0131s\u0131: 8 (1 senkronize edilebilir)<\/p>\n<p>Tak\u0131m Tutucu: VDI 25<\/p>\n<p>Tahrikli ara\u00e7lar\u0131 destekler<\/p>\n<p>Alt Taret:<\/p>\n<p>\u0130stasyon Say\u0131s\u0131: 6<\/p>\n<p>Tahriksiz<\/p>\n<p>Arka taraf:<\/p>\n<p>Arka taraf operasyonlar\u0131 i\u00e7in 5 istasyon<\/p>\n<p>E\u015fzamanl\u0131 \u0130\u015fleme: Ayn\u0131 anda 3 tak\u0131ma kadar<\/p>\n<p>So\u011futma Sistemi ve Tala\u015f Konvey\u00f6r\u00fc<\/p>\n<p>\u00c7ubuk besleyici: IRCO ILS MUK 7012-II, Y\u0131l 2015<\/p>\n<p>Aksesuarlar \/ Ara\u00e7lar \/ K\u0131lavuzlar<\/p>\n<p>Makine Boyutlar\u0131 ve A\u011f\u0131rl\u0131\u011f\u0131<\/p>\n<p>Makine: yakla\u015f\u0131k 2830 \u00d7 1500 \u00d7 2200 mm, A\u011f\u0131rl\u0131k: yakla\u015f\u0131k 3500 kg<\/p>\n<p>So\u011futma Sistemi ve Tala\u015f Konvey\u00f6r\u00fc: yakla\u015f\u0131k 1600 \u00d7 1250 \u00d7 1780 mm, A\u011f\u0131rl\u0131k: yakla\u015f\u0131k 680 kg<\/p>\n<p>\u00c7ubuk Besleyici IRCO ILS MUK: yakla\u015f\u0131k 1800 \u00d7 1000 \u00d7 1280 mm, A\u011f\u0131rl\u0131k: yakla\u015f\u0131k 650 kg<\/p>\n<p>Makine tamamen \u00e7al\u0131\u015f\u0131r ve iyi kullan\u0131lm\u0131\u015f durumdad\u0131r.<br \/>\nDaha fazla bilgi veya g\u00fc\u00e7 alt\u0131nda canl\u0131 bir g\u00f6steri i\u00e7in l\u00fctfen bizimle ileti\u015fime ge\u00e7mekten \u00e7ekinmeyin.<br \/>\nTeknik veriler ve bilgiler de\u011fi\u015fikli\u011fe ve hatalara tabidir. \u00d6nceden sat\u0131\u015f hakk\u0131 sakl\u0131d\u0131r.<\/p>","protected":false},"excerpt":{"rendered":"<p>Standort: Deutschland, Baden-W\u00fcrttemberg S\u00fcdwest Zustand: Gebraucht Hersteller: Index Modell: ABC Baujahr: 2017 Maschinenbezeichnung: CNC-Kurzdrehmaschine Hersteller: Index Modell: ABC Baujahr: 2017 Steuerung: Fanuc 32 i- B Funktionsf\u00e4higkeit: voll funktionsf\u00e4hig Bearbeitungsstunden: ca. Stunden Technische Daten Spindelbohrung: \u00d8 42 mm Verfahr- und Vorschubdaten X-Achse Verfahrweg: ca. 90 mm Z-Achse Verfahrweg: ca. 280 mm Eilgang X: ca. 27 m\/min [&hellip;]<\/p>\n","protected":false},"featured_media":4590,"comment_status":"open","ping_status":"closed","template":"","meta":{"_uf_show_specific_survey":0,"_uf_disable_surveys":false},"product_brand":[],"product_cat":[90],"product_tag":[],"class_list":{"0":"post-4596","1":"product","2":"type-product","3":"status-publish","4":"has-post-thumbnail","6":"product_cat-cnc-drehmaschinen-0-199mm-drehd","8":"first","9":"instock","10":"taxable","11":"shipping-taxable","12":"product-type-simple"},"aioseo_notices":[],"_links":{"self":[{"href":"https:\/\/mueller-wrh.de\/tr\/wp-json\/wp\/v2\/product\/4596","targetHints":{"allow":["GET"]}}],"collection":[{"href":"https:\/\/mueller-wrh.de\/tr\/wp-json\/wp\/v2\/product"}],"about":[{"href":"https:\/\/mueller-wrh.de\/tr\/wp-json\/wp\/v2\/types\/product"}],"replies":[{"embeddable":true,"href":"https:\/\/mueller-wrh.de\/tr\/wp-json\/wp\/v2\/comments?post=4596"}],"wp:featuredmedia":[{"embeddable":true,"href":"https:\/\/mueller-wrh.de\/tr\/wp-json\/wp\/v2\/media\/4590"}],"wp:attachment":[{"href":"https:\/\/mueller-wrh.de\/tr\/wp-json\/wp\/v2\/media?parent=4596"}],"wp:term":[{"taxonomy":"product_brand","embeddable":true,"href":"https:\/\/mueller-wrh.de\/tr\/wp-json\/wp\/v2\/product_brand?post=4596"},{"taxonomy":"product_cat","embeddable":true,"href":"https:\/\/mueller-wrh.de\/tr\/wp-json\/wp\/v2\/product_cat?post=4596"},{"taxonomy":"product_tag","embeddable":true,"href":"https:\/\/mueller-wrh.de\/tr\/wp-json\/wp\/v2\/product_tag?post=4596"}],"curies":[{"name":"wp","href":"https:\/\/api.w.org\/{rel}","templated":true}]}}