{"id":4534,"date":"2025-12-11T16:13:22","date_gmt":"2025-12-11T16:13:22","guid":{"rendered":"https:\/\/mueller-wrh.de\/produkt\/hanwha-xd10-y2_bj-08_2022_intnr231438\/"},"modified":"2025-12-12T10:23:30","modified_gmt":"2025-12-12T10:23:30","slug":"hanwha-xd10-y2_bj-08_2022_intnr231438","status":"publish","type":"product","link":"https:\/\/mueller-wrh.de\/tr\/urun\/hanwha-xd10-y2_bj-08_2022_intnr231438\/","title":{"rendered":"Hanwha XD10 Y2_Year 08_2022_IntNo231438"},"content":{"rendered":"<p><b>Konum:<\/b> Almanya, Baden-W\u00fcrttemberg G\u00fcneybat\u0131<\/p>\n<p><b>Durum:<\/b> Yeni kadar iyi<\/p>\n<p><b>\u00dcretici firma:<\/b> HANWHA<\/p>\n<p><b>Model:<\/b> XD-10 Y2<\/p>\n<p><b>\u0130n\u015faat y\u0131l\u0131:<\/b> 2022<\/p>\n<p>Hanwha CNC kayar kafal\u0131 torna XD10 Y2 En iyi durumda<\/p>\n<p>\u0130\u015f mili saatleri<br \/>\n\u00c7al\u0131\u015fma saatleri<br \/>\n\u0130n\u015faat y\u0131l\u0131 08_2022<br \/>\n0i serisinin Fanuc kontrol\u00fc<\/p>\n<p>0i serisi Fanuc kontroll\u00fc Hanwha CNC kayar mesnetli torna tezgah\u0131 XD10 Y2<br \/>\nHanwha CNC kayar mesnetli torna XD10 Y2, seri \u00fcretimde k\u00fc\u00e7\u00fck \u00e7aplar\u0131n i\u015flenmesi i\u00e7in tasarlanm\u0131\u015f, 0i serisinin entegre Fanuc kontrol\u00fcne sahip y\u00fcksek hassasiyetli bir kayar mesnetli torna tezgah\u0131d\u0131r. Verimli \u00fcretim s\u00fcre\u00e7leri i\u00e7in bir ana i\u015f mili, kar\u015f\u0131 i\u015f mili, kapsaml\u0131 tak\u0131m ve aksesuarlara sahiptir.<br \/>\nAna mil<\/p>\n<p>Maksimum d\u00f6n\u00fc\u015f \u00e7ap\u0131: 10 mm<br \/>\nMaksimum i\u015f mili delik \u00e7ap\u0131: 15 mm<br \/>\nMaksimum h\u0131z: 15.000 rpm<br \/>\nMaksimum g\u00fc\u00e7: 3,7 kW (dahili motor)<br \/>\nStrok Z1: 155 mm<br \/>\nSenkronize k\u0131lavuz bur\u00e7 \u00fcnitesi: Tip F853<br \/>\nPens aynas\u0131: Tip 120E<\/p>\n<p>Saya\u00e7 mili<\/p>\n<p>Maksimum h\u0131z: 10.000 rpm<br \/>\nMaksimum g\u00fc\u00e7: 1,1 kW<br \/>\nC ekseni: \u00c7\u00f6z\u00fcn\u00fcrl\u00fck 0,001\u00b0<br \/>\nMaksimum musluk \u00e7ap\u0131: 10 mm<br \/>\nStrok Z2: 180 mm<br \/>\nPens aynas\u0131: Tip 120E<\/p>\n<p>Tak\u0131m k\u0131za\u011f\u0131 X1, Y1:<br \/>\nHarici 5 tornalama tak\u0131m\u0131 i\u00e7in tak\u0131m tutucu plaka (8 x 8 mm)<\/p>\n<p>\u00c7apraz delme\/frezeleme cihaz\u0131:<br \/>\nMiktar: 4 tahrikli delme\/frezeleme mili (ER11)<br \/>\nG\u00fc\u00e7: 10.000 rpm'de 0,55 kW<br \/>\n\u00d6n delme \u00fcnitesi 4 delme mili i\u00e7in (ER11)<\/p>\n<p>Ters taraf i\u015fleme:<br \/>\nY2 eksenli 8 tak\u0131m i\u00e7in tak\u0131m ta\u015f\u0131y\u0131c\u0131<br \/>\n4 tahrikli delme\/frezeleme mili (ER11 mod\u00fcler)<br \/>\n4 sabit delme\/frezeleme mili (ER11 mod\u00fcler)<br \/>\nG\u00fc\u00e7: 9.000 rpm'de 0,55 kW<\/p>\n<p>H\u0131zl\u0131 travers: 32 m\/dak (Z1, Z2, Y, X2); 24 m\/dak (X1)<br \/>\nBa\u011fl\u0131 y\u00fck: 12 kVA<\/p>\n<p>Kontrol sistemi<br \/>\nTip: Hanwha Fanuc 0iTF serisi<br \/>\nEksen say\u0131s\u0131: 6 (X1, Z1, Y1, Y2, X2, Z2)<br \/>\nE\u015fzamanl\u0131 4 eksenli kontrol<br \/>\nEl \u00e7arkl\u0131 harici kontrol paneli<br \/>\n9,5\u2033 renkli monit\u00f6r (LCD\/MDI)<br \/>\nOtomatik kapanma fonksiyonu (PowerOff)<br \/>\nProgram kontrol fonksiyonu (el \u00e7ark\u0131 ile test \u00e7al\u0131\u015ft\u0131rmas\u0131 m\u00fcmk\u00fcnd\u00fcr)<br \/>\nToplama tepsili par\u00e7a konvey\u00f6r band\u0131<br \/>\nAlet kutusu ve servis alet seti<br \/>\nSo\u011futma s\u0131v\u0131s\u0131 deposu: 140 litre<br \/>\nToplama mili tutucusu i\u00e7in pn\u00f6matik \u00fcfleme cihaz\u0131<br \/>\nAlmanca ve \u0130ngilizce k\u0131lavuz ve dok\u00fcmantasyon (bak\u0131m ve tala\u015f konvey\u00f6r\u00fc)<br \/>\n\u00c7ubuk besleyici FMB Turbo 2-20 \/ 3200 mm \u201eC\u201c (\u00e7ubuk \u00e7ap\u0131: 2-23 mm 1 d\u00f6n\u00fc\u015ft\u00fcrme kiti ve teleskopik boru)<\/p>\n<p>Makine elektriksel ve mekanik olarak tamamen \u00e7al\u0131\u015f\u0131r durumda<br \/>\nEksiksiz teknik dok\u00fcmantasyon mevcuttur<\/p>\n<p>Makine randevu ile incelenebilir.<br \/>\nTeknik veri ve bilgilerdeki de\u011fi\u015fiklikler ve hatalar ile \u00f6n sat\u0131\u015f hakk\u0131 sakl\u0131d\u0131r!<\/p>\n<p>Hanwha CNC \u0130svi\u00e7re Tipi Torna XD10 Y2 en iyi durumda<br \/>\n\u0130\u015f mili saatleri<br \/>\n\u00c7al\u0131\u015fma saatleri<br \/>\n\u00dcretim y\u0131l\u0131: 08_2022<br \/>\n0i serisinin Fanuc kontrol\u00fc<br \/>\n0i Serisi Fanuc Kontroll\u00fc Hanwha CNC \u0130svi\u00e7re Tipi Torna XD10 Y2<br \/>\nHanwha CNC \u0130svi\u00e7re tipi torna tezgah\u0131 XD10 Y2, seri \u00fcretimde k\u00fc\u00e7\u00fck \u00e7aplar\u0131n i\u015flenmesi i\u00e7in tasarlanm\u0131\u015f, 0i serisinin entegre Fanuc kontrol\u00fcne sahip y\u00fcksek hassasiyetli \u0130svi\u00e7re tipi otomatik bir torna tezgah\u0131d\u0131r. Ana i\u015f mili, alt i\u015f mili, kapsaml\u0131 tak\u0131m ekipman\u0131 ve verimli \u00fcretim s\u00fcre\u00e7leri i\u00e7in aksesuarlara sahiptir.<\/p>\n<p>Ana Mil<br \/>\nMaksimum d\u00f6n\u00fc\u015f \u00e7ap\u0131: 10 mm<br \/>\nMaksimum i\u015f mili delik \u00e7ap\u0131: 15 mm<br \/>\nMaksimum h\u0131z: 15.000 rpm<br \/>\nMaksimum g\u00fc\u00e7: 3,7 kW (dahili motor)<br \/>\nZ1 hareket mesafesi: 155 mm<br \/>\nSenkron d\u00f6ner k\u0131lavuz bur\u00e7 \u00fcnitesi: Tip F853<br \/>\nPens: Tip 120E<br \/>\nAlt \u0130\u015f Mili<br \/>\nMaksimum h\u0131z: 10.000 rpm<br \/>\nMaksimum g\u00fc\u00e7: 1,1 kW<br \/>\nC ekseni: \u00c7\u00f6z\u00fcn\u00fcrl\u00fck 0,001\u00b0<br \/>\nMaksimum toplama \u00e7ap\u0131: 10 mm<br \/>\nZ2 hareket mesafesi: 180 mm<br \/>\nPens: Tip 120E<br \/>\nTak\u0131m K\u0131za\u011f\u0131 X1, Y1:<br \/>\nHarici 5 tornalama tak\u0131m\u0131 i\u00e7in tak\u0131m tutucu plaka (8 x 8 mm)<br \/>\n\u00c7apraz Delme\/Frezeleme Cihaz\u0131:<br \/>\nSay\u0131: 4 tahrikli delme\/frezeleme mili (ER11)<br \/>\nG\u00fc\u00e7: 10.000 rpm'de 0,55 kW<br \/>\n\u00d6n delme aparat\u0131 4 matkap mili i\u00e7in (ER11)<br \/>\nArka \u00e7al\u0131\u015fma:<br \/>\nY2 eksenli 8 tak\u0131m i\u00e7in tak\u0131m ta\u015f\u0131y\u0131c\u0131<br \/>\n4 tahrikli delme\/frezeleme mili (ER11 mod\u00fcler)<br \/>\n4 sabit delme\/frezeleme mili (ER11 mod\u00fcler)<br \/>\nG\u00fc\u00e7: 9.000 rpm'de 0,55 kW<br \/>\nH\u0131zl\u0131 traversler: 32 m\/dak (Z1, Z2, Y, X2); 24 m\/dak (X1)<br \/>\nBa\u011fl\u0131 y\u00fck: 12 kVA<br \/>\nKontrol<br \/>\nTip: Hanwha Fanuc 0iTF Serisi<br \/>\nEksen say\u0131s\u0131: 6 (X1, Z1, Y1, Y2, X2, Z2)<br \/>\nE\u015fzamanl\u0131 4 eksenli kontrol<br \/>\nEl \u00e7arkl\u0131 harici kumanda paneli<br \/>\n9,5\u2033 renkli monit\u00f6r (LCD\/MDI)<br \/>\nOtomatik kapanma fonksiyonu (PowerOff)<br \/>\nProgram kontrol fonksiyonu (el \u00e7ark\u0131 ile test \u00e7al\u0131\u015ft\u0131rmas\u0131 m\u00fcmk\u00fcnd\u00fcr)<br \/>\nToplama tepsili par\u00e7a konvey\u00f6r band\u0131<br \/>\nAlet kutusu ve servis alet seti<br \/>\nSo\u011futma s\u0131v\u0131s\u0131 deposu: 140 litre<br \/>\nToplama mili pensi i\u00e7in pn\u00f6matik \u00fcfleme cihaz\u0131<br \/>\nAlmanca ve \u0130ngilizce k\u0131lavuz ve dok\u00fcmantasyon (parametre listesi ve test protokol\u00fc dahil bak\u0131m ve kullan\u0131m talimatlar\u0131)<br \/>\nTala\u015f konvey\u00f6r\u00fc<br \/>\n\u00c7ubuk y\u00fckleyici magazini FMB Turbo 2-20 \/ 3200 mm \u201eC\u201c (\u00e7ubuk \u00e7ap\u0131: 2-23 mm, 1 d\u00f6n\u00fc\u015ft\u00fcrme kiti ve teleskopik boru)<br \/>\nMakine elektriksel ve mekanik olarak tamamen \u00e7al\u0131\u015f\u0131r durumda<br \/>\nTeknik dok\u00fcmantasyon tamamen mevcuttur<br \/>\nMakine randevu ile elektrik alt\u0131nda incelenebilir.<br \/>\nTeknik veriler ve spesifikasyonlardaki de\u011fi\u015fiklikler ve hatalar ile \u00f6n sat\u0131\u015f hakk\u0131 sakl\u0131d\u0131r!<\/p>","protected":false},"excerpt":{"rendered":"<p>Standort: Deutschland, Baden-W\u00fcrttemberg S\u00fcdwest Zustand: Neuwertig Hersteller: HANWHA Modell: XD-10 Y2 Baujahr: 2022 Hanwha CNC-Langdrehmaschine XD10 Y2 Top Zustand Spindelstunden Betriebsstunden Baujahr 08_2022 Fanuc-Steuerung der 0i-Serie Hanwha CNC-Langdrehmaschine XD10 Y2 mit Fanuc-Steuerung der 0i-Serie Die Hanwha CNC-Langdrehmaschine XD10 Y2 ist eine hochpr\u00e4zise Langdrehautomat mit integrierter Fanuc-Steuerung der 0i-Serie, konzipiert f\u00fcr die Bearbeitung kleiner Durchmesser in [&hellip;]<\/p>\n","protected":false},"featured_media":4535,"comment_status":"open","ping_status":"closed","template":"","meta":{"_uf_show_specific_survey":0,"_uf_disable_surveys":false},"product_brand":[],"product_cat":[23],"product_tag":[],"class_list":{"0":"post-4534","1":"product","2":"type-product","3":"status-publish","4":"has-post-thumbnail","6":"product_cat-cnc-langdrehmaschinen","8":"first","9":"instock","10":"taxable","11":"shipping-taxable","12":"product-type-simple"},"aioseo_notices":[],"_links":{"self":[{"href":"https:\/\/mueller-wrh.de\/tr\/wp-json\/wp\/v2\/product\/4534","targetHints":{"allow":["GET"]}}],"collection":[{"href":"https:\/\/mueller-wrh.de\/tr\/wp-json\/wp\/v2\/product"}],"about":[{"href":"https:\/\/mueller-wrh.de\/tr\/wp-json\/wp\/v2\/types\/product"}],"replies":[{"embeddable":true,"href":"https:\/\/mueller-wrh.de\/tr\/wp-json\/wp\/v2\/comments?post=4534"}],"wp:featuredmedia":[{"embeddable":true,"href":"https:\/\/mueller-wrh.de\/tr\/wp-json\/wp\/v2\/media\/4535"}],"wp:attachment":[{"href":"https:\/\/mueller-wrh.de\/tr\/wp-json\/wp\/v2\/media?parent=4534"}],"wp:term":[{"taxonomy":"product_brand","embeddable":true,"href":"https:\/\/mueller-wrh.de\/tr\/wp-json\/wp\/v2\/product_brand?post=4534"},{"taxonomy":"product_cat","embeddable":true,"href":"https:\/\/mueller-wrh.de\/tr\/wp-json\/wp\/v2\/product_cat?post=4534"},{"taxonomy":"product_tag","embeddable":true,"href":"https:\/\/mueller-wrh.de\/tr\/wp-json\/wp\/v2\/product_tag?post=4534"}],"curies":[{"name":"wp","href":"https:\/\/api.w.org\/{rel}","templated":true}]}}