{"id":4521,"date":"2025-12-11T11:06:10","date_gmt":"2025-12-11T11:06:10","guid":{"rendered":"https:\/\/mueller-wrh.de\/produkt\/biglia-b-465y2_bj-2009_-intnr231413-2\/"},"modified":"2025-12-11T11:06:10","modified_gmt":"2025-12-11T11:06:10","slug":"biglia-b-465y2_bj-2009_-intnr231413-2","status":"publish","type":"product","link":"https:\/\/mueller-wrh.de\/tr\/urun\/biglia-b-465y2_bj-2009_-intnr231413-2\/","title":{"rendered":"Biglia B 465Y2_Y\u0131l 2009_ IntNo231413"},"content":{"rendered":"<p><b>Konum:<\/b> Almanya, Baden-W\u00fcrttemberg G\u00fcneybat\u0131<\/p>\n<p><b>Durum:<\/b> Kullan\u0131lm\u0131\u015f<\/p>\n<p><b>\u00dcretici firma:<\/b> Biglia<\/p>\n<p><b>Model:<\/b> B465Y2<\/p>\n<p><b>\u0130n\u015faat y\u0131l\u0131:<\/b> 2009<\/p>\n<p><b>\u00c7al\u0131\u015fma saatleri:<\/b> 20627<\/p>\n<p>CNC torna Biglia B465 Y2<br \/>\n\u0130n\u015faat y\u0131l\u0131: 2009<br \/>\n\u0130\u015fleme s\u00fcresi: yakla\u015f\u0131k 21.000 saat<br \/>\nSeri no: 10625<br \/>\nKar\u015f\u0131 milli ve Y eksenli g\u00fc\u00e7l\u00fc CNC \u00fcniversal torna tezgah\u0131.<br \/>\nKontrol sistemi: Fanuc 31i-B<br \/>\nMaks. \u00c7ubuk i\u015fleme i\u00e7in tornalama \u00e7ap\u0131: 65 mm<br \/>\nMaks. Ayna i\u015fleme i\u00e7in tornalama \u00e7ap\u0131: 230 mm<br \/>\nD\u00f6nme uzunlu\u011fu: yakla\u015f\u0131k 250 (320) mm<br \/>\nMaks. \u00c7evresel \u00e7ap: yakla\u015f\u0131k 520 mm<\/p>\n<p>Ana i\u015f mili (HSP):<br \/>\nMil burnu: 6\u2033<br \/>\n\u0130\u015f mili deli\u011fi: 80 mm<br \/>\nH\u0131z: 4.000-5.000 dak-\u00b9<\/p>\n<p>Kar\u015f\u0131 i\u015f mili (GSP):<br \/>\nMil burnu: 5\u2033<br \/>\n\u0130\u015f mili deli\u011fi: 55 mm<br \/>\nH\u0131z: 5.000 dak-\u00b9<br \/>\nTak\u0131m tareti: 2 \u00d7 12 istasyon, tahrikli<br \/>\nY ekseni hareketi: \u00b150 mm<\/p>\n<p>Ekipman:<br \/>\n2 taret, her biri 12 tak\u0131m pozisyonu ve 24 tahrikli tak\u0131m<br \/>\n2 C ekseni ve 2 Y ekseni<\/p>\n<p>Giovanni Cucchi'den CNCDB70 \u00e7ubuk y\u00fckleyici<br \/>\nKonvey\u00f6r bantl\u0131 i\u015f par\u00e7as\u0131 bo\u015faltma sistemi<br \/>\nFiltre dahil 7 bar'da 2 pompal\u0131 tala\u015f konvey\u00f6r\u00fc<br \/>\nP\u00fcsk\u00fcrtme tabancas\u0131 (4 bar)<br \/>\nFiltre dahil 25 bar y\u00fcksek bas\u0131n\u00e7 pompas\u0131<br \/>\nUzat\u0131lm\u0131\u015f ejekt\u00f6r 200 mm<br \/>\nResimlerde g\u00f6sterilen t\u00fcm alet tutucular<\/p>\n<p>Eksiksiz teknik dok\u00fcmantasyon mevcuttur<\/p>\n<p>Makine elektriksel ve mekanik olarak tamamen \u00e7al\u0131\u015f\u0131r durumdad\u0131r ve randevu ile g\u00fc\u00e7 alt\u0131nda incelenebilir.<br \/>\nTeknik veri ve bilgilerdeki de\u011fi\u015fiklikler ve hatalar ile \u00f6n sat\u0131\u015f hakk\u0131 sakl\u0131d\u0131r!<\/p>\n<p>CNC torna Biglia B465 Y2<br \/>\n\u00dcretim y\u0131l\u0131: 2009<br \/>\n\u0130\u015fleme s\u00fcresi: 20.627 saat<\/p>\n<p>Kar\u015f\u0131 milli ve Y eksenli g\u00fc\u00e7l\u00fc CNC \u00fcniversal torna tezgah\u0131.<br \/>\nKontrol: Fanuc 31i-B<br \/>\n\u00c7ubuk i\u015fleme i\u00e7in maks. tornalama \u00e7ap\u0131: 65 mm<br \/>\nAyna i\u015fleme i\u00e7in maks. tornalama \u00e7ap\u0131: 230 mm<br \/>\nD\u00f6nme uzunlu\u011fu: yakla\u015f\u0131k 250 (320) mm<br \/>\nMaks. sal\u0131n\u0131m \u00e7ap\u0131: yakla\u015f\u0131k 520 mm<\/p>\n<p>Ana i\u015f mili (HSP):<br \/>\nMil burnu: 6\u2033<br \/>\n\u0130\u015f mili deli\u011fi: 80 mm<br \/>\nH\u0131z: 4,000-5,000 rpm<\/p>\n<p>Kar\u015f\u0131 i\u015f mili (GSP):<br \/>\nMil burnu: 5\u2033<br \/>\n\u0130\u015f mili deli\u011fi: 55 mm<br \/>\nH\u0131z: 5.000 rpm<br \/>\nTak\u0131m tareti: 2 \u00d7 12 istasyon, tahrikli<br \/>\nY ekseni hareketi: \u00b150 mm<\/p>\n<p>Ekipman:<br \/>\n2 taret, her biri 12 tak\u0131m pozisyonu ve 24 tahrikli tak\u0131m<br \/>\n2 C ekseni ve 2 Y ekseni<\/p>\n<p>Giovanni Cucchi'den CNCDB70 \u00e7ubuk besleyici<br \/>\nKonvey\u00f6r bantl\u0131 i\u015f par\u00e7as\u0131 bo\u015faltma sistemi<br \/>\nHer biri 7 bar olan 2 pompal\u0131 tala\u015f konvey\u00f6r\u00fc, filtre dahil<br \/>\nP\u00fcsk\u00fcrtme tabancas\u0131 (4 bar)<br \/>\nFiltre dahil 25 bar y\u00fcksek bas\u0131n\u00e7 pompas\u0131<br \/>\nUzat\u0131lm\u0131\u015f ejekt\u00f6r 200 mm<br \/>\nResimlerde g\u00f6sterilen t\u00fcm alet tutucular<\/p>\n<p>Eksiksiz teknik dok\u00fcmantasyon mevcuttur<\/p>\n<p>Makine hem elektriksel hem de mekanik olarak tamamen \u00e7al\u0131\u015f\u0131r durumdad\u0131r ve randevu ile g\u00fc\u00e7 alt\u0131nda g\u00f6r\u00fclebilir.<br \/>\nTeknik verilerdeki ve spesifikasyonlardaki de\u011fi\u015fikliklere ve hatalara ve ayr\u0131ca sat\u0131\u015f \u00f6ncesine tabidir!<\/p>","protected":false},"excerpt":{"rendered":"<p>Standort: Deutschland, Baden-W\u00fcrttemberg S\u00fcdwest Zustand: Gebraucht Hersteller: Biglia Modell: B465Y2 Baujahr: 2009 Betriebsstunden: 20627 CNC-Drehmaschine Biglia B465 Y2 Baujahr: 2009 Bearbeitungszeit: ca. 21.000 h Seriennr: 10625 Leistungsstarke CNC-Universal-Drehmaschine mit Gegenspindel und Y-Achse. Steuerung: Fanuc 31i-B Max. Drehdurchmesser bei Stangenbearbeitung: 65 mm Max. Drehdurchmesser bei Futterbearbeitung: 230 mm Drehl\u00e4nge: ca. 250 (320) mm Max. Umlaufdurchmesser: ca. [&hellip;]<\/p>\n","protected":false},"featured_media":4511,"comment_status":"open","ping_status":"closed","template":"","meta":{"_uf_show_specific_survey":0,"_uf_disable_surveys":false},"product_brand":[],"product_cat":[89],"product_tag":[],"class_list":{"0":"post-4521","1":"product","2":"type-product","3":"status-publish","4":"has-post-thumbnail","6":"product_cat-cnc-kurzdrehmaschinen","8":"first","9":"instock","10":"taxable","11":"shipping-taxable","12":"product-type-simple"},"aioseo_notices":[],"_links":{"self":[{"href":"https:\/\/mueller-wrh.de\/tr\/wp-json\/wp\/v2\/product\/4521","targetHints":{"allow":["GET"]}}],"collection":[{"href":"https:\/\/mueller-wrh.de\/tr\/wp-json\/wp\/v2\/product"}],"about":[{"href":"https:\/\/mueller-wrh.de\/tr\/wp-json\/wp\/v2\/types\/product"}],"replies":[{"embeddable":true,"href":"https:\/\/mueller-wrh.de\/tr\/wp-json\/wp\/v2\/comments?post=4521"}],"wp:featuredmedia":[{"embeddable":true,"href":"https:\/\/mueller-wrh.de\/tr\/wp-json\/wp\/v2\/media\/4511"}],"wp:attachment":[{"href":"https:\/\/mueller-wrh.de\/tr\/wp-json\/wp\/v2\/media?parent=4521"}],"wp:term":[{"taxonomy":"product_brand","embeddable":true,"href":"https:\/\/mueller-wrh.de\/tr\/wp-json\/wp\/v2\/product_brand?post=4521"},{"taxonomy":"product_cat","embeddable":true,"href":"https:\/\/mueller-wrh.de\/tr\/wp-json\/wp\/v2\/product_cat?post=4521"},{"taxonomy":"product_tag","embeddable":true,"href":"https:\/\/mueller-wrh.de\/tr\/wp-json\/wp\/v2\/product_tag?post=4521"}],"curies":[{"name":"wp","href":"https:\/\/api.w.org\/{rel}","templated":true}]}}