{"id":4438,"date":"2025-10-31T17:16:00","date_gmt":"2025-10-31T17:16:00","guid":{"rendered":"https:\/\/mueller-wrh.de\/produkt\/teilereinigungsanlage-pero-r1-414-ex_bj-2079_intnr231417\/"},"modified":"2025-10-31T17:16:00","modified_gmt":"2025-10-31T17:16:00","slug":"teilereinigungsanlage-pero-r1-414-ex_bj-2079_intnr231417","status":"publish","type":"product","link":"https:\/\/mueller-wrh.de\/tr\/urun\/teilereinigungsanlage-pero-r1-414-ex_bj-2079_intnr231417\/","title":{"rendered":"Par\u00e7a temizleme sistemi PERO R1 \/ 414 EX_Bj. 2079_IntNr231417"},"content":{"rendered":"<p><b>Konum:<\/b> Almanya, Baden-W\u00fcrttemberg G\u00fcneybat\u0131<\/p>\n<p><b>Durum:<\/b> Kullan\u0131lm\u0131\u015f<\/p>\n<p><b>\u00dcretici firma:<\/b> Pero<\/p>\n<p><b>Model:<\/b> R1 \/ 414 - Ex 7992<\/p>\n<p><b>\u0130n\u015faat y\u0131l\u0131:<\/b> 2017<\/p>\n<p>Teknik a\u00e7\u0131klama - PERO RO<br \/>\n\u00dcretici: PERO AG<br \/>\nModel: RO R1 \/ 414-EX<br \/>\nY\u0131l 2017 \/ 10<\/p>\n<p>Makine tipi: Temizleme sistemi \/ ya\u011f giderme sistemi<br \/>\n\u0130\u015flem: Solventle temizleme (\u00f6rn. modifiye alkoller veya hidrokarbonlar)<\/p>\n<p>Teknik veriler (bu seri i\u00e7in tipik):<\/p>\n<p>Temizleme sistemi: kapal\u0131 devre, tam otomatik<\/p>\n<p>\u00c7al\u0131\u015fma odas\u0131 boyutu: yakla\u015f\u0131k 530 \u00d7 320 \u00d7 200 mm<\/p>\n<p>Maks. Parti a\u011f\u0131rl\u0131\u011f\u0131: yakla\u015f\u0131k 50 - 80 kg<\/p>\n<p>\u00c7\u00f6z\u00fcc\u00fc: modifiye alkol (hidrokarbon bazl\u0131)<\/p>\n<p>Kurutma: Vakumlu kurutma<\/p>\n<p>Kontrol: Dokunmatik panelli PLC kontrol\u00fc<\/p>\n<p>Ekipman: entegre distilasyon \u00fcnitesi, filtre sistemi, ya\u011f ayr\u0131\u015ft\u0131rma<\/p>\n<p>G\u00fc\u00e7 t\u00fcketimi: yakla\u015f\u0131k 10 - 15 kW<\/p>\n<p>Vakum pompas\u0131: entegre<\/p>\n<p>Durum: \u00e7ok iyi, bak\u0131ml\u0131 durumda - mevcut \u00fcretimden<\/p>\n<p>\u00d6zel \u00f6zellikler:<\/p>\n<p>Kapal\u0131 solvent devresi ile enerji tasarrufu sa\u011flayan temizleme sistemi<\/p>\n<p>Minimum solvent t\u00fcketimi ile y\u00fcksek temizlik kalitesi<\/p>\n<p>Hassas m\u00fchendislik ve i\u015fleme operasyonlar\u0131 i\u00e7in ideal<\/p>\n<p>Makine randevu ile incelenebilir.<br \/>\nTeknik veri ve bilgilerdeki de\u011fi\u015fiklikler ve hatalar ile \u00f6n sat\u0131\u015f hakk\u0131 sakl\u0131d\u0131r!<\/p>\n<p>\u00dcretici: PERO AG<br \/>\nModel: RO R1 \/ 414-EX<br \/>\n\u00dcretim y\u0131l\u0131: 10 \/ 2017<\/p>\n<p>Makine tipi: Temizleme sistemi \/ Ya\u011f alma \u00fcnitesi<br \/>\nProses: Solventle temizleme (\u00f6rn. modifiye alkoller veya hidrokarbonlar)<\/p>\n<p>Teknik veriler (bu seri i\u00e7in tipik):<\/p>\n<p>Temizleme sistemi: Kapal\u0131 d\u00f6ng\u00fc sistemi, tam otomatik<\/p>\n<p>\u00c7al\u0131\u015fma odas\u0131 boyutlar\u0131: yakla\u015f\u0131k 530 \u00d7 320 \u00d7 200 mm<\/p>\n<p>Maksimum parti a\u011f\u0131rl\u0131\u011f\u0131: yakla\u015f\u0131k 50 - 80 kg<\/p>\n<p>\u00c7\u00f6z\u00fcc\u00fc: Modifiye alkol (hidrokarbon bazl\u0131)<\/p>\n<p>Kurutma: Vakumlu kurutma<\/p>\n<p>Kontrol sistemi: Dokunmatik panelli PLC kontrol\u00fc<\/p>\n<p>Ekipman: Entegre distilasyon \u00fcnitesi, filtrasyon sistemi, ya\u011f separat\u00f6r\u00fc<\/p>\n<p>G\u00fc\u00e7 t\u00fcketimi: yakla\u015f\u0131k 10 - 15 kW<\/p>\n<p>Vakum pompas\u0131: Entegre<\/p>\n<p>Durum: \u00c7ok iyi, bak\u0131ml\u0131 durumda - devam eden \u00fcretimden<\/p>\n<p>\u00d6zel \u00f6zellikler:<\/p>\n<p>Kapal\u0131 solvent devresine sahip enerji tasarruflu temizleme sistemi<\/p>\n<p>Minimum solvent t\u00fcketimi ile m\u00fckemmel temizlik kalitesi<\/p>\n<p>Hassas m\u00fchendislik ve metal kesme end\u00fcstrileri i\u00e7in ideal<\/p>\n<p>Makine \u00f6nceden randevu al\u0131narak g\u00fc\u00e7 alt\u0131nda incelenebilir.<br \/>\nTeknik veriler ve \u00f6zellikler de\u011fi\u015fikli\u011fe ve hatalara tabidir. \u00d6nceden sat\u0131\u015f hakk\u0131 sakl\u0131d\u0131r.<\/p>","protected":false},"excerpt":{"rendered":"<p>Standort: Deutschland, Baden-W\u00fcrttemberg S\u00fcdwest Zustand: Gebraucht Hersteller: Pero Modell: R1 \/ 414 &#8211; Ex 7992 Baujahr: 2017 Technische Beschreibung \u2013 PERO RO Hersteller: PERO AG Modell: RO R1 \/ 414-EX Bj. 2017 \/ 10 Maschinentyp: Reinigungsanlage \/ Entfettungsanlage Verfahren: L\u00f6semittelreinigung (z. B. modifizierte Alkohole oder Kohlenwasserstoffe) Technische Daten (typisch f\u00fcr diese Baureihe): Reinigungssystem: geschlossener Kreislauf, [&hellip;]<\/p>\n","protected":false},"featured_media":4434,"comment_status":"open","ping_status":"closed","template":"","meta":{"_uf_show_specific_survey":0,"_uf_disable_surveys":false},"product_brand":[],"product_cat":[109],"product_tag":[],"class_list":{"0":"post-4438","1":"product","2":"type-product","3":"status-publish","4":"has-post-thumbnail","6":"product_cat-industrielle-reinigungsanlagen","8":"first","9":"instock","10":"taxable","11":"shipping-taxable","12":"product-type-simple"},"aioseo_notices":[],"_links":{"self":[{"href":"https:\/\/mueller-wrh.de\/tr\/wp-json\/wp\/v2\/product\/4438","targetHints":{"allow":["GET"]}}],"collection":[{"href":"https:\/\/mueller-wrh.de\/tr\/wp-json\/wp\/v2\/product"}],"about":[{"href":"https:\/\/mueller-wrh.de\/tr\/wp-json\/wp\/v2\/types\/product"}],"replies":[{"embeddable":true,"href":"https:\/\/mueller-wrh.de\/tr\/wp-json\/wp\/v2\/comments?post=4438"}],"wp:featuredmedia":[{"embeddable":true,"href":"https:\/\/mueller-wrh.de\/tr\/wp-json\/wp\/v2\/media\/4434"}],"wp:attachment":[{"href":"https:\/\/mueller-wrh.de\/tr\/wp-json\/wp\/v2\/media?parent=4438"}],"wp:term":[{"taxonomy":"product_brand","embeddable":true,"href":"https:\/\/mueller-wrh.de\/tr\/wp-json\/wp\/v2\/product_brand?post=4438"},{"taxonomy":"product_cat","embeddable":true,"href":"https:\/\/mueller-wrh.de\/tr\/wp-json\/wp\/v2\/product_cat?post=4438"},{"taxonomy":"product_tag","embeddable":true,"href":"https:\/\/mueller-wrh.de\/tr\/wp-json\/wp\/v2\/product_tag?post=4438"}],"curies":[{"name":"wp","href":"https:\/\/api.w.org\/{rel}","templated":true}]}}