{"id":4433,"date":"2025-10-31T17:15:18","date_gmt":"2025-10-31T17:15:18","guid":{"rendered":"https:\/\/mueller-wrh.de\/produkt\/teilereinigungsanlage-pero-ro_bj-2019-intnr231388\/"},"modified":"2025-10-31T17:15:18","modified_gmt":"2025-10-31T17:15:18","slug":"teilereinigungsanlage-pero-ro_bj-2019-intnr231388","status":"publish","type":"product","link":"https:\/\/mueller-wrh.de\/tr\/urun\/teilereinigungsanlage-pero-ro_bj-2019-intnr231388\/","title":{"rendered":"Par\u00e7a temizleme sistemi PERO RO_Y\u0131l 2019 IntNo231388"},"content":{"rendered":"<p><b>Konum:<\/b> Almanya, Baden-W\u00fcrttemberg G\u00fcneybat\u0131<\/p>\n<p><b>Durum:<\/b> Kullan\u0131lm\u0131\u015f<\/p>\n<p><b>\u00dcretici firma:<\/b> Pero<\/p>\n<p><b>Model:<\/b> R0\/057 EX8240<\/p>\n<p><b>\u0130n\u015faat y\u0131l\u0131:<\/b> 2019<\/p>\n<p>Teknik a\u00e7\u0131klama - PERO RO<br \/>\nEnd\u00fcstriyel solvent bazl\u0131 par\u00e7a temizleme sistemi<br \/>\nPERO RO, i\u015f par\u00e7alar\u0131n\u0131n ve bile\u015fenlerin solventlerle etkili ve \u00e7evre dostu bir \u015fekilde temizlenmesi i\u00e7in y\u00fcksek performansl\u0131 bir end\u00fcstriyel par\u00e7a temizleme sistemidir. Metal i\u015fleme end\u00fcstrisinde \u00e7ok \u00e7e\u015fitli uygulamalar i\u00e7in uygundur ve ekonomik \u00e7al\u0131\u015fma ile y\u00fcksek temizlik standartlar\u0131n\u0131 garanti eder.<br \/>\n\u00d6zellikler:<br \/>\n- Organik \u00e7\u00f6z\u00fcc\u00fclerle temizlik (\u00f6rn. hidrokarbonlar veya modifiye alkoller)<br \/>\n- Entegre solvent devresi ile kapal\u0131 \u00e7al\u0131\u015fma s\u00fcreci<br \/>\n- K\u00fc\u00e7\u00fck ila orta \u00f6l\u00e7ekli partiler ve de\u011fi\u015fken bile\u015fen geometrileri i\u00e7in uygundur<br \/>\n- Tekrarlanabilir temizlik sonu\u00e7lar\u0131 i\u00e7in otomatik proses kontrol\u00fc<br \/>\n- S\u00fcrekli end\u00fcstriyel kullan\u0131m i\u00e7in sa\u011flam tasar\u0131m<br \/>\nTipik uygulama alanlar\u0131:<br \/>\n- Tornalanm\u0131\u015f ve frezelenmi\u015f par\u00e7alar\u0131n ya\u011fdan ar\u0131nd\u0131r\u0131lmas\u0131<br \/>\n- Montaj veya kaplama \u00f6ncesi temizlik<br \/>\n- So\u011futma ya\u011flar\u0131n\u0131n, ya\u011flar\u0131n ve partik\u00fcllerin uzakla\u015ft\u0131r\u0131lmas\u0131<\/p>\n<p>Makine randevu ile incelenebilir.<br \/>\nTeknik veri ve bilgilerdeki de\u011fi\u015fiklikler ve hatalar ile \u00f6n sat\u0131\u015f hakk\u0131 sakl\u0131d\u0131r!<\/p>\n<p>Teknik a\u00e7\u0131klama - PERO RO<br \/>\nEnd\u00fcstriyel solvent bazl\u0131 par\u00e7a temizleme sistemi<br \/>\nPERO RO, i\u015f par\u00e7alar\u0131n\u0131n ve bile\u015fenlerin solventlerle etkili ve \u00e7evre dostu bir \u015fekilde temizlenmesi i\u00e7in g\u00fc\u00e7l\u00fc bir end\u00fcstriyel par\u00e7a temizleme sistemidir. Metal i\u015fleme end\u00fcstrisinde \u00e7ok \u00e7e\u015fitli uygulamalar i\u00e7in uygundur ve ekonomik \u00e7al\u0131\u015fma ile y\u00fcksek temizlik standartlar\u0131n\u0131 garanti eder.<br \/>\n\u00d6zellikler:<br \/>\n- Organik \u00e7\u00f6z\u00fcc\u00fclerle temizlik (\u00f6rn. hidrokarbonlar veya modifiye alkoller)<br \/>\n- Entegre solvent sirk\u00fclasyonu ile kapal\u0131 \u00e7al\u0131\u015fma prosesi<br \/>\n- K\u00fc\u00e7\u00fck ila orta \u00f6l\u00e7ekli partiler ve de\u011fi\u015fken bile\u015fen geometrileri i\u00e7in uygundur<br \/>\n- Tekrarlanabilir temizlik sonu\u00e7lar\u0131 i\u00e7in otomatik proses kontrol\u00fc<br \/>\n- S\u00fcrekli end\u00fcstriyel kullan\u0131m i\u00e7in sa\u011flam tasar\u0131m<br \/>\nTipik uygulama alanlar\u0131:<br \/>\n- Tornalanm\u0131\u015f ve frezelenmi\u015f par\u00e7alar\u0131n ya\u011fdan ar\u0131nd\u0131r\u0131lmas\u0131<br \/>\n- Montaj veya kaplama \u00f6ncesi temizlik<br \/>\n- So\u011futma ya\u011flar\u0131n\u0131n, ya\u011flar\u0131n ve partik\u00fcllerin giderilmesi<\/p>\n<p>Makine randevu ile g\u00f6r\u00fclebilir.<br \/>\nTeknik verilerdeki ve spesifikasyonlardaki de\u011fi\u015fikliklere ve hatalara ve ayr\u0131ca sat\u0131\u015f \u00f6ncesine tabidir!<\/p>","protected":false},"excerpt":{"rendered":"<p>Standort: Deutschland, Baden-W\u00fcrttemberg S\u00fcdwest Zustand: Gebraucht Hersteller: Pero Modell: R0\/057 EX8240 Baujahr: 2019 Technische Beschreibung \u2013 PERO RO Industrielle Teilereinigungsanlage auf L\u00f6semittelbasis Die PERO RO ist eine leistungsstarke industrielle Teilereinigungsanlage zur effektiven und umweltgerechten Reinigung von Werkst\u00fccken und Bauteilen mit L\u00f6semitteln. Sie eignet sich f\u00fcr unterschiedlichste Anwendungen in der metallverarbeitenden Industrie und garantiert hohe Sauberkeitsstandards [&hellip;]<\/p>\n","protected":false},"featured_media":4425,"comment_status":"open","ping_status":"closed","template":"","meta":{"_uf_show_specific_survey":0,"_uf_disable_surveys":false},"product_brand":[],"product_cat":[109],"product_tag":[],"class_list":{"0":"post-4433","1":"product","2":"type-product","3":"status-publish","4":"has-post-thumbnail","6":"product_cat-industrielle-reinigungsanlagen","8":"first","9":"instock","10":"taxable","11":"shipping-taxable","12":"product-type-simple"},"aioseo_notices":[],"_links":{"self":[{"href":"https:\/\/mueller-wrh.de\/tr\/wp-json\/wp\/v2\/product\/4433","targetHints":{"allow":["GET"]}}],"collection":[{"href":"https:\/\/mueller-wrh.de\/tr\/wp-json\/wp\/v2\/product"}],"about":[{"href":"https:\/\/mueller-wrh.de\/tr\/wp-json\/wp\/v2\/types\/product"}],"replies":[{"embeddable":true,"href":"https:\/\/mueller-wrh.de\/tr\/wp-json\/wp\/v2\/comments?post=4433"}],"wp:featuredmedia":[{"embeddable":true,"href":"https:\/\/mueller-wrh.de\/tr\/wp-json\/wp\/v2\/media\/4425"}],"wp:attachment":[{"href":"https:\/\/mueller-wrh.de\/tr\/wp-json\/wp\/v2\/media?parent=4433"}],"wp:term":[{"taxonomy":"product_brand","embeddable":true,"href":"https:\/\/mueller-wrh.de\/tr\/wp-json\/wp\/v2\/product_brand?post=4433"},{"taxonomy":"product_cat","embeddable":true,"href":"https:\/\/mueller-wrh.de\/tr\/wp-json\/wp\/v2\/product_cat?post=4433"},{"taxonomy":"product_tag","embeddable":true,"href":"https:\/\/mueller-wrh.de\/tr\/wp-json\/wp\/v2\/product_tag?post=4433"}],"curies":[{"name":"wp","href":"https:\/\/api.w.org\/{rel}","templated":true}]}}