{"id":4333,"date":"2025-10-24T12:43:12","date_gmt":"2025-10-24T12:43:12","guid":{"rendered":"https:\/\/mueller-wrh.de\/produkt\/dmg-gildemeister-sprint-ms36-2_multisprint-36_bj-2018_-intnr231416\/"},"modified":"2025-10-27T12:51:34","modified_gmt":"2025-10-27T12:51:34","slug":"dmg-gildemeister-sprint-ms36-2_multisprint-36_bj-2018_-intnr231416","status":"publish","type":"product","link":"https:\/\/mueller-wrh.de\/tr\/urun\/dmg-gildemeister-sprint-ms36-2_multisprint-36_bj-2018_-intnr231416\/","title":{"rendered":"DMG Gildemeister SPRINT MS36-2_MULTISPRINT 36_Year 2018_ IntNo231416"},"content":{"rendered":"<p><b>Konum:<\/b> Almanya, Baden-W\u00fcrttemberg G\u00fcneybat\u0131<\/p>\n<p><b>Durum:<\/b> Yeni kadar iyi<\/p>\n<p><b>\u00dcretici firma:<\/b> DMG<\/p>\n<p><b>Model:<\/b> MULTISPRINT MS36-2<\/p>\n<p><b>\u0130n\u015faat y\u0131l\u0131:<\/b> 2018<\/p>\n<p><b>\u00c7al\u0131\u015fma saatleri:<\/b> 31241<\/p>\n<p>CNC-DMG Gildemeister MULTISPRINT 36 \/ SWISSTYPE 170 mm tornalama uzunlu\u011funa kadar i\u015fleme<br \/>\n\u0130n\u015faat y\u0131l\u0131: 2018<br \/>\n\u00c7al\u0131\u015fma saatleri: 47548<br \/>\n\u0130\u015flem s\u00fcresi: 31241<br \/>\nDurum: Ekim 2025<br \/>\nKontrol sistemi: Fanuc 30i B<\/p>\n<p>Mod\u00fclerli\u011fi ve her pozisyondaki Y eksenleri sayesinde MULTISPRINT'in maksimum esnekli\u011fi<br \/>\nT\u00fcm i\u015f mili pozisyonlar\u0131nda tahrikli tak\u0131mlar\u0131n kullan\u0131m\u0131<br \/>\nStandart olarak t\u00fcm i\u015f mili pozisyonlar\u0131nda Y ekseni<br \/>\nSWISSTYPEkit 170 mm uzunlu\u011fa kadar k\u0131sa ve uzun tornalama i\u00e7in<br \/>\nAyna veya \u00e7ubuk i\u015fleme: 4 ila \u00f8 36 mm aras\u0131 \u00e7ubuklar, \u00f8 50 mm'ye kadar ayna bile\u015fenleri \u00c7ift tarafl\u0131 ve merkez d\u0131\u015f\u0131 i\u015fleme<\/p>\n<p>Makine tipi: \u00c7ok milli otomatik torna<br \/>\nSWISSTYPE i\u015fleme: 170 mm'ye kadar tornalama uzunlu\u011fu<br \/>\nKontrol: FANUC Series 30i<br \/>\nMod\u00fclerlik ve t\u00fcm i\u015f mili pozisyonlar\u0131nda Y eksenleri sayesinde maksimum esneklik<br \/>\nT\u00fcm i\u015f mili pozisyonlar\u0131nda tahrikli tak\u0131mlar\u0131n kullan\u0131m\u0131<br \/>\n\u0130\u015fleme: \u00d8 4 - 36 mm aras\u0131 \u00e7ubuklar, \u00d8 50 mm'ye kadar ayna par\u00e7alar\u0131<br \/>\n\u00c7ift tarafl\u0131 ve merkez d\u0131\u015f\u0131 i\u015fleme m\u00fcmk\u00fcnd\u00fcr<\/p>\n<p>Performans verileri<br \/>\n\u00d6zellik De\u011feri<br \/>\nMaks. \u0130\u015f par\u00e7as\u0131 \u00e7ap\u0131 36 mm<br \/>\nMaks. \u0130\u015f par\u00e7as\u0131 uzunlu\u011fu 170 mm<br \/>\nMaks. \u00c7ubuk ge\u00e7i\u015fi 36 mm<br \/>\nTravers yollar\u0131 (X \/ Y \/ Z) 50 \/ 100 \/ 170 mm<\/p>\n<p>Ana miller<br \/>\nMiktar: 6<br \/>\nC ekseni (a\u00e7\u0131sal \u00e7\u00f6z\u00fcn\u00fcrl\u00fck): 0,002\u00b0<br \/>\n\u00c7apraz slayt: 6 \u00d7 (X\/Y ekseni)<br \/>\nHareket mesafesi Z1-Z6: 170 mm (SWISSTYPE kiti ile)<br \/>\nMaks. \u00c7ubuk ge\u00e7i\u015fi: \u00d8 40 mm<br \/>\nH\u0131z: 7 500 dakikaya kadar-\u00b9<br \/>\nTahrik g\u00fcc\u00fc (100 % ED): 13,3 kW<br \/>\nTork (100 % ED): 32 Nm<br \/>\nTambur indeksleme s\u00fcresi: 0,65 sn<\/p>\n<p>Kar\u015f\u0131 i\u015f mili Toplama i\u015f milleri<br \/>\nSay\u0131: 2 (X\/Y\/Z eksenli C ekseni)<br \/>\nA\u00e7\u0131k delik: \u00d8 40 mm<br \/>\nH\u0131z: 7 500 dak-\u00b9<br \/>\nTahrik g\u00fcc\u00fc: 13,3 kW<br \/>\nTork: 32 Nm<br \/>\nHareket mesafesi (Z7-Z8): 410 mm<br \/>\nTravers yollar\u0131 (X7-X8 \/ Y7-Y8): 277 \/ 312 mm<br \/>\nH\u0131zl\u0131 travers h\u0131z\u0131: 40 m\/dak<\/p>\n<p>\u00c7apraz k\u0131zak \u00fczerinde tak\u0131m tutucu<br \/>\nMaks. Alet say\u0131s\u0131: 3<br \/>\nH\u0131z: 3 900 \/ 8 000 \/ 13 800 dak-\u00b9<br \/>\nTahrik g\u00fcc\u00fc (100 % ED): 0,9 kW<br \/>\nTork (100 % ED): 5,8 \/ 2,9 \/ 1,7 Nm<br \/>\nTravers yollar\u0131 (X1-X6 \/ Y1-Y6): 50 \/ 100 mm<br \/>\nH\u0131zl\u0131 travers h\u0131z\u0131: 20 m\/dak<br \/>\nArka i\u015fleme i\u00e7in ta\u015f\u0131y\u0131c\u0131<br \/>\nH\u0131z (U7-U8): 3 900 \/ 8 000 \/ 13 800 dak-\u00b9<br \/>\nTahrik g\u00fcc\u00fc: 0,9 kW<br \/>\nTork: 5,8 \/ 2,9 \/ 1,7 Nm<br \/>\nKontrol ekran\u0131: 15\u2033 renkli ekran (\u00d7 2)<br \/>\nS\u0131kma sistemi: Hainbuch TOPlus 40 Achsfix pens mandreni<\/p>\n<p>Kald\u0131rma pompal\u0131 mente\u015feli bantl\u0131 tala\u015f konvey\u00f6r\u00fc<br \/>\nYa\u011f i\u00e7in y\u00fcksek bas\u0131n\u00e7 sistemi (filtre 50 \/ 25 \u00b5m, pompalar 5 \/ 12 MPa)<br \/>\n\u00c7e\u015fitli alet tutucular<br \/>\nYang\u0131n s\u00f6nd\u00fcrme sistemi<br \/>\n\u00c7ubuk besleyici (y\u00fczey y\u00fckleyici versiyonu)<br \/>\n\u0130\u015f par\u00e7as\u0131 y\u00fckleme sistemi<\/p>\n<p>Makine elektriksel ve mekanik olarak tamamen \u00e7al\u0131\u015f\u0131r durumdad\u0131r ve randevu ile g\u00fc\u00e7 alt\u0131nda incelenebilir.<br \/>\nTeknik veri ve bilgilerdeki de\u011fi\u015fiklikler ve hatalar ile \u00f6n sat\u0131\u015f hakk\u0131 sakl\u0131d\u0131r!<\/p>\n<p>CNC-DMG Gildemeister MULTISPRINT 36 \/ SWISSTYPE 170 mm tornalama uzunlu\u011funa kadar i\u015fleme<br \/>\n\u00dcretim y\u0131l\u0131: 2018<br \/>\n\u00c7al\u0131\u015fma saatleri: 47548<br \/>\n\u0130\u015fleme s\u00fcresi: 31241<br \/>\nDurum: Ekim 2025<br \/>\nKontrol: Fanuc 30i B<\/p>\n<p>Mod\u00fclerli\u011fi ve her pozisyondaki Y eksenleri sayesinde MULTISPRINT'in maksimum esnekli\u011fi<br \/>\nT\u00fcm i\u015f mili pozisyonlar\u0131nda tahrikli tak\u0131mlar\u0131n kullan\u0131m\u0131<br \/>\nStandart olarak t\u00fcm i\u015f mili pozisyonlar\u0131nda Y ekseni<br \/>\nSWISSTYPEkit 170 mm uzunlu\u011fa kadar k\u0131sa ve uzun tornalama i\u00e7in<br \/>\nAyna veya \u00e7ubuk i\u015fleme: 4 ila \u00f8 36 mm aras\u0131 \u00e7ubuklar, \u00f8 50 mm'ye kadar ayna bile\u015fenleri \u00c7ift arka ve merkez d\u0131\u015f\u0131 i\u015fleme<\/p>\n<p>Makine tipi: \u00c7ok milli otomatik torna<br \/>\nSWISSTYPE i\u015fleme: 170 mm'ye kadar tornalama uzunlu\u011fu<br \/>\nKontrol: FANUC Series 30i<br \/>\nMod\u00fclerlik ve t\u00fcm i\u015f mili pozisyonlar\u0131nda Y eksenleri sayesinde maksimum esneklik<br \/>\nT\u00fcm i\u015f mili pozisyonlar\u0131nda tahrikli tak\u0131mlar\u0131n kullan\u0131m\u0131<br \/>\n\u0130\u015fleme: \u00d8 4 - 36 mm aras\u0131 \u00e7ubuklar, \u00d8 50 mm'ye kadar ayna par\u00e7alar\u0131<br \/>\n\u00c7ift arka ve merkez d\u0131\u015f\u0131 i\u015fleme m\u00fcmk\u00fcn<\/p>\n<p>Performans verileri<br \/>\n\u00d6zellik De\u011feri<br \/>\nMaks. i\u015f par\u00e7as\u0131 \u00e7ap\u0131 36 mm<br \/>\nMaks. i\u015f par\u00e7as\u0131 uzunlu\u011fu 170 mm<br \/>\nMaks. bar kapasitesi 36 mm<br \/>\nHareket (X \/ Y \/ Z) 50 \/ 100 \/ 170 mm<\/p>\n<p>Ana miller<br \/>\nSay\u0131: 6<br \/>\nC eksenleri (a\u00e7\u0131 \u00e7\u00f6z\u00fcn\u00fcrl\u00fc\u011f\u00fc): 0,002\u00b0<br \/>\n\u00c7apraz k\u0131zaklar: 6 \u00d7 (X\/Y ekseni)<br \/>\nSeyahat Z1-Z6: 170 mm (SWISSTYPE kiti ile)<br \/>\nMaks. bar kapasitesi: \u00d8 40 mm<br \/>\nH\u0131z: 7.500 rpm'ye kadar<br \/>\nTahrik g\u00fcc\u00fc (100% g\u00f6rev d\u00f6ng\u00fcs\u00fc): 13,3 kW<br \/>\nTork (100% g\u00f6rev d\u00f6ng\u00fcs\u00fc): 32 Nm<br \/>\nTambur indeksleme s\u00fcresi: 0,65 sn<\/p>\n<p>Kar\u015f\u0131 i\u015f mili Toplama i\u015f milleri<br \/>\nSay\u0131: 2 (X\/Y\/Z eksenleri ile C eksenleri)<br \/>\nA\u00e7\u0131k delik: \u00d8 40 mm<br \/>\nH\u0131z: 7,500 rpm<br \/>\nTahrik g\u00fcc\u00fc: 13,3 kW<br \/>\nTork: 32 Nm<br \/>\nHareket mesafeleri (Z7-Z8): 410 mm<br \/>\nHareket (X7-X8 \/ Y7-Y8): 277 \/ 312 mm<br \/>\nH\u0131zl\u0131 travers h\u0131z\u0131: 40 m\/dak<\/p>\n<p>\u00c7apraz k\u0131zak \u00fczerinde tak\u0131m tutucu<br \/>\nMaks. alet say\u0131s\u0131: 3<br \/>\nH\u0131z: 3.900 \/ 8.000 \/ 13.800 rpm<br \/>\nTahrik g\u00fcc\u00fc (100% g\u00f6rev d\u00f6ng\u00fcs\u00fc): 0,9 kW<br \/>\nTork (100% g\u00f6rev d\u00f6ng\u00fcs\u00fc): 5,8 \/ 2,9 \/ 1,7 Nm<br \/>\nHareket mesafeleri (X1-X6 \/ Y1-Y6): 50 \/ 100 mm<br \/>\nH\u0131zl\u0131 travers h\u0131z\u0131: 20 m\/dak<br \/>\nArka i\u015fleme i\u00e7in k\u0131zak<br \/>\nH\u0131z (U7-U8): 3.900 \/ 8.000 \/ 13.800 dak-\u00b9<br \/>\nTahrik g\u00fcc\u00fc: 0,9 kW<br \/>\nTork: 5,8 \/ 2,9 \/ 1,7 Nm<br \/>\nKontrol ekran\u0131: 15\u2033 renkli ekran (\u00d7 2)<br \/>\nS\u0131kma sistemi: Hainbuch TOPlus 40 Aks sabit pens mandren tutucu<\/p>\n<p>Kald\u0131rma pompal\u0131 mente\u015feli bantl\u0131 tala\u015f konvey\u00f6r\u00fc<br \/>\nYa\u011f i\u00e7in y\u00fcksek bas\u0131n\u00e7 sistemi (filtre 50 \/ 25 \u00b5m, pompalar 5 \/ 12 MPa)<br \/>\n\u00c7e\u015fitli alet tutucular<br \/>\nYang\u0131n s\u00f6nd\u00fcrme sistemi<br \/>\n\u00c7ubuk y\u00fckleme magazini (d\u00fcz y\u00fckleyici tasar\u0131m\u0131)<br \/>\n\u0130\u015f par\u00e7as\u0131 y\u00fckleme sistemi<\/p>\n<p>Makine hem elektriksel hem de mekanik olarak tamamen \u00e7al\u0131\u015f\u0131r durumdad\u0131r ve randevu ile g\u00fc\u00e7 alt\u0131nda g\u00f6r\u00fclebilir.<br \/>\nTeknik verilerdeki ve spesifikasyonlardaki de\u011fi\u015fikliklere ve hatalara ve ayr\u0131ca sat\u0131\u015f \u00f6ncesine tabidir!<\/p>","protected":false},"excerpt":{"rendered":"<p>Standort: Deutschland, Baden-W\u00fcrttemberg S\u00fcdwest Zustand: Neuwertig Hersteller: DMG Modell: MULTISPRINT MS36-2 Baujahr: 2018 Betriebsstunden: 31241 CNC-DMG Gildemeister MULTISPRINT 36 \/ SWISSTYPE-Bearbeitung bis 170 mm Drehl\u00e4nge Baujahr: 2018 Betriebsstunden: 47548 Bearbeitungszeit: 31241 Stand: Oktober 2025 Steuerung: Fanuc 30i B H\u00f6chste Flexibilit\u00e4t der MULTISPRINT dank ihrer Modularit\u00e4t und ihrer Y-Achsen in jeder Postion Einsatz angetriebener Werkzeuge auf [&hellip;]<\/p>\n","protected":false},"featured_media":4346,"comment_status":"open","ping_status":"closed","template":"","meta":{"_uf_show_specific_survey":0,"_uf_disable_surveys":false},"product_brand":[],"product_cat":[108],"product_tag":[],"class_list":{"0":"post-4333","1":"product","2":"type-product","3":"status-publish","4":"has-post-thumbnail","6":"product_cat-mehrspindler","8":"first","9":"instock","10":"taxable","11":"shipping-taxable","12":"product-type-simple"},"aioseo_notices":[],"_links":{"self":[{"href":"https:\/\/mueller-wrh.de\/tr\/wp-json\/wp\/v2\/product\/4333","targetHints":{"allow":["GET"]}}],"collection":[{"href":"https:\/\/mueller-wrh.de\/tr\/wp-json\/wp\/v2\/product"}],"about":[{"href":"https:\/\/mueller-wrh.de\/tr\/wp-json\/wp\/v2\/types\/product"}],"replies":[{"embeddable":true,"href":"https:\/\/mueller-wrh.de\/tr\/wp-json\/wp\/v2\/comments?post=4333"}],"wp:featuredmedia":[{"embeddable":true,"href":"https:\/\/mueller-wrh.de\/tr\/wp-json\/wp\/v2\/media\/4346"}],"wp:attachment":[{"href":"https:\/\/mueller-wrh.de\/tr\/wp-json\/wp\/v2\/media?parent=4333"}],"wp:term":[{"taxonomy":"product_brand","embeddable":true,"href":"https:\/\/mueller-wrh.de\/tr\/wp-json\/wp\/v2\/product_brand?post=4333"},{"taxonomy":"product_cat","embeddable":true,"href":"https:\/\/mueller-wrh.de\/tr\/wp-json\/wp\/v2\/product_cat?post=4333"},{"taxonomy":"product_tag","embeddable":true,"href":"https:\/\/mueller-wrh.de\/tr\/wp-json\/wp\/v2\/product_tag?post=4333"}],"curies":[{"name":"wp","href":"https:\/\/api.w.org\/{rel}","templated":true}]}}