{"id":4286,"date":"2025-10-18T09:40:01","date_gmt":"2025-10-18T09:40:01","guid":{"rendered":"https:\/\/mueller-wrh.de\/produkt\/star-sv-32jii_bj-2002_-typ-440_intnr231159\/"},"modified":"2025-10-18T09:40:01","modified_gmt":"2025-10-18T09:40:01","slug":"star-sv-32jii_bj-2002_-typ-440_intnr231159","status":"publish","type":"product","link":"https:\/\/mueller-wrh.de\/tr\/urun\/star-sv-32jii_bj-2002_-typ-440_intnr231159\/","title":{"rendered":"Star SV-32JII_Y\u0131l 2002_Tip 440_IntNo231159"},"content":{"rendered":"<p><b>Konum:<\/b> Almanya, Baden-W\u00fcrttemberg G\u00fcneybat\u0131<\/p>\n<p><b>Durum:<\/b> Kullan\u0131lm\u0131\u015f<\/p>\n<p><b>\u00dcretici firma:<\/b> STAR Micronics<\/p>\n<p><b>Model:<\/b> SV-32<\/p>\n<p><b>\u0130n\u015faat y\u0131l\u0131:<\/b> 2002<\/p>\n<p><b>\u00c7al\u0131\u015fma saatleri:<\/b> 18000<\/p>\n<p>IntNo231159<br \/>\nMakine tipi CNC kayar mesnetli otomatik torna tezgah\u0131<br \/>\n\u00dcretici STAR Micronics<br \/>\nModel SV32 JII<br \/>\n\u0130n\u015faat y\u0131l\u0131 2002<br \/>\nDurum \u00e7ok iyi (kullan\u0131lm\u0131\u015f)<br \/>\nDo\u011frudan kullan\u0131c\u0131dan gelen \u00e7ok iyi bak\u0131ml\u0131 makine<br \/>\nMakine sadece ya\u011f ile \u00e7al\u0131\u015fm\u0131\u015ft\u0131r<br \/>\n\u00c7al\u0131\u015fma saati yakla\u015f\u0131k 18.000 saat.<br \/>\nStandart makine aksesuarlar\u0131<br \/>\n. Senkronize tahrikli k\u0131lavuz bur\u00e7<br \/>\n. Ana ve toplama mili \u00fczerinde C ekseni<br \/>\n. \u0130\u015f par\u00e7as\u0131 konvey\u00f6r band\u0131<br \/>\n. Pens kovan\u0131 ana i\u015f mili F37 (673-53)<br \/>\n. Pens kovan\u0131 toplama mili F37 (673-73)<br \/>\n. 3 milli \u00e7apraz delme \u00fcnitesi<br \/>\n. 4 istasyonlu tak\u0131m tutucu 16x16mm<br \/>\n. Toplama mili 32 mm toplama kapasitesi ile<br \/>\n. \u00d6n tarafa par\u00e7a \u00fcfleme cihaz\u0131<br \/>\n. Par\u00e7a f\u0131rlat\u0131c\u0131s\u0131, par\u00e7a f\u0131rlatma korumas\u0131,<br \/>\n. Kesme \u00e7elik k\u0131r\u0131lma korumas\u0131<br \/>\n. Seviye ve ak\u0131\u015f izleme \u00f6zellikli ayr\u0131 so\u011futma ya\u011f\u0131 tank\u0131<br \/>\n. Ya\u011f seviyesi izleme \u00f6zellikli otomatik merkezi ya\u011flama \u00fcnitesi<br \/>\n. Tesviye c\u0131vatalar\u0131 ve plakalar\u0131, alet kutusu<br \/>\n. \u00c7ubuk besleyici i\u00e7in aray\u00fcz<br \/>\n. Aray\u00fcz RS232C<\/p>\n<p>FMB Turbo 3-26 y\u00fckleme \u015farj\u00f6r\u00fc 2004 y\u0131l\u0131nda \u00fcretildi<br \/>\nYang\u0131n s\u00f6nd\u00fcrme sistemi Kraft &amp; Bauer \/ GUT Feuerschutz<br \/>\nMayfran tala\u015f konvey\u00f6r\u00fc<\/p>\n<p>Makine randevu ile incelenebilir.<br \/>\nTeknik veri ve bilgilerdeki de\u011fi\u015fiklikler ve hatalar ile \u00f6n sat\u0131\u015f hakk\u0131 sakl\u0131d\u0131r!<\/p>\n<p>IntNo231159<br \/>\nMakine tipi CNC kayar mesnetli otomatik torna tezgah\u0131<br \/>\n\u00dcretici STAR Micronics<br \/>\nModel SV32 JII<br \/>\nyap\u0131m y\u0131l\u0131 2002<br \/>\nDurum \u00e7ok iyi (kullan\u0131lm\u0131\u015f)<br \/>\nDo\u011frudan kullan\u0131c\u0131dan gelen \u00e7ok iyi bak\u0131ml\u0131 makine<br \/>\nMakine sadece ya\u011f ile \u00e7al\u0131\u015fm\u0131\u015ft\u0131r<br \/>\n\u00c7al\u0131\u015fma saati yakla\u015f\u0131k 18.000 saat<br \/>\nStandart aksesuar makinesi<br \/>\n. Senkronize tahrikli k\u0131lavuz bur\u00e7<br \/>\n. Ana ve toplama mili \u00fczerinde C ekseni<br \/>\n. \u0130\u015f par\u00e7as\u0131 konvey\u00f6r band\u0131<br \/>\n. Pens kovan\u0131 ana i\u015f mili F37 (673-53)<br \/>\n. Pens kovan\u0131 toplama mili F37 (673-73)<br \/>\n. 3 milli \u00e7apraz delme \u00fcnitesi<br \/>\n. 4 istasyonlu tak\u0131m tutucu 16x16mm<br \/>\n. Toplama kapasitesi 32 mm olan toplama mili<br \/>\n. \u00d6n tarafa par\u00e7a \u00fcfleme cihaz\u0131<br \/>\n. Par\u00e7a f\u0131rlat\u0131c\u0131s\u0131, par\u00e7a f\u0131rlatma korumas\u0131 ,<br \/>\n. Kesme \u00e7eli\u011fi k\u0131r\u0131lma korumas\u0131<br \/>\n. Seviye ve ak\u0131\u015f izleme \u00f6zellikli ayr\u0131 so\u011futma ya\u011f\u0131 tank\u0131<br \/>\n. Ya\u011f seviyesi izleme \u00f6zellikli otomatik merkezi ya\u011flama \u00fcnitesi<br \/>\n. Tesviye c\u0131vatalar\u0131 ve plakalar\u0131, alet kutusu<br \/>\n. \u00c7ubuk besleyici i\u00e7in aray\u00fcz<br \/>\n. Aray\u00fcz RS232C<\/p>\n<p>FMB y\u00fckleme dergisi Turbo 3-26 y\u0131l 2004<br \/>\nYang\u0131n s\u00f6nd\u00fcrme sistemi Kraft &amp; Bauer \/ GUT Feuerschutz<br \/>\nMayfran tala\u015f konvey\u00f6r\u00fc<\/p>\n<p>Makine randevu ile incelenebilir.<br \/>\nTeknik veri ve bilgilerdeki de\u011fi\u015fiklikler ve hatalar ile \u00f6n sat\u0131\u015f hakk\u0131 sakl\u0131d\u0131r!<\/p>","protected":false},"excerpt":{"rendered":"<p>Standort: Deutschland, Baden-W\u00fcrttemberg S\u00fcdwest Zustand: Gebraucht Hersteller: STAR Micronics Modell: SV-32 Baujahr: 2002 Betriebsstunden: 18000 IntNr231159 Maschinentyp CNC-Langdrehautomat Hersteller STAR Micronics Modell SV32 JII Baujahr 2002 Zustand sehr gut (gebraucht) Sehr gepflegte Maschine direkt vom Anwender Maschine ist nur mit \u00d6l gelaufen Betriebsstunden um die 18.000std. Standardzubeh\u00f6r Maschine . Synchron angetriebene F\u00fchrungsb\u00fcchse . C-Achse auf [&hellip;]<\/p>\n","protected":false},"featured_media":4280,"comment_status":"open","ping_status":"closed","template":"","meta":{"_uf_show_specific_survey":0,"_uf_disable_surveys":false},"product_brand":[],"product_cat":[23],"product_tag":[],"class_list":{"0":"post-4286","1":"product","2":"type-product","3":"status-publish","4":"has-post-thumbnail","6":"product_cat-cnc-langdrehmaschinen","8":"first","9":"instock","10":"taxable","11":"shipping-taxable","12":"product-type-simple"},"aioseo_notices":[],"_links":{"self":[{"href":"https:\/\/mueller-wrh.de\/tr\/wp-json\/wp\/v2\/product\/4286","targetHints":{"allow":["GET"]}}],"collection":[{"href":"https:\/\/mueller-wrh.de\/tr\/wp-json\/wp\/v2\/product"}],"about":[{"href":"https:\/\/mueller-wrh.de\/tr\/wp-json\/wp\/v2\/types\/product"}],"replies":[{"embeddable":true,"href":"https:\/\/mueller-wrh.de\/tr\/wp-json\/wp\/v2\/comments?post=4286"}],"wp:featuredmedia":[{"embeddable":true,"href":"https:\/\/mueller-wrh.de\/tr\/wp-json\/wp\/v2\/media\/4280"}],"wp:attachment":[{"href":"https:\/\/mueller-wrh.de\/tr\/wp-json\/wp\/v2\/media?parent=4286"}],"wp:term":[{"taxonomy":"product_brand","embeddable":true,"href":"https:\/\/mueller-wrh.de\/tr\/wp-json\/wp\/v2\/product_brand?post=4286"},{"taxonomy":"product_cat","embeddable":true,"href":"https:\/\/mueller-wrh.de\/tr\/wp-json\/wp\/v2\/product_cat?post=4286"},{"taxonomy":"product_tag","embeddable":true,"href":"https:\/\/mueller-wrh.de\/tr\/wp-json\/wp\/v2\/product_tag?post=4286"}],"curies":[{"name":"wp","href":"https:\/\/api.w.org\/{rel}","templated":true}]}}