{"id":4279,"date":"2025-10-14T06:57:20","date_gmt":"2025-10-14T06:57:20","guid":{"rendered":"https:\/\/mueller-wrh.de\/produkt\/star-sv-20_bj-1999-typ-420_intnr231160\/"},"modified":"2025-12-16T10:47:51","modified_gmt":"2025-12-16T10:47:51","slug":"star-sv-20_bj-1999-typ-420_intnr231160","status":"publish","type":"product","link":"https:\/\/mueller-wrh.de\/tr\/urun\/star-sv-20_bj-1999-typ-420_intnr231160\/","title":{"rendered":"Star SV-20_Y\u0131l 1999 Tip 420_IntNo231160"},"content":{"rendered":"<p><b>Konum:<\/b> Almanya, Baden-W\u00fcrttemberg G\u00fcneybat\u0131<\/p>\n<p><b>Durum:<\/b> Kullan\u0131lm\u0131\u015f<\/p>\n<p><b>\u00dcretici firma:<\/b> STAR Micronics<\/p>\n<p><b>Model:<\/b> SV-20<\/p>\n<p><b>\u0130n\u015faat y\u0131l\u0131:<\/b> 1999<\/p>\n<p><b>\u00c7al\u0131\u015fma saatleri:<\/b> 78000<\/p>\n<p>IntNo231160<br \/>\nMakine tipi CNC kayar mesnetli otomatik torna tezgah\u0131<br \/>\n\u00dcretici STAR<br \/>\nModel SV-20<br \/>\n\u0130n\u015faat y\u0131l\u0131 1999<br \/>\nDurum \u00e7ok iyi (kullan\u0131lm\u0131\u015f)<br \/>\nDo\u011frudan kullan\u0131c\u0131dan gelen \u00e7ok iyi bak\u0131ml\u0131 makine<br \/>\nMakine sadece ya\u011f ile \u00e7al\u0131\u015fm\u0131\u015ft\u0131r<br \/>\n\u00c7al\u0131\u015fma saati yakla\u015f\u0131k 78.000 saat.<br \/>\n9 eksenli FANUC 16i-T kontrol sistemi,<br \/>\n9 eksen (X \/ C1 \/ Y \/ E \/ B \/ A \/ X \/ C2),<br \/>\n\u00c7ubuk \u00d8 maks. 20 mm<br \/>\nD\u00f6n\u00fc\u015f uzunlu\u011fu maks. 205 mm \/ 195 mm,<br \/>\nAna i\u015f mili, maks. h\u0131z 10.000 rpm, C ekseni,<br \/>\nPens aynal\u0131 kar\u015f\u0131 i\u015f mili, maks. h\u0131z 10.000 rpm, C ekseni,<br \/>\n4 katl\u0131 alet tutucu<br \/>\n3 \u00c7apraz sondaj \u00fcnitesi<br \/>\n8 istasyonlu revolver<br \/>\n\u00c7e\u015fitli ek alet tutucular\u0131, t\u00fcyler,<br \/>\nPar\u00e7a konvey\u00f6r band\u0131<br \/>\nTank kapasitesi 170 litre<\/p>\n<p>Makine taraf\u0131ndan kullan\u0131lan so\u011futma s\u0131v\u0131s\u0131: Ya\u011f <\/p>\n<p>Y\u00fckleme magazini FMB Turbo 3-26 \/3200\/A \/ \u00d83- \u00d826 mm aras\u0131 Y\u0131l 1999<br \/>\nYang\u0131n s\u00f6nd\u00fcrme sistemi Kraft &amp; Bauer \/ GUT Feuerschutz<br \/>\nMayfran tala\u015f konvey\u00f6r\u00fc<\/p>\n<p>Makine randevu ile incelenebilir.<br \/>\nTeknik veri ve bilgilerdeki de\u011fi\u015fiklikler ve hatalar ile \u00f6n sat\u0131\u015f hakk\u0131 sakl\u0131d\u0131r!<\/p>\n<p>IntNo231160<br \/>\nMakine tipi CNC kayar mesnetli otomatik torna tezgah\u0131<br \/>\n\u00dcretici STAR<br \/>\nModel SV-20<br \/>\nyap\u0131m y\u0131l\u0131 1999<br \/>\nDurum \u00e7ok iyi (kullan\u0131lm\u0131\u015f)<br \/>\nDo\u011frudan kullan\u0131c\u0131dan gelen \u00e7ok iyi bak\u0131ml\u0131 makine<br \/>\nMakine sadece ya\u011f ile \u00e7al\u0131\u015fm\u0131\u015ft\u0131r<br \/>\n\u00c7al\u0131\u015fma saati yakla\u015f\u0131k 78.000 saat<br \/>\n9 eksenli FANUC 16i-T kontrol\u00fc,<br \/>\n9 eksen (X \/ C1 \/ Y \/ E \/ B \/ A \/ X \/ C2),<br \/>\n\u00c7ubuk \u00d8 maks. 20 mm<br \/>\nD\u00f6n\u00fc\u015f uzunlu\u011fu maks. 205 mm \/ 195 mm,<br \/>\nAna i\u015f mili, maks. h\u0131z 10.000 rpm, C ekseni,<br \/>\nPens aynal\u0131 kar\u015f\u0131 i\u015f mili, maks. h\u0131z 10.000 rpm, C ekseni,<br \/>\n4 katl\u0131 alet tutucu<br \/>\n3 \u00e7apraz sondaj \u00fcnitesi<br \/>\n8 istasyonlu taret<br \/>\n\u00c7e\u015fitli ek alet tutucular\u0131, t\u00fcyler,<br \/>\npar\u00e7a konvey\u00f6r band\u0131<br \/>\nTank kapasitesi 170L<\/p>\n<p>Makine so\u011futma s\u0131v\u0131s\u0131: ya\u011f <\/p>\n<p>Y\u00fckleme magazini FMB Turbo 3-26 \/3200\/A \/ \u00d83- \u00d826 mm aras\u0131 Yap\u0131m y\u0131l\u0131 1999<br \/>\nYang\u0131n s\u00f6nd\u00fcrme sistemi Kraft &amp; Bauer \/ GUT yang\u0131n koruma<br \/>\nMayfran tala\u015f konvey\u00f6r\u00fc<\/p>\n<p>Makine randevu ile incelenebilir.<br \/>\nTeknik veri ve bilgilerdeki de\u011fi\u015fiklikler ve hatalar ile \u00f6n sat\u0131\u015f hakk\u0131 sakl\u0131d\u0131r!<\/p>","protected":false},"excerpt":{"rendered":"<p>Standort: Deutschland, Baden-W\u00fcrttemberg S\u00fcdwest Zustand: Gebraucht Hersteller: STAR Micronics Modell: SV-20 Baujahr: 1999 Betriebsstunden: 78000 IntNr231160 Maschinentyp CNC-Langdrehautomat Hersteller STAR Modell SV-20 Baujahr 1999 Zustand sehr gut (gebraucht) Sehr gepflegte Maschine direkt vom Anwender Maschine ist nur mit \u00d6l gelaufen Betriebsstunden um die 78.000std. FANUC 16i-T Steuerung mit 9 Achsen, 9 Achsen (X \/ C1 [&hellip;]<\/p>\n","protected":false},"featured_media":4569,"comment_status":"open","ping_status":"closed","template":"","meta":{"_uf_show_specific_survey":0,"_uf_disable_surveys":false},"product_brand":[],"product_cat":[23],"product_tag":[],"class_list":{"0":"post-4279","1":"product","2":"type-product","3":"status-publish","4":"has-post-thumbnail","6":"product_cat-cnc-langdrehmaschinen","8":"first","9":"instock","10":"taxable","11":"shipping-taxable","12":"product-type-simple"},"aioseo_notices":[],"_links":{"self":[{"href":"https:\/\/mueller-wrh.de\/tr\/wp-json\/wp\/v2\/product\/4279","targetHints":{"allow":["GET"]}}],"collection":[{"href":"https:\/\/mueller-wrh.de\/tr\/wp-json\/wp\/v2\/product"}],"about":[{"href":"https:\/\/mueller-wrh.de\/tr\/wp-json\/wp\/v2\/types\/product"}],"replies":[{"embeddable":true,"href":"https:\/\/mueller-wrh.de\/tr\/wp-json\/wp\/v2\/comments?post=4279"}],"wp:featuredmedia":[{"embeddable":true,"href":"https:\/\/mueller-wrh.de\/tr\/wp-json\/wp\/v2\/media\/4569"}],"wp:attachment":[{"href":"https:\/\/mueller-wrh.de\/tr\/wp-json\/wp\/v2\/media?parent=4279"}],"wp:term":[{"taxonomy":"product_brand","embeddable":true,"href":"https:\/\/mueller-wrh.de\/tr\/wp-json\/wp\/v2\/product_brand?post=4279"},{"taxonomy":"product_cat","embeddable":true,"href":"https:\/\/mueller-wrh.de\/tr\/wp-json\/wp\/v2\/product_cat?post=4279"},{"taxonomy":"product_tag","embeddable":true,"href":"https:\/\/mueller-wrh.de\/tr\/wp-json\/wp\/v2\/product_tag?post=4279"}],"curies":[{"name":"wp","href":"https:\/\/api.w.org\/{rel}","templated":true}]}}