{"id":4182,"date":"2025-10-03T11:45:57","date_gmt":"2025-10-03T11:45:57","guid":{"rendered":"https:\/\/mueller-wrh.de\/produkt\/gebr-cnc-langdrehmaschine-used-swiss-type-lathe-star-sr20r-2001-intnr230346\/"},"modified":"2026-03-27T09:50:23","modified_gmt":"2026-03-27T09:50:23","slug":"gebr-cnc-langdrehmaschine-used-swiss-type-lathe-star-sr20r-2001-intnr230346","status":"publish","type":"product","link":"https:\/\/mueller-wrh.de\/tr\/urun\/gebr-cnc-langdrehmaschine-used-swiss-type-lathe-star-sr20r-2001-intnr230346\/","title":{"rendered":"CNC kayar mesnetli torna \/ kullan\u0131lm\u0131\u015f \u0130svi\u00e7re tipi torna STAR SR20R, 2001 (IntNo230346)"},"content":{"rendered":"<p><b>Konum:<\/b> Almanya, Baden-W\u00fcrttemberg G\u00fcneybat\u0131<\/p>\n<p><b>Durum:<\/b> Kullan\u0131lm\u0131\u015f<\/p>\n<p><b>\u00dcretici firma:<\/b> STAR Micronics<\/p>\n<p><b>Model:<\/b> SR20R,<\/p>\n<p><b>\u0130n\u015faat y\u0131l\u0131:<\/b> 2001<\/p>\n<p><b>\u00c7al\u0131\u015fma saatleri:<\/b> 51500<\/p>\n<p>CNC kayar mesnetli torna STAR SR20R, 2001 y\u0131l\u0131<br \/>\nKontrol sistemi, Fanuc, Seri 18i-T,<br \/>\n7 eksen (X\/Z\/Y\/C1\/X1\/Z1(C2),<br \/>\n\u00c7ubuk \u00d8 maks. 20 mm,<br \/>\nD\u00f6n\u00fc\u015f uzunlu\u011fu maks. 205 mm,<br \/>\nAna i\u015f mili, maks. h\u0131z 10.000 rpm, C ekseni 0,001 derece,<br \/>\nPens aynal\u0131 kar\u015f\u0131 i\u015f mili, maks. h\u0131z 8.000 rpm, C ekseni,<br \/>\nToplam 19 tak\u0131m i\u00e7in tak\u0131m tutucu (lineer tak\u0131m tutucu, \u00f6n ata\u015fman, arka i\u015fleme),<br \/>\nPar\u00e7a konvey\u00f6r band\u0131,<br \/>\nStandart k\u0131lavuz bur\u00e7 \u00fcnitesi<br \/>\nY\u00fckleme magazini FMB turbo 3-26\/3200 \/ A \/, 2001 y\u0131l\u0131<br \/>\nMakinede kullan\u0131lan so\u011futma s\u0131v\u0131s\u0131: ya\u011f.<br \/>\nS\u00f6nd\u00fcrme sistemi Kraft &amp; Bauer<\/p>\n<p>Makine randevu ile elektrik alt\u0131nda incelenebilir.<br \/>\nTeknik veri ve bilgilerdeki de\u011fi\u015fiklikler ve hatalar ile<br \/>\n\u00d6nceki sat\u0131\u015fa tabidir!<\/p>\n<p>kullan\u0131lm\u0131\u015f CNC kayar mesnetli torna STAR SR20R, y\u0131l 2001<br \/>\nkontrol, marka Fanuc, seri 18i-T,<br \/>\n7 eksen (X\/Z\/Y\/C1\/X1\/Z1(C2),<br \/>\nbar-\u00d8 maks. 20 mm,<br \/>\nd\u00f6n\u00fc\u015f uzunlu\u011fu maks. 205 mm,<br \/>\nana i\u015f mili, h\u0131z maks. 10.000 rpm, C ekseni 0,001 derece,<br \/>\npensli kar\u015f\u0131 i\u015f mili, h\u0131z maks. 8.000 rpm, C ekseni,<br \/>\ntoplam 19 tak\u0131m i\u00e7in tak\u0131m tutucu (lineer tak\u0131m tutucu, \u00f6n ata\u015fman, arka i\u015fleme),<br \/>\npar\u00e7a konvey\u00f6r band\u0131,<br \/>\nstandart k\u0131lavuz bur\u00e7 \u00fcnitesi<br \/>\ny\u00fckleme magazini FMB turbo 3-26\/3200 \/ A \/, 2001 y\u0131l\u0131<br \/>\nMakine so\u011futma s\u0131v\u0131s\u0131: ya\u011f.<br \/>\nS\u00f6nd\u00fcrme sistemi Kraft &amp; Bauer<\/p>\n<p>Makine randevu ile elektrik alt\u0131nda incelenebilir.<br \/>\nTeknik veri ve bilgilerdeki de\u011fi\u015fiklikler ve hatalar ile<br \/>\n\u00f6nceki\u0307 sati\u015fa tabi\u0307di\u0307r!<\/p>","protected":false},"excerpt":{"rendered":"<p>Standort: Deutschland, Baden-W\u00fcrttemberg S\u00fcdwest Zustand: Gebraucht Hersteller: STAR Micronics Modell: SR20R, Baujahr: 2001 Betriebsstunden: 51500 gebr. CNC-Langdrehmaschine STAR SR20R, Bj. 2001 Steuerung, Fabr. Fanuc, Serie 18i-T, 7 Achsen (X\/Z\/Y\/C1\/X1\/Z1(C2), Stangen-\u00d8 max. 20 mm, Drehl\u00e4nge max. 205 mm, Hauptspindel, Drehzahl max. 10.000 U\/min, C-Achse 0,001 Grad, Gegenspindel mit Spannzange, Drehzahl max. 8.000 U\/min, C-Achse, Werkzeughalter f. [&hellip;]<\/p>\n","protected":false},"featured_media":5122,"comment_status":"open","ping_status":"closed","template":"","meta":{"_uf_show_specific_survey":0,"_uf_disable_surveys":false},"product_brand":[],"product_cat":[23],"product_tag":[],"class_list":{"0":"post-4182","1":"product","2":"type-product","3":"status-publish","4":"has-post-thumbnail","6":"product_cat-cnc-langdrehmaschinen","8":"first","9":"instock","10":"taxable","11":"shipping-taxable","12":"product-type-simple"},"aioseo_notices":[],"_links":{"self":[{"href":"https:\/\/mueller-wrh.de\/tr\/wp-json\/wp\/v2\/product\/4182","targetHints":{"allow":["GET"]}}],"collection":[{"href":"https:\/\/mueller-wrh.de\/tr\/wp-json\/wp\/v2\/product"}],"about":[{"href":"https:\/\/mueller-wrh.de\/tr\/wp-json\/wp\/v2\/types\/product"}],"replies":[{"embeddable":true,"href":"https:\/\/mueller-wrh.de\/tr\/wp-json\/wp\/v2\/comments?post=4182"}],"wp:featuredmedia":[{"embeddable":true,"href":"https:\/\/mueller-wrh.de\/tr\/wp-json\/wp\/v2\/media\/5122"}],"wp:attachment":[{"href":"https:\/\/mueller-wrh.de\/tr\/wp-json\/wp\/v2\/media?parent=4182"}],"wp:term":[{"taxonomy":"product_brand","embeddable":true,"href":"https:\/\/mueller-wrh.de\/tr\/wp-json\/wp\/v2\/product_brand?post=4182"},{"taxonomy":"product_cat","embeddable":true,"href":"https:\/\/mueller-wrh.de\/tr\/wp-json\/wp\/v2\/product_cat?post=4182"},{"taxonomy":"product_tag","embeddable":true,"href":"https:\/\/mueller-wrh.de\/tr\/wp-json\/wp\/v2\/product_tag?post=4182"}],"curies":[{"name":"wp","href":"https:\/\/api.w.org\/{rel}","templated":true}]}}