{"id":4081,"date":"2025-09-22T12:09:45","date_gmt":"2025-09-22T12:09:45","guid":{"rendered":"https:\/\/mueller-wrh.de\/produkt\/gebr-weiler-ergodor_bj-1998-intnr231387\/"},"modified":"2025-09-22T12:09:45","modified_gmt":"2025-09-22T12:09:45","slug":"gebr-weiler-ergodor_bj-1998-intnr231387","status":"publish","type":"product","link":"https:\/\/mueller-wrh.de\/tr\/urun\/gebr-weiler-ergodor_bj-1998-intnr231387\/","title":{"rendered":"markal\u0131 mezra ERGODOR_built 1998, IntNo231387"},"content":{"rendered":"<p><b>Konum:<\/b> Almanya, Baden-W\u00fcrttemberg G\u00fcneybat\u0131<\/p>\n<p><b>Durum:<\/b> Kullan\u0131lm\u0131\u015f<\/p>\n<p><b>Model:<\/b> Ergodor<\/p>\n<p><b>\u0130n\u015faat y\u0131l\u0131:<\/b> 1998<\/p>\n<p>Mekanik torna WEILER, ERGODOR, 1998 y\u0131l\u0131<br \/>\nErgonomik tasar\u0131ml\u0131 hassas merkez torna tezgah\u0131<\/p>\n<p>Teknik veriler<br \/>\nMaks. Yatak \u00fczerinde d\u00f6n\u00fc\u015f \u00e7ap\u0131: yakla\u015f\u0131k 320 mm<br \/>\nMaks. Destek \u00fczerinde d\u00f6n\u00fc\u015f \u00e7ap\u0131: yakla\u015f\u0131k 160 mm<br \/>\nMaks. D\u00f6nme uzunlu\u011fu: yakla\u015f\u0131k 470 mm<br \/>\n\u00c7ubuk a\u00e7\u0131kl\u0131\u011f\u0131: yakla\u015f\u0131k 36 mm<br \/>\n\u0130\u015f mili: H\u0131z aral\u0131\u011f\u0131: yakla\u015f\u0131k 30 - 3550 rpm<br \/>\nMil burnu: A 2 - 5<br \/>\nTahrik g\u00fcc\u00fc: yakla\u015f\u0131k 3,0 kW<br \/>\nOtomatik uzunlamas\u0131na ve y\u00fczey beslemeleri:<br \/>\nBesleme aral\u0131\u011f\u0131: yakla\u015f\u0131k 0,020 - 2,0 mm\/dev<\/p>\n<p>Makine randevu ile incelenebilir.<br \/>\nTeknik veri ve bilgilerdeki de\u011fi\u015fiklikler ve hatalar ile \u00f6n sat\u0131\u015f hakk\u0131 sakl\u0131d\u0131r!<\/p>\n<p>WEILER ERGODOR mekanik torna, 1998 y\u0131l\u0131nda \u00fcretilmi\u015ftir<br \/>\nErgonomik tasar\u0131ma sahip y\u00fcksek hassasiyetli merkez torna tezgah\u0131<\/p>\n<p>Teknik veriler<br \/>\nYatak \u00fczerinde maks. d\u00f6n\u00fc\u015f \u00e7ap\u0131: yakla\u015f\u0131k 320 mm<br \/>\nDestek \u00fczerinde maks. d\u00f6n\u00fc\u015f \u00e7ap\u0131: yakla\u015f\u0131k 160 mm<br \/>\nMaks. d\u00f6n\u00fc\u015f uzunlu\u011fu: yakla\u015f\u0131k 470 mm<br \/>\n\u00c7ubuk ge\u00e7i\u015fi: yakla\u015f\u0131k 36 mm<br \/>\n\u0130\u015f mili: H\u0131z aral\u0131\u011f\u0131: yakla\u015f\u0131k 30 - 3550 rpm<br \/>\nMil burnu: A 2 - 5<br \/>\nTahrik g\u00fcc\u00fc: yakla\u015f\u0131k 3,0 kW<br \/>\nOtomatik uzunlamas\u0131na ve \u00e7apraz beslemeler:<br \/>\nBesleme aral\u0131\u011f\u0131: yakla\u015f\u0131k 0,020 - 2,0 mm\/dev<\/p>\n<p>Makine randevu ile g\u00f6r\u00fclebilir.<br \/>\nTeknik verilerdeki ve spesifikasyonlardaki de\u011fi\u015fikliklere ve hatalara ve ayr\u0131ca sat\u0131\u015f \u00f6ncesine tabidir!<\/p>","protected":false},"excerpt":{"rendered":"<p>Standort: Deutschland, Baden-W\u00fcrttemberg S\u00fcdwest Zustand: Gebraucht Modell: Ergodor Baujahr: 1998 Mechanikerdrehmaschine WEILER, ERGODOR, Bj. 1998 Genauigkeits-Spitzendrehmaschine in ergonomischer Bauart Technische Daten Max. Drehdurchmesser \u00fcber Bett: ca. 320 mm Max. Drehdurchmesser \u00fcber Support: ca. 160 mm Max. Drehl\u00e4nge: ca. 470 mm Stangendurchlass: ca. 36 mm Spindel: Drehzahlbereich: ca. 30 &#8211; 3550 U\/min Spindelnase: A 2 &#8211; [&hellip;]<\/p>\n","protected":false},"featured_media":4076,"comment_status":"open","ping_status":"closed","template":"","meta":{"_uf_show_specific_survey":0,"_uf_disable_surveys":false},"product_brand":[],"product_cat":[107],"product_tag":[],"class_list":{"0":"post-4081","1":"product","2":"type-product","3":"status-publish","4":"has-post-thumbnail","6":"product_cat-drehmaschine","8":"first","9":"instock","10":"taxable","11":"shipping-taxable","12":"product-type-simple"},"aioseo_notices":[],"_links":{"self":[{"href":"https:\/\/mueller-wrh.de\/tr\/wp-json\/wp\/v2\/product\/4081","targetHints":{"allow":["GET"]}}],"collection":[{"href":"https:\/\/mueller-wrh.de\/tr\/wp-json\/wp\/v2\/product"}],"about":[{"href":"https:\/\/mueller-wrh.de\/tr\/wp-json\/wp\/v2\/types\/product"}],"replies":[{"embeddable":true,"href":"https:\/\/mueller-wrh.de\/tr\/wp-json\/wp\/v2\/comments?post=4081"}],"wp:featuredmedia":[{"embeddable":true,"href":"https:\/\/mueller-wrh.de\/tr\/wp-json\/wp\/v2\/media\/4076"}],"wp:attachment":[{"href":"https:\/\/mueller-wrh.de\/tr\/wp-json\/wp\/v2\/media?parent=4081"}],"wp:term":[{"taxonomy":"product_brand","embeddable":true,"href":"https:\/\/mueller-wrh.de\/tr\/wp-json\/wp\/v2\/product_brand?post=4081"},{"taxonomy":"product_cat","embeddable":true,"href":"https:\/\/mueller-wrh.de\/tr\/wp-json\/wp\/v2\/product_cat?post=4081"},{"taxonomy":"product_tag","embeddable":true,"href":"https:\/\/mueller-wrh.de\/tr\/wp-json\/wp\/v2\/product_tag?post=4081"}],"curies":[{"name":"wp","href":"https:\/\/api.w.org\/{rel}","templated":true}]}}