{"id":3975,"date":"2025-09-13T11:32:12","date_gmt":"2025-09-13T11:32:12","guid":{"rendered":"https:\/\/mueller-wrh.de\/produkt\/hermle-c30u-bab-zentrum-_2004_intnr231358\/"},"modified":"2025-10-30T15:35:26","modified_gmt":"2025-10-30T15:35:26","slug":"hermle-c30u-bab-zentrum-_2004_intnr231358","status":"publish","type":"product","link":"https:\/\/mueller-wrh.de\/tr\/urun\/hermle-c30u-bab-zentrum-_2004_intnr231358\/","title":{"rendered":"Hermle C30U, y\u0131l 2004_IntNo231358"},"content":{"rendered":"<p><b>Konum:<\/b> Almanya, Baden-W\u00fcrttemberg G\u00fcneybat\u0131<\/p>\n<p><b>Durum:<\/b> Kullan\u0131lm\u0131\u015f<\/p>\n<p><b>\u00dcretici firma:<\/b> Hermle<\/p>\n<p><b>Model:<\/b> C30 U<\/p>\n<p><b>\u0130n\u015faat y\u0131l\u0131:<\/b> 2004<\/p>\n<p>iTNC 530 Heidenhain kontrol sistemi<br \/>\nProgram \u00e7al\u0131\u015ft\u0131rma A\u00c7IK: Saat: 49.000<br \/>\n\u0130\u015f mili \u00e7al\u0131\u015fma saati: 42.300<br \/>\nHareket halindeki aks say\u0131s\u0131: 45.000<br \/>\nx-way 650 mm<br \/>\ny-yolu 600mm<br \/>\nz-yolu 500 mm<br \/>\nAna mil:<br \/>\nH\u0131z maks. 18.000 rpm<br \/>\nDahili so\u011futma (IKZ)<br \/>\nHarici kaplin (AKZ)<br \/>\nTahrik g\u00fcc\u00fc - ana i\u015f mili 19 kW<br \/>\nTak\u0131m tutucu SK 40<br \/>\nD\u00f6ner tabla:<br \/>\nD\u00f6ner tabla \u00e7ap\u0131 280 mm<br \/>\nD\u00f6nme aral\u0131\u011f\u0131 A: -30 \/ + 115 \u00b0<br \/>\nd\u00f6nd\u00fcr\u00fclebilir C: 360 \u00b0<br \/>\nMaks. masa y\u00fck\u00fc yakla\u015f\u0131k 1.000 kg<br \/>\nH\u0131z A: 25 \/ C: 65 rpm<br \/>\nTak\u0131m de\u011fi\u015ftirici:<br \/>\nTak\u0131m pozisyonu say\u0131s\u0131 32 poz.<br \/>\nTak\u0131m pozisyonu say\u0131s\u0131 Dergi 88 poz.<br \/>\nTak\u0131m tutucu SK 40<br \/>\nmaks. tak\u0131m \u00e7ap\u0131 80 mm<br \/>\nmaks. tak\u0131m \u00e7ap\u0131. serbest kom\u015fu kutu ile. 125 mm<br \/>\nmaks. tak\u0131m uzunlu\u011fu 300 mm<br \/>\nMaks. tak\u0131m a\u011f\u0131rl\u0131\u011f\u0131 8,0 kg<br \/>\nyemler:<br \/>\nH\u0131zl\u0131 travers ( X \/ Y \/ Z ) 45 m \/ dak<br \/>\n\u00d6l\u00e7\u00fcm sisteminin \u00e7\u00f6z\u00fcn\u00fcrl\u00fc\u011f\u00fc 0.0001 mm<br \/>\nToplam g\u00fc\u00e7 gereksinimi 41 kVA<br \/>\nMakine a\u011f\u0131rl\u0131\u011f\u0131 yakla\u015f\u0131k 9,5 ton<\/p>\n<p>Aksesuarlar:<br \/>\neksiksiz dok\u00fcmantasyon<br \/>\nTala\u015f konvey\u00f6r\u00fc<br \/>\nSo\u011futma s\u0131v\u0131s\u0131 cihaz\u0131<br \/>\nDahili so\u011futma s\u0131v\u0131s\u0131 beslemesi<br \/>\nHidrolik \u00fcnite<br \/>\nNC d\u00f6ner tabla<br \/>\nTak\u0131m de\u011fi\u015ftirici 2 x 80 pozisyon<br \/>\nelektrikli el \u00e7ark\u0131<br \/>\n\u00d6l\u00e7\u00fcm probu Renishaw<br \/>\n20 Alet tutucu<\/p>\n<p>Makine randevu ile incelenebilir.<br \/>\nTeknik veri ve bilgilerdeki de\u011fi\u015fiklikler ve hatalar ile \u00f6n sat\u0131\u015f hakk\u0131 sakl\u0131d\u0131r!<\/p>\n<p>iTNC 530 Heidenhain kontrol<br \/>\nProgram \u00c7al\u0131\u015fmas\u0131 A\u00c7IK: saat: 49.000<br \/>\n\u0130\u015f mili \u00e7al\u0131\u015fma saati: 42.300<br \/>\nHareket halindeki eksenler: 45.000<br \/>\nx-path 650 mm<br \/>\ny-yolu 600 mm<br \/>\nz-yolu 500 mm<br \/>\nAna mil:<br \/>\nmaks. h\u0131z 18.000 rpm<br \/>\nDahili so\u011futma (IKZ)<br \/>\nHarici so\u011futma (AKZ)<br \/>\nTahrik g\u00fcc\u00fc - ana i\u015f mili 19 kW<br \/>\nTak\u0131m tutucu SK 40<br \/>\nD\u00f6ner tabla:<br \/>\nD\u00f6ner tabla \u00e7ap\u0131 280 mm<br \/>\nD\u00f6nme aral\u0131\u011f\u0131 A: -30 \/ + 115 \u00b0<br \/>\nd\u00f6nebilen C: 360 \u00b0<br \/>\nMaks. masa y\u00fck\u00fc yakla\u015f\u0131k 1.000 kg<br \/>\nH\u0131z A: 25 \/ C: 65 rpm<br \/>\nTak\u0131m de\u011fi\u015ftirici:<br \/>\nTak\u0131m pozisyonu say\u0131s\u0131 32 poz.<br \/>\nTak\u0131m pozisyonu say\u0131s\u0131 Dergi 88 poz.<br \/>\nTak\u0131m tutucu SK 40<br \/>\nMaks. tak\u0131m \u00e7ap\u0131 80 mm<br \/>\nSerbest kom\u015fu kutu ile maks. tak\u0131m \u00e7ap\u0131 125 mm<br \/>\nMaks. tak\u0131m uzunlu\u011fu 300 mm<br \/>\nmaks. tak\u0131m a\u011f\u0131rl\u0131\u011f\u0131 8,0 kg<br \/>\nYem oranlar\u0131:<br \/>\nH\u0131zl\u0131 travers ( X \/ Y \/ Z ) 45 m \/ dak<br \/>\n\u00d6l\u00e7\u00fcm sisteminin \u00e7\u00f6z\u00fcn\u00fcrl\u00fc\u011f\u00fc 0.0001 mm<br \/>\nToplam g\u00fc\u00e7 gereksinimi 41 kVA<br \/>\nMakine a\u011f\u0131rl\u0131\u011f\u0131 yakla\u015f\u0131k 9,5 ton<br \/>\nAlan gereksinimi yakla\u015f\u0131k 3,5 x 3,5 x 3,5 m<\/p>\n<p>Aksesuarlar:<br \/>\nEksiksiz dok\u00fcmantasyon<br \/>\nTala\u015f konvey\u00f6r\u00fc<br \/>\nSo\u011futma s\u0131v\u0131s\u0131 cihaz\u0131<br \/>\nDahili so\u011futma s\u0131v\u0131s\u0131 beslemesi<br \/>\nHidrolik \u00fcnite<br \/>\nNC d\u00f6ner tabla<br \/>\ntak\u0131m de\u011fi\u015ftirici 2 x 80 pozisyon<br \/>\nelektri\u0307kli\u0307 el \u00e7arki<br \/>\nRenishaw \u00f6l\u00e7\u00fcm probu<br \/>\n20 tak\u0131m tutucu<\/p>\n<p>Makine randevu ile incelenebilir.<br \/>\nTeknik veri ve bilgilerdeki de\u011fi\u015fiklikler ve hatalar ile \u00f6n sat\u0131\u015f hakk\u0131 sakl\u0131d\u0131r!<\/p>","protected":false},"excerpt":{"rendered":"<p>Standort: Deutschland, Baden-W\u00fcrttemberg S\u00fcdwest Zustand: Gebraucht Hersteller: Hermle Modell: C30 U Baujahr: 2004 Steuerung iTNC 530 Heidenhain Programlauf EIN: Stunden: 49.000 Spindel EIN Stunden: 42.300 Achsen in Bewegung: 45.000 x-Weg 650 mm y-Weg 600mm z-Weg 500 mm Hauptspindel: Drehzahl max. 18.000 U\/min Innenkuehlung (IKZ) Aussenkuelung (AKZ) Antriebsleistung &#8211; Hauptspindel 19 kW Werkzeugaufnahme SK 40 Schwenk-Rundtisch: [&hellip;]<\/p>\n","protected":false},"featured_media":4403,"comment_status":"open","ping_status":"closed","template":"","meta":{"_uf_show_specific_survey":0,"_uf_disable_surveys":false},"product_brand":[],"product_cat":[21],"product_tag":[],"class_list":{"0":"post-3975","1":"product","2":"type-product","3":"status-publish","4":"has-post-thumbnail","6":"product_cat-cnc-bearbeitungszentrum","8":"first","9":"instock","10":"taxable","11":"shipping-taxable","12":"product-type-simple"},"aioseo_notices":[],"_links":{"self":[{"href":"https:\/\/mueller-wrh.de\/tr\/wp-json\/wp\/v2\/product\/3975","targetHints":{"allow":["GET"]}}],"collection":[{"href":"https:\/\/mueller-wrh.de\/tr\/wp-json\/wp\/v2\/product"}],"about":[{"href":"https:\/\/mueller-wrh.de\/tr\/wp-json\/wp\/v2\/types\/product"}],"replies":[{"embeddable":true,"href":"https:\/\/mueller-wrh.de\/tr\/wp-json\/wp\/v2\/comments?post=3975"}],"wp:featuredmedia":[{"embeddable":true,"href":"https:\/\/mueller-wrh.de\/tr\/wp-json\/wp\/v2\/media\/4403"}],"wp:attachment":[{"href":"https:\/\/mueller-wrh.de\/tr\/wp-json\/wp\/v2\/media?parent=3975"}],"wp:term":[{"taxonomy":"product_brand","embeddable":true,"href":"https:\/\/mueller-wrh.de\/tr\/wp-json\/wp\/v2\/product_brand?post=3975"},{"taxonomy":"product_cat","embeddable":true,"href":"https:\/\/mueller-wrh.de\/tr\/wp-json\/wp\/v2\/product_cat?post=3975"},{"taxonomy":"product_tag","embeddable":true,"href":"https:\/\/mueller-wrh.de\/tr\/wp-json\/wp\/v2\/product_tag?post=3975"}],"curies":[{"name":"wp","href":"https:\/\/api.w.org\/{rel}","templated":true}]}}