{"id":3883,"date":"2025-09-03T15:48:17","date_gmt":"2025-09-03T15:48:17","guid":{"rendered":"https:\/\/mueller-wrh.de\/produkt\/lta-lufttechnik-e120-bsc-2-h-intnr230843-1\/"},"modified":"2025-09-03T15:48:17","modified_gmt":"2025-09-03T15:48:17","slug":"lta-lufttechnik-e120-bsc-2-h-intnr230843-1","status":"publish","type":"product","link":"https:\/\/mueller-wrh.de\/tr\/urun\/lta-lufttechnik-e120-bsc-2-h-intnr230843-1\/","title":{"rendered":"LTA Lufttechnik E120 BSC-2-H, IntNr230843-1"},"content":{"rendered":"<p><b>Durum:<\/b> Kullan\u0131lm\u0131\u015f<\/p>\n<p><b>\u00dcretici firma:<\/b> LTA<\/p>\n<p><b>Model:<\/b> E120 BSC-2H<\/p>\n<p><b>\u0130n\u015faat y\u0131l\u0131:<\/b> 2025<\/p>\n<p>Filtrasyon sistemi E 120-BSC-2-H<br \/>\nYa\u011f\/em\u00fclsiyon buhar\u0131 \u00e7\u0131karma sistemleri<\/p>\n<p>\u00d6ZELLI\u0307KLER \/ \u00d6ZELLI\u0307KLER:<br \/>\nServis kap\u0131s\u0131 a\u00e7\u0131lma y\u00f6n\u00fc: ak\u0131\u015f y\u00f6n\u00fcnde YUKARI<br \/>\nHava \u00e7\u0131k\u0131\u015f\u0131 : RADYAL<br \/>\n\u00f6n filtre ve n\u00f6tralizasyon filtresi ile mekanik ve:<br \/>\naerosoller i\u00e7in iki elektrostatik filtrasyon a\u015famas\u0131ndan olu\u015fur<br \/>\nitibaren<br \/>\n\u0130yonla\u015ft\u0131r\u0131c\u0131lar ve toplay\u0131c\u0131lar<br \/>\n- Ayarlanabilir \u00fcfleyici (ErP-Ready)<br \/>\n- Ekran \u00e7al\u0131\u015fmaya haz\u0131r<br \/>\n- EN 60204'e g\u00f6re elektrik<br \/>\n- T\u00fcm sistemin a\u015fa\u011f\u0131dakilere uygun olarak y\u00fcr\u00fct\u00fclmesi<br \/>\n  Makine Direktifi <\/p>\n<p>TEKNIK VERILER:<br \/>\nFan kapasitesi: 2400 m\u00b3\/h (serbest \u00fcfleme)<br \/>\nEkstraksiyon kapasitesi: 1200 m\u00b3\/saate kadar<br \/>\n\u00c7al\u0131\u015fma gerilimi: 230 V +\/-10 % (207-253 V)<br \/>\nFrekans: 50-60 Hz<br \/>\nBa\u011fl\u0131 y\u00fck: 0,93 kVA<br \/>\nDiferansiyel bas\u0131n\u00e7: 840 Pa<br \/>\nSes bas\u0131n\u00e7 seviyesi: yakla\u015f\u0131k 70 dB<br \/>\nS\u0131cakl\u0131k: maks. 40 \u00b0C<br \/>\nKoruma s\u0131n\u0131f\u0131: IP 54<br \/>\nBoyutlar (U x G x Y): 1130 x 660 x 610 mm <\/p>\n<p>A\u011f\u0131rl\u0131k: yakla\u015f\u0131k 110 kg <\/p>\n<p>Garanti: d\u00fczenleme ile<br \/>\nBoya kaplamas\u0131: RAL 7035 (a\u00e7\u0131k gri) veya (d\u00fczenleme ile)<br \/>\nTeslimat s\u00fcresi: anla\u015fmaya g\u00f6re<\/p>\n<p>Teknik veri ve bilgilerdeki de\u011fi\u015fiklikler ve hatalar ile \u00f6n sat\u0131\u015f hakk\u0131 sakl\u0131d\u0131r!<\/p>\n<p>Filtrasyon Sistemi E 120-BSC-2-H<br \/>\nYa\u011f \/ Em\u00fclsiyon Sisi Ekstraksiyon \u00dcniteleri<\/p>\n<p>\u00d6ZELLI\u0307KLER \/ KARAKTERI\u0307STI\u0307KLER:<\/p>\n<p>Servis kap\u0131s\u0131 a\u00e7\u0131lma y\u00f6n\u00fc: ak\u0131\u015f y\u00f6n\u00fcnde YUKARI<\/p>\n<p>Hava \u00e7\u0131k\u0131\u015f\u0131: RADYAL<\/p>\n<p>\u00d6n filtre ve mekanik n\u00f6tralizasyon filtresi ile donat\u0131lm\u0131\u015ft\u0131r:<br \/>\na\u015fa\u011f\u0131dakilerden olu\u015fan aerosoller i\u00e7in iki elektrostatik filtrasyon a\u015famas\u0131<br \/>\niyonla\u015ft\u0131r\u0131c\u0131lar ve toplay\u0131c\u0131lar<\/p>\n<p>Ayarlanabilir fan (ErP-ready)<\/p>\n<p>\u00c7al\u0131\u015fma durumu g\u00f6stergesi<\/p>\n<p>EN 60204'e g\u00f6re elektrik sistemi<\/p>\n<p>Sistemin tamam\u0131 mevcut standartlara uygun olarak \u00fcretilmi\u015ftir.<br \/>\nMakine Direktifi<\/p>\n<p>TEKNIK VERILER:<\/p>\n<p>Fan kapasitesi: 2400 m\u00b3\/h (serbest \u00fcfleme)<\/p>\n<p>Ekstraksiyon kapasitesi: 1200 m\u00b3\/saate kadar<\/p>\n<p>\u00c7al\u0131\u015fma gerilimi: 230 V +\/-10 % (207-253 V)<\/p>\n<p>Frekans: 50-60 Hz<\/p>\n<p>G\u00fc\u00e7 t\u00fcketimi: 0,93 kVA<\/p>\n<p>Diferansiyel bas\u0131n\u00e7: 840 Pa<\/p>\n<p>Ses bas\u0131n\u00e7 seviyesi: yakla\u015f\u0131k 70 dB<\/p>\n<p>S\u0131cakl\u0131k: maks. 40 \u00b0C<\/p>\n<p>Koruma s\u0131n\u0131f\u0131: IP 54<\/p>\n<p>Boyutlar (U x G x Y): 1130 x 660 x 610 mm<\/p>\n<p>A\u011f\u0131rl\u0131k: yakla\u015f\u0131k 110 kg<\/p>\n<p>Garanti: anla\u015fma ile<\/p>\n<p>Boya kaplamas\u0131: RAL 7035 (a\u00e7\u0131k gri) veya (anla\u015fmaya g\u00f6re)<\/p>\n<p>Teslim s\u00fcresi: anla\u015fmaya g\u00f6re<\/p>\n<p>Teknik veriler ve teknik \u00f6zellikler de\u011fi\u015fikli\u011fe tabidir, hatalar hari\u00e7tir ve \u00f6n sat\u0131\u015f hakk\u0131 sakl\u0131d\u0131r.<\/p>","protected":false},"excerpt":{"rendered":"<p>Zustand: Gebraucht Hersteller: LTA Modell: E120 BSC-2H Baujahr: 2025 Filtrationssystem E 120-BSC-2-H \u00d6l-\/Emulsionsnebel-Abzugsanlagen EIGENSCHAFTEN \/ MERKMALE: \u00d6ffnungsrichtung Servicet\u00fcr: in Str\u00f6mungsrichtung OBEN Luftauslass : RADIAL mit Vorfilter und Neutralisationsfilter mechanisch sowie: zwei elektrostatischen Filtrationsstufen f\u00fcr Aerosole bestehend aus Ionisatoren und Kollektoren &#8211; Regelbares Gebl\u00e4se (ErP-Ready) &#8211; Anzeige Betriebsbereit &#8211; Elektrik nach EN 60204 &#8211; Ausf\u00fchrung der [&hellip;]<\/p>\n","protected":false},"featured_media":3882,"comment_status":"open","ping_status":"closed","template":"","meta":{"_uf_show_specific_survey":0,"_uf_disable_surveys":false},"product_brand":[],"product_cat":[19],"product_tag":[],"class_list":{"0":"post-3883","1":"product","2":"type-product","3":"status-publish","4":"has-post-thumbnail","6":"product_cat-oel-emulsionsnebel-abzugsanlagen","8":"first","9":"instock","10":"taxable","11":"shipping-taxable","12":"purchasable","13":"product-type-simple"},"aioseo_notices":[],"_links":{"self":[{"href":"https:\/\/mueller-wrh.de\/tr\/wp-json\/wp\/v2\/product\/3883","targetHints":{"allow":["GET"]}}],"collection":[{"href":"https:\/\/mueller-wrh.de\/tr\/wp-json\/wp\/v2\/product"}],"about":[{"href":"https:\/\/mueller-wrh.de\/tr\/wp-json\/wp\/v2\/types\/product"}],"replies":[{"embeddable":true,"href":"https:\/\/mueller-wrh.de\/tr\/wp-json\/wp\/v2\/comments?post=3883"}],"wp:featuredmedia":[{"embeddable":true,"href":"https:\/\/mueller-wrh.de\/tr\/wp-json\/wp\/v2\/media\/3882"}],"wp:attachment":[{"href":"https:\/\/mueller-wrh.de\/tr\/wp-json\/wp\/v2\/media?parent=3883"}],"wp:term":[{"taxonomy":"product_brand","embeddable":true,"href":"https:\/\/mueller-wrh.de\/tr\/wp-json\/wp\/v2\/product_brand?post=3883"},{"taxonomy":"product_cat","embeddable":true,"href":"https:\/\/mueller-wrh.de\/tr\/wp-json\/wp\/v2\/product_cat?post=3883"},{"taxonomy":"product_tag","embeddable":true,"href":"https:\/\/mueller-wrh.de\/tr\/wp-json\/wp\/v2\/product_tag?post=3883"}],"curies":[{"name":"wp","href":"https:\/\/api.w.org\/{rel}","templated":true}]}}