{"id":3572,"date":"2025-07-01T15:31:11","date_gmt":"2025-07-01T15:31:11","guid":{"rendered":"https:\/\/mueller-wrh.de\/produkt\/fmb-lademagazin-_schaltschrank-mit-inhalt_intnr231331\/"},"modified":"2025-07-01T15:31:11","modified_gmt":"2025-07-01T15:31:11","slug":"fmb-lademagazin-_schaltschrank-mit-inhalt_intnr231331","status":"publish","type":"product","link":"https:\/\/mueller-wrh.de\/tr\/urun\/fmb-lademagazin-_schaltschrank-mit-inhalt_intnr231331\/","title":{"rendered":"FMB y\u00fckleme magazini _i\u00e7indekilerle birlikte kontrol kabini_IntNo231331"},"content":{"rendered":"<p><b>Konum:<\/b> Almanya, Baden-W\u00fcrttemberg G\u00fcneybat\u0131<\/p>\n<p><b>Durum:<\/b> Kullan\u0131lm\u0131\u015f<\/p>\n<p><b>\u00dcretici firma:<\/b> FMB<\/p>\n<p><b>\u0130n\u015faat y\u0131l\u0131:<\/b> 2001<\/p>\n<p>FMB y\u00fckleme magazini - i\u00e7erikli \u015falter dolab\u0131<br \/>\nDurum: Kullan\u0131lm\u0131\u015f | M\u00fcnferit bile\u015fenlerin sat\u0131\u015f\u0131 da m\u00fcmk\u00fcnd\u00fcr<\/p>\n<p>Sat\u0131l\u0131k, resimlerde g\u00f6sterildi\u011fi gibi tamamen kurulu teknolojiye sahip kullan\u0131lm\u0131\u015f bir FMB y\u00fckleme magazini kontrol kabini.<br \/>\n? Teslimat kapsam\u0131 (resimlerde g\u00f6r\u00fcld\u00fc\u011f\u00fc gibi):<br \/>\nKomple kablolama ve kontrol sistemi dahil anahtar kabini<br \/>\nKontrol bile\u015fenleri (\u00f6rn. Siemens S5\/S7, r\u00f6leler, terminaller, g\u00fc\u00e7 kayna\u011f\u0131 \u00fcniteleri, gerekirse frekans konvert\u00f6rleri)<br \/>\nM\u00fcnferit bile\u015fenlerin sat\u0131\u015f\u0131 da m\u00fcmk\u00fcnd\u00fcr (\u00f6rn. PLC, panel, g\u00fc\u00e7 kayna\u011f\u0131 \u00fcnitesi, r\u00f6le vb.)<br \/>\n\u00dcretici: FMB Maschinenbaugesellschaft mbH<br \/>\nTip: Y\u00fckleme \u015farj\u00f6r\u00fc \/ \u00e7ubuk y\u00fckleme \u015farj\u00f6r\u00fc<br \/>\nG\u00fc\u00e7 kayna\u011f\u0131: Standart 230\/400 V (kontrol \u00fcnitesine ba\u011fl\u0131 olarak)<br \/>\nDurum: kullan\u0131lm\u0131\u015f, denenmemi\u015f, resimdeki gibi<br \/>\nDok\u00fcmantasyon: Mevcut belgeler<br \/>\nTeknik veri ve bilgilerdeki de\u011fi\u015fiklikler ve hatalar ile \u00f6n sat\u0131\u015f hakk\u0131 sakl\u0131d\u0131r!<\/p>\n<p>FMB y\u00fckleme magazini - i\u00e7erikli \u015falter dolab\u0131<br \/>\nDurum: Kullan\u0131lm\u0131\u015f | M\u00fcnferit bile\u015fenlerin sat\u0131\u015f\u0131 da m\u00fcmk\u00fcnd\u00fcr<\/p>\n<p>Sat\u0131l\u0131k, resimlerde g\u00f6sterildi\u011fi gibi tamamen kurulu teknoloji i\u00e7eren kullan\u0131lm\u0131\u015f bir FMB y\u00fckleme magazini kontrol kabini.<br \/>\n? Teslimat kapsam\u0131 (resimlerde g\u00f6r\u00fcld\u00fc\u011f\u00fc gibi):<br \/>\nKomple kablolama ve kontrol dahil kontrol kabini<br \/>\nKontrol bile\u015fenleri (\u00f6rn. Siemens S5\/S7, r\u00f6leler, terminaller, g\u00fc\u00e7 kayna\u011f\u0131 \u00fcniteleri, varsa frekans invert\u00f6r\u00fc)<br \/>\nBireysel bile\u015fenler de sat\u0131labilir (\u00f6rne\u011fin PLC, panel, g\u00fc\u00e7 kayna\u011f\u0131 \u00fcnitesi, r\u00f6le vb.) )<br \/>\n\u00dcretici: FMB Maschinenbaugesellschaft mbH<br \/>\nTip: Y\u00fckleme \u015farj\u00f6r\u00fc \/ \u00e7ubuk y\u00fckleme \u015farj\u00f6r\u00fc<br \/>\nG\u00fc\u00e7 kayna\u011f\u0131: Standart 230\/400 V (kontrol sistemine ba\u011fl\u0131 olarak)<br \/>\nDurum: Kullan\u0131lm\u0131\u015f, test edilmemi\u015f, g\u00f6sterildi\u011fi gibi<br \/>\nDok\u00fcmantasyon: Mevcut belgeler<br \/>\nTeknik verilerdeki ve teknik \u00f6zelliklerdeki de\u011fi\u015fikliklere ve hatalara ve ayr\u0131ca \u00f6nceden sat\u0131\u015fa tabidir!<\/p>","protected":false},"excerpt":{"rendered":"<p>Standort: Deutschland, Baden-W\u00fcrttemberg S\u00fcdwest Zustand: Gebraucht Hersteller: FMB Baujahr: 2001 FMB Lademagazin \u2013 Schaltschrank mit Inhalt Zustand: Gebraucht | Verkauf auch einzelner Komponenten m\u00f6glich Zum Verkauf steht ein gebrauchter FMB Lademagazin Schaltschrank samt vollst\u00e4ndig verbauter Technik, wie auf den Bildern ersichtlich. ? Lieferumfang (wie auf Bildern sichtbar): Schaltschrank inkl. kompletter Verkabelung &amp; Steuerung Steuerungskomponenten (z.\u202fB. [&hellip;]<\/p>\n","protected":false},"featured_media":3567,"comment_status":"open","ping_status":"closed","template":"","meta":{"_uf_show_specific_survey":0,"_uf_disable_surveys":false},"product_brand":[],"product_cat":[105],"product_tag":[],"class_list":{"0":"post-3572","1":"product","2":"type-product","3":"status-publish","4":"has-post-thumbnail","6":"product_cat-zubehoer-sonstiges","8":"first","9":"instock","10":"taxable","11":"shipping-taxable","12":"product-type-simple"},"aioseo_notices":[],"_links":{"self":[{"href":"https:\/\/mueller-wrh.de\/tr\/wp-json\/wp\/v2\/product\/3572","targetHints":{"allow":["GET"]}}],"collection":[{"href":"https:\/\/mueller-wrh.de\/tr\/wp-json\/wp\/v2\/product"}],"about":[{"href":"https:\/\/mueller-wrh.de\/tr\/wp-json\/wp\/v2\/types\/product"}],"replies":[{"embeddable":true,"href":"https:\/\/mueller-wrh.de\/tr\/wp-json\/wp\/v2\/comments?post=3572"}],"wp:featuredmedia":[{"embeddable":true,"href":"https:\/\/mueller-wrh.de\/tr\/wp-json\/wp\/v2\/media\/3567"}],"wp:attachment":[{"href":"https:\/\/mueller-wrh.de\/tr\/wp-json\/wp\/v2\/media?parent=3572"}],"wp:term":[{"taxonomy":"product_brand","embeddable":true,"href":"https:\/\/mueller-wrh.de\/tr\/wp-json\/wp\/v2\/product_brand?post=3572"},{"taxonomy":"product_cat","embeddable":true,"href":"https:\/\/mueller-wrh.de\/tr\/wp-json\/wp\/v2\/product_cat?post=3572"},{"taxonomy":"product_tag","embeddable":true,"href":"https:\/\/mueller-wrh.de\/tr\/wp-json\/wp\/v2\/product_tag?post=3572"}],"curies":[{"name":"wp","href":"https:\/\/api.w.org\/{rel}","templated":true}]}}