{"id":3566,"date":"2025-07-01T15:09:06","date_gmt":"2025-07-01T15:09:06","guid":{"rendered":"https:\/\/mueller-wrh.de\/produkt\/fmb-lademagazin-bedientableau-pcs090-auch-plus-2001_intnr231330\/"},"modified":"2025-07-01T15:09:06","modified_gmt":"2025-07-01T15:09:06","slug":"fmb-lademagazin-bedientableau-pcs090-auch-plus-2001_intnr231330","status":"publish","type":"product","link":"https:\/\/mueller-wrh.de\/tr\/urun\/fmb-lademagazin-bedientableau-pcs090-auch-plus-2001_intnr231330\/","title":{"rendered":"FMB Y\u00fckleme magazini kontrol paneli PCS090 also Plus 2001_IntNr231330"},"content":{"rendered":"<p><b>Konum:<\/b> Almanya, Baden-W\u00fcrttemberg G\u00fcneybat\u0131<\/p>\n<p><b>Durum:<\/b> Kullan\u0131lm\u0131\u015f<\/p>\n<p><b>\u00dcretici firma:<\/b> FMB<\/p>\n<p><b>Model:<\/b> PCS090<\/p>\n<p><b>\u0130n\u015faat y\u0131l\u0131:<\/b> 2001<\/p>\n<p>PCS090 kontrol paneli ayr\u0131ca FMB y\u00fckleme magazini i\u00e7in Plus<br \/>\nRandevu ile g\u00f6r\u00fclebilir.<br \/>\nTeknik verilerdeki ve teknik \u00f6zelliklerdeki de\u011fi\u015fikliklere ve hatalara ve ayr\u0131ca sat\u0131\u015f \u00f6ncesine tabidir!<\/p>\n<p>Kontrol paneli PCS090 ayr\u0131ca FMB y\u00fckleme magazini i\u00e7in Plus<br \/>\nRandevu ile g\u00f6r\u00fclebilir.<br \/>\nTeknik verilerdeki ve bilgilerdeki de\u011fi\u015fikliklere ve hatalara ve ayr\u0131ca sat\u0131\u015f \u00f6ncesine tabidir!<\/p>","protected":false},"excerpt":{"rendered":"<p>Standort: Deutschland, Baden-W\u00fcrttemberg S\u00fcdwest Zustand: Gebraucht Hersteller: FMB Modell: PCS090 Baujahr: 2001 Bedientableau PCS090 auch Plus f\u00fcr FMB Lademagazin Kann nach Terminvereinbarung besichtigt werden. \u00c4nderungen und Irrt\u00fcmer in den technischen Daten und Angaben sowie Zwischenverkauf vorbehalten! Control panel PCS090 also Plus for FMB loading magazine Can be viewed by appointment. Subject to changes and errors [&hellip;]<\/p>\n","protected":false},"featured_media":3564,"comment_status":"open","ping_status":"closed","template":"","meta":{"_uf_show_specific_survey":0,"_uf_disable_surveys":false},"product_brand":[],"product_cat":[105],"product_tag":[],"class_list":{"0":"post-3566","1":"product","2":"type-product","3":"status-publish","4":"has-post-thumbnail","6":"product_cat-zubehoer-sonstiges","8":"first","9":"instock","10":"taxable","11":"shipping-taxable","12":"product-type-simple"},"aioseo_notices":[],"_links":{"self":[{"href":"https:\/\/mueller-wrh.de\/tr\/wp-json\/wp\/v2\/product\/3566","targetHints":{"allow":["GET"]}}],"collection":[{"href":"https:\/\/mueller-wrh.de\/tr\/wp-json\/wp\/v2\/product"}],"about":[{"href":"https:\/\/mueller-wrh.de\/tr\/wp-json\/wp\/v2\/types\/product"}],"replies":[{"embeddable":true,"href":"https:\/\/mueller-wrh.de\/tr\/wp-json\/wp\/v2\/comments?post=3566"}],"wp:featuredmedia":[{"embeddable":true,"href":"https:\/\/mueller-wrh.de\/tr\/wp-json\/wp\/v2\/media\/3564"}],"wp:attachment":[{"href":"https:\/\/mueller-wrh.de\/tr\/wp-json\/wp\/v2\/media?parent=3566"}],"wp:term":[{"taxonomy":"product_brand","embeddable":true,"href":"https:\/\/mueller-wrh.de\/tr\/wp-json\/wp\/v2\/product_brand?post=3566"},{"taxonomy":"product_cat","embeddable":true,"href":"https:\/\/mueller-wrh.de\/tr\/wp-json\/wp\/v2\/product_cat?post=3566"},{"taxonomy":"product_tag","embeddable":true,"href":"https:\/\/mueller-wrh.de\/tr\/wp-json\/wp\/v2\/product_tag?post=3566"}],"curies":[{"name":"wp","href":"https:\/\/api.w.org\/{rel}","templated":true}]}}