{"id":3556,"date":"2025-07-01T14:38:07","date_gmt":"2025-07-01T14:38:07","guid":{"rendered":"https:\/\/mueller-wrh.de\/produkt\/siemens-motor_1fk6063-6af71-1eh2-intnr231328\/"},"modified":"2025-07-01T14:38:07","modified_gmt":"2025-07-01T14:38:07","slug":"siemens-motor_1fk6063-6af71-1eh2-intnr231328","status":"publish","type":"product","link":"https:\/\/mueller-wrh.de\/tr\/urun\/siemens-motor_1fk6063-6af71-1eh2-intnr231328\/","title":{"rendered":"Siemens Motor_1FK6063-6AF71-1EH2 IntNo231328"},"content":{"rendered":"<p><b>Konum:<\/b> Almanya, Baden-W\u00fcrttemberg G\u00fcneybat\u0131<\/p>\n<p><b>Durum:<\/b> Kullan\u0131lm\u0131\u015f<\/p>\n<p><b>\u00dcretici firma:<\/b> Siemens<\/p>\n<p><b>Model:<\/b> SV motor<\/p>\n<p><b>\u0130n\u015faat y\u0131l\u0131:<\/b> 2004<\/p>\n<p><b>\u00c7al\u0131\u015fma saatleri:<\/b> 0<\/p>\n<p>Siemens SV_Motor_A06B-0866-B380 AC i\u015f mili motoru<br \/>\nTeknik veriler<br \/>\nTip: Senkron servomotor, model 1FK6, 6 kutuplu<br \/>\nNominal tork: 11 Nm<br \/>\nNominal h\u0131z: 3000 rpm (100 Hz)<br \/>\nSo\u011futma: Do\u011fal so\u011futmal\u0131, tasar\u0131m IM B5 (V1, V3)<br \/>\nBa\u011flant\u0131: g\u00fc\u00e7\/sinyal fi\u015fi, 270\u00b0 d\u00f6nd\u00fcr\u00fclebilir<br \/>\nEnkoder: Mutlak enkoder EnDat 2048 S\/R (Enkoder A-2048)<br \/>\nMil: D\u00fczg\u00fcn, tolerans s\u0131n\u0131f\u0131 N, entegre tutma frenli<br \/>\nKoruma s\u0131n\u0131f\u0131: IP65, ek olarak \u015faft flan\u015f\u0131nda IP67 (DE)<br \/>\nA\u011f\u0131rl\u0131k: yakla\u015f\u0131k 14,6 kg<br \/>\nTasar\u0131m\/flan\u015f: IP67 ile uyumlu DE flan\u015f<br \/>\nMen\u015fei: Almanya<br \/>\nStandart: 2006\/42\/EC say\u0131l\u0131 Makine Direktifi ile uyumludur<br \/>\nMotor randevu ile incelenebilir.<br \/>\nTeknik veri ve bilgilerdeki de\u011fi\u015fiklikler ve hatalar ile \u00f6n sat\u0131\u015f hakk\u0131 sakl\u0131d\u0131r!<\/p>\n<p>Teknik veriler<br \/>\nTip: Senkron servo motor, model 1FK6, 6 kutuplu<br \/>\nNominal tork: 11 Nm<br \/>\nNominal h\u0131z: 3000 rpm (100 Hz)<br \/>\nSo\u011futma: Do\u011fal so\u011futmal\u0131, IM B5 (V1, V3) tasar\u0131m\u0131<br \/>\nBa\u011flant\u0131: G\u00fc\u00e7\/sinyal konekt\u00f6r\u00fc, 270\u00b0 d\u00f6nd\u00fcr\u00fclebilir<br \/>\nEnkoder: EnDat 2048 S\/R mutlak enkoder (enkoder A-2048)<br \/>\nMil: D\u00fczg\u00fcn, tolerans s\u0131n\u0131f\u0131 N, entegre tutma frenli<br \/>\nKoruma s\u0131n\u0131f\u0131: IP65, \u015faft flan\u015f\u0131nda (DE) ayr\u0131ca IP67<br \/>\nA\u011f\u0131rl\u0131k: yakla\u015f\u0131k 14,6 kg<br \/>\nTasar\u0131m\/flan\u015f: IP67 ile uyumlu DE flan\u015f<br \/>\nMen\u015fei: Almanya<br \/>\nStandart: Makine Direktifi 2006\/42\/EC uyumlu<\/p>\n<p>Motor randevu ile incelenebilir.<br \/>\nTeknik verilerdeki ve bilgilerdeki de\u011fi\u015fikliklere ve hatalara ve ayr\u0131ca sat\u0131\u015f \u00f6ncesine tabidir!<\/p>\n<p>DeepL.com (\u00fccretsiz s\u00fcr\u00fcm) ile \u00e7evrilmi\u015ftir<\/p>","protected":false},"excerpt":{"rendered":"<p>Standort: Deutschland, Baden-W\u00fcrttemberg S\u00fcdwest Zustand: Gebraucht Hersteller: Siemens Modell: SV-Motor Baujahr: 2004 Betriebsstunden: 0 Siemens SV_Motor_A06B-0866-B380 AC Spindel Motor Technische Daten Typ: Synchronsservomotor, Modell 1FK6, 6\u2011polig Nenndrehmoment: 11\u202fNm Nenndrehzahl: 3000\u202fU\/min (100\u202fHz) K\u00fchlung: Nat\u00fcrlich gek\u00fchlt, Bauform IM\u202fB5 (V1, V3) Anschluss: Leistungs-\/Signalstecker, drehbar um 270\u00b0 Encoder: Absolutwertgeber EnDat 2048 S\/R (Encoder A\u20112048) Welle: Glatt, Toleranzklasse N, mit [&hellip;]<\/p>\n","protected":false},"featured_media":3555,"comment_status":"open","ping_status":"closed","template":"","meta":{"_uf_show_specific_survey":0,"_uf_disable_surveys":false},"product_brand":[],"product_cat":[87],"product_tag":[],"class_list":{"0":"post-3556","1":"product","2":"type-product","3":"status-publish","4":"has-post-thumbnail","6":"product_cat-servomotoren","8":"first","9":"instock","10":"taxable","11":"shipping-taxable","12":"product-type-simple"},"aioseo_notices":[],"_links":{"self":[{"href":"https:\/\/mueller-wrh.de\/tr\/wp-json\/wp\/v2\/product\/3556","targetHints":{"allow":["GET"]}}],"collection":[{"href":"https:\/\/mueller-wrh.de\/tr\/wp-json\/wp\/v2\/product"}],"about":[{"href":"https:\/\/mueller-wrh.de\/tr\/wp-json\/wp\/v2\/types\/product"}],"replies":[{"embeddable":true,"href":"https:\/\/mueller-wrh.de\/tr\/wp-json\/wp\/v2\/comments?post=3556"}],"wp:featuredmedia":[{"embeddable":true,"href":"https:\/\/mueller-wrh.de\/tr\/wp-json\/wp\/v2\/media\/3555"}],"wp:attachment":[{"href":"https:\/\/mueller-wrh.de\/tr\/wp-json\/wp\/v2\/media?parent=3556"}],"wp:term":[{"taxonomy":"product_brand","embeddable":true,"href":"https:\/\/mueller-wrh.de\/tr\/wp-json\/wp\/v2\/product_brand?post=3556"},{"taxonomy":"product_cat","embeddable":true,"href":"https:\/\/mueller-wrh.de\/tr\/wp-json\/wp\/v2\/product_cat?post=3556"},{"taxonomy":"product_tag","embeddable":true,"href":"https:\/\/mueller-wrh.de\/tr\/wp-json\/wp\/v2\/product_tag?post=3556"}],"curies":[{"name":"wp","href":"https:\/\/api.w.org\/{rel}","templated":true}]}}