{"id":3527,"date":"2025-06-25T08:32:01","date_gmt":"2025-06-25T08:32:01","guid":{"rendered":"https:\/\/mueller-wrh.de\/produkt\/gebr-lns_fox-ifs_absolute_ws-500_bj-2011oel-nebel-absauganlage-_intnr231315\/"},"modified":"2025-09-03T15:39:10","modified_gmt":"2025-09-03T15:39:10","slug":"gebr-lns_fox-ifs_absolute_ws-500_bj-2011oel-nebel-absauganlage-_intnr231315","status":"publish","type":"product","link":"https:\/\/mueller-wrh.de\/tr\/urun\/gebr-lns_fox-ifs_absolute_ws-500_bj-2011oel-nebel-absauganlage-_intnr231315\/","title":{"rendered":"LNS_FOX IFS_ABSOLUTE_WS 500_Bj. 2011Ya\u011f buhar\u0131 emme sistemi _IntNr231315"},"content":{"rendered":"<p><b>Konum:<\/b> Almanya, Baden-W\u00fcrttemberg G\u00fcneybat\u0131<\/p>\n<p><b>Durum:<\/b> Kullan\u0131lm\u0131\u015f<\/p>\n<p><b>\u00dcretici firma:<\/b> LNS<\/p>\n<p><b>Model:<\/b> WS 500<\/p>\n<p><b>\u0130n\u015faat y\u0131l\u0131:<\/b> 2011<\/p>\n<p>Teknik veriler - LNS FOX IFS WS 500 markal\u0131<br \/>\n\u00d6zellik Spesifikasyonu<br \/>\nModel FOX IFS WS 500<br \/>\n\u0130n\u015faat y\u0131l\u0131 2011<br \/>\nTeslimat h\u0131z\u0131 yakla\u015f\u0131k 500 m\u00b3\/saat<br \/>\nMotor g\u00fcc\u00fc yakla\u015f\u0131k 0,37 kW<br \/>\nGerilim 400 V \/ 50 Hz (tipik)<br \/>\nA\u011f\u0131rl\u0131k yakla\u015f\u0131k 35 kg<br \/>\nBoyutlar yakla\u015f\u0131k 465 \u00d7 500 \u00d7 1 145 mm (GxDxY)<br \/>\nFiltre a\u015famalar\u0131 1. \u00d6n filtre F52. Santrif\u00fcjl\u00fc ay\u0131r\u0131c\u01313. Son filtre F5 (iste\u011fe ba\u011fl\u0131 HEPA H13)<br \/>\nFiltrasyon verimlili\u011fi \u2265 1-2 \u00b5m'de 99 % (F9), iste\u011fe ba\u011fl\u0131 HEPA \u2265 0,1 \u00b5m'de 99,95 %<br \/>\nG\u00fcr\u00fclt\u00fc seviyesi yakla\u015f\u0131k 65 dB (WS2 mod. benzer)<br \/>\nAksesuarlar ve \u00f6zellikler<br \/>\n- Do\u011frudan CNC makinelerinin \u00fczerine veya yan\u0131na monte etmek i\u00e7in kompakt tasar\u0131m<br \/>\n- Emme i\u00e7in stat\u00fc<br \/>\n- Etkili ya\u011f ve em\u00fclsiyon buhar\u0131 ayr\u0131\u015ft\u0131rmas\u0131 i\u00e7in \u00fc\u00e7 temizleme a\u015famas\u0131<br \/>\n- Kartu\u015f filtre iste\u011fe ba\u011fl\u0131 olarak HEPA kiti ile g\u00fc\u00e7lendirilebilir<br \/>\n- Kolay bak\u0131m, d\u00fc\u015f\u00fck g\u00fcr\u00fclt\u00fcl\u00fc \u00e7al\u0131\u015fma ve dayan\u0131kl\u0131 filtre elemanlar\u0131 <\/p>\n<p>Teknik veri ve bilgilerdeki de\u011fi\u015fiklikler ve hatalar ile \u00f6n sat\u0131\u015f hakk\u0131 sakl\u0131d\u0131r!<\/p>\n<p>Teknik veriler - LNS FOX IFS WS 500 markal\u0131<br \/>\n\u00d6zellik Spesifikasyonu<br \/>\nModel FOX IFS WS 500<br \/>\n\u00dcretim y\u0131l\u0131 2011<br \/>\nTeslimat h\u0131z\u0131 yakla\u015f\u0131k 500 m\u00b3\/saat<br \/>\nMotor g\u00fcc\u00fc yakla\u015f\u0131k 0,37 kW<br \/>\nGerilim 400 V \/ 50 Hz (tipik)<br \/>\nA\u011f\u0131rl\u0131k yakla\u015f\u0131k 35 kg<br \/>\nBoyutlar yakla\u015f\u0131k 465 \u00d7 500 \u00d7 1 145 mm (GxDxY)<br \/>\nFiltre a\u015famalar\u0131 1. \u00d6n filtre F52. Santrif\u00fcjl\u00fc ay\u0131r\u0131c\u01313. Son filtre F5 (iste\u011fe ba\u011fl\u0131 HEPA H13)<br \/>\nFiltrasyon verimlili\u011fi \u2265 1-2 \u00b5m'de 99 % (F9), iste\u011fe ba\u011fl\u0131 HEPA \u2265 0,1 \u00b5m'de 99,95 %<br \/>\nG\u00fcr\u00fclt\u00fc seviyesi yakla\u015f\u0131k 65 dB (WS2 mod. benzer)<br \/>\nAksesuarlar ve \u00f6zellikler<br \/>\n- Do\u011frudan CNC makinelerinin \u00fczerine veya yan\u0131na monte etmek i\u00e7in kompakt tasar\u0131m<br \/>\n- Ekstraksiyon i\u00e7in stat\u00fc<br \/>\n- Etkili ya\u011f ve em\u00fclsiyon buhar\u0131 ayr\u0131\u015ft\u0131rmas\u0131 i\u00e7in \u00fc\u00e7 temizleme a\u015famas\u0131<br \/>\n- Kartu\u015f filtre iste\u011fe ba\u011fl\u0131 olarak HEPA kiti ile g\u00fc\u00e7lendirilebilir<br \/>\n- Kolay bak\u0131m, d\u00fc\u015f\u00fck g\u00fcr\u00fclt\u00fcl\u00fc \u00e7al\u0131\u015fma ve dayan\u0131kl\u0131 filtre elemanlar\u0131 <\/p>\n<p>Teknik verilerdeki ve bilgilerdeki de\u011fi\u015fikliklere ve hatalara ve ayr\u0131ca sat\u0131\u015f \u00f6ncesine tabidir!<\/p>","protected":false},"excerpt":{"rendered":"<p>Standort: Deutschland, Baden-W\u00fcrttemberg S\u00fcdwest Zustand: Gebraucht Hersteller: LNS Modell: WS 500 Baujahr: 2011 Technische Daten \u2013 gebr. LNS FOX IFS WS\u202f500 Merkmal Spezifikation Modell FOX IFS WS\u202f500 Baujahr 2011 F\u00f6rderleistung ca. 500\u202fm\u00b3\/h Motorleistung ca. 0,37\u202fkW Spannung 400\u202fV \/ 50\u202fHz (typisch) Gewicht ca. 35\u202fkg Abmessungen ca.\u202f465\u202f\u00d7\u202f500\u202f\u00d7\u202f1\u202f145\u202fmm (BxTxH) Filterstufen 1. Vorfilter F52. Zentrifugalabscheider3. Nachfilter F5 (optional HEPA [&hellip;]<\/p>\n","protected":false},"featured_media":3817,"comment_status":"open","ping_status":"closed","template":"","meta":{"_uf_show_specific_survey":0,"_uf_disable_surveys":false},"product_brand":[],"product_cat":[19],"product_tag":[],"class_list":{"0":"post-3527","1":"product","2":"type-product","3":"status-publish","4":"has-post-thumbnail","6":"product_cat-oel-emulsionsnebel-abzugsanlagen","8":"first","9":"instock","10":"taxable","11":"shipping-taxable","12":"purchasable","13":"product-type-simple"},"aioseo_notices":[],"_links":{"self":[{"href":"https:\/\/mueller-wrh.de\/tr\/wp-json\/wp\/v2\/product\/3527","targetHints":{"allow":["GET"]}}],"collection":[{"href":"https:\/\/mueller-wrh.de\/tr\/wp-json\/wp\/v2\/product"}],"about":[{"href":"https:\/\/mueller-wrh.de\/tr\/wp-json\/wp\/v2\/types\/product"}],"replies":[{"embeddable":true,"href":"https:\/\/mueller-wrh.de\/tr\/wp-json\/wp\/v2\/comments?post=3527"}],"wp:featuredmedia":[{"embeddable":true,"href":"https:\/\/mueller-wrh.de\/tr\/wp-json\/wp\/v2\/media\/3817"}],"wp:attachment":[{"href":"https:\/\/mueller-wrh.de\/tr\/wp-json\/wp\/v2\/media?parent=3527"}],"wp:term":[{"taxonomy":"product_brand","embeddable":true,"href":"https:\/\/mueller-wrh.de\/tr\/wp-json\/wp\/v2\/product_brand?post=3527"},{"taxonomy":"product_cat","embeddable":true,"href":"https:\/\/mueller-wrh.de\/tr\/wp-json\/wp\/v2\/product_cat?post=3527"},{"taxonomy":"product_tag","embeddable":true,"href":"https:\/\/mueller-wrh.de\/tr\/wp-json\/wp\/v2\/product_tag?post=3527"}],"curies":[{"name":"wp","href":"https:\/\/api.w.org\/{rel}","templated":true}]}}