{"id":3462,"date":"2025-05-13T12:05:16","date_gmt":"2025-05-13T12:05:16","guid":{"rendered":"https:\/\/mueller-wrh.de\/produkt\/gebr-biglia-wkz-halter-praezisionsbohrstangenhalter-o-32-used-toolholder-oesterle-art-350-5521-d32-bi09_intnr231290\/"},"modified":"2025-05-13T12:05:16","modified_gmt":"2025-05-13T12:05:16","slug":"gebr-biglia-wkz-halter-praezisionsbohrstangenhalter-o-32-used-toolholder-oesterle-art-350-5521-d32-bi09_intnr231290","status":"publish","type":"product","link":"https:\/\/mueller-wrh.de\/tr\/urun\/gebr-biglia-wkz-halter-praezisionsbohrstangenhalter-o-32-used-toolholder-oesterle-art-350-5521-d32-bi09_intnr231290\/","title":{"rendered":"Biglia WKZ tutucu hassas delik i\u015fleme \u00e7ubu\u011fu tutucusu \u00d8 32 \/ kullan\u0131lm\u0131\u015f tak\u0131m tutucu Oesterle Art. 350 5521 D32 BI09_IntNr231290"},"content":{"rendered":"<p><b>Konum:<\/b> Almanya, Baden-W\u00fcrttemberg G\u00fcneybat\u0131<\/p>\n<p><b>Durum:<\/b> Kullan\u0131lm\u0131\u015f<\/p>\n<p><b>\u00dcretici firma:<\/b> Oesterle<\/p>\n<p><b>\u0130n\u015faat y\u0131l\u0131:<\/b> 2015<\/p>\n<p>markal\u0131 tak\u0131m tutucu \/ y\u00fcksek hassasiyetli delik i\u015fleme \u00e7ubu\u011fu tutucu<br \/>\n\u00dcretici: Oesterle + Partner GbR \/ Almanya<br \/>\nUyumlu makineler<br \/>\nAlet tutucu<br \/>\nBMT 55<br \/>\nIKZ ve AKZ<br \/>\nB 301 Y\/B301 YS<br \/>\nB 446 T2\/B 446 T3<br \/>\nB 545 M \/ S \/ SM \/ Y \/ YS<br \/>\nB 565 M \/ S \/ SM \/ Y \/ YS<br \/>\nB 620 - M \/ SM \/ Y \/ YS<br \/>\nB 650 - 658 M \/ SM \/ Y \/ YS<br \/>\nB750 M \/B750 SM \/B750 Y \/B750 YS - 12 vitesli<br \/>\nB750 M \/B750 SM \/B750 Y \/B750 YS - 16 kat<br \/>\nB1250M \/B1250SM \/B1250Y \/B1250YS-12 katl\u0131<br \/>\nB1250M \/B1250SM \/B1250Y \/B120YS - 16 kat<\/p>\n<p>Y\u00fcksek hassasiyetli delme \u00e7ubu\u011fu tutucusu<br \/>\n\u220532mm, 100mm'ye y\u00fckseltildi<br \/>\nIKZ ile <\/p>\n<p>Teknik veri ve bilgilerdeki de\u011fi\u015fiklikler ve hatalar ile \u00f6n sat\u0131\u015f hakk\u0131 sakl\u0131d\u0131r!<\/p>\n<p>Kullan\u0131lm\u0131\u015f Tak\u0131m Tutucular \/ Y\u00fcksek Hassasiyetli Delme \u00c7ubu\u011fu Tutucular<br \/>\n\u00dcretici: Oesterle + Partner GbR \/ Almanya<\/p>\n<p>Uyumlu Makineler:<br \/>\nAlet Aray\u00fcz\u00fc: BMT 55<br \/>\nSo\u011futma s\u0131v\u0131s\u0131 beslemesi: Dahili (IKZ) ve harici (AKZ)<\/p>\n<p>B 301 Y \/ B 301 YS<\/p>\n<p>B 446 T2 \/ B 446 T3<\/p>\n<p>B 545 M \/ S \/ SM \/ Y \/ YS<\/p>\n<p>B 565 M \/ S \/ SM \/ Y \/ YS<\/p>\n<p>B 620 - M \/ SM \/ Y \/ YS<\/p>\n<p>B 650 - 658 M \/ SM \/ Y \/ YS<\/p>\n<p>B 750 M \/ B 750 SM \/ B 750 Y \/ B 750 YS - 12 konumlu<\/p>\n<p>B 750 M \/ B 750 SM \/ B 750 Y \/ B 750 YS - 16 konumlu<\/p>\n<p>B 1250 M \/ B 1250 SM \/ B 1250 Y \/ B 1250 YS - 12 konumlu<\/p>\n<p>B 1250 M \/ B 1250 SM \/ B 1250 Y \/ B 1250 YS - 16 konumlu<\/p>\n<p>Y\u00fcksek Hassasiyetli Delme \u00c7ubu\u011fu Tutucu:<br \/>\n\u00d832 mm, 100 mm uzat\u0131lm\u0131\u015f,<br \/>\ndahili so\u011futma s\u0131v\u0131s\u0131 beslemeli (IKZ)<\/p>\n<p>Teknik veriler ve \u00f6zellikler de\u011fi\u015fikli\u011fe ve hataya tabidir. \u00d6nceden sat\u0131\u015fa tabidir.<\/p>","protected":false},"excerpt":{"rendered":"<p>Standort: Deutschland, Baden-W\u00fcrttemberg S\u00fcdwest Zustand: Gebraucht Hersteller: Oesterle Baujahr: 2015 gebr. Werkzeughalter \/ Hochpr\u00e4zisions-Bohrstangenhalter Hersteller: Oesterle + Partner GbR \/ Deutschland Kompatible Maschinen Werkzeugaufnahme BMT 55 IKZ und AKZ B 301 Y\/B301 YS B 446 T2\/B 446 T3 B 545 M \/ S \/ SM \/ Y \/ YS B 565 M \/ S \/ [&hellip;]<\/p>\n","protected":false},"featured_media":3459,"comment_status":"open","ping_status":"closed","template":"","meta":{"_uf_show_specific_survey":0,"_uf_disable_surveys":false},"product_brand":[],"product_cat":[20],"product_tag":[],"class_list":{"0":"post-3462","1":"product","2":"type-product","3":"status-publish","4":"has-post-thumbnail","6":"product_cat-werkzeughalter","8":"first","9":"instock","10":"taxable","11":"shipping-taxable","12":"product-type-simple"},"aioseo_notices":[],"_links":{"self":[{"href":"https:\/\/mueller-wrh.de\/tr\/wp-json\/wp\/v2\/product\/3462","targetHints":{"allow":["GET"]}}],"collection":[{"href":"https:\/\/mueller-wrh.de\/tr\/wp-json\/wp\/v2\/product"}],"about":[{"href":"https:\/\/mueller-wrh.de\/tr\/wp-json\/wp\/v2\/types\/product"}],"replies":[{"embeddable":true,"href":"https:\/\/mueller-wrh.de\/tr\/wp-json\/wp\/v2\/comments?post=3462"}],"wp:featuredmedia":[{"embeddable":true,"href":"https:\/\/mueller-wrh.de\/tr\/wp-json\/wp\/v2\/media\/3459"}],"wp:attachment":[{"href":"https:\/\/mueller-wrh.de\/tr\/wp-json\/wp\/v2\/media?parent=3462"}],"wp:term":[{"taxonomy":"product_brand","embeddable":true,"href":"https:\/\/mueller-wrh.de\/tr\/wp-json\/wp\/v2\/product_brand?post=3462"},{"taxonomy":"product_cat","embeddable":true,"href":"https:\/\/mueller-wrh.de\/tr\/wp-json\/wp\/v2\/product_cat?post=3462"},{"taxonomy":"product_tag","embeddable":true,"href":"https:\/\/mueller-wrh.de\/tr\/wp-json\/wp\/v2\/product_tag?post=3462"}],"curies":[{"name":"wp","href":"https:\/\/api.w.org\/{rel}","templated":true}]}}