{"id":3439,"date":"2025-05-09T15:22:36","date_gmt":"2025-05-09T15:22:36","guid":{"rendered":"https:\/\/mueller-wrh.de\/produkt\/gebr-biglia-wkz-halter-angetr-fraesdornaufnahme-used-toolholder-driven-oesterle-art-300-5521-f16-bi09-mit-ikz_intnr231284\/"},"modified":"2025-05-09T15:22:36","modified_gmt":"2025-05-09T15:22:36","slug":"gebr-biglia-wkz-halter-angetr-fraesdornaufnahme-used-toolholder-driven-oesterle-art-300-5521-f16-bi09-mit-ikz_intnr231284","status":"publish","type":"product","link":"https:\/\/mueller-wrh.de\/tr\/urun\/gebr-biglia-wkz-halter-angetr-fraesdornaufnahme-used-toolholder-driven-oesterle-art-300-5521-f16-bi09-mit-ikz_intnr231284\/","title":{"rendered":"Biglia kullan\u0131lm\u0131\u015f tak\u0131m tutucu tahrikli Oesterle Art. 300 5521 F16 BI09 ile IKZ_IntNr231284"},"content":{"rendered":"<p><b>Konum:<\/b> Almanya, Baden-W\u00fcrttemberg G\u00fcneybat\u0131<\/p>\n<p><b>Durum:<\/b> Kullan\u0131lm\u0131\u015f<\/p>\n<p><b>\u00dcretici firma:<\/b> Oesterle<\/p>\n<p><b>\u0130n\u015faat y\u0131l\u0131:<\/b> 2015<\/p>\n<p>Tahrikli tak\u0131m tutucu \/ freze g\u00f6be\u011fi tutucu \u00d816<br \/>\n\u00dcretici: Oesterle + Partner GbR \/ Almanya<br \/>\nUyumlu makineler<br \/>\nAlet tutucu<br \/>\nDelme ve frezeleme kafas\u0131<br \/>\n\u00c7ap \u00d8 16mm 1:1<br \/>\nBMT 55<br \/>\nIKZ ve AKZ<br \/>\nB 301 Y\/B301 YS<br \/>\nB 446 T2\/B 446 T3<br \/>\nB 545 M \/ S \/ SM \/ Y \/ YS<br \/>\nB 565 M \/ S \/ SM \/ Y \/ YS<br \/>\nB 620 - M \/ SM \/ Y \/ YS<br \/>\nB 650 - 658 M \/ SM \/ Y \/ YS<br \/>\nB750 M \/B750 SM \/B750 Y \/B750 YS - 12 vitesli<br \/>\nB750 M \/B750 SM \/B750 Y \/B750 YS - 16 kat<br \/>\nB1250M \/B1250SM \/B1250Y \/B1250YS-12 katl\u0131<br \/>\nB1250M \/B1250SM \/B1250Y \/B120YS - 16 kat<\/p>\n<p>IKZ ve so\u011futma borusu h\u0131zl\u0131 ayar\u0131 ile (pat.)<\/p>\n<p>Alet tutucu<br \/>\n DIN 6499 ER 32<br \/>\n( d ) S\u0131k\u0131\u015ft\u0131rma aral\u0131\u011f\u0131<br \/>\n\u00d8 16 mm x 27, 1:1<br \/>\nIKZ ve AKZ<br \/>\nradyal i\u015fleme i\u00e7in <\/p>\n<p>Teknik veri ve bilgilerdeki de\u011fi\u015fiklikler ve hatalar ile \u00f6n sat\u0131\u015f hakk\u0131 sakl\u0131d\u0131r!<\/p>\n<p>Kullan\u0131lm\u0131\u015f Tahrikli Tak\u0131m Tutucular \/ Freze Arbor Tutucu \u00d816<br \/>\n\u00dcretici: Oesterle + Partner GbR \/ Almanya<\/p>\n<p>Uyumlu Makineler<br \/>\nTak\u0131m Tutucu Aray\u00fcz\u00fc<br \/>\nDelme ve Frezeleme Kafas\u0131<br \/>\n\u00c7ap \u00d816 mm 1:1<br \/>\nBMT 55<br \/>\nICS (dahili so\u011futma s\u0131v\u0131s\u0131 beslemesi) ve ECS (harici so\u011futma s\u0131v\u0131s\u0131 beslemesi)<\/p>\n<p>Uyumlu Makine Modelleri:<\/p>\n<p>B 301 Y \/ B301 YS<\/p>\n<p>B 446 T2 \/ B 446 T3<\/p>\n<p>B 545 M \/ S \/ SM \/ Y \/ YS<\/p>\n<p>B 565 M \/ S \/ SM \/ Y \/ YS<\/p>\n<p>B 620 - M \/ SM \/ Y \/ YS<\/p>\n<p>B 650 - 658 M \/ SM \/ Y \/ YS<\/p>\n<p>B750 M \/ B750 SM \/ B750 Y \/ B750 YS - 12 konumlu<\/p>\n<p>B750 M \/ B750 SM \/ B750 Y \/ B750 YS - 16 konumlu<\/p>\n<p>B1250M \/ B1250SM \/ B1250Y \/ B1250YS - 12 konumlu<\/p>\n<p>B1250M \/ B1250SM \/ B1250Y \/ B1250YS - 16 konumlu<\/p>\n<p>ICS ve so\u011futma s\u0131v\u0131s\u0131 borusu i\u00e7in patentli h\u0131zl\u0131 ayar ile donat\u0131lm\u0131\u015ft\u0131r.<\/p>\n<p>Ara\u00e7 Aray\u00fcz\u00fc<br \/>\nDIN 6499 ER 32<br \/>\n(d) S\u0131k\u0131\u015ft\u0131rma aral\u0131\u011f\u0131<br \/>\n\u00d8 16 mm x 27, oran 1:1<br \/>\nICS ve ECS<br \/>\nRadyal i\u015fleme i\u00e7in<\/p>\n<p>Teknik veriler ve \u00f6zellikler de\u011fi\u015fikli\u011fe ve hataya tabidir. \u00d6nceden sat\u0131\u015f hakk\u0131 sakl\u0131d\u0131r!<\/p>","protected":false},"excerpt":{"rendered":"<p>Standort: Deutschland, Baden-W\u00fcrttemberg S\u00fcdwest Zustand: Gebraucht Hersteller: Oesterle Baujahr: 2015 gebr. angetriebene Werkzeughalter \/ Fr\u00e4sdornaufnahme \u00d816 Hersteller: Oesterle + Partner GbR \/ Deutschland Kompatible Maschinen Werkzeugaufnahme Bohr- und Fr\u00e4skopf Durchmesser \u00d8 16mm 1:1 BMT 55 IKZ und AKZ B 301 Y\/B301 YS B 446 T2\/B 446 T3 B 545 M \/ S \/ SM \/ [&hellip;]<\/p>\n","protected":false},"featured_media":3437,"comment_status":"open","ping_status":"closed","template":"","meta":{"_uf_show_specific_survey":0,"_uf_disable_surveys":false},"product_brand":[],"product_cat":[20],"product_tag":[],"class_list":{"0":"post-3439","1":"product","2":"type-product","3":"status-publish","4":"has-post-thumbnail","6":"product_cat-werkzeughalter","8":"first","9":"instock","10":"taxable","11":"shipping-taxable","12":"product-type-simple"},"aioseo_notices":[],"_links":{"self":[{"href":"https:\/\/mueller-wrh.de\/tr\/wp-json\/wp\/v2\/product\/3439","targetHints":{"allow":["GET"]}}],"collection":[{"href":"https:\/\/mueller-wrh.de\/tr\/wp-json\/wp\/v2\/product"}],"about":[{"href":"https:\/\/mueller-wrh.de\/tr\/wp-json\/wp\/v2\/types\/product"}],"replies":[{"embeddable":true,"href":"https:\/\/mueller-wrh.de\/tr\/wp-json\/wp\/v2\/comments?post=3439"}],"wp:featuredmedia":[{"embeddable":true,"href":"https:\/\/mueller-wrh.de\/tr\/wp-json\/wp\/v2\/media\/3437"}],"wp:attachment":[{"href":"https:\/\/mueller-wrh.de\/tr\/wp-json\/wp\/v2\/media?parent=3439"}],"wp:term":[{"taxonomy":"product_brand","embeddable":true,"href":"https:\/\/mueller-wrh.de\/tr\/wp-json\/wp\/v2\/product_brand?post=3439"},{"taxonomy":"product_cat","embeddable":true,"href":"https:\/\/mueller-wrh.de\/tr\/wp-json\/wp\/v2\/product_cat?post=3439"},{"taxonomy":"product_tag","embeddable":true,"href":"https:\/\/mueller-wrh.de\/tr\/wp-json\/wp\/v2\/product_tag?post=3439"}],"curies":[{"name":"wp","href":"https:\/\/api.w.org\/{rel}","templated":true}]}}