{"id":3413,"date":"2025-05-08T13:19:43","date_gmt":"2025-05-08T13:19:43","guid":{"rendered":"https:\/\/mueller-wrh.de\/produkt\/gebr-biglia-wkz-halter-angetr-used-toolholder-driven-oesterle-art-310-5521-e32-bi09-kja-2-mit-ikz_intnr231277\/"},"modified":"2025-05-13T13:15:27","modified_gmt":"2025-05-13T13:15:27","slug":"gebr-biglia-wkz-halter-angetr-used-toolholder-driven-oesterle-art-310-5521-e32-bi09-kja-2-mit-ikz_intnr231277","status":"publish","type":"product","link":"https:\/\/mueller-wrh.de\/tr\/urun\/gebr-biglia-wkz-halter-angetr-used-toolholder-driven-oesterle-art-310-5521-e32-bi09-kja-2-mit-ikz_intnr231277\/","title":{"rendered":"Biglia kullan\u0131lm\u0131\u015f tak\u0131m tutucu tahrikli Oesterle Art. 310 5521-E32 BI09 KJA-2 ile IKZ_IntNr231277"},"content":{"rendered":"<p><b>Konum:<\/b> Almanya, Baden-W\u00fcrttemberg G\u00fcneybat\u0131<\/p>\n<p><b>Durum:<\/b> Kullan\u0131lm\u0131\u015f<\/p>\n<p><b>\u00dcretici firma:<\/b> Oesterle<\/p>\n<p><b>Model:<\/b> IKZ ile 0077<\/p>\n<p><b>\u0130n\u015faat y\u0131l\u0131:<\/b> 2015<\/p>\n<p>IKZ ile tahrikli tak\u0131m tutucular<br \/>\n\u00dcretici: Oesterle + Partner GbR \/ Almanya<br \/>\nUyumlu makineler<br \/>\nAlet tutucu<br \/>\nDelme ve frezeleme kafas\u0131<br \/>\n90 derece Biglia - BMT55 BH 100 mm<br \/>\nB 301 Y\/B301 YS<br \/>\nB 446 T2\/B 446 T3<br \/>\nB 545 M \/ S \/ SM \/ Y \/ YS<br \/>\nB 565 M \/ S \/ SM \/ Y \/ YS<br \/>\nB 620 - M \/ SM \/ Y \/ YS<br \/>\nB 650 - 658 M \/ SM \/ Y \/ YS<br \/>\nB750 M \/B750 SM \/B750 Y \/B750 YS - 12 vitesli<br \/>\nB750 M \/B750 SM \/B750 Y \/B750 YS - 16 kat<br \/>\nB1250M \/B1250SM \/B1250Y \/B1250YS-12 katl\u0131<br \/>\nB1250M \/B1250SM \/B1250Y \/B120YS - 16 kat<br \/>\nBIGLIA - BMT55\u00d7<br \/>\nPower-Line<br \/>\nIKZ ve so\u011futma borusu h\u0131zl\u0131 ayar\u0131 ile (pat.)<br \/>\nG\u00fc\u00e7 Hatt\u0131<br \/>\n(konik makaral\u0131 rulman)<br \/>\nArt. 310 5521-E32 BI09 KJA<br \/>\nAlet tutucu<br \/>\n DIN 6499 ER 32<br \/>\n( d ) S\u0131k\u0131\u015ft\u0131rma aral\u0131\u011f\u0131<br \/>\n1.0 - 20 mm<br \/>\nIKZ + harici so\u011futma<br \/>\nbar 85<\/p>\n<p>Dahili So\u011futuculu Kullan\u0131lm\u0131\u015f Tahrikli Tak\u0131m Tutucu (IKZ)<br \/>\n\u00dcretici: Oesterle + Partner GbR \/ Almanya<\/p>\n<p>Uyumlu Makineler:<br \/>\nBiglia - BMT55 BH, 100 mm<br \/>\nB 301 Y\/B301 YS<br \/>\nB 446 T2\/B 446 T3<br \/>\nB 545 M \/ S \/ SM \/ Y \/ YS<br \/>\nB 565 M \/ S \/ SM \/ Y \/ YS<br \/>\nB 620 - M \/ SM \/ Y \/ YS<br \/>\nB 650 - 658 M \/ SM \/ Y \/ YS<br \/>\nB750 M \/B750 SM \/B750 Y \/B750 YS - 12 vitesli<br \/>\nB750 M \/B750 SM \/B750 Y \/B750 YS - 16 kat<br \/>\nB1250M \/B1250SM \/B1250Y \/B1250YS-12 katl\u0131<br \/>\nB1250M \/B1250SM \/B1250Y \/B120YS - 16 kat<br \/>\nBIGLIA - BMT55\u00d7<\/p>\n<p>Tak\u0131m Tutucu Tipi:<br \/>\nDelme ve Frezeleme Kafas\u0131, 90\u00b0 a\u00e7\u0131<br \/>\nDahili so\u011futma s\u0131v\u0131s\u0131 (IKZ) ve patentli h\u0131zl\u0131 ayarl\u0131 so\u011futma s\u0131v\u0131s\u0131 borusuna sahip Power-Line serisi<br \/>\nPower-Line (konik makaral\u0131 rulmanlar ile)<\/p>\n<p>\u00dcr\u00fcn No: 310 5521-E32 BI09 KJA<\/p>\n<p>Alet Aray\u00fcz\u00fc:<br \/>\nDIN 6499 ER 32<br \/>\nS\u0131k\u0131\u015ft\u0131rma aral\u0131\u011f\u0131 (d): 1,0 - 20 mm<\/p>\n<p>So\u011futma S\u0131v\u0131s\u0131 Beslemesi:<br \/>\nDahili so\u011futma s\u0131v\u0131s\u0131 (IKZ) + harici so\u011futma<br \/>\nMaks. Bas\u0131n\u00e7: 85 bar<\/p>","protected":false},"excerpt":{"rendered":"<p>Standort: Deutschland, Baden-W\u00fcrttemberg S\u00fcdwest Zustand: Gebraucht Hersteller: Oesterle Modell: 0077 mit IKZ Baujahr: 2015 gebr. angetriebene Werkzeughalter mit IKZ Hersteller: Oesterle + Partner GbR \/ Deutschland Kompatible Maschinen Werkzeugaufnahme Bohr- und Fr\u00e4skopf 90 Grad Biglia \u2013 BMT55 BH 100 mm B 301 Y\/B301 YS B 446 T2\/B 446 T3 B 545 M \/ S \/ [&hellip;]<\/p>\n","protected":false},"featured_media":3476,"comment_status":"open","ping_status":"closed","template":"","meta":{"_uf_show_specific_survey":0,"_uf_disable_surveys":false},"product_brand":[],"product_cat":[20],"product_tag":[],"class_list":{"0":"post-3413","1":"product","2":"type-product","3":"status-publish","4":"has-post-thumbnail","6":"product_cat-werkzeughalter","8":"first","9":"instock","10":"taxable","11":"shipping-taxable","12":"purchasable","13":"product-type-simple"},"aioseo_notices":[],"_links":{"self":[{"href":"https:\/\/mueller-wrh.de\/tr\/wp-json\/wp\/v2\/product\/3413","targetHints":{"allow":["GET"]}}],"collection":[{"href":"https:\/\/mueller-wrh.de\/tr\/wp-json\/wp\/v2\/product"}],"about":[{"href":"https:\/\/mueller-wrh.de\/tr\/wp-json\/wp\/v2\/types\/product"}],"replies":[{"embeddable":true,"href":"https:\/\/mueller-wrh.de\/tr\/wp-json\/wp\/v2\/comments?post=3413"}],"wp:featuredmedia":[{"embeddable":true,"href":"https:\/\/mueller-wrh.de\/tr\/wp-json\/wp\/v2\/media\/3476"}],"wp:attachment":[{"href":"https:\/\/mueller-wrh.de\/tr\/wp-json\/wp\/v2\/media?parent=3413"}],"wp:term":[{"taxonomy":"product_brand","embeddable":true,"href":"https:\/\/mueller-wrh.de\/tr\/wp-json\/wp\/v2\/product_brand?post=3413"},{"taxonomy":"product_cat","embeddable":true,"href":"https:\/\/mueller-wrh.de\/tr\/wp-json\/wp\/v2\/product_cat?post=3413"},{"taxonomy":"product_tag","embeddable":true,"href":"https:\/\/mueller-wrh.de\/tr\/wp-json\/wp\/v2\/product_tag?post=3413"}],"curies":[{"name":"wp","href":"https:\/\/api.w.org\/{rel}","templated":true}]}}