{"id":3406,"date":"2025-04-29T16:39:31","date_gmt":"2025-04-29T16:39:31","guid":{"rendered":"https:\/\/mueller-wrh.de\/produkt\/gebr-profilprojektor-mitutoyo-pv-500-_intnr231045\/"},"modified":"2025-04-29T16:39:31","modified_gmt":"2025-04-29T16:39:31","slug":"gebr-profilprojektor-mitutoyo-pv-500-_intnr231045","status":"publish","type":"product","link":"https:\/\/mueller-wrh.de\/tr\/urun\/gebr-profilprojektor-mitutoyo-pv-500-_intnr231045\/","title":{"rendered":"kullan\u0131lm\u0131\u015f profil projekt\u00f6r\u00fc Mitutoyo PV 500 _IntNr231045"},"content":{"rendered":"<p><b>Konum:<\/b> Almanya, Baden-W\u00fcrttemberg G\u00fcneybat\u0131<\/p>\n<p><b>Durum:<\/b> Kullan\u0131lm\u0131\u015f<\/p>\n<p><b>\u00c7al\u0131\u015fma saatleri:<\/b> Hi\u00e7biri<\/p>\n<p>IntNo231045<br \/>\nGebr.<br \/>\nProfil projekt\u00f6r\u00fc Mitutoyo PV 500<br \/>\n500 mm ekranl\u0131 ve dijital g\u00f6stergeli<br \/>\nTeknik veriler:<br \/>\nProfil projekt\u00f6r markas\u0131 MITUTOYO tip PV-500<br \/>\nElek \u00e7ap\u0131 508 mm<br \/>\nEkran 360\u00b0 d\u00f6nd\u00fcr\u00fclebilir (vernier 1')<br \/>\nB\u00fcy\u00fctme m\u00fcmk\u00fcn 5 x , 10 x , 20 x , 50 x , 100 x<br \/>\nAdapt\u00f6rl\u00fc insert sistemi ile montaj<br \/>\n\u0130letilen \u0131\u015f\u0131k \/ yans\u0131t\u0131lan \u0131\u015f\u0131k ile b\u00fcy\u00fctme do\u011frulu\u011fu +- 0,1% \/ +- 0,15%<br \/>\n\u015eebeke 220 V, 50 Hz<br \/>\nG\u00fc\u00e7 t\u00fcketimi 340 VA<br \/>\nTemel cihaz boyutlar\u0131 900 x 700 x 1700 mm<br \/>\nA\u011f\u0131rl\u0131k 180 kg<br \/>\nile<br \/>\n- 2 eksenli dijital ekran Mitutoyo<br \/>\nAksesuarlar <\/p>\n<p>Makine randevu ile incelenebilir.<br \/>\nTeknik veri ve bilgilerdeki de\u011fi\u015fiklikler ve hatalar ile \u00f6n sat\u0131\u015f hakk\u0131 sakl\u0131d\u0131r!<\/p>\n<p>Kullan\u0131lm\u0131\u015f<br \/>\nProfil projekt\u00f6r\u00fc Mitutoyo PV 500<br \/>\n500 mm ekranl\u0131 ve dijital g\u00f6stergeli<br \/>\nTeknik veriler:<br \/>\nProfil projekt\u00f6r markas\u0131 MITUTOYO tip PV-500<br \/>\nElek \u00e7ap\u0131 508 mm<br \/>\nEkran 360\u00b0 d\u00f6nd\u00fcr\u00fclebilir (vernier 1\u2032)<br \/>\nB\u00fcy\u00fctme m\u00fcmk\u00fcn 5 x , 10 x , 20 x , 50 x , 100 x<br \/>\nAdapt\u00f6rl\u00fc insert sistemi ile montaj<br \/>\n\u0130letilen \u0131\u015f\u0131k \/ yans\u0131t\u0131lan \u0131\u015f\u0131k ile b\u00fcy\u00fctme do\u011frulu\u011fu +- 0,1% \/ +- 0,15%<br \/>\n\u015eebeke 220 V, 50 Hz<br \/>\nG\u00fc\u00e7 t\u00fcketimi 340 VA<br \/>\nTemel cihaz boyutlar\u0131 900 x 700 x 1700 mm<br \/>\nA\u011f\u0131rl\u0131k 180 kg<br \/>\nile<br \/>\n- 2 eksenli dijital ekran Mitutoyo<br \/>\nAksesuarlar <\/p>\n<p>Makine randevu ile incelenebilir.<br \/>\nTeknik veri ve bilgilerdeki de\u011fi\u015fiklikler ve hatalar ile \u00f6n sat\u0131\u015f hakk\u0131 sakl\u0131d\u0131r!<\/p>","protected":false},"excerpt":{"rendered":"<p>Standort: Deutschland, Baden-W\u00fcrttemberg S\u00fcdwest Zustand: Gebraucht Betriebsstunden: keine IntNr231045 Gebr. Profilprojektor Mitutoyo PV 500 mit Bildschirm 500 mm und digitaler Anzeige Technische Daten: Profilprojektor Fabrikat MITUTOYO Typ PV-500 Bildschirmdurchmesser 508 mm Bildschirm drehbar um 360\u00b0 (Nonius 1\u00b4) Vergr\u00f6\u00dferung m\u00f6glich 5 x , 10 x , 20 x ,50x , 100 x Einbau erfolgt durch Einsatzsystem [&hellip;]<\/p>\n","protected":false},"featured_media":3402,"comment_status":"open","ping_status":"closed","template":"","meta":{"_uf_show_specific_survey":0,"_uf_disable_surveys":false},"product_brand":[],"product_cat":[98],"product_tag":[],"class_list":{"0":"post-3406","1":"product","2":"type-product","3":"status-publish","4":"has-post-thumbnail","6":"product_cat-messtechnik","8":"first","9":"instock","10":"taxable","11":"shipping-taxable","12":"product-type-simple"},"aioseo_notices":[],"_links":{"self":[{"href":"https:\/\/mueller-wrh.de\/tr\/wp-json\/wp\/v2\/product\/3406","targetHints":{"allow":["GET"]}}],"collection":[{"href":"https:\/\/mueller-wrh.de\/tr\/wp-json\/wp\/v2\/product"}],"about":[{"href":"https:\/\/mueller-wrh.de\/tr\/wp-json\/wp\/v2\/types\/product"}],"replies":[{"embeddable":true,"href":"https:\/\/mueller-wrh.de\/tr\/wp-json\/wp\/v2\/comments?post=3406"}],"wp:featuredmedia":[{"embeddable":true,"href":"https:\/\/mueller-wrh.de\/tr\/wp-json\/wp\/v2\/media\/3402"}],"wp:attachment":[{"href":"https:\/\/mueller-wrh.de\/tr\/wp-json\/wp\/v2\/media?parent=3406"}],"wp:term":[{"taxonomy":"product_brand","embeddable":true,"href":"https:\/\/mueller-wrh.de\/tr\/wp-json\/wp\/v2\/product_brand?post=3406"},{"taxonomy":"product_cat","embeddable":true,"href":"https:\/\/mueller-wrh.de\/tr\/wp-json\/wp\/v2\/product_cat?post=3406"},{"taxonomy":"product_tag","embeddable":true,"href":"https:\/\/mueller-wrh.de\/tr\/wp-json\/wp\/v2\/product_tag?post=3406"}],"curies":[{"name":"wp","href":"https:\/\/api.w.org\/{rel}","templated":true}]}}