{"id":3401,"date":"2025-04-29T16:38:34","date_gmt":"2025-04-29T16:38:34","guid":{"rendered":"https:\/\/mueller-wrh.de\/produkt\/gebr-dmc-80-h-baujahr-2001-intnr231113\/"},"modified":"2025-04-29T16:38:34","modified_gmt":"2025-04-29T16:38:34","slug":"gebr-dmc-80-h-baujahr-2001-intnr231113","status":"publish","type":"product","link":"https:\/\/mueller-wrh.de\/tr\/urun\/gebr-dmc-80-h-baujahr-2001-intnr231113\/","title":{"rendered":"DMC 80 H, yap\u0131m y\u0131l\u0131 2001 IntNr231113"},"content":{"rendered":"<p><b>Konum:<\/b> Almanya, Baden-W\u00fcrttemberg G\u00fcneybat\u0131<\/p>\n<p><b>Durum:<\/b> Yeni kadar iyi<\/p>\n<p><b>\u00dcretici firma:<\/b> DMG<\/p>\n<p><b>Model:<\/b> DMC 80 H<\/p>\n<p><b>\u00c7al\u0131\u015fma saatleri:<\/b> 83500<\/p>\n<p>IntNo231113<br \/>\nWarenentarifnummer \/ Mal tarife numaras\u0131 8457 10 10 00<br \/>\nYatay i\u015fleme merkezi<br \/>\n\u00dcretici: DMG Deckel Maho<br \/>\nTip: DMC 80H hi-dyn. 2 katl\u0131 plaka de\u011fi\u015ftiricili ve palet istasyonlu RS4 4 istasyon<br \/>\nNC d\u00f6ner tabla 360\u00b0<br \/>\nDo\u011fruluk paketi<br \/>\nAlet tutucular<br \/>\nDik konik: HST 100* DIN 69893 Form A<br \/>\nTak\u0131m magazin pozisyonlar\u0131 zinciri: 1 x 90 &amp; 1 x 90<br \/>\nTala\u015f konvey\u00f6r\u00fc Knoll'dan bant filtre dahil<br \/>\nBILUTEC Lufttechnik - Filtrasyon sistemleri<br \/>\nMakine numaras\u0131: 28840003102<br \/>\nYap\u0131m y\u0131l\u0131: 2001<br \/>\nKontrol sistemi: Siemens Sinumerik 840D<br \/>\n\u00c7al\u0131\u015fma saati: yakla\u015f\u0131k 83.500 saat<br \/>\nTeknik \u00d6zellikler<br \/>\nTeknik veriler<br \/>\nAna s\u00fcr\u00fcc\u00fc<br \/>\n- S\u0131v\u0131 so\u011futmal\u0131, h\u0131z kontroll\u00fc end\u00fcksiyon motoru ile do\u011frudan tahrik<br \/>\n- H\u0131z aral\u0131klar\u0131, kademesiz programlanabilir:<br \/>\no \u00c7al\u0131\u015fma modu: 0 ila 6.000 rpm<br \/>\no Ayar modu: 0 ila 800 rpm<br \/>\no Manuel i\u015flemler: 0 ila 5.000 rpm<br \/>\n- Tork:<br \/>\no S1 - 100% G\u00f6rev d\u00f6ng\u00fcs\u00fc: maks. 300 Nm (220 lb-ft)<br \/>\no S6 - 40% G\u00f6rev d\u00f6ng\u00fcs\u00fc: maks. 440 Nm (322 lb-ft)<br \/>\n- Performans:<br \/>\no S1 - 100% G\u00f6rev d\u00f6ng\u00fcs\u00fc: 25 kW (33 hp)<br \/>\no S6 - 40% G\u00f6rev d\u00f6ng\u00fcs\u00fc: 37 kW (49 hp)<br \/>\nBesleme tahriki<br \/>\n- 3 fazl\u0131 AC senkron servo motorlar<br \/>\n- X\/Y\/Z eksenlerinin ilerleme h\u0131z\u0131:<br \/>\no Kademesiz programlanabilir: 1 ila 40.000 mm\/dak (0,04 ila 1.575 in\u00e7\/dak)<br \/>\no H\u0131zl\u0131 travers: 40.000 mm\/dak (1.575 in\u00e7\/dak)<br \/>\no Kurulum modu: 1 ila 2.000 mm\/dak (0,04 ila 79 in\u00e7\/dak)<br \/>\no Manuel i\u015flemler: 1 ila 5.000 mm\/dak (0,04 ila 200 in\u00e7\/dak)<br \/>\n- Besleme g\u00fcc\u00fc:<br \/>\no X\/Z eksenleri (100% g\u00f6rev d\u00f6ng\u00fcs\u00fc): maks. 15.000 N (3.372 lb)<br \/>\no Y ekseni (100% g\u00f6rev d\u00f6ng\u00fcs\u00fc): maks. 10.000 N (2.255 lb)<br \/>\n\u00d6l\u00e7\u00fcm sistemi<br \/>\n- \u00c7\u00f6z\u00fcn\u00fcrl\u00fck, en k\u00fc\u00e7\u00fck giri\u015f ad\u0131m\u0131:<br \/>\no X\/Y\/Z eksenleri: 0,001 mm (0,0004 in\u00e7)<br \/>\n- Konum tolerans\u0131 (VDI\/DGQ 3441'e g\u00f6re):<br \/>\no X\/Y\/Z eksenlerinin do\u011frudan \u00f6l\u00e7\u00fcm\u00fc: 0,010 mm (0,004 in\u00e7)<br \/>\no B ekseninin do\u011frudan \u00f6l\u00e7\u00fcm\u00fc: 14 yay saniyesi<br \/>\nYuvarlak masa<br \/>\n- H\u0131z: maks. 19 rpm<br \/>\n- Palet s\u0131k\u0131\u015ft\u0131rma kuvveti: 120.000 N (27.000 lb)<br \/>\n- Devrilme momenti: maks. 16.000 Nm (3.520 lb-ft)<br \/>\n- Te\u011fetsel tork: maks. 4.800 Nm (3.523 lb-ft)<br \/>\nPalet<br \/>\n- Miktar: 1<br \/>\n- Boyut: 500 x 630 mm (19,7 x 24,8 in\u00e7)<br \/>\n- Palet ba\u015f\u0131na izin verilen y\u00fck:<br \/>\no 1 palet kullan\u0131ld\u0131\u011f\u0131nda: maks. 500 kg (1.102 lb)<br \/>\no 2 palet kullan\u0131ld\u0131\u011f\u0131nda: maks. 900 kg (1.984 lb)<br \/>\n- T yuvalar\u0131:<br \/>\no Say\u0131 x geni\u015flik: 4 x 14 mm (0,16 x 0,55 in\u00e7)<br \/>\n- K\u0131lavuz oluk:<br \/>\no Say\u0131 x geni\u015flik: 1 x 14 mm (0,04 x 0,55 in\u00e7)<br \/>\n\u00c7al\u0131\u015fma alan\u0131<br \/>\n- Seyahat mesafesi:<br \/>\no Tak\u0131m \u00e7ap\u0131 200 mm'den (7,87 in\u00e7) b\u00fcy\u00fck:<br \/>\no Tak\u0131m \u00e7ap\u0131 200 mm'den (7,87 in\u00e7) az:<br \/>\no Asimetrik hareket aral\u0131\u011f\u0131:<br \/>\no X ekseni: 800 mm (31,5 in\u00e7)<br \/>\no X ekseni: +500\/-400 mm (+19,7\/-15,7 in\u00e7)<br \/>\n\uf0a7 Y ekseni: 710 mm (27,9 in\u00e7)<br \/>\n\uf0a7 Z ekseni: 710 mm (27,9 in\u00e7)<br \/>\n\uf0a7 B ekseni: 360\u00b0<\/p>\n<p>Makine boyutu:<br \/>\n4.600 x 2.400 x 2.700 mm<br \/>\nMakine a\u011f\u0131rl\u0131\u011f\u0131:<br \/>\n10,500 kg<\/p>\n<p>1x makine: U = 530 cm x G = 240 cm x Y = 284 cm; M = 15.000 kg<br \/>\n1x \u015falter dolab\u0131: U = 170 cm x G = 60 cm x Y = 220 cm; M = 1.800 kg<br \/>\n1x tala\u015f konvey\u00f6r\u00fc: U = 520 cm x G = 50 cm x Y = 150 cm; M = 750 kg<br \/>\n2x aksesuarl\u0131 palet: U = 80 cm x G = 60 cm; M = 500 kg<br \/>\n1x Hidrolik \u00fcniteli Euro palet<br \/>\nBaz\u0131 aksesuarlarla birlikte 1x Euro palet<br \/>\n1x Kapakl\u0131 Euro palet: U = 200 cm x G = 100 cm<br \/>\n1x filtre ta\u015f\u0131y\u0131c\u0131: U = 240 cm x G = 80 cm x Y = 200 cm; M = 500 kg<br \/>\n1x alet magazini: U = 300 cm x G = 240 cm x Y = 338 cm; M = 7.000 kg<br \/>\n1x yuvarlak masa: U = 330 cm x G = 300 cm x Y = 220 cm; M = 4,500 kg<\/p>\n<p>Anla\u015fmaya g\u00f6re k\u0131sa s\u00fcrede teslimat.<\/p>\n<p>Makine randevu ile g\u00f6r\u00fclebilir.<br \/>\nTeknik veri ve bilgilerdeki de\u011fi\u015fiklikler ve hatalar ile \u00f6n sat\u0131\u015f hakk\u0131 sakl\u0131d\u0131r!<\/p>\n<p>Yatay i\u015fleme merkezi<br \/>\n\u00dcretici: DMG Deckel Maho<br \/>\nTip: DMC 80H hi-dyn. 2 katl\u0131 plaka de\u011fi\u015ftiricili ve palet istasyonlu RS4 4 istasyon<br \/>\nNC d\u00f6ner tabla 360<br \/>\nDo\u011fruluk paketi<br \/>\nAlet tutucular<br \/>\nDik konik: HST 100* DIN 69893 Form A<br \/>\nAlet magazin pozisyonlar\u0131 Zincir: 1 x 90 &amp; 1 x 90<br \/>\nTala\u015f konvey\u00f6r\u00fc Knoll'dan bant filtre dahil<br \/>\nBILUTEC Lufttechnik - Filtrasyon sistemleri<br \/>\nMakine numaras\u0131: 28840003102<br \/>\n\u00dcretim y\u0131l\u0131: 2001<br \/>\nKontrol: Siemens Sinumerik 840D<br \/>\n\u00c7al\u0131\u015fma saati: yakla\u015f\u0131k 83.500 saat<br \/>\nMakine \u00f6zellikleri<br \/>\nTeknik \u00f6zellikler<br \/>\nAna s\u00fcr\u00fcc\u00fc<br \/>\n- S\u0131v\u0131 so\u011futmal\u0131, h\u0131z kontroll\u00fc end\u00fcksiyon motoru ile do\u011frudan tahrik<br \/>\n- H\u0131z aral\u0131klar\u0131, kademesiz programlanabilir:<br \/>\no \u00c7al\u0131\u015fma modu: 0 ila 6.000 rpm<br \/>\no Ayar modu: 0 ila 800 rpm<br \/>\no Manuel m\u00fcdahale: 0 ila 5.000 rpm<br \/>\n- Tork:<br \/>\no S1 - 100% g\u00f6rev d\u00f6ng\u00fcs\u00fc: maks. 300 Nm (220 lb-ft)<br \/>\no S6 - 40% g\u00f6rev d\u00f6ng\u00fcs\u00fc: maks. 440 Nm (322 lb-ft)<br \/>\n- G\u00fc\u00e7:<br \/>\no S1 - 100% g\u00f6rev d\u00f6ng\u00fcs\u00fc: 25 kW (33 hp)<br \/>\no S6 - 40% g\u00f6rev d\u00f6ng\u00fcs\u00fc: 37 kW (49 hp)<br \/>\nBesleme tahriki<br \/>\n- 3 fazl\u0131 AC senkron servo motorlar<br \/>\n- X\/Y\/Z eksenlerinin ilerleme h\u0131z\u0131:<br \/>\no Kademesiz programlanabilir: 1 ila 40.000 mm\/dak (0,04 ila 1.575 in\u00e7\/dak)<br \/>\no H\u0131zl\u0131 travers: 40.000 mm\/dak (1,575 in\u00e7\/dak)<br \/>\no Kurulum modu: 1 ila 2.000 mm\/dak (0,04 ila 79 in\u00e7\/dak)<br \/>\no Manuel i\u015flemler: 1 ila 5.000 mm\/dak (0,04 ila 200 in\u00e7\/dak)<br \/>\n- Besleme g\u00fcc\u00fc:<br \/>\no X\/Z eksenleri (100% g\u00f6rev d\u00f6ng\u00fcs\u00fc): maks. 15.000 N (3.372 lb)<br \/>\no Y ekseni (100% g\u00f6rev d\u00f6ng\u00fcs\u00fc): maks. 10.000 N (2.255 lb)<br \/>\n\u00d6l\u00e7\u00fcm sistemi<br \/>\n- \u00c7\u00f6z\u00fcn\u00fcrl\u00fck, en k\u00fc\u00e7\u00fck giri\u015f ad\u0131m\u0131:<br \/>\no X\/Y\/Z eksenleri: 0,001 mm (0,0004 in\u00e7)<br \/>\n- Konum tolerans\u0131 (VDI\/DGQ 3441'e g\u00f6re):<br \/>\no X\/Y\/Z eksenlerinin do\u011frudan \u00f6l\u00e7\u00fcm\u00fc: 0,010 mm (0,004 in\u00e7)<br \/>\no B ekseninin do\u011frudan \u00f6l\u00e7\u00fcm\u00fc: 14 yay saniyesi<br \/>\nD\u00f6ner tabla<br \/>\n- H\u0131z: maks. 19 rpm<br \/>\n- Palet s\u0131k\u0131\u015ft\u0131rma kuvveti: 120.000 N (27.000 lb)<br \/>\n- Devirme torku: maks. 16.000 Nm (3.520 lb-ft)<br \/>\n- Te\u011fetsel tork: maks. 4.800 Nm (3.523 lb-ft)<br \/>\nPalet<br \/>\n- Miktar: 1<br \/>\n- Boyut: 500 x 630 mm (19,7 x 24,8 in\u00e7)<br \/>\n- Palet ba\u015f\u0131na izin verilen y\u00fck:<br \/>\no 1 palet kullan\u0131ld\u0131\u011f\u0131nda: maks. 500 kg (1.102 lb)<br \/>\no 2 palet kullan\u0131ld\u0131\u011f\u0131nda: maks. 900 kg (1.984 lb)<br \/>\n- T yuvalar\u0131:<br \/>\no Say\u0131 x geni\u015flik: 4 x 14 mm (0,16 x 0,55 in\u00e7)<br \/>\n- K\u0131lavuz oluk:<br \/>\no Say\u0131 x geni\u015flik: 1 x 14 mm (0,04 x 0,55 in\u00e7)<br \/>\n\u00c7al\u0131\u015fma aral\u0131\u011f\u0131<br \/>\n- Seyahat mesafesi:<br \/>\no Tak\u0131m \u00e7ap\u0131 200 mm'den (7,87 in\u00e7) b\u00fcy\u00fck:<br \/>\no Tak\u0131m \u00e7ap\u0131 200 mm'den (7,87 in\u00e7) k\u00fc\u00e7\u00fck:<br \/>\no Asimetrik hareket aral\u0131\u011f\u0131:<br \/>\no X ekseni: 800 mm (31,5 in\u00e7)<br \/>\no X ekseni: +500\/-400 mm (+19,7\/-15,7 in\u00e7)<br \/>\n\uf0a7 Y ekseni: 710 mm (27,9 in\u00e7)<br \/>\n\uf0a7 Z ekseni: 710 mm (27,9 in\u00e7)<br \/>\n\uf0a7 B ekseni: 360\u00b0<\/p>\n<p>Makine boyutu:<br \/>\n4.600 x 2.400 x 2.700 mm<br \/>\nMakine a\u011f\u0131rl\u0131\u011f\u0131:<br \/>\n10,500 kg<\/p>\n<p>1x makine: U = 530 cm x G = 240 cm x Y = 284 cm; M = 15.000 kg<br \/>\n1x kontrol kabini: U = 170 cm x G = 60 cm x Y = 220 cm; M = 1.800 kg<br \/>\n1x tala\u015f konvey\u00f6r\u00fc: U = 520 cm x G = 50 cm x Y = 150 cm; M = 750 kg<br \/>\n2x aksesuarl\u0131 palet: U = 80 cm x G = 60 cm; M = 500 kg<br \/>\n1x Hidrolik \u00fcniteli Euro palet<br \/>\nBaz\u0131 aksesuarlarla birlikte 1x Euro palet<br \/>\n1x Kapakl\u0131 Euro palet: U = 200 cm x G = 100 cm<br \/>\n1x filtre ta\u015f\u0131y\u0131c\u0131: U = 240 cm x G = 80 cm x Y = 200 cm; M = 500 kg<br \/>\n1x alet magazini: U = 300 cm x G = 240 cm x Y = 338 cm; M = 7.000 kg<br \/>\n1x d\u00f6ner tabla: U = 330 cm x G = 300 cm x Y = 220 cm; M = 4.500 kg<\/p>\n<p>Anla\u015fmaya g\u00f6re k\u0131sa s\u00fcrede teslimat.<\/p>\n<p>Makine randevu ile incelenebilir.<br \/>\nTeknik veri ve bilgilerdeki de\u011fi\u015fiklikler ve hatalar ile \u00f6n sat\u0131\u015f hakk\u0131 sakl\u0131d\u0131r!<\/p>","protected":false},"excerpt":{"rendered":"<p>Standort: Deutschland, Baden-W\u00fcrttemberg S\u00fcdwest Zustand: Neuwertig Hersteller: DMG Modell: DMC 80 H Betriebsstunden: 83500 IntNr231113 Warentarifnummer \/ Goods tariff number 8457 10 10 00 Bearbeitungszentrum Horizontal Hersteller: DMG Deckel Maho Typ: DMC 80H hi-dyn. RS4 mit 2fach Plattenwechsler und Paletten Bahnhof 4 Stationen NC-Rundtisch 360\u00b0 Genauigkeitspaket Werkzeugaufnahmen Steilkegel: HST 100* DIN 69893 Form A Werkzeugmagazinpositionen [&hellip;]<\/p>\n","protected":false},"featured_media":3392,"comment_status":"open","ping_status":"closed","template":"","meta":{"_uf_show_specific_survey":0,"_uf_disable_surveys":false},"product_brand":[],"product_cat":[21],"product_tag":[],"class_list":{"0":"post-3401","1":"product","2":"type-product","3":"status-publish","4":"has-post-thumbnail","6":"product_cat-cnc-bearbeitungszentrum","8":"first","9":"instock","10":"taxable","11":"shipping-taxable","12":"product-type-simple"},"aioseo_notices":[],"_links":{"self":[{"href":"https:\/\/mueller-wrh.de\/tr\/wp-json\/wp\/v2\/product\/3401","targetHints":{"allow":["GET"]}}],"collection":[{"href":"https:\/\/mueller-wrh.de\/tr\/wp-json\/wp\/v2\/product"}],"about":[{"href":"https:\/\/mueller-wrh.de\/tr\/wp-json\/wp\/v2\/types\/product"}],"replies":[{"embeddable":true,"href":"https:\/\/mueller-wrh.de\/tr\/wp-json\/wp\/v2\/comments?post=3401"}],"wp:featuredmedia":[{"embeddable":true,"href":"https:\/\/mueller-wrh.de\/tr\/wp-json\/wp\/v2\/media\/3392"}],"wp:attachment":[{"href":"https:\/\/mueller-wrh.de\/tr\/wp-json\/wp\/v2\/media?parent=3401"}],"wp:term":[{"taxonomy":"product_brand","embeddable":true,"href":"https:\/\/mueller-wrh.de\/tr\/wp-json\/wp\/v2\/product_brand?post=3401"},{"taxonomy":"product_cat","embeddable":true,"href":"https:\/\/mueller-wrh.de\/tr\/wp-json\/wp\/v2\/product_cat?post=3401"},{"taxonomy":"product_tag","embeddable":true,"href":"https:\/\/mueller-wrh.de\/tr\/wp-json\/wp\/v2\/product_tag?post=3401"}],"curies":[{"name":"wp","href":"https:\/\/api.w.org\/{rel}","templated":true}]}}