{"id":3297,"date":"2025-03-19T14:33:03","date_gmt":"2025-03-19T14:33:03","guid":{"rendered":"https:\/\/mueller-wrh.de\/produkt\/lang-lader_bevorratung-und-zufuehrsystem-inkl-20-schraubstoecke-intnr231262\/"},"modified":"2025-03-19T14:33:03","modified_gmt":"2025-03-19T14:33:03","slug":"lang-lader_bevorratung-und-zufuehrsystem-inkl-20-schraubstoecke-intnr231262","status":"publish","type":"product","link":"https:\/\/mueller-wrh.de\/tr\/urun\/lang-lader_bevorratung-und-zufuehrsystem-inkl-20-schraubstoecke-intnr231262\/","title":{"rendered":"LANG loader_stoklama ve besleme sistemi, 20 mengene dahil, IntNo231262"},"content":{"rendered":"<p><b>Konum:<\/b> Almanya, Baden-W\u00fcrttemberg G\u00fcneybat\u0131<\/p>\n<p><b>Durum:<\/b> Kullan\u0131lm\u0131\u015f<\/p>\n<p><b>\u00dcretici firma:<\/b> LANG<\/p>\n<p><b>Model:<\/b> LANG<\/p>\n<p><b>\u0130n\u015faat y\u0131l\u0131:<\/b> 2005<\/p>\n<p>2005'te in\u015fa edilen LANG Technik depolama ve besleme sistemi, 20 mengene dahil<\/p>\n<p>\u015eut d\u00fczenekli otomasyon sistemi Yakla\u015f\u0131k 50-60 s\u0131k\u0131\u015ft\u0131rma mengenesi depolama kapasitesi.<\/p>\n<p>Teknik a\u00e7\u0131klama:<br \/>\nLANG Technik stoklama ve besleme sistemi<br \/>\nKanal d\u00fczenlemeli LANG Technik otomasyon sistemi, ba\u011flama mengenelerinin verimli ve hassas y\u00f6netimi i\u00e7in \u00f6zel olarak tasarlanm\u0131\u015f geli\u015fmi\u015f bir otomatik i\u015f par\u00e7as\u0131 ta\u015f\u0131ma ve i\u015fleme \u00e7\u00f6z\u00fcm\u00fcd\u00fcr. 2005 y\u0131l\u0131nda in\u015fa edilen bu sistem, i\u015f par\u00e7as\u0131 i\u015flemeyi optimize ederek ve manuel m\u00fcdahaleyi azaltarak \u00fcretim s\u00fcre\u00e7lerini otomatikle\u015ftirmek ve verimlili\u011fi art\u0131rmak i\u00e7in tasarlanm\u0131\u015ft\u0131r.<\/p>\n<p>Kayar d\u00fczen:<br \/>\nOtomasyon sistemi, i\u015f par\u00e7alar\u0131n\u0131n s\u00fcrekli, g\u00fcvenli ve h\u0131zl\u0131 bir \u015fekilde bo\u015falt\u0131lmas\u0131n\u0131 ve ta\u015f\u0131nmas\u0131n\u0131 sa\u011flayan bir \u015fut d\u00fczene\u011fi ile donat\u0131lm\u0131\u015ft\u0131r. \u015eutlar, \u00e7e\u015fitli i\u015fleme istasyonlar\u0131 aras\u0131nda bir ba\u011flant\u0131 eleman\u0131 g\u00f6revi g\u00f6r\u00fcr ve t\u00fcm \u00fcretim s\u00fcreci boyunca i\u015f par\u00e7alar\u0131n\u0131n istikrarl\u0131 ve hassas bir \u015fekilde hareket etmesini sa\u011flamak i\u00e7in \u00f6zel olarak tasarlanm\u0131\u015ft\u0131r.<\/p>\n<p>Kontrol sistemi: S\u00fcrg\u00fc d\u00fczenlemesi, sistemin merkezi kontrol \u00fcnitesi arac\u0131l\u0131\u011f\u0131yla koordine edilir, b\u00f6ylece \u00e7al\u0131\u015fma tamamen otomatik ve verimli olur.<\/p>\n<p>- Depolama kapasitesi: yakla\u015f\u0131k 50-60 s\u0131k\u0131\u015ft\u0131rma mengenesi<br \/>\n- K\u0131zak malzemesi: uygulamaya ba\u011fl\u0131 olarak \u00e7elik veya al\u00fcminyum<br \/>\n- Otomasyon: Merkezi kontrol \u00fcnitesi ile tam otomatik<br \/>\n- Uygulama alan\u0131: \u00c7e\u015fitli boyut ve \u015fekillerdeki i\u015f par\u00e7alar\u0131n\u0131n i\u015flenmesi i\u00e7in<br \/>\n- Uygulama: \u00d6zellikle metal i\u015fleme ve end\u00fcstriyel \u00fcretim i\u00e7in uygundur<br \/>\n- Entegrasyon: Mevcut \u00fcretim s\u00fcre\u00e7lerine kolayca entegre edilebilir<\/p>\n<p>Makine randevu ile elektrik alt\u0131nda incelenebilir.<br \/>\nTeknik verilerdeki ve teknik \u00f6zelliklerdeki de\u011fi\u015fikliklere ve hatalara ve ayr\u0131ca sat\u0131\u015f \u00f6ncesine tabidir!<\/p>\n<p>2005'te in\u015fa edilen LANG Technik depolama ve besleme sistemi, 20 mengene dahil<\/p>\n<p>\u015eut d\u00fczenekli otomasyon sistemi Yakla\u015f\u0131k 50-60 ba\u011flama mengenesi depolama kapasitesi.<\/p>\n<p>Teknik a\u00e7\u0131klama:<br \/>\nLANG Technik depolama ve besleme sistemi<br \/>\n\u015eut d\u00fczenlemeli LANG Technik otomasyon sistemi, mengenelerin verimli ve hassas y\u00f6netimi i\u00e7in \u00f6zel olarak tasarlanm\u0131\u015f geli\u015fmi\u015f bir otomatik i\u015f par\u00e7as\u0131 ta\u015f\u0131ma ve i\u015fleme \u00e7\u00f6z\u00fcm\u00fcd\u00fcr. 2005 y\u0131l\u0131nda in\u015fa edilen bu sistem, i\u015f par\u00e7as\u0131 i\u015flemeyi optimize ederek ve manuel m\u00fcdahaleyi azaltarak \u00fcretim s\u00fcre\u00e7lerini otomatikle\u015ftirmek ve verimlili\u011fi art\u0131rmak i\u00e7in tasarlanm\u0131\u015ft\u0131r.<\/p>\n<p>\u015eut d\u00fczenlemesi:<br \/>\nOtomasyon sistemi, i\u015f par\u00e7alar\u0131n\u0131n s\u00fcrekli, g\u00fcvenli ve h\u0131zl\u0131 bir \u015fekilde bo\u015falt\u0131lmas\u0131n\u0131 ve ta\u015f\u0131nmas\u0131n\u0131 sa\u011flayan bir \u015fut d\u00fczene\u011fi ile donat\u0131lm\u0131\u015ft\u0131r. \u015eutlar, \u00e7e\u015fitli i\u015fleme istasyonlar\u0131 aras\u0131nda bir ba\u011flant\u0131 eleman\u0131 g\u00f6revi g\u00f6r\u00fcr ve t\u00fcm \u00fcretim s\u00fcreci boyunca i\u015f par\u00e7alar\u0131n\u0131n istikrarl\u0131 ve hassas bir \u015fekilde hareket etmesini sa\u011flamak i\u00e7in \u00f6zel olarak tasarlanm\u0131\u015ft\u0131r.<\/p>\n<p>Kontrol: \u015eut d\u00fczenlemesi, sistemin merkezi kontrol \u00fcnitesi arac\u0131l\u0131\u011f\u0131yla koordine edilir, b\u00f6ylece \u00e7al\u0131\u015fma tamamen otomatik ve verimli olur.<\/p>\n<p>- Depolama kapasitesi: yakla\u015f\u0131k 50-60 s\u0131k\u0131\u015ft\u0131rma mengenesi<br \/>\n- K\u0131zak malzemesi: Uygulamaya ba\u011fl\u0131 olarak \u00e7elik veya al\u00fcminyum<br \/>\n- Otomasyon: Merkezi kontrol \u00fcnitesi ile tam otomatik<br \/>\n- Uygulama alan\u0131: \u00c7e\u015fitli boyut ve \u015fekillerdeki i\u015f par\u00e7alar\u0131n\u0131n i\u015flenmesi i\u00e7in<br \/>\n- Uygulama: \u00d6zellikle metal i\u015fleme ve end\u00fcstriyel \u00fcretim i\u00e7in uygundur<br \/>\n- Entegrasyon: Mevcut \u00fcretim s\u00fcre\u00e7lerine kolayca entegre edilebilir<\/p>\n<p>Makine randevu ile elektrik alt\u0131nda incelenebilir.<br \/>\nTeknik verilerdeki ve bilgilerdeki de\u011fi\u015fikliklere ve hatalara ve ayr\u0131ca sat\u0131\u015f \u00f6ncesine tabidir!<\/p>","protected":false},"excerpt":{"rendered":"<p>Standort: Deutschland, Baden-W\u00fcrttemberg S\u00fcdwest Zustand: Gebraucht Hersteller: LANG Modell: LANG Baujahr: 2005 LANG Technik Bevorratung und Zuf\u00fchrsystem Baujahr 2005, inkl. 20 Schraubst\u00f6cke Automationssystem mit Rutschen-Anordnung Speicherkapazit\u00e4t von ca. 50-60 Spannschraubstocken. Technische Beschreibung: LANG Technik Bevorratung und Zuf\u00fchrsystem LANG Technik Automationssystem mit Rutschenanordnung ist eine hochentwickelte, automatisierte L\u00f6sung zur Handhabung und Bearbeitung von Werkst\u00fccken, die speziell [&hellip;]<\/p>\n","protected":false},"featured_media":3287,"comment_status":"open","ping_status":"closed","template":"","meta":{"_uf_show_specific_survey":0,"_uf_disable_surveys":false},"product_brand":[],"product_cat":[105],"product_tag":[],"class_list":{"0":"post-3297","1":"product","2":"type-product","3":"status-publish","4":"has-post-thumbnail","6":"product_cat-zubehoer-sonstiges","8":"first","9":"instock","10":"taxable","11":"shipping-taxable","12":"product-type-simple"},"aioseo_notices":[],"_links":{"self":[{"href":"https:\/\/mueller-wrh.de\/tr\/wp-json\/wp\/v2\/product\/3297","targetHints":{"allow":["GET"]}}],"collection":[{"href":"https:\/\/mueller-wrh.de\/tr\/wp-json\/wp\/v2\/product"}],"about":[{"href":"https:\/\/mueller-wrh.de\/tr\/wp-json\/wp\/v2\/types\/product"}],"replies":[{"embeddable":true,"href":"https:\/\/mueller-wrh.de\/tr\/wp-json\/wp\/v2\/comments?post=3297"}],"wp:featuredmedia":[{"embeddable":true,"href":"https:\/\/mueller-wrh.de\/tr\/wp-json\/wp\/v2\/media\/3287"}],"wp:attachment":[{"href":"https:\/\/mueller-wrh.de\/tr\/wp-json\/wp\/v2\/media?parent=3297"}],"wp:term":[{"taxonomy":"product_brand","embeddable":true,"href":"https:\/\/mueller-wrh.de\/tr\/wp-json\/wp\/v2\/product_brand?post=3297"},{"taxonomy":"product_cat","embeddable":true,"href":"https:\/\/mueller-wrh.de\/tr\/wp-json\/wp\/v2\/product_cat?post=3297"},{"taxonomy":"product_tag","embeddable":true,"href":"https:\/\/mueller-wrh.de\/tr\/wp-json\/wp\/v2\/product_tag?post=3297"}],"curies":[{"name":"wp","href":"https:\/\/api.w.org\/{rel}","templated":true}]}}