{"id":3286,"date":"2025-03-19T14:31:26","date_gmt":"2025-03-19T14:31:26","guid":{"rendered":"https:\/\/mueller-wrh.de\/produkt\/cellro-magazin-mit-fanuc-roboter-baujahr-2005_intnr231261\/"},"modified":"2025-07-14T09:53:08","modified_gmt":"2025-07-14T09:53:08","slug":"cellro-magazin-mit-fanuc-roboter-baujahr-2005_intnr231261","status":"publish","type":"product","link":"https:\/\/mueller-wrh.de\/tr\/urun\/cellro-magazin-mit-fanuc-roboter-baujahr-2005_intnr231261\/","title":{"rendered":"FANUC robot y\u0131l 2005_IntNr231261 ile Cellro dergisi"},"content":{"rendered":"<p><b>Konum:<\/b> Almanya, Baden-W\u00fcrttemberg G\u00fcneybat\u0131<\/p>\n<p><b>Durum:<\/b> Kullan\u0131lm\u0131\u015f<\/p>\n<p><b>\u00dcretici firma:<\/b> CELLRO<\/p>\n<p><b>Model:<\/b> CELLRO<\/p>\n<p><b>\u0130n\u015faat y\u0131l\u0131:<\/b> 2005<\/p>\n<p>FANUC robot ile Cellro dergisi 2005<\/p>\n<p>Cellro magazin otomatik depolama sistemi 300 tak\u0131m tutucu i\u00e7in bir robot magazin<br \/>\nFanuc robotlu Cellro dergisinin teknik a\u00e7\u0131klamas\u0131<\/p>\n<p>\u00d6zellikler:<br \/>\n- Tip: Otomatik depolama sistemi (robot magazin)<br \/>\n- Kapasite: 300 tak\u0131m tutucu (tak\u0131mlar\u0131 saklamak ve h\u0131zl\u0131ca de\u011fi\u015ftirmek i\u00e7in)<br \/>\n- Uygulama alan\u0131: CNC tak\u0131m tezgahlar\u0131, torna tezgahlar\u0131, freze tezgahlar\u0131, \u00fcretim s\u00fcre\u00e7lerinin otomasyonu<\/p>\n<p>\u0130\u015flevsellik:<br \/>\n- Otomasyon: Sistem, manuel m\u00fcdahale olmadan tak\u0131mlar\u0131n otomatik olarak sa\u011flanmas\u0131n\u0131 ve de\u011fi\u015ftirilmesini sa\u011flar. Bu, robotik bir kol kullan\u0131larak ger\u00e7ekle\u015ftirilir.<br \/>\n- Depolama: Aletler magazindeki \u00f6zel yuvalarda saklan\u0131r ve h\u0131zl\u0131 ve verimli bir \u015fekilde geri al\u0131nabilir.<br \/>\n- Tak\u0131m de\u011fi\u015fimi: Otomatik s\u00fcre\u00e7 sayesinde tak\u0131mlar m\u00fcmk\u00fcn olan en k\u0131sa s\u00fcrede de\u011fi\u015ftirilebilir. <\/p>\n<p>Makine randevu ile elektrik alt\u0131nda incelenebilir.<br \/>\nTeknik verilerdeki ve teknik \u00f6zelliklerdeki de\u011fi\u015fikliklere ve hatalara ve ayr\u0131ca sat\u0131\u015f \u00f6ncesine tabidir!<\/p>\n<p>FANUC robot ile Cellro dergisi 2005<\/p>\n<p>Cellro magazin otomatik depolama sistemi 300 tak\u0131m tutucu i\u00e7in bir robot magazin<br \/>\nFanuc robotlu Cellro dergisinin teknik a\u00e7\u0131klamas\u0131<\/p>\n<p>\u00d6zellikler:<br \/>\n- Tip: Otomatik depolama sistemi (robot magazin)<br \/>\n- Kapasite: 300 tak\u0131m tutucu (tak\u0131mlar\u0131n depolanmas\u0131 ve h\u0131zl\u0131 de\u011fi\u015fimi i\u00e7in)<br \/>\n- Uygulama alan\u0131: CNC tak\u0131m tezgahlar\u0131, torna tezgahlar\u0131, freze tezgahlar\u0131, \u00fcretim s\u00fcre\u00e7lerinin otomasyonu<\/p>\n<p>\u0130\u015flevsellik:<br \/>\n- Otomasyon: Sistem, manuel m\u00fcdahale olmadan tak\u0131mlar\u0131n otomatik olarak sa\u011flanmas\u0131n\u0131 ve de\u011fi\u015ftirilmesini sa\u011flar. Bu, bir robot kolu ile ger\u00e7ekle\u015ftirilir.<br \/>\n- Depolama: Aletler magazindeki \u00f6zel konumlarda saklan\u0131r ve h\u0131zl\u0131 ve verimli bir \u015fekilde geri al\u0131nabilir.<br \/>\n- Tak\u0131m de\u011fi\u015fimi: Otomatik s\u00fcre\u00e7 sayesinde tak\u0131mlar m\u00fcmk\u00fcn olan en k\u0131sa s\u00fcrede de\u011fi\u015ftirilir. <\/p>\n<p>Makine randevu ile elektrik alt\u0131nda incelenebilir.<br \/>\nTeknik verilerdeki ve teknik \u00f6zelliklerdeki de\u011fi\u015fikliklere ve hatalara ve ayr\u0131ca sat\u0131\u015f \u00f6ncesine tabidir!<\/p>","protected":false},"excerpt":{"rendered":"<p>Standort: Deutschland, Baden-W\u00fcrttemberg S\u00fcdwest Zustand: Gebraucht Hersteller: CELLRO Modell: CELLRO Baujahr: 2005 Cellro Magazin mit FANUC-Roboter 2005 Cellro Magazin automatisiertes Lagersystem ein Robotermagazin f\u00fcr 300 Werkzeugaufnahmen Technische Beschreibung des Cellro Magazin mit Fanuc Roboter Eigenschaften: \u2022 Typ: Automatisiertes Lagersystem (Robotermagazin) \u2022 Kapazit\u00e4t: 300 Werkzeugaufnahmen (f\u00fcr die Lagerung und den schnellen Austausch von Werkzeugen) \u2022 Einsatzgebiet: [&hellip;]<\/p>\n","protected":false},"featured_media":3355,"comment_status":"open","ping_status":"closed","template":"","meta":{"_uf_show_specific_survey":0,"_uf_disable_surveys":false},"product_brand":[],"product_cat":[105],"product_tag":[],"class_list":{"0":"post-3286","1":"product","2":"type-product","3":"status-publish","4":"has-post-thumbnail","6":"product_cat-zubehoer-sonstiges","8":"first","9":"instock","10":"taxable","11":"shipping-taxable","12":"product-type-simple"},"aioseo_notices":[],"_links":{"self":[{"href":"https:\/\/mueller-wrh.de\/tr\/wp-json\/wp\/v2\/product\/3286","targetHints":{"allow":["GET"]}}],"collection":[{"href":"https:\/\/mueller-wrh.de\/tr\/wp-json\/wp\/v2\/product"}],"about":[{"href":"https:\/\/mueller-wrh.de\/tr\/wp-json\/wp\/v2\/types\/product"}],"replies":[{"embeddable":true,"href":"https:\/\/mueller-wrh.de\/tr\/wp-json\/wp\/v2\/comments?post=3286"}],"wp:featuredmedia":[{"embeddable":true,"href":"https:\/\/mueller-wrh.de\/tr\/wp-json\/wp\/v2\/media\/3355"}],"wp:attachment":[{"href":"https:\/\/mueller-wrh.de\/tr\/wp-json\/wp\/v2\/media?parent=3286"}],"wp:term":[{"taxonomy":"product_brand","embeddable":true,"href":"https:\/\/mueller-wrh.de\/tr\/wp-json\/wp\/v2\/product_brand?post=3286"},{"taxonomy":"product_cat","embeddable":true,"href":"https:\/\/mueller-wrh.de\/tr\/wp-json\/wp\/v2\/product_cat?post=3286"},{"taxonomy":"product_tag","embeddable":true,"href":"https:\/\/mueller-wrh.de\/tr\/wp-json\/wp\/v2\/product_tag?post=3286"}],"curies":[{"name":"wp","href":"https:\/\/api.w.org\/{rel}","templated":true}]}}