{"id":3206,"date":"2025-03-13T16:41:37","date_gmt":"2025-03-13T16:41:37","guid":{"rendered":"https:\/\/mueller-wrh.de\/produkt\/gebr-cnc-drehmaschine-muratec-mt12_bj-2000-_intnr231235\/"},"modified":"2025-03-13T16:41:37","modified_gmt":"2025-03-13T16:41:37","slug":"gebr-cnc-drehmaschine-muratec-mt12_bj-2000-_intnr231235","status":"publish","type":"product","link":"https:\/\/mueller-wrh.de\/tr\/urun\/gebr-cnc-drehmaschine-muratec-mt12_bj-2000-_intnr231235\/","title":{"rendered":"kullan\u0131lm\u0131\u015f CNC torna MURATEC MT12_y\u0131l 2000 _IntNo231235"},"content":{"rendered":"<p><b>Konum:<\/b> Almanya, Baden-W\u00fcrttemberg G\u00fcneybat\u0131<\/p>\n<p><b>Durum:<\/b> Kullan\u0131lm\u0131\u015f<\/p>\n<p><b>\u00dcretici firma:<\/b> MURATEC<\/p>\n<p><b>Model:<\/b> MT12<\/p>\n<p><b>\u0130n\u015faat y\u0131l\u0131:<\/b> 2000<\/p>\n<p><b>\u00c7al\u0131\u015fma saatleri:<\/b> 70000<\/p>\n<p>MURATEC MT12<br \/>\n\u0130n\u015faat y\u0131l\u0131 2000<br \/>\nKontrol sistemi: Muratec FANUC<\/p>\n<p>\u00c7IFT MILLI CNC TORNA<\/p>\n<p>. Matkap aynas\u0131n\u0131n \u00e7ap\u0131 mm 165\/215 .<br \/>\n. Maks. D\u00f6nd\u00fcrme \u00e7ap\u0131 mm 210<br \/>\n. \u00c7ubuk \u00e7ap\u0131 mm 45 (opsiyon 51) .<br \/>\n. \u00c7ubuklarda d\u00f6nerken standart uzunluk mm 150<\/p>\n<p>. Mil No. 2<br \/>\n. C eksenleri (360 000 pozisyon) No. 2<br \/>\n. Mil merkezinden tabana kadar olan y\u00fckseklik mm 1100<br \/>\n. \u0130\u015f mili h\u0131z\u0131 rpm 4500 .<br \/>\n. \u0130\u015f mili g\u00fcc\u00fc kW 2 x 11<br \/>\n. \u0130\u015f mili burnu A2-5<br \/>\n. Mil yata\u011f\u0131 \u00e7ap\u0131 mm 90<\/p>\n<p>. X ekseni X1 \/ X2 mm 200<br \/>\n. Z ekseni (sol taraf) Z1 mm 200 .<br \/>\n. Z ekseni (sa\u011f taraf) Z2 mm 650<br \/>\n. H\u0131zl\u0131 ilerlemeler X, Z m\/dak 24<br \/>\n. H\u0131zl\u0131 ilerleme sa\u011f i\u015f mili m\/dak 32<\/p>\n<p>. \u0130stasyonlar No. 15 x 2<br \/>\n. \u0130ndeksleme s\u00fcresi sn 0,25<br \/>\n. Engelleme kuvveti kg 3200<br \/>\n. Kare mm 20<br \/>\n. \u00c7ap mm 40<\/p>\n<p>. G\u00fc\u00e7 kW 2,8<br \/>\n. H\u0131z rpm 4000<br \/>\n. C ekseninin konumland\u0131r\u0131lmas\u0131 Deg 0.001<br \/>\n. Maksimum delme \u00e7ap\u0131 mm 16<br \/>\n. Di\u015f kesme M 10<\/p>\n<p>Makine randevu ile incelenebilir.<br \/>\nTeknik veri ve bilgilerdeki de\u011fi\u015fiklikler ve hatalar ile \u00f6n sat\u0131\u015f hakk\u0131 sakl\u0131d\u0131r!<\/p>\n<p>MURATEC MT12<br \/>\n\u0130n\u015faat y\u0131l\u0131 2000<br \/>\nKontrol: Muratec FANUC<\/p>\n<p>IKI MILLI CNC TORNA TEZGAHI<\/p>\n<p>. Matkap aynas\u0131n\u0131n \u00e7ap\u0131 mm 165\/215 .<br \/>\n. Maks. d\u00f6n\u00fc\u015f \u00e7ap\u0131 mm 210<br \/>\n. \u00c7ubuk \u00e7ap\u0131 mm 45 (opsiyon 51) .<br \/>\n. \u00c7ubuklarda d\u00f6nerken standart uzunluk mm 150<\/p>\n<p>. Mil no. 2<br \/>\n. C eksenleri (360 000 pozisyon) No. 2<br \/>\n. Mil merkezinden zemine kadar olan y\u00fckseklik mm 1100<br \/>\n. \u0130\u015f mili h\u0131z\u0131 rpm 4500 .<br \/>\n. \u0130\u015f mili g\u00fcc\u00fc kW 2 x 11<br \/>\n. \u0130\u015f mili burnu A2-5<br \/>\n. Mil yata\u011f\u0131 \u00e7ap\u0131 mm 90<\/p>\n<p>. X ekseni X1 \/ X2 mm 200<br \/>\n. Z ekseni (sol taraf) Z1 mm 200 .<br \/>\n. Z ekseni (sa\u011f taraf) Z2 mm 650<br \/>\n. H\u0131zl\u0131 ilerlemeler X, Z m\/dak 24<br \/>\n. H\u0131zl\u0131 ilerleme sa\u011f i\u015f mili m\/dak 32<\/p>\n<p>. \u0130stasyonlar No. 15 x 2<br \/>\n. \u0130ndeksleme s\u00fcresi sn 0,25<br \/>\n. Engelleme kuvveti kg 3200<br \/>\n. Kare mm 20<br \/>\n. \u00c7ap mm 40<\/p>\n<p>. G\u00fc\u00e7 kW 2,8<br \/>\n. H\u0131z rpm 4000<br \/>\n. C ekseninin konumland\u0131r\u0131lmas\u0131 Deg 0.001<br \/>\n. Maksimum delme \u00e7ap\u0131 mm 16<br \/>\n. Di\u015f kesme M 10<\/p>\n<p>Makine randevu ile incelenebilir.<br \/>\nTeknik veri ve bilgilerdeki de\u011fi\u015fiklikler ve hatalar ile \u00f6n sat\u0131\u015f hakk\u0131 sakl\u0131d\u0131r!<\/p>","protected":false},"excerpt":{"rendered":"<p>Standort: Deutschland, Baden-W\u00fcrttemberg S\u00fcdwest Zustand: Gebraucht Hersteller: MURATEC Modell: MT12 Baujahr: 2000 Betriebsstunden: 70000 MURATEC MT12 Baujahr 2000 Steuerung: Muratec FANUC ZWEISPINDEL-CNC-DREHMASCHINE . Durchmesser des Bohrfutters mm 165\/215 . . Max. Drehdurchmesser mm 210 . Stangendurchmesser mm 45 (Option 51) . . Standardl\u00e4nge beim Drehen in Stangen mm 150 . Spindeln Anz. 2 . C-Achsen [&hellip;]<\/p>\n","protected":false},"featured_media":3196,"comment_status":"open","ping_status":"closed","template":"","meta":{"_uf_show_specific_survey":0,"_uf_disable_surveys":false},"product_brand":[],"product_cat":[103],"product_tag":[],"class_list":{"0":"post-3206","1":"product","2":"type-product","3":"status-publish","4":"has-post-thumbnail","6":"product_cat-cnc-drehmaschinen-200-249mm-drehd","8":"first","9":"instock","10":"taxable","11":"shipping-taxable","12":"product-type-simple"},"aioseo_notices":[],"_links":{"self":[{"href":"https:\/\/mueller-wrh.de\/tr\/wp-json\/wp\/v2\/product\/3206","targetHints":{"allow":["GET"]}}],"collection":[{"href":"https:\/\/mueller-wrh.de\/tr\/wp-json\/wp\/v2\/product"}],"about":[{"href":"https:\/\/mueller-wrh.de\/tr\/wp-json\/wp\/v2\/types\/product"}],"replies":[{"embeddable":true,"href":"https:\/\/mueller-wrh.de\/tr\/wp-json\/wp\/v2\/comments?post=3206"}],"wp:featuredmedia":[{"embeddable":true,"href":"https:\/\/mueller-wrh.de\/tr\/wp-json\/wp\/v2\/media\/3196"}],"wp:attachment":[{"href":"https:\/\/mueller-wrh.de\/tr\/wp-json\/wp\/v2\/media?parent=3206"}],"wp:term":[{"taxonomy":"product_brand","embeddable":true,"href":"https:\/\/mueller-wrh.de\/tr\/wp-json\/wp\/v2\/product_brand?post=3206"},{"taxonomy":"product_cat","embeddable":true,"href":"https:\/\/mueller-wrh.de\/tr\/wp-json\/wp\/v2\/product_cat?post=3206"},{"taxonomy":"product_tag","embeddable":true,"href":"https:\/\/mueller-wrh.de\/tr\/wp-json\/wp\/v2\/product_tag?post=3206"}],"curies":[{"name":"wp","href":"https:\/\/api.w.org\/{rel}","templated":true}]}}