{"id":3195,"date":"2025-03-13T16:41:22","date_gmt":"2025-03-13T16:41:22","guid":{"rendered":"https:\/\/mueller-wrh.de\/produkt\/gebr-cnc-drehmaschine-takamaz-xy-120-y-plus-bj-2016_02-_intnr231237\/"},"modified":"2025-03-13T16:41:22","modified_gmt":"2025-03-13T16:41:22","slug":"gebr-cnc-drehmaschine-takamaz-xy-120-y-plus-bj-2016_02-_intnr231237","status":"publish","type":"product","link":"https:\/\/mueller-wrh.de\/tr\/urun\/gebr-cnc-drehmaschine-takamaz-xy-120-y-plus-bj-2016_02-_intnr231237\/","title":{"rendered":"kullan\u0131lm\u0131\u015f CNC torna Takamaz XY-120 Y plus y\u0131l 2016_02 _IntNr231237"},"content":{"rendered":"<p><b>Konum:<\/b> Almanya, Baden-W\u00fcrttemberg G\u00fcneybat\u0131<\/p>\n<p><b>Durum:<\/b> Kullan\u0131lm\u0131\u015f<\/p>\n<p><b>\u00dcretici firma:<\/b> Takamaz<\/p>\n<p><b>Model:<\/b> XY-120Y art\u0131<\/p>\n<p><b>\u0130n\u015faat y\u0131l\u0131:<\/b> 2016<\/p>\n<p><b>\u00c7al\u0131\u015fma saatleri:<\/b> 6945<\/p>\n<p>Dahili no: 231237<br \/>\nMakine tan\u0131m\u0131: CNC k\u0131sa torna<br \/>\n\u00dcretici: Takamaz<br \/>\nModel: XY-120 Y Plus<br \/>\nYap\u0131m y\u0131l\u0131: \u015eubat 2016<br \/>\nKontrol sistemi: Fanuc Oi-TD<br \/>\n________________________________________<br \/>\nTakamaz XY-120 Y Plus - CNC k\u0131sa torna makinesi<br \/>\nTakamaz XY-120 Y Plus, seri \u00fcretim gereksinimleri i\u00e7in \u00f6zel olarak geli\u015ftirilmi\u015f y\u00fcksek hassasiyetli bir CNC k\u0131sa torna tezgah\u0131d\u0131r. Kompakt tasar\u0131m\u0131, sa\u011flam yap\u0131s\u0131 ve g\u00fc\u00e7l\u00fc Fanuc Oi-TD kontrol\u00fc ile karma\u015f\u0131k i\u015f par\u00e7alar\u0131n\u0131n maksimum verimlilik ve hassasiyetle i\u015flenmesini sa\u011flar. Entegre Y ekseni, i\u015fleme se\u00e7eneklerini \u00f6nemli \u00f6l\u00e7\u00fcde geni\u015fleterek zorlu frezeleme ve delme i\u015flemlerinin bile tek bir kurulumda ger\u00e7ekle\u015ftirilmesine olanak tan\u0131r.<br \/>\n________________________________________<br \/>\nTeknik veriler:<br \/>\n- \u0130n\u015faat y\u0131l\u0131: 2016 (\u015eubat)<br \/>\n- Kontrol sistemi: Fanuc Oi-TD<br \/>\n- \u0130\u015flem saati: 6.945 saat<br \/>\n- Kontrol \u00fcnitesi saatleri: 40,718 saat<br \/>\n- \u0130\u015flevsellik: Tamamen i\u015flevsel<br \/>\nAkslar:<br \/>\n- X1 ekseni (150 mm)<br \/>\n- Z1 aks (330 mm)<br \/>\n- Y1 ekseni (+\/- 35 mm)<br \/>\n- X2 ekseni (150 mm)<br \/>\n- Z2 aks (440 mm)<br \/>\n- i\u015fleme kapasitesi:<br \/>\n- Maks. D\u00f6nd\u00fcrme \u00e7ap\u0131: Ana 170 mm \/ Alt 135mm<br \/>\n- Maks. D\u00f6nme uzunlu\u011fu: 330 mm<br \/>\n- \u00c7ubuk ge\u00e7i\u015fi: Ana \u00d8 42 mm \/ Alt \u00d820mm<br \/>\n- \u0130\u015f mili h\u0131z\u0131: 5.000 rpm'ye kadar<br \/>\n- Tahrik g\u00fcc\u00fc: y\u00fcksek kesme h\u0131zlar\u0131 i\u00e7in g\u00fc\u00e7l\u00fc i\u015f mili motoru<br \/>\n- 2 tak\u0131m tareti: Her biri 12 konumlu taret, tahrikli tak\u0131mlar i\u00e7in uygundur<br \/>\n________________________________________<br \/>\n\u00c7evre:<br \/>\n- \u00c7ubuk besleyici: Top Automazioni Fusion FU350M - verimli malzeme besleme i\u00e7in<br \/>\n- So\u011futma s\u0131v\u0131s\u0131 sistemi: optimum i\u015fleme ko\u015fullar\u0131 i\u00e7in entegre<br \/>\n- K\u0131lavuzlar: mevcut<br \/>\n- Tala\u015f konvey\u00f6r\u00fc<br \/>\n________________________________________<br \/>\nA\u011f\u0131rl\u0131k ve boyutlar:<br \/>\n- Boyutlar (U x G x Y): 2.630 x 1.950 x 1.730 mm<br \/>\n- Makine a\u011f\u0131rl\u0131\u011f\u0131: 4,500 kg<br \/>\n________________________________________<br \/>\nDurum:<br \/>\nMakine tamamen i\u015flevseldir ve iyi, kullan\u0131lm\u0131\u015f durumdad\u0131r.<br \/>\nDaha fazla bilgi almak veya makineyi g\u00fc\u00e7 alt\u0131nda g\u00f6rmek \u00fczere bir randevu ayarlamak i\u00e7in l\u00fctfen bizimle ileti\u015fime ge\u00e7mekten \u00e7ekinmeyin.<br \/>\nTeknik verilerdeki ve bilgilerdeki de\u011fi\u015fikliklere ve hatalara ve ayr\u0131ca sat\u0131\u015f \u00f6ncesine tabidir.<\/p>\n<p>Makine tan\u0131m\u0131: CNC k\u0131sa torna<br \/>\n\u00dcretici: Takamaz<br \/>\nModel: XY-120 Y Plus<br \/>\n\u00dcretim y\u0131l\u0131: \u015eubat 2016<br \/>\nKontrol sistemi: Fanuc Oi-TD<br \/>\n________________________________________<br \/>\nTakamaz XY-120 Y Plus - CNC k\u0131sa torna makinesi<br \/>\nTakamaz XY-120 Y Plus, seri \u00fcretim gereksinimleri i\u00e7in \u00f6zel olarak geli\u015ftirilmi\u015f y\u00fcksek hassasiyetli bir CNC k\u0131sa torna tezgah\u0131d\u0131r. Kompakt tasar\u0131m\u0131, sa\u011flam yap\u0131s\u0131 ve g\u00fc\u00e7l\u00fc Fanuc Oi-TD kontrol\u00fc ile karma\u015f\u0131k i\u015f par\u00e7alar\u0131n\u0131n maksimum verimlilik ve hassasiyetle i\u015flenmesini sa\u011flar. Entegre Y ekseni, i\u015fleme se\u00e7eneklerini \u00f6nemli \u00f6l\u00e7\u00fcde geni\u015fleterek zorlu frezeleme ve delme i\u015flemlerinin bile tek bir kurulumda ger\u00e7ekle\u015ftirilmesine olanak tan\u0131r.<br \/>\n________________________________________<br \/>\nTeknik veriler:<br \/>\n- \u0130n\u015faat y\u0131l\u0131: 2016 (\u015eubat)<br \/>\n- Kontrol sistemi: Fanuc Oi-TD<br \/>\n- \u0130\u015fleme saati: 6,945 saat<br \/>\n- Kontrol \u00fcnitesi saatleri: 40,718 saat<br \/>\n- \u0130\u015flevsellik: Tamamen i\u015flevsel<br \/>\nEksenler:<br \/>\n- X1 ekseni (150 mm)<br \/>\n- Z1 ekseni (330 mm)<br \/>\n- Y1 ekseni (+\/- 35 mm)<br \/>\n- X2 ekseni (150 mm)<br \/>\n- Z2 ekseni (440 mm)<br \/>\n- \u0130\u015fleme kapasitesi:<br \/>\n- Maks. Tornalama \u00e7ap\u0131: Ana 170 mm \/ Alt 135 mm<br \/>\n- Maks. D\u00f6nme uzunlu\u011fu: 330 mm<br \/>\n- \u00c7ubuk kapasitesi: Ana \u00d8 42 mm \/ Alt \u00d820mm<br \/>\n- \u0130\u015f mili h\u0131z\u0131: 5.000 rpm'ye kadar<br \/>\n- Tahrik g\u00fcc\u00fc: y\u00fcksek kesme h\u0131zlar\u0131 i\u00e7in g\u00fc\u00e7l\u00fc i\u015f mili motoru<br \/>\n- 2 tak\u0131m tareti: Her biri 12 konumlu taret, tahrikli tak\u0131mlar i\u00e7in uygun<br \/>\n\u00c7evre birimleri:<br \/>\n- \u00c7ubuk besleyici: Top Automazioni Fusion FU350M - verimli malzeme beslemesi i\u00e7in<br \/>\n- So\u011futma s\u0131v\u0131s\u0131 sistemi: optimum i\u015fleme ko\u015fullar\u0131 i\u00e7in entegre<br \/>\n- K\u0131lavuzlar: mevcut<br \/>\n- Tala\u015f konvey\u00f6r\u00fc<br \/>\n________________________________________<br \/>\nA\u011f\u0131rl\u0131k ve boyutlar:<br \/>\n- Boyutlar (U x G x Y): 2.630 x 1.950 x 1.730 mm<br \/>\n- Makine a\u011f\u0131rl\u0131\u011f\u0131: 4.500 kg<br \/>\n________________________________________<br \/>\nDurum:<br \/>\nMakine tamamen i\u015flevseldir ve iyi, kullan\u0131lm\u0131\u015f durumdad\u0131r.<br \/>\nDaha fazla bilgi almak veya makineyi g\u00fc\u00e7 alt\u0131nda g\u00f6rmek \u00fczere bir randevu ayarlamak i\u00e7in l\u00fctfen bizimle ileti\u015fime ge\u00e7mekten \u00e7ekinmeyin.<br \/>\nTeknik verilerdeki ve bilgilerdeki de\u011fi\u015fikliklere ve hatalara ve ayr\u0131ca sat\u0131\u015f \u00f6ncesine tabidir.<\/p>","protected":false},"excerpt":{"rendered":"<p>Standort: Deutschland, Baden-W\u00fcrttemberg S\u00fcdwest Zustand: Gebraucht Hersteller: Takamaz Modell: XY-120Y plus Baujahr: 2016 Betriebsstunden: 6945 Interne Nr.: 231237 Maschinenbezeichnung: CNC-Kurzdrehmaschine Hersteller: Takamaz Modell: XY-120 Y Plus Baujahr: Februar 2016 Steuerung: Fanuc Oi-TD ________________________________________ Takamaz XY-120 Y Plus \u2013 CNC-Kurzdrehmaschine Die Takamaz XY-120 Y Plus ist eine hochpr\u00e4zise CNC-Kurzdrehmaschine, die speziell f\u00fcr die Anforderungen in der [&hellip;]<\/p>\n","protected":false},"featured_media":3185,"comment_status":"open","ping_status":"closed","template":"","meta":{"_uf_show_specific_survey":0,"_uf_disable_surveys":false},"product_brand":[],"product_cat":[90],"product_tag":[],"class_list":{"0":"post-3195","1":"product","2":"type-product","3":"status-publish","4":"has-post-thumbnail","6":"product_cat-cnc-drehmaschinen-0-199mm-drehd","8":"first","9":"instock","10":"taxable","11":"shipping-taxable","12":"product-type-simple"},"aioseo_notices":[],"_links":{"self":[{"href":"https:\/\/mueller-wrh.de\/tr\/wp-json\/wp\/v2\/product\/3195","targetHints":{"allow":["GET"]}}],"collection":[{"href":"https:\/\/mueller-wrh.de\/tr\/wp-json\/wp\/v2\/product"}],"about":[{"href":"https:\/\/mueller-wrh.de\/tr\/wp-json\/wp\/v2\/types\/product"}],"replies":[{"embeddable":true,"href":"https:\/\/mueller-wrh.de\/tr\/wp-json\/wp\/v2\/comments?post=3195"}],"wp:featuredmedia":[{"embeddable":true,"href":"https:\/\/mueller-wrh.de\/tr\/wp-json\/wp\/v2\/media\/3185"}],"wp:attachment":[{"href":"https:\/\/mueller-wrh.de\/tr\/wp-json\/wp\/v2\/media?parent=3195"}],"wp:term":[{"taxonomy":"product_brand","embeddable":true,"href":"https:\/\/mueller-wrh.de\/tr\/wp-json\/wp\/v2\/product_brand?post=3195"},{"taxonomy":"product_cat","embeddable":true,"href":"https:\/\/mueller-wrh.de\/tr\/wp-json\/wp\/v2\/product_cat?post=3195"},{"taxonomy":"product_tag","embeddable":true,"href":"https:\/\/mueller-wrh.de\/tr\/wp-json\/wp\/v2\/product_tag?post=3195"}],"curies":[{"name":"wp","href":"https:\/\/api.w.org\/{rel}","templated":true}]}}