{"id":3166,"date":"2025-03-13T16:40:39","date_gmt":"2025-03-13T16:40:39","guid":{"rendered":"https:\/\/mueller-wrh.de\/produkt\/gebr-cnc-drehmaschine-index-c100-mit-2-revolver_beladesystem_-bj-2011-_intnr231240\/"},"modified":"2025-03-13T16:40:39","modified_gmt":"2025-03-13T16:40:39","slug":"gebr-cnc-drehmaschine-index-c100-mit-2-revolver_beladesystem_-bj-2011-_intnr231240","status":"publish","type":"product","link":"https:\/\/mueller-wrh.de\/tr\/urun\/gebr-cnc-drehmaschine-index-c100-mit-2-revolver_beladesystem_-bj-2011-_intnr231240\/","title":{"rendered":"kullan\u0131lm\u0131\u015f CNC torna Index C100 2 taretli_y\u00fckleme sistemli_y\u0131l 2011 _IntNo231240"},"content":{"rendered":"<p><b>Konum:<\/b> Almanya, Baden-W\u00fcrttemberg G\u00fcneybat\u0131<\/p>\n<p><b>Durum:<\/b> Kullan\u0131lm\u0131\u015f<\/p>\n<p><b>\u00dcretici firma:<\/b> Dizin<\/p>\n<p><b>Model:<\/b> 2 taretli C100<\/p>\n<p><b>\u0130n\u015faat y\u0131l\u0131:<\/b> 2011<\/p>\n<p>Dahili no: 231240<br \/>\nMakine tan\u0131m\u0131: CNC k\u0131sa torna<br \/>\n\u00dcretici: Index<br \/>\nModel: C100 2 REVOLVER<br \/>\n\u0130n\u015faat y\u0131l\u0131: 2011<br \/>\nKontrol sistemi: Siemens<br \/>\nTaret say\u0131s\u0131: 2 (\u00fcst \/ alt)<br \/>\nTaret ba\u015f\u0131na tak\u0131m pozisyonlar\u0131: 12 istasyon, tamam\u0131 tahrikli<br \/>\n________________________________________<br \/>\nINDEX C100\/2 REVOLVER WHU y\u00fckleme sistemi CNC k\u0131sa torna makinesi<br \/>\n________________________________________<br \/>\nTeknik veriler:<br \/>\n- \u0130n\u015faat y\u0131l\u0131: 2011<br \/>\n- Kontrol sistemi: Siemens 840D<br \/>\n- \u0130\u015flem saatleri:  Saatler<br \/>\n- Kontrol saatleri: Saatler<br \/>\n- \u0130\u015flevsellik: Tamamen i\u015flevsel<br \/>\nEksen konfig\u00fcrasyonu:<br \/>\n- X ekseni (\u00fcst\/alt):<br \/>\no Hareket mesafesi: yakla\u015f\u0131k 100 mm<br \/>\no H\u0131zl\u0131 travers: 30 m\/dak'ya kadar<br \/>\n- Z ekseni (\u00fcst\/alt):<br \/>\no Hareket mesafesi: yakla\u015f\u0131k 320 mm<br \/>\no H\u0131zl\u0131 travers: 30 m\/dak'ya kadar<br \/>\n- Y ekseni (varsa iste\u011fe ba\u011fl\u0131):<br \/>\no Hareket mesafesi: \u00b150 mm<br \/>\n\u0130\u015f mili verileri:<br \/>\n- Ana mil:<br \/>\no \u0130\u015f mili h\u0131z\u0131: 6.000 rpm'ye kadar<br \/>\no Tahrik g\u00fcc\u00fc: yakla\u015f\u0131k 18 kW<br \/>\n- Kar\u015f\u0131 i\u015f mili:<br \/>\no Ana i\u015f mili ile senkronize<br \/>\no Ana i\u015f mili ile ayn\u0131 teknik veriler<br \/>\nAlet s\u00fcr\u00fcc\u00fcs\u00fc:<br \/>\n- Elektrikli aletler: Evet<br \/>\n- Tak\u0131m h\u0131z\u0131: 6.000 rpm'ye kadar<br \/>\n- Tahrik g\u00fcc\u00fc: taret ba\u015f\u0131na yakla\u015f\u0131k 5 kW<br \/>\n\u00d6zel \u00f6zellikler:<br \/>\n- Her iki taret ile e\u015f zamanl\u0131 \u00e7al\u0131\u015fma m\u00fcmk\u00fcnd\u00fcr<br \/>\n- K\u0131sa d\u00f6ng\u00fc s\u00fcreleri i\u00e7in y\u00fcksek dinamikler<br \/>\n- \u0130ste\u011fe ba\u011fl\u0131 olarak \u00e7ubuk y\u00fckleyici ve tala\u015f konvey\u00f6r\u00fc ile<\/p>\n<p>\u00c7evre:<br \/>\n- Besleme sistemi: WHU y\u00fckleme sistemi \/ par\u00e7a bo\u015fluklar\u0131 i\u00e7in gantry y\u00fckleme sistemi<br \/>\n- K\u0131lavuzlar: mevcut<br \/>\n- Tala\u015f konvey\u00f6r\u00fc<br \/>\n- Y\u00fcksek bas\u0131n\u00e7 sistemi<br \/>\n- Cam terazi<br \/>\n________________________________________<br \/>\nBoyutlar ve a\u011f\u0131rl\u0131k:<br \/>\n- Makine boyutlar\u0131 (U x G x Y): yakla\u015f\u0131k 3.000 x 1.800 x 2.000 mm<br \/>\n- A\u011f\u0131rl\u0131k: yakla\u015f\u0131k 6.500 kg<\/p>\n<p>Durum:<br \/>\nMakine tamamen i\u015flevseldir ve iyi, kullan\u0131lm\u0131\u015f durumdad\u0131r.<br \/>\nDaha fazla bilgi almak veya makineyi g\u00fc\u00e7 alt\u0131nda g\u00f6rmek \u00fczere bir randevu ayarlamak i\u00e7in l\u00fctfen bizimle ileti\u015fime ge\u00e7mekten \u00e7ekinmeyin.<br \/>\nTeknik verilerdeki ve bilgilerdeki de\u011fi\u015fikliklere ve hatalara ve ayr\u0131ca sat\u0131\u015f \u00f6ncesine tabidir.<\/p>\n<p>Makine tan\u0131m\u0131: CNC k\u0131sa torna<br \/>\n\u00dcretici: Index<br \/>\nModel: C100 2 REVOLVER<br \/>\n\u00dcretim y\u0131l\u0131: 2011<br \/>\nKontrol: Siemens<br \/>\nTaret say\u0131s\u0131: 2 (\u00fcst \/ alt)<br \/>\nTaret ba\u015f\u0131na tak\u0131m yerleri: 12 istasyon, tamam\u0131 tahrikli<br \/>\n________________________________________<br \/>\nINDEX C100\/2 REVOLVER WHU Y\u00fckleme sistemi CNC k\u0131sa torna makinesi<br \/>\n________________________________________<br \/>\nTeknik Veriler:<br \/>\n- \u00dcretim y\u0131l\u0131: 2011<br \/>\n- Kontrol: Siemens 840D<br \/>\n- \u0130\u015fleme saatleri: Saatler<br \/>\n- Kontrol saatleri: Saatler<br \/>\n- \u0130\u015flevsellik: Tamamen i\u015flevsel<br \/>\nEksen konfig\u00fcrasyonu:<br \/>\n- X ekseni (\u00fcst\/alt):<br \/>\no Hareket mesafesi: yakla\u015f\u0131k 100 mm<br \/>\no H\u0131zl\u0131 travers: 30 m\/dak'ya kadar<br \/>\n- Z ekseni (\u00fcst\/alt):<br \/>\no Hareket mesafesi: yakla\u015f\u0131k 320 mm<br \/>\no H\u0131zl\u0131 travers: 30 m\/dak'ya kadar<br \/>\n- Y ekseni (varsa iste\u011fe ba\u011fl\u0131):<br \/>\no Travers yolu: \u00b150 mm<br \/>\n\u0130\u015f mili verileri:<br \/>\n- Ana mil:<br \/>\no \u0130\u015f mili h\u0131z\u0131: 6.000 rpm'ye kadar<br \/>\no Tahrik g\u00fcc\u00fc: yakla\u015f\u0131k 18 kW<br \/>\n- Kar\u015f\u0131 i\u015f mili:<br \/>\no Ana i\u015f mili ile senkronize<br \/>\no Ana i\u015f mili ile ayn\u0131 teknik veriler<br \/>\nAlet s\u00fcr\u00fcc\u00fcs\u00fc:<br \/>\n- Tahrikli ara\u00e7lar: Evet<br \/>\n- Tak\u0131m h\u0131z\u0131: 6.000 rpm'ye kadar<br \/>\n- Tahrik g\u00fcc\u00fc: taret ba\u015f\u0131na yakla\u015f\u0131k 5 kW<br \/>\n\u00d6zel \u00f6zellikler:<br \/>\n- Her iki taret ile e\u015f zamanl\u0131 \u00e7al\u0131\u015fma m\u00fcmk\u00fcnd\u00fcr<br \/>\n- K\u0131sa \u00e7evrim s\u00fcreleri i\u00e7in y\u00fcksek dinamikler<br \/>\n- \u0130ste\u011fe ba\u011fl\u0131 olarak \u00e7ubuk y\u00fckleyici ve tala\u015f konvey\u00f6r\u00fc ile<br \/>\n\u00c7evre birimleri:<br \/>\n- Besleme sistemi: WHU y\u00fckleme sistemi \/ par\u00e7a bo\u015fluklar\u0131 i\u00e7in gantry y\u00fckleme cihaz\u0131<br \/>\n- K\u0131lavuzlar: mevcut<br \/>\n- Tala\u015f konvey\u00f6r\u00fc<br \/>\n- Y\u00fcksek bas\u0131n\u00e7 sistemi<br \/>\n- Cam terazi<br \/>\n________________________________________<br \/>\nBoyutlar ve a\u011f\u0131rl\u0131k:<br \/>\n- Makine boyutlar\u0131 (U x G x Y): yakla\u015f\u0131k 3.000 x 1.800 x 2.000 mm<br \/>\n- A\u011f\u0131rl\u0131k: yakla\u015f\u0131k 6.500 kg<\/p>\n<p>Durum:<br \/>\nMakine tamamen i\u015flevseldir ve iyi, kullan\u0131lm\u0131\u015f durumdad\u0131r.<br \/>\nDaha fazla bilgi almak veya makineyi g\u00fc\u00e7 alt\u0131nda g\u00f6rmek \u00fczere bir randevu ayarlamak i\u00e7in l\u00fctfen bizimle ileti\u015fime ge\u00e7mekten \u00e7ekinmeyin.<br \/>\nTeknik verilerdeki ve bilgilerdeki de\u011fi\u015fikliklere ve hatalara ve ayr\u0131ca sat\u0131\u015f \u00f6ncesine tabidir.<\/p>","protected":false},"excerpt":{"rendered":"<p>Standort: Deutschland, Baden-W\u00fcrttemberg S\u00fcdwest Zustand: Gebraucht Hersteller: Index Modell: C100 mit 2 Revolver Baujahr: 2011 Interne Nr.: 231240 Maschinenbezeichnung: CNC-Kurzdrehmaschine Hersteller: Index Modell: C100 2 REVOLVER Baujahr: 2011 Steuerung: Siemens Anzahl Revolver: 2 (oben \/ Unten) Werkzeugplaetze pro Revolver: 12 Stationen, alle Angetrieben ________________________________________ INDEX C100 \/ 2 REVOLVER WHU Beladesystem CNC-Kurzdrehmaschine ________________________________________ Technische Daten: [&hellip;]<\/p>\n","protected":false},"featured_media":3158,"comment_status":"open","ping_status":"closed","template":"","meta":{"_uf_show_specific_survey":0,"_uf_disable_surveys":false},"product_brand":[],"product_cat":[90],"product_tag":[],"class_list":{"0":"post-3166","1":"product","2":"type-product","3":"status-publish","4":"has-post-thumbnail","6":"product_cat-cnc-drehmaschinen-0-199mm-drehd","8":"first","9":"instock","10":"taxable","11":"shipping-taxable","12":"product-type-simple"},"aioseo_notices":[],"_links":{"self":[{"href":"https:\/\/mueller-wrh.de\/tr\/wp-json\/wp\/v2\/product\/3166","targetHints":{"allow":["GET"]}}],"collection":[{"href":"https:\/\/mueller-wrh.de\/tr\/wp-json\/wp\/v2\/product"}],"about":[{"href":"https:\/\/mueller-wrh.de\/tr\/wp-json\/wp\/v2\/types\/product"}],"replies":[{"embeddable":true,"href":"https:\/\/mueller-wrh.de\/tr\/wp-json\/wp\/v2\/comments?post=3166"}],"wp:featuredmedia":[{"embeddable":true,"href":"https:\/\/mueller-wrh.de\/tr\/wp-json\/wp\/v2\/media\/3158"}],"wp:attachment":[{"href":"https:\/\/mueller-wrh.de\/tr\/wp-json\/wp\/v2\/media?parent=3166"}],"wp:term":[{"taxonomy":"product_brand","embeddable":true,"href":"https:\/\/mueller-wrh.de\/tr\/wp-json\/wp\/v2\/product_brand?post=3166"},{"taxonomy":"product_cat","embeddable":true,"href":"https:\/\/mueller-wrh.de\/tr\/wp-json\/wp\/v2\/product_cat?post=3166"},{"taxonomy":"product_tag","embeddable":true,"href":"https:\/\/mueller-wrh.de\/tr\/wp-json\/wp\/v2\/product_tag?post=3166"}],"curies":[{"name":"wp","href":"https:\/\/api.w.org\/{rel}","templated":true}]}}