{"id":3157,"date":"2025-03-13T16:40:11","date_gmt":"2025-03-13T16:40:11","guid":{"rendered":"https:\/\/mueller-wrh.de\/produkt\/buechele-filteranlage-und-spaenefoerdersystem-fuer-cnc-werkzeugmaschinen-fuer-fanuc-robodrill-%ce%b1-d21lib5-plus-bab-zentrum_2022_02_intnr231242\/"},"modified":"2025-03-13T16:40:11","modified_gmt":"2025-03-13T16:40:11","slug":"buechele-filteranlage-und-spaenefoerdersystem-fuer-cnc-werkzeugmaschinen-fuer-fanuc-robodrill-%ce%b1-d21lib5-plus-bab-zentrum_2022_02_intnr231242","status":"publish","type":"product","link":"https:\/\/mueller-wrh.de\/tr\/urun\/buechele-filteranlage-und-spaenefoerdersystem-fuer-cnc-werkzeugmaschinen-fuer-fanuc-robodrill-%ce%b1-d21lib5-plus-bab-zentrum_2022_02_intnr231242\/","title":{"rendered":"FANUC ROBODRILL \u03b1-D21LiB5 Plus i\u00e7in CNC tak\u0131m tezgahlar\u0131na y\u00f6nelik B\u00fcchele filtre sistemi ve tala\u015f konvey\u00f6r sistemi BAB-Zentrum_2022_02_IntNr231242"},"content":{"rendered":"<p><b>Konum:<\/b> Almanya, Baden-W\u00fcrttemberg G\u00fcneybat\u0131<\/p>\n<p><b>Durum:<\/b> Yeni<\/p>\n<p><b>\u00dcretici firma:<\/b> SF Sistemleri B\u00fcchele<\/p>\n<p><b>Model:<\/b> SFB 600 _KF 200\/950<\/p>\n<p><b>\u0130n\u015faat y\u0131l\u0131:<\/b> 2024<\/p>\n<p><b>\u00c7al\u0131\u015fma saatleri:<\/b> 0<\/p>\n<p>IntNo231242<\/p>\n<p>B\u00fcchele SFB-600 filtre sistemi ve FANUC ROBODRILL \u03b1-D21LiB5 Plus BAB merkezi i\u00e7in CNC tak\u0131m tezgahlar\u0131na y\u00f6nelik tala\u015f konvey\u00f6r sistemi<br \/>\nKonvey\u00f6r + tam ak\u0131\u015fl\u0131 filtre sistemi<br \/>\nY\u00fcr\u00fctme:<br \/>\n\u015eunlardan olu\u015fuyor:<br \/>\nTip: KF 200\/950<br \/>\nVidal\u0131 pompa KTS 25-38-T; 400V; 50 Hz<br \/>\nSantrif\u00fcj pompa 1 MTR 10-14\/6; 400 V; 50 Hz<br \/>\nSantrif\u00fcj pompa 2 MTR 3-23\/7; 400V; 50 Hz<br \/>\nVersiyon: Sol el versiyonu<br \/>\nKompakt filtre KF 200 \/ 950<br \/>\nPolar tutucu KF \u00fcst (muhafazaya entegre)<br \/>\nFiltre kapasitesi 200 l\/dak<br \/>\nFiltre yapa\u011f\u0131 PW 70\/70<br \/>\nSol\" versiyon<br \/>\nTank:Tip FKA\/950<br \/>\nUzunluk 1.600 mm<br \/>\nGeni\u015flik 1,010 mm<br \/>\nY\u00fckseklik 900 mm<br \/>\nYerden y\u00fckseklik 100 mm<br \/>\nKapasite 950 litre<br \/>\nMalzeme \u00e7elik, sac kal\u0131nl\u0131\u011f\u0131 3 mm<br \/>\n\u00c7elik sac tank kapa\u011f\u0131<br \/>\nRadyat\u00f6r ba\u011flant\u0131lar\u0131 haz\u0131rland\u0131<br \/>\nPompa tutucusu i\u00e7in boru tesisat\u0131 bir b\u00f6lme \u015feridi<br \/>\nS\u00fcrekli ak\u0131\u015fl\u0131 bir so\u011futucu i\u00e7in giri\u015f \u00e7\u0131k\u0131\u015f nozulu.<br \/>\nSeviye sens\u00f6r\u00fc 1 adet<br \/>\nMarka: G\u00f6rsel ekranl\u0131 Knoll Balluff<br \/>\nAnahtarlama noktas\u0131 say\u0131s\u0131 3 ST<br \/>\n70 915 11808'e g\u00f6re<br \/>\nPompa 1 ST<br \/>\nYatak y\u0131kama i\u00e7in santrif\u00fcj pompa<br \/>\nBas\u0131n\u00e7 3,2 bar \/ \u00dcretici Grundfos<br \/>\nTip MTR 10-16\/4<br \/>\nG\u00fc\u00e7 1,50 kW<br \/>\nHacim ak\u0131\u015f\u0131 120-150 l\/dak<br \/>\nPompa 1 ST<br \/>\nHarici so\u011futma\/y\u0131kama tabancas\u0131 i\u00e7in santrif\u00fcj pompa<br \/>\nBas\u0131n\u00e7 5.0 bar<br \/>\n\u00dcretici Grundfos<br \/>\nTip MTR 3-36\/7<br \/>\nG\u00fc\u00e7 0,55 kW<br \/>\nHacim ak\u0131\u015f\u0131 30-50 l\/dak<br \/>\n3\/2 yollu vana MK10DR ile boru tesisat\u0131<br \/>\nKontrol:<br \/>\n1. kap\u0131 kapal\u0131 Sinyal: Normal \u00e7al\u0131\u015fma harici so\u011futma<br \/>\n2. kap\u0131 a\u00e7\u0131k Sinyal: Y\u0131kama tabancas\u0131 \u00e7al\u0131\u015fmas\u0131<br \/>\n60 saniye ge\u00e7ene kadar, sonra sinyal verin,<br \/>\nPompa kapal\u0131<br \/>\nVidal\u0131 pompa KTS 25 1 ST<br \/>\nTip: KTS 25<br \/>\n400 V'da 50 Hz'de g\u00fc\u00e7 4,00 kW<br \/>\n50Hz'de gerilim 400 V<br \/>\nFrekans 50 Hz<br \/>\nVerimlilik s\u0131n\u0131f\u0131 IE3<br \/>\nFrekans kontrol\u00fc olmadan<br \/>\nBoru Tesisat\u0131 Evet<br \/>\nStandart boru tesisat\u0131 Evet<br \/>\nValf DBV-60\/75<br \/>\nBas\u0131n\u00e7 g\u00f6stergesi BAR<br \/>\nHacim ak\u0131\u015f\u0131 25 l\/dak<br \/>\nBas\u0131n\u00e7 60 bar<br \/>\n\u0130\u015flev IKZ<br \/>\nBoru tesisat\u0131 1 adet<br \/>\nY\u00fcksek bas\u0131n\u00e7l\u0131 boru tesisat\u0131<br \/>\n\u0130nfaz Ermeto<br \/>\nElektrik 1 ST<br \/>\nElektrik muhafazas\u0131 versiyonu<br \/>\nDijital sens\u00f6rler (anahtarlama noktas\u0131) 3 ST<br \/>\nSens\u00f6rler analog 3 ST<br \/>\nFiltre \u00fcniteleri KF<br \/>\nKonvey\u00f6r sistemi Tak\u0131labilir<br \/>\n\u00d6zel kontrol<br \/>\nMetin ekran\u0131 KTP 400 Comfort<br \/>\nMuhafaza muhafazas\u0131 Duvara monte muhafaza<br \/>\nDijital\/analog seviye sens\u00f6rleri<br \/>\nAna \u015falter<br \/>\nAray\u00fcz kablosu 8 ko\u015fu metre, her iki tarafta HARTING konnekt\u00f6r\u00fc dahil.<br \/>\nE\u015fle\u015fen konekt\u00f6r<br \/>\nCEE fi\u015fli 5 metre \u015febeke g\u00fc\u00e7 kablosu<\/p>\n<p>Makine randevu ile g\u00f6r\u00fclebilir.<br \/>\nTeknik veri ve bilgilerdeki de\u011fi\u015fiklikler ve hatalar ile \u00f6n sat\u0131\u015f hakk\u0131 sakl\u0131d\u0131r!<\/p>\n<p>FANUC ROBODRILL \u03b1-D21LiB5 Plus BAB Merkezi i\u00e7in CNC Tak\u0131m Tezgahlar\u0131 i\u00e7in B\u00fcchele Filtre Sistemi ve Tala\u015f Konvey\u00f6r\u00fc<br \/>\nKonvey\u00f6r + Tam Ak\u0131\u015fl\u0131 Filtre Sistemi<\/p>\n<p>\u00d6zellikler:<br \/>\n\u015eunlardan olu\u015fuyor:<\/p>\n<p>Tip: KF 200\/950<br \/>\nVidal\u0131 Mil Pompas\u0131: KTS 25-38-T; 400V; 50 Hz<br \/>\nSantrif\u00fcj Pompa 1: MTR 10-14\/6; 400V; 50 Hz<br \/>\nSantrif\u00fcj Pompa 2: MTR 3-23\/7; 400V; 50 Hz<br \/>\nKonfig\u00fcrasyon: Sol taraf versiyonu<br \/>\nKompakt filtre KF 200 \/ 950<br \/>\nFiltre ke\u00e7esi giri\u015fi: KF Top (muhafazaya entegre)<br \/>\nFiltreleme kapasitesi: 200 l\/dak<br \/>\nFiltre yapa\u011f\u0131: PW 70\/70<br \/>\nS\u00fcr\u00fcm: Sol<br \/>\nTank: Tip FKA\/950<br \/>\nUzunluk: 1.600 mm<br \/>\nGeni\u015flik: 1.010 mm<br \/>\nY\u00fckseklik: 900 mm<br \/>\nYerden y\u00fckseklik: 100 mm<br \/>\nKapasite: 950 litre<br \/>\nMalzeme: \u00c7elik, sac kal\u0131nl\u0131\u011f\u0131 3 mm<br \/>\nTank kapa\u011f\u0131: \u00c7elik sac<br \/>\nSo\u011futucu ba\u011flant\u0131lar\u0131: Haz\u0131rland\u0131<br \/>\nPompa giri\u015fi i\u00e7in boru tesisat\u0131: Bir perde kal\u0131plama<br \/>\nGiri\u015f ve \u00e7\u0131k\u0131\u015f ba\u011flant\u0131lar\u0131: Sirk\u00fclasyonlu so\u011futucu i\u00e7in<br \/>\nDolum seviyesi sens\u00f6r\u00fc: 1 adet<br \/>\n\u00dcretici: G\u00f6rsel ekranl\u0131 Knoll Balluff<br \/>\nAnahtar noktas\u0131 say\u0131s\u0131: 3 adet<br \/>\nStandarda g\u00f6re: 70 915 11808<br \/>\nPompalar:<br \/>\nYatak Y\u0131kama i\u00e7in Santrif\u00fcj Pompa:<\/p>\n<p>Bas\u0131n\u00e7: 3,2 bar<br \/>\n\u00dcretici: Grundfos<br \/>\nTip: MTR 10-16\/4<br \/>\nG\u00fc\u00e7: 1,50 kW<br \/>\nAk\u0131\u015f h\u0131z\u0131: 120-150 l\/dak<br \/>\nHarici So\u011futma \/ Y\u0131kama Tabancas\u0131 i\u00e7in Santrif\u00fcj Pompa:<\/p>\n<p>Bas\u0131n\u00e7: 5.0 bar<br \/>\n\u00dcretici: Grundfos<br \/>\nTip: MTR 3-36\/7<br \/>\nG\u00fc\u00e7: 0,55 kW<br \/>\nAk\u0131\u015f h\u0131z\u0131: 30-50 l\/dak<br \/>\n3\/2 Yollu Vana ile Borulama: MK10DR<br \/>\nKontrol Sistemi:<br \/>\nKap\u0131 Kapal\u0131 Sinyali: Normal \u00e7al\u0131\u015fma - harici so\u011futma<br \/>\nKap\u0131 A\u00e7\u0131k Sinyali: Y\u0131kama tabancas\u0131 \u00e7al\u0131\u015fmas\u0131 (60 saniyeye kadar), ard\u0131ndan sinyal - pompa kapal\u0131<br \/>\nVidal\u0131 Mil Pompas\u0131 KTS 25 (1 adet):<br \/>\nTip: KTS 25<br \/>\n50 Hz \/ 400V'de g\u00fc\u00e7: 4,00 kW<br \/>\nGerilim: 400V<br \/>\nFrekans: 50 Hz<br \/>\nVerimlilik S\u0131n\u0131f\u0131: IE3<br \/>\nFrekans kontrol\u00fc olmadan<br \/>\nBorulama: Evet<br \/>\nStandart boru tesisat\u0131: Evet<br \/>\nValf DBV-60\/75<br \/>\nBas\u0131n\u00e7 g\u00f6stergesi: BAR<br \/>\nAk\u0131\u015f h\u0131z\u0131: 25 l\/dak<br \/>\nBas\u0131n\u00e7: 60 bar<br \/>\n\u0130\u015flev: IKZ<br \/>\n\u0130lave Boru (1 adet):<br \/>\nY\u00fcksek bas\u0131n\u00e7l\u0131 borular<br \/>\nTasar\u0131m: Ermeto<br \/>\nElektrik Sistemi (1 adet):<br \/>\nElektrik kontrol kabini<br \/>\nDijital sens\u00f6rler (anahtarlama noktas\u0131): 3 adet<br \/>\nAnalog sens\u00f6rler: 3 adet<br \/>\nFiltre \u00fcniteleri: KF<br \/>\nMod\u00fcler konvey\u00f6r sistemi<br \/>\n\u00d6zel kontrol sistemi<br \/>\nMetin ekran\u0131: KTP 400 Comfort<br \/>\nKontrol kabini muhafazas\u0131: Duvar kabini<br \/>\nDolum seviyesi sens\u00f6rleri: Dijital\/analog<br \/>\nAna \u015falter<br \/>\nAray\u00fcz kablosu: 8 metre, her iki ucu HARTING konnekt\u00f6rl\u00fc, e\u015fle\u015fen fi\u015f dahil<br \/>\nG\u00fc\u00e7 kablosu: CEE fi\u015fli 5 metre<br \/>\nMakine randevu ile incelenebilir.<br \/>\nTeknik verilerdeki ve spesifikasyonlardaki de\u011fi\u015fiklikler ve hatalar ile \u00f6nceden sat\u0131\u015f hakk\u0131 sakl\u0131d\u0131r!<\/p>","protected":false},"excerpt":{"rendered":"<p>Standort: Deutschland, Baden-W\u00fcrttemberg S\u00fcdwest Zustand: Neu Hersteller: SF-Systeme B\u00fcchele Modell: SFB 600 _KF 200\/950 Baujahr: 2024 Betriebsstunden: 0 IntNr231242 B\u00fcchele SFB-600 Filteranlage und Sp\u00e4nef\u00f6rdersystem f\u00fcr CNC-Werkzeugmaschinen f\u00fcr FANUC ROBODRILL \u03b1-D21LiB5 Plus BAB-Zentrum F\u00f6rderer + Vollstromfilteranlage Ausf\u00fchrung: Bestehend aus: Typ: KF 200\/950 Schraubenspindelpumpe KTS 25-38-T; 400V; 50 Hz Kreiselpumpe 1 MTR 10-14\/6; 400 V; 50 Hz [&hellip;]<\/p>\n","protected":false},"featured_media":3154,"comment_status":"open","ping_status":"closed","template":"","meta":{"_uf_show_specific_survey":0,"_uf_disable_surveys":false},"product_brand":[],"product_cat":[104],"product_tag":[],"class_list":{"0":"post-3157","1":"product","2":"type-product","3":"status-publish","4":"has-post-thumbnail","6":"product_cat-hochdruckanlagen","8":"first","9":"instock","10":"taxable","11":"shipping-taxable","12":"product-type-simple"},"aioseo_notices":[],"_links":{"self":[{"href":"https:\/\/mueller-wrh.de\/tr\/wp-json\/wp\/v2\/product\/3157","targetHints":{"allow":["GET"]}}],"collection":[{"href":"https:\/\/mueller-wrh.de\/tr\/wp-json\/wp\/v2\/product"}],"about":[{"href":"https:\/\/mueller-wrh.de\/tr\/wp-json\/wp\/v2\/types\/product"}],"replies":[{"embeddable":true,"href":"https:\/\/mueller-wrh.de\/tr\/wp-json\/wp\/v2\/comments?post=3157"}],"wp:featuredmedia":[{"embeddable":true,"href":"https:\/\/mueller-wrh.de\/tr\/wp-json\/wp\/v2\/media\/3154"}],"wp:attachment":[{"href":"https:\/\/mueller-wrh.de\/tr\/wp-json\/wp\/v2\/media?parent=3157"}],"wp:term":[{"taxonomy":"product_brand","embeddable":true,"href":"https:\/\/mueller-wrh.de\/tr\/wp-json\/wp\/v2\/product_brand?post=3157"},{"taxonomy":"product_cat","embeddable":true,"href":"https:\/\/mueller-wrh.de\/tr\/wp-json\/wp\/v2\/product_cat?post=3157"},{"taxonomy":"product_tag","embeddable":true,"href":"https:\/\/mueller-wrh.de\/tr\/wp-json\/wp\/v2\/product_tag?post=3157"}],"curies":[{"name":"wp","href":"https:\/\/api.w.org\/{rel}","templated":true}]}}