{"id":3018,"date":"2025-03-13T16:35:45","date_gmt":"2025-03-13T16:35:45","guid":{"rendered":"https:\/\/mueller-wrh.de\/produkt\/gebr-biglia-wkz-halter-angetr-used-toolholder-driven-oesterle-0092-mit-ikz_intnr231217\/"},"modified":"2025-03-13T16:35:45","modified_gmt":"2025-03-13T16:35:45","slug":"gebr-biglia-wkz-halter-angetr-used-toolholder-driven-oesterle-0092-mit-ikz_intnr231217","status":"publish","type":"product","link":"https:\/\/mueller-wrh.de\/tr\/urun\/gebr-biglia-wkz-halter-angetr-used-toolholder-driven-oesterle-0092-mit-ikz_intnr231217\/","title":{"rendered":"Biglia, IKZ_IntNr231217 ile Oesterle 0092 tahrikli tak\u0131m tutucu kulland\u0131"},"content":{"rendered":"<p><b>Konum:<\/b> Almanya, Baden-W\u00fcrttemberg G\u00fcneybat\u0131<\/p>\n<p><b>Durum:<\/b> Yeni kadar iyi<\/p>\n<p><b>\u00dcretici firma:<\/b> Oesterle<\/p>\n<p><b>Model:<\/b> 0092 IKZ ile<\/p>\n<p><b>\u0130n\u015faat y\u0131l\u0131:<\/b> 2015<\/p>\n<p>IKZ ile tahrikli tak\u0131m tutucular<br \/>\nUyumlu makineler<br \/>\nBIGLIA - B436<br \/>\nBIGLIA - B438<br \/>\nBIGLIA - BMX 45Y2<br \/>\nDelme ve frezeleme kafas\u0131<br \/>\n90 derece Biglia B436 - BMT 40<br \/>\n IKZ ve h\u0131zl\u0131 so\u011futma borusu ayar\u0131 ile<br \/>\nTak\u0131m tutucu DIN 6499 ER 25<br \/>\n( d ) S\u0131k\u0131\u015ft\u0131rma aral\u0131\u011f\u0131 0,5 - 16 mm<br \/>\n n maks (1\/dak) 7000<br \/>\n T maks (Nm) 25<br \/>\nI n1\/n2 1:1<br \/>\nIKZ + harici so\u011futma<br \/>\n bar 85<\/p>\n<p>IKZ ile tahrikli tak\u0131m tutucular<br \/>\nUyumlu makineler<br \/>\nBIGLIA - B436<br \/>\nBIGLIA - B438<br \/>\nBIGLIA - BMX 45Y2<br \/>\nDelme ve frezeleme kafas\u0131<br \/>\n90 derece Biglia B436 - BMT 40<br \/>\n IKZ ve h\u0131zl\u0131 so\u011futma borusu ayar\u0131 ile<br \/>\nTak\u0131m tutucu DIN 6499 ER 25<br \/>\n( d ) S\u0131k\u0131\u015ft\u0131rma aral\u0131\u011f\u0131 0,5 - 16 mm<br \/>\n n maks (1\/dak) 7000<br \/>\n T maks (Nm) 25<br \/>\nI n1\/n2 1:1<br \/>\nIKZ + harici so\u011futma<br \/>\n bar 85<\/p>","protected":false},"excerpt":{"rendered":"<p>Standort: Deutschland, Baden-W\u00fcrttemberg S\u00fcdwest Zustand: Neuwertig Hersteller: Oesterle Modell: 0092 mit IKZ Baujahr: 2015 gebr. angetriebene Werkzeughalter mit IKZ Kompatible Maschinen BIGLIA &#8211; B436 BIGLIA &#8211; B438 BIGLIA &#8211; BMX 45Y2 Bohr- und Fr\u00e4skopf 90 Grad Biglia B436 &#8211; BMT 40 mit IKZ und K\u00fchlrohrschnellverstellung Werkzeugaufnahme DIN 6499 ER 25 ( d ) Spannbereich 0,5 [&hellip;]<\/p>\n","protected":false},"featured_media":3009,"comment_status":"open","ping_status":"closed","template":"","meta":{"_uf_show_specific_survey":0,"_uf_disable_surveys":false},"product_brand":[],"product_cat":[20],"product_tag":[],"class_list":{"0":"post-3018","1":"product","2":"type-product","3":"status-publish","4":"has-post-thumbnail","6":"product_cat-werkzeughalter","8":"first","9":"instock","10":"taxable","11":"shipping-taxable","12":"product-type-simple"},"aioseo_notices":[],"_links":{"self":[{"href":"https:\/\/mueller-wrh.de\/tr\/wp-json\/wp\/v2\/product\/3018","targetHints":{"allow":["GET"]}}],"collection":[{"href":"https:\/\/mueller-wrh.de\/tr\/wp-json\/wp\/v2\/product"}],"about":[{"href":"https:\/\/mueller-wrh.de\/tr\/wp-json\/wp\/v2\/types\/product"}],"replies":[{"embeddable":true,"href":"https:\/\/mueller-wrh.de\/tr\/wp-json\/wp\/v2\/comments?post=3018"}],"wp:featuredmedia":[{"embeddable":true,"href":"https:\/\/mueller-wrh.de\/tr\/wp-json\/wp\/v2\/media\/3009"}],"wp:attachment":[{"href":"https:\/\/mueller-wrh.de\/tr\/wp-json\/wp\/v2\/media?parent=3018"}],"wp:term":[{"taxonomy":"product_brand","embeddable":true,"href":"https:\/\/mueller-wrh.de\/tr\/wp-json\/wp\/v2\/product_brand?post=3018"},{"taxonomy":"product_cat","embeddable":true,"href":"https:\/\/mueller-wrh.de\/tr\/wp-json\/wp\/v2\/product_cat?post=3018"},{"taxonomy":"product_tag","embeddable":true,"href":"https:\/\/mueller-wrh.de\/tr\/wp-json\/wp\/v2\/product_tag?post=3018"}],"curies":[{"name":"wp","href":"https:\/\/api.w.org\/{rel}","templated":true}]}}