{"id":3002,"date":"2025-03-13T16:34:44","date_gmt":"2025-03-13T16:34:44","guid":{"rendered":"https:\/\/mueller-wrh.de\/produkt\/gebr-emag-weiss-w11-cnc-sl650-bj-20-intnr231185\/"},"modified":"2025-03-13T16:34:44","modified_gmt":"2025-03-13T16:34:44","slug":"gebr-emag-weiss-w11-cnc-sl650-bj-20-intnr231185","status":"publish","type":"product","link":"https:\/\/mueller-wrh.de\/tr\/urun\/gebr-emag-weiss-w11-cnc-sl650-bj-20-intnr231185\/","title":{"rendered":"kullan\u0131lm\u0131\u015f EMAG WEISS W11 CNC SL650 y\u0131l '20 (IntNo231185)"},"content":{"rendered":"<p><b>Konum:<\/b> Almanya, Baden-W\u00fcrttemberg G\u00fcneybat\u0131<\/p>\n<p><b>Durum:<\/b> Kullan\u0131lm\u0131\u015f<\/p>\n<p><b>\u00dcretici firma:<\/b> EMAG WEISS<\/p>\n<p><b>Model:<\/b> W11_CNC_SL650<\/p>\n<p><b>\u0130n\u015faat y\u0131l\u0131:<\/b> 2020<\/p>\n<p><b>\u00c7al\u0131\u015fma saatleri:<\/b> 6875<\/p>\n<p>EMAG WEISS Silindirik Ta\u015flama Makinesi EMAG WEISS Tip W11-CNC \/ EVRENSEL DA\u0130RESEL TA\u015eLAMA MAK\u0130NES\u0130 W 11-CNC SL650<br \/>\n\u0130\u015f mili saatleri: yakla\u015f\u0131k 6.850 saat<br \/>\nElektrik a\u00e7ma saati: 20.422 saat<br \/>\n2'si 1 arada kontrol konsepti bu makineyi karakterize eder:<br \/>\n100 % Konvansiyonel silindirik ta\u015flama veya 100% CNC silindirik ta\u015flamaya ge\u00e7i\u015f<br \/>\nTeknik veriler:<br \/>\n- Kontrol: CNC kontroll\u00fc (\u00fcretim y\u0131l\u0131na ba\u011fl\u0131 olarak Heidenhain, Siemens veya Fanuc)<br \/>\nZ\u0131mparalama uzunlu\u011fu maks. mm 650 \/ 1.500; in\u00e7 25,5 \/ 59<br \/>\nMerkez y\u00fcksekli\u011fi mm 200 in\u00e7 8<br \/>\nD\u0131\u015f ta\u015flama \u00d8 mm1 \/ 390 in\u00e7 0 \/ 15,5<br \/>\nMaks. a\u011f\u0131rl\u0131k \ufb02at MK 4 kg 100 \/ lb 220,5<br \/>\nmerkezler aras\u0131nda maks. i\u015f par\u00e7as\u0131 a\u011f\u0131rl\u0131\u011f\u0131 kg 250 \/lb 551<br \/>\nBesleme: X ekseni hareketi mm 380 \/ 480 \/ in\u00e7 15 \/ 19<br \/>\nBesleme: Z ekseni hareketi mm 1.150 \/ 1.650 in\u00e7 45,5 \/ 65<br \/>\nTa\u015flama diski \u00d8 mm 400 \/ 500 in\u00e7 15,5 \/ 19,5<br \/>\nNennleistung (100%ED)\tkW 9 \/ 11 hp 12 \/ 15<br \/>\n\u00c7evresel h\u0131z m\/s 20 - 50<\/p>\n<p>Makine ekipman\u0131:<br \/>\n- Ta\u015flama diski tahriki: Hassas ta\u015flama sonu\u00e7lar\u0131 i\u00e7in g\u00fc\u00e7l\u00fc motor<br \/>\n- Punta: Farkl\u0131 i\u015f par\u00e7as\u0131 uzunluklar\u0131 i\u00e7in ayarlanabilir punta<br \/>\n- \u0130\u015f par\u00e7as\u0131 tutucu: Ayna veya merkezleme merkezleri (uygulamaya ba\u011fl\u0131 olarak)<br \/>\n- So\u011futma sistemi: A\u015f\u0131r\u0131 \u0131s\u0131nmay\u0131 \u00f6nlemek ve optimum z\u0131mparalama sonu\u00e7lar\u0131 i\u00e7in entegre<br \/>\n- Kullan\u0131c\u0131 dostu aray\u00fcz: Basit programlama ve kontrol i\u00e7in sezgisel CNC kullan\u0131c\u0131 aray\u00fcz\u00fc<br \/>\n- Ger\u00e7ek zamanl\u0131 izleme ve kalite g\u00fcvencesi i\u00e7in \u00f6l\u00e7\u00fcm sistemleri<br \/>\n- Makine yata\u011f\u0131 D\u00f6k\u00fcm yatak Y\u00fcksek statik-dinamik rijitli\u011fe sahip Karstens taban<br \/>\n- X ekseni Y\u00fcksek hassasiyetli lineer k\u0131lavuzlar, vidal\u0131 mil ve cam \u00f6l\u00e7ek<br \/>\n- Z ekseni V-d\u00fcz veya lineer k\u0131lavuzlar, vidal\u0131 mil ve cam \u00f6l\u00e7ek<br \/>\n- Kontrol Windows tabanl\u0131 entegre CNC kontroll\u00fc dokunmatik ekran Diyalog programlama, DIN programlama, program haf\u0131zas\u0131.<br \/>\n- Teknik ekipman CE i\u015faretli VDE'ye uygun elektrik kabini<br \/>\n- So\u011futma s\u0131v\u0131s\u0131 sistemi ve ekstraksiyon sistemi<br \/>\n- 250 | konteynerli ka\u011f\u0131t bant filtre sistemi<br \/>\n- Destek aya\u011f\u0131 olmadan kontroll\u00fc 1600 metrekare\/3 mekanik buhar emi\u015fi<br \/>\n- Geni\u015f aral\u0131kta \u00e7e\u015fitli \u00e7aplara yakla\u015fmak i\u00e7in \u00f6l\u00e7\u00fcm ekseni<br \/>\n- \u00d6l\u00e7\u00fcm kafas\u0131. \u00d6l\u00e7\u00fcm pozisyonu serbest\u00e7e programlanabilir.<br \/>\n- Robot aray\u00fcz\u00fcn\u00fc haz\u0131rlay\u0131n.<br \/>\n- Aray\u00fcz fi\u015fi olmadan sadece 10 x l \/ O sa\u011flay\u0131n Yaz\u0131l\u0131m ve PLC<\/p>\n<p>Uygulamalar:<br \/>\n- Silindirik d\u0131\u015f ve i\u00e7 i\u015fleme<br \/>\n- Makine m\u00fchendisli\u011fi, otomotiv end\u00fcstrisi ve tak\u0131m imalat\u0131 i\u00e7in hassas ta\u015flama<br \/>\n- Millerin, bur\u00e7lar\u0131n, silindirlerin ve di\u011fer d\u00f6nel simetrik i\u015f par\u00e7alar\u0131n\u0131n \u00fcretimi<br \/>\n\u00d6zel \u00f6zellikler:<br \/>\n- Titre\u015fimsiz \u00e7al\u0131\u015fma i\u00e7in makine g\u00f6vdesinde y\u00fcksek rijitlik<br \/>\n- Karma\u015f\u0131k ta\u015flama d\u00f6ng\u00fcleri ve esnek i\u015fleme i\u00e7in CNC kontrol\u00fc<br \/>\n- M\u00fc\u015fteriye \u00f6zel gereksinimlere uyarlama m\u00fcmk\u00fcnd\u00fcr<br \/>\n\u0130ste\u011fe ba\u011fl\u0131 olarak sonradan tak\u0131labilir Ekipman:<br \/>\n- Otomatik y\u00fckleme ve bo\u015faltma sistemleri<br \/>\n- \u00d6zel tutucular ve \u00f6zel ta\u015flama ta\u015f\u0131 tutucular\u0131<br \/>\nOpsiyonel ta\u015flama diskleri mevcuttur:<br \/>\n- Foto\u011fraflara bak\u0131n<\/p>\n<p>Makine randevu ile incelenebilir.<br \/>\nTeknik veri ve bilgilerdeki de\u011fi\u015fiklikler ve hatalar ile \u00f6n sat\u0131\u015f hakk\u0131 sakl\u0131d\u0131r!<\/p>\n<p>EMAG WEISS Silindirik Ta\u015flama Makinesi EMAG WEISS Tip W11-CNC \/ EVRENSEL DA\u0130RESEL TA\u015eLAMA MAK\u0130NES\u0130 W 11-CNC SL650<br \/>\n\u0130\u015f Mili Saatleri: yakla\u015f\u0131k 6.850 saat<br \/>\nG\u00fc\u00e7 A\u00e7\u0131k Saat: 20,422 saat<br \/>\n2'si 1 arada kontrol konsepti bu makineyi karakterize eder:<br \/>\n100% geleneksel silindirik ta\u015flama veya 100% CNC silindirik ta\u015flamaya ge\u00e7i\u015f<br \/>\nTeknik veriler:<br \/>\n- Kontrol: CNC kontroll\u00fc (\u00fcretim y\u0131l\u0131na ba\u011fl\u0131 olarak Heidenhain, Siemens veya Fanuc)<br \/>\nTa\u015flama uzunlu\u011fu maks. mm 650 \/ 1.500; in\u00e7 25,5 \/ 59<br \/>\nMerkez y\u00fcksekli\u011fi mm 200 in\u00e7 8<br \/>\nD\u0131\u015f ta\u015flama \u00d8 mm1 \/ 390 in\u00e7 0 \/ 15,5<br \/>\nmaks. a\u011f\u0131rl\u0131k u\u00e7an MK 4 kg 100 \/ lb 220,5<br \/>\nMerkezler aras\u0131nda maks. i\u015f par\u00e7as\u0131 a\u011f\u0131rl\u0131\u011f\u0131 kg 250 \/ lb 551<br \/>\nBesleme: X ekseni hareketi mm 380 \/ 480 \/ in\u00e7 15 \/ 19<br \/>\nBesleme: Z ekseni hareketi mm 1.150 \/ 1.650 in\u00e7 45,5 \/ 65<br \/>\nTa\u015flama ta\u015f\u0131 \u00d8 mm 400 \/ 500 in\u00e7 15,5 \/ 19,5<br \/>\nRated power (100%ED) kW 9 \/ 11 hp 12 \/ 15<br \/>\n\u00c7evresel h\u0131z m\/s 20 - 50<\/p>\n<p>Makine ekipman\u0131:<br \/>\n- Ta\u015flama ta\u015f\u0131 tahriki: Hassas ta\u015flama sonu\u00e7lar\u0131 i\u00e7in g\u00fc\u00e7l\u00fc motor<br \/>\n- Punta: Farkl\u0131 i\u015f par\u00e7as\u0131 uzunluklar\u0131 i\u00e7in ayarlanabilir punta<br \/>\n- \u0130\u015f par\u00e7as\u0131 tutucu: Ayna veya merkezler (uygulamaya ba\u011fl\u0131 olarak)<br \/>\n- So\u011futma sistemi: A\u015f\u0131r\u0131 \u0131s\u0131nmay\u0131 \u00f6nlemek ve optimum z\u0131mparalama sonu\u00e7lar\u0131 i\u00e7in entegre<br \/>\n- Kullan\u0131c\u0131 dostu aray\u00fcz: Kolay kullan\u0131m i\u00e7in sezgisel CNC kullan\u0131c\u0131 aray\u00fcz\u00fc<br \/>\n- Ger\u00e7ek zamanl\u0131 izleme ve kalite g\u00fcvencesi i\u00e7in \u00f6l\u00e7\u00fcm sistemleri<br \/>\n- Makine yata\u011f\u0131 D\u00f6k\u00fcm yatak Y\u00fcksek statik-dinamik rijitli\u011fe sahip Karstens taban<br \/>\n- X ekseni y\u00fcksek hassasiyetli lineer k\u0131lavuzlar, vidal\u0131 mil ve cam \u00f6l\u00e7ek<br \/>\n- Z ekseni V-d\u00fcz veya lineer k\u0131lavuzlar, vidal\u0131 mil ve cam \u00f6l\u00e7ek<br \/>\n- Kontrol Windows tabanl\u0131 entegre CNC kontroll\u00fc dokunmatik ekran Diyalog programlama, DIN programlama, program haf\u0131zas\u0131.<br \/>\n- Teknik ekipman CE i\u015faretli VDE'ye uygun elektrik kabini<br \/>\n- So\u011futma s\u0131v\u0131s\u0131 sistemi ve ekstraksiyon sistemi<br \/>\n- 250 | konteynerli ka\u011f\u0131t bant filtre sistemi<br \/>\n- Destek aya\u011f\u0131 olmadan kumandal\u0131 1600 qm\/3 mekanik duman emme sistemi<br \/>\n- Geni\u015f aral\u0131kta \u00e7e\u015fitli \u00e7aplara yakla\u015fmak i\u00e7in \u00f6l\u00e7\u00fcm ekseni<br \/>\n- \u00f6l\u00e7\u00fcm kafas\u0131. \u00d6l\u00e7\u00fcm konumu serbest\u00e7e programlanabilir.<br \/>\n- Robot aray\u00fcz\u00fcn\u00fc haz\u0131rlay\u0131n.<br \/>\n- Aray\u00fcz fi\u015fi olmadan sadece 10 x l \/ O sa\u011flay\u0131n Yaz\u0131l\u0131m ve PLC<br \/>\nUygulamalar:<br \/>\n- Silindirik d\u0131\u015f ve i\u00e7 i\u015fleme<br \/>\n- Makine m\u00fchendisli\u011fi, otomotiv end\u00fcstrisi ve tak\u0131m imalat\u0131 i\u00e7in hassas ta\u015flama<br \/>\n- Millerin, bur\u00e7lar\u0131n, makaralar\u0131n ve di\u011fer d\u00f6nel simetrik i\u015f par\u00e7alar\u0131n\u0131n \u00fcretimi<br \/>\n\u00d6zel \u00f6zellikler:<br \/>\n- Titre\u015fimsiz \u00e7al\u0131\u015fma i\u00e7in makine g\u00f6vdesinde y\u00fcksek rijitlik<br \/>\n- Karma\u015f\u0131k ta\u015flama d\u00f6ng\u00fcleri ve esnek i\u015fleme i\u00e7in CNC kontrol\u00fc<br \/>\n- M\u00fc\u015fteriye \u00f6zel gereksinimlere uyarlanabilir<br \/>\n\u0130ste\u011fe ba\u011fl\u0131 g\u00fc\u00e7lendirme ekipman\u0131:<br \/>\n- Otomatik y\u00fckleme ve bo\u015faltma sistemleri<br \/>\n- \u00d6zel fikst\u00fcrler ve \u00f6zel ta\u015flama ta\u015f\u0131 tutucular\u0131<\/p>\n<p>Opsiyonel ta\u015flama ta\u015flar\u0131 mevcuttur:<br \/>\n- Foto\u011fraflara bak\u0131n<\/p>\n<p>Makine randevu ile incelenebilir.<br \/>\nTeknik veri ve bilgilerdeki de\u011fi\u015fiklikler ve hatalar ile \u00f6n sat\u0131\u015f hakk\u0131 sakl\u0131d\u0131r!<\/p>","protected":false},"excerpt":{"rendered":"<p>Standort: Deutschland, Baden-W\u00fcrttemberg S\u00fcdwest Zustand: Gebraucht Hersteller: EMAG WEISS Modell: W11_CNC_SL650 Baujahr: 2020 Betriebsstunden: 6875 EMAG WEISS Rundschleifmaschine EMAG WEISS Typ W11-CNC \/ UNIVERSAL RUNDSCHLEIFMASCHINE W 11-CNC SL650 Spindelstunden: ca. 6.850 Stunden Strom Einschaltstunden: 20.422 Stunden 2 in 1 Steuerungskonzept zeichnet diese Maschine aus: 100 % Konventionell rundschleifen oder umschalten auf 100% CNC rundschleifen Technische [&hellip;]<\/p>\n","protected":false},"featured_media":2994,"comment_status":"open","ping_status":"closed","template":"","meta":{"_uf_show_specific_survey":0,"_uf_disable_surveys":false},"product_brand":[],"product_cat":[22],"product_tag":[],"class_list":{"0":"post-3002","1":"product","2":"type-product","3":"status-publish","4":"has-post-thumbnail","6":"product_cat-cnc-schleifmaschinen","8":"first","9":"instock","10":"taxable","11":"shipping-taxable","12":"product-type-simple"},"aioseo_notices":[],"_links":{"self":[{"href":"https:\/\/mueller-wrh.de\/tr\/wp-json\/wp\/v2\/product\/3002","targetHints":{"allow":["GET"]}}],"collection":[{"href":"https:\/\/mueller-wrh.de\/tr\/wp-json\/wp\/v2\/product"}],"about":[{"href":"https:\/\/mueller-wrh.de\/tr\/wp-json\/wp\/v2\/types\/product"}],"replies":[{"embeddable":true,"href":"https:\/\/mueller-wrh.de\/tr\/wp-json\/wp\/v2\/comments?post=3002"}],"wp:featuredmedia":[{"embeddable":true,"href":"https:\/\/mueller-wrh.de\/tr\/wp-json\/wp\/v2\/media\/2994"}],"wp:attachment":[{"href":"https:\/\/mueller-wrh.de\/tr\/wp-json\/wp\/v2\/media?parent=3002"}],"wp:term":[{"taxonomy":"product_brand","embeddable":true,"href":"https:\/\/mueller-wrh.de\/tr\/wp-json\/wp\/v2\/product_brand?post=3002"},{"taxonomy":"product_cat","embeddable":true,"href":"https:\/\/mueller-wrh.de\/tr\/wp-json\/wp\/v2\/product_cat?post=3002"},{"taxonomy":"product_tag","embeddable":true,"href":"https:\/\/mueller-wrh.de\/tr\/wp-json\/wp\/v2\/product_tag?post=3002"}],"curies":[{"name":"wp","href":"https:\/\/api.w.org\/{rel}","templated":true}]}}