{"id":2924,"date":"2025-03-13T16:32:08","date_gmt":"2025-03-13T16:32:08","guid":{"rendered":"https:\/\/mueller-wrh.de\/produkt\/gebr-gildemeister-speed-12-7_linear-bj-04_intnr231165\/"},"modified":"2026-03-13T12:16:50","modified_gmt":"2026-03-13T12:16:50","slug":"gebr-gildemeister-speed-12-7_linear-bj-04_intnr231165","status":"publish","type":"product","link":"https:\/\/mueller-wrh.de\/tr\/urun\/gebr-gildemeister-speed-12-7_linear-bj-04_intnr231165\/","title":{"rendered":"DMG H\u0131z 12-7_Do\u011frusal Bj.`04_FMB Minimag ile (IntNr231165)"},"content":{"rendered":"<p><b>Konum:<\/b> Almanya, Baden-W\u00fcrttemberg G\u00fcneybat\u0131<\/p>\n<p><b>Durum:<\/b> Kullan\u0131lm\u0131\u015f<\/p>\n<p><b>\u00dcretici firma:<\/b> DMG<\/p>\n<p><b>Model:<\/b> H\u0131z 12-7<\/p>\n<p><b>\u0130n\u015faat y\u0131l\u0131:<\/b> 2004<\/p>\n<p><b>\u00c7al\u0131\u015fma saatleri:<\/b> 153199<\/p>\n<p>Son derece dinamik bir kayar mesnetli otomatik torna DMG Speed 12-7 Linear sat\u0131l\u0131kt\u0131r<br \/>\nFMB Minimag y\u00fckleme \u015farj\u00f6r\u00fc ile.<br \/>\nKontrol sistemi: DMG'ye \u00f6zel kullan\u0131c\u0131 aray\u00fczl\u00fc Fanuc 16i-TB<br \/>\n\u0130n\u015faat y\u0131l\u0131 2004<\/p>\n<p>Teknik veriler<\/p>\n<p>Eksen say\u0131s\u0131: 7 eksen (X1, Y1, Z1, X2, Z2, C1, C2)<br \/>\nMaks. \u00c7ubuk \u00e7ap\u0131: 12,7 mm<br \/>\nMaks. D\u00f6nd\u00fcrme uzunlu\u011fu: 120 mm<br \/>\nH\u0131zl\u0131 travers h\u0131zlar\u0131: X ekseni (do\u011frusal): 40 m\/dak<br \/>\nLineer motor so\u011futmas\u0131: Lineer tahrikin termal stabilizasyonu i\u00e7in ayr\u0131 so\u011futma \u00fcnitesi.<br \/>\nZ ekseni: 30 m\/dak<\/p>\n<p>Ana i\u015f mili h\u0131z aral\u0131\u011f\u0131: 0 - 12.000 rpm<br \/>\nTahrik g\u00fcc\u00fc: 3,7 \/ 5,5 kW<br \/>\nC ekseni: Y\u00fcksek hassasiyetli frezeleme i\u015flemleri i\u00e7in 0,001\u00b0 \u00e7\u00f6z\u00fcn\u00fcrl\u00fck<\/p>\n<p>Kar\u015f\u0131 i\u015f mili h\u0131z aral\u0131\u011f\u0131: 0 - 12.000 rpm<br \/>\nHareket mesafesi Z2: 150 mm<br \/>\nC ekseni: Tam entegre C ekseni<\/p>\n<p>Tak\u0131m ta\u015f\u0131y\u0131c\u0131 (lineer k\u0131zak sistemi)<br \/>\nToplam alet say\u0131s\u0131: 18 yere kadar<br \/>\nTahrikli tak\u0131mlar: \u00c7apraz i\u015fleme i\u00e7in 3 ila 5 yer<br \/>\nTahrikli tak\u0131mlar\u0131n h\u0131z\u0131: maks. 6.000 rpm<\/p>\n<p>Y\u00fckleme magazini: 2 ila 23 mm \u00e7ap aral\u0131\u011f\u0131 i\u00e7in FMB Minimag.<br \/>\n\u00c7ubuk uzunlu\u011fu: 3,0200 mm<br \/>\nTala\u015f konvey\u00f6r\u00fc<br \/>\nK\u00fc\u00e7\u00fck s\u00f6nd\u00fcrme sistemi \/ m\u00fclk s\u00f6nd\u00fcrme sistemleri Kraft ve Bauer<br \/>\nPar\u00e7a ay\u0131r\u0131c\u0131<br \/>\nTala\u015f y\u0131kama sistemi  <\/p>\n<p>Makine randevu ile incelenebilir.<br \/>\nTeknik veri ve bilgilerdeki de\u011fi\u015fiklikler ve hatalar ile \u00f6n sat\u0131\u015f hakk\u0131 sakl\u0131d\u0131r!<\/p>\n<p>Sat\u0131l\u0131k: son derece dinamik bir DMG Speed 12-7 Lineer uzun tornalama otomatik torna tezgah\u0131<br \/>\nFMB Minimag y\u00fckleme \u015farj\u00f6r\u00fc ile.<br \/>\nKontrol sistemi: DMG'ye \u00f6zel kullan\u0131c\u0131 aray\u00fczl\u00fc Fanuc 16i-TB<br \/>\n\u00dcretim y\u0131l\u0131: 2004<\/p>\n<p>Teknik veriler<\/p>\n<p>Eksen say\u0131s\u0131: 7 eksen (X1, Y1, Z1, X2, Z2, C1, C2)<br \/>\nMaks. \u00e7ubuk \u00e7ap\u0131: 12,7 mm<br \/>\nMaks. d\u00f6n\u00fc\u015f uzunlu\u011fu: 120 mm<br \/>\nH\u0131zl\u0131 travers h\u0131zlar\u0131: X ekseni (do\u011frusal): 40 m\/dak<br \/>\nLineer motor so\u011futmas\u0131: Lineer tahrikin termal stabilizasyonu i\u00e7in ayr\u0131 so\u011futma \u00fcnitesi.<br \/>\nZ ekseni: 30 m\/dak<\/p>\n<p>Ana i\u015f mili h\u0131z aral\u0131\u011f\u0131: 0 - 12.000 rpm<br \/>\nTahrik g\u00fcc\u00fc: 3,7 \/ 5,5 kW<br \/>\nC ekseni: Y\u00fcksek hassasiyetli frezeleme i\u015flemleri i\u00e7in 0,001\u00b0 \u00e7\u00f6z\u00fcn\u00fcrl\u00fck<\/p>\n<p>Kar\u015f\u0131 i\u015f mili h\u0131z aral\u0131\u011f\u0131: 0 - 12.000 rpm<br \/>\nHareket aral\u0131\u011f\u0131 Z2: 150 mm<br \/>\nC ekseni: Tam te\u015fekk\u00fcll\u00fc C ekseni entegre<\/p>\n<p>Tak\u0131m ta\u015f\u0131y\u0131c\u0131 (lineer k\u0131zak sistemi)<br \/>\nToplam alet say\u0131s\u0131: 18 pozisyona kadar<br \/>\nTahrikli tak\u0131mlar: \u00c7apraz i\u015fleme i\u00e7in 3 ila 5 pozisyon<br \/>\nTahrikli tak\u0131mlar\u0131n h\u0131z\u0131: maks. 6.000 rpm<\/p>\n<p>Y\u00fckleme magazini: 2 ila 23 mm \u00e7ap aral\u0131\u011f\u0131 i\u00e7in FMB Minimag.<br \/>\n\u00c7ubuk uzunlu\u011fu: 3,020 mm<br \/>\nTala\u015f konvey\u00f6r\u00fc<br \/>\nK\u00fc\u00e7\u00fck yang\u0131n s\u00f6nd\u00fcrme sistemi \/ Kraft und Bauer object yang\u0131n s\u00f6nd\u00fcrme sistemleri<br \/>\nPar\u00e7a ay\u0131r\u0131c\u0131<br \/>\nTala\u015f y\u0131kama sistemi  <\/p>\n<p>Makine randevu ile incelenebilir.<br \/>\nTeknik verilerdeki ve bilgilerdeki de\u011fi\u015fikliklere ve hatalara ve ayr\u0131ca sat\u0131\u015f \u00f6ncesine tabidir!<\/p>","protected":false},"excerpt":{"rendered":"<p>Standort: Deutschland, Baden-W\u00fcrttemberg S\u00fcdwest Zustand: Gebraucht Hersteller: DMG Modell: Speed 12-7 Baujahr: 2004 Betriebsstunden: 153199 Zum Verkauf steht ein hochdynamischer Langdrehautomat DMG Speed 12-7 Linear mit Lademagazin FMB Minimag. Steuerung: Fanuc 16i-TB mit DMG-spezifischer Bedienoberfl\u00e4che Baujahr 2004 Technische Daten Anzahl der Achsen: 7 Achsen (X1, Y1, Z1, X2, Z2, C1, C2) Max. Stangendurchmesser: 12,7 mm [&hellip;]<\/p>\n","protected":false},"featured_media":4990,"comment_status":"open","ping_status":"closed","template":"","meta":{"_uf_show_specific_survey":0,"_uf_disable_surveys":false},"product_brand":[],"product_cat":[23],"product_tag":[],"class_list":{"0":"post-2924","1":"product","2":"type-product","3":"status-publish","4":"has-post-thumbnail","6":"product_cat-cnc-langdrehmaschinen","8":"first","9":"instock","10":"taxable","11":"shipping-taxable","12":"product-type-simple"},"aioseo_notices":[],"_links":{"self":[{"href":"https:\/\/mueller-wrh.de\/tr\/wp-json\/wp\/v2\/product\/2924","targetHints":{"allow":["GET"]}}],"collection":[{"href":"https:\/\/mueller-wrh.de\/tr\/wp-json\/wp\/v2\/product"}],"about":[{"href":"https:\/\/mueller-wrh.de\/tr\/wp-json\/wp\/v2\/types\/product"}],"replies":[{"embeddable":true,"href":"https:\/\/mueller-wrh.de\/tr\/wp-json\/wp\/v2\/comments?post=2924"}],"wp:featuredmedia":[{"embeddable":true,"href":"https:\/\/mueller-wrh.de\/tr\/wp-json\/wp\/v2\/media\/4990"}],"wp:attachment":[{"href":"https:\/\/mueller-wrh.de\/tr\/wp-json\/wp\/v2\/media?parent=2924"}],"wp:term":[{"taxonomy":"product_brand","embeddable":true,"href":"https:\/\/mueller-wrh.de\/tr\/wp-json\/wp\/v2\/product_brand?post=2924"},{"taxonomy":"product_cat","embeddable":true,"href":"https:\/\/mueller-wrh.de\/tr\/wp-json\/wp\/v2\/product_cat?post=2924"},{"taxonomy":"product_tag","embeddable":true,"href":"https:\/\/mueller-wrh.de\/tr\/wp-json\/wp\/v2\/product_tag?post=2924"}],"curies":[{"name":"wp","href":"https:\/\/api.w.org\/{rel}","templated":true}]}}