{"id":2887,"date":"2025-03-13T16:30:23","date_gmt":"2025-03-13T16:30:23","guid":{"rendered":"https:\/\/mueller-wrh.de\/produkt\/werkzeughalter-star-7-077-408-3-fach-bohrhalter-o32mm-mit-kuehlmittelversorgung-intnr231163\/"},"modified":"2025-03-13T16:30:23","modified_gmt":"2025-03-13T16:30:23","slug":"werkzeughalter-star-7-077-408-3-fach-bohrhalter-o32mm-mit-kuehlmittelversorgung-intnr231163","status":"publish","type":"product","link":"https:\/\/mueller-wrh.de\/tr\/urun\/werkzeughalter-star-7-077-408-3-fach-bohrhalter-o32mm-mit-kuehlmittelversorgung-intnr231163\/","title":{"rendered":"Tak\u0131m tutucu STAR 7.077.408 So\u011futma s\u0131v\u0131s\u0131 beslemeli 3 katl\u0131 matkap tutucu \u00d832mm (IntNo231163)"},"content":{"rendered":"<p><b>Konum:<\/b> Almanya, Baden-W\u00fcrttemberg G\u00fcneybat\u0131<\/p>\n<p><b>Durum:<\/b> Yeni kadar iyi<\/p>\n<p><b>\u00dcretici firma:<\/b> n.a.<\/p>\n<p><b>Model:<\/b> 431-03-00<\/p>\n<p>So\u011futma s\u0131v\u0131s\u0131 beslemeli (dahili veya harici) 3 katl\u0131 matkap tutucu \u00d832mm<br \/>\nana ve kar\u015f\u0131 i\u015f mili i\u00e7in (IntNo231163)<br \/>\n7.077.408<br \/>\nA\u015fa\u011f\u0131daki STAR makine tipleri i\u00e7in uygundur:<br \/>\nSV-12\/20\/20R\/32\/32J\/32J II\/38R - ECAS-20T\/30T<\/p>\n<p>Teknik veri ve bilgilerdeki de\u011fi\u015fiklikler ve hatalar ile \u00f6n sat\u0131\u015f hakk\u0131 sakl\u0131d\u0131r!<\/p>\n<p>So\u011futma s\u0131v\u0131s\u0131 beslemeli (dahili veya harici) 3 katl\u0131 matkap tutucu \u00d832mm<br \/>\nana ve kar\u015f\u0131 i\u015f mili i\u00e7in (IntNr231163)<br \/>\n7.077.408<br \/>\nA\u015fa\u011f\u0131daki STAR makine tipleri i\u00e7in uygundur:<br \/>\nSV-12\/20\/20R\/32\/32J\/32J II\/38R - ECAS-20T\/30T<\/p>\n<p>Teknik verilerdeki ve bilgilerdeki de\u011fi\u015fikliklere ve hatalara ve ayr\u0131ca sat\u0131\u015f \u00f6ncesine tabidir!<\/p>","protected":false},"excerpt":{"rendered":"<p>Standort: Deutschland, Baden-W\u00fcrttemberg S\u00fcdwest Zustand: Neuwertig Hersteller: n.a. Modell: 431-03-00 3-fach-Bohrhalter \u00d832mm mit K\u00fchlmittelversorgung (intern oder extern) f\u00fcr Haupt- und Gegensspindel (IntNr231163) 7.077.408 Passend f\u00fcr folgende STAR-Maschinentypen: SV-12\/20\/20R\/32\/32J\/32J II\/38R &#8211; ECAS-20T\/30T Aenderungen und Irrtuemer in den technischen Daten und Angaben sowie Zwischenverkauf vorbehalten! 3-fold drill holder \u00d832mm with coolant supply (internal or external) for main [&hellip;]<\/p>\n","protected":false},"featured_media":2886,"comment_status":"open","ping_status":"closed","template":"","meta":{"_uf_show_specific_survey":0,"_uf_disable_surveys":false},"product_brand":[],"product_cat":[20],"product_tag":[],"class_list":{"0":"post-2887","1":"product","2":"type-product","3":"status-publish","4":"has-post-thumbnail","6":"product_cat-werkzeughalter","8":"first","9":"instock","10":"taxable","11":"shipping-taxable","12":"product-type-simple"},"aioseo_notices":[],"_links":{"self":[{"href":"https:\/\/mueller-wrh.de\/tr\/wp-json\/wp\/v2\/product\/2887","targetHints":{"allow":["GET"]}}],"collection":[{"href":"https:\/\/mueller-wrh.de\/tr\/wp-json\/wp\/v2\/product"}],"about":[{"href":"https:\/\/mueller-wrh.de\/tr\/wp-json\/wp\/v2\/types\/product"}],"replies":[{"embeddable":true,"href":"https:\/\/mueller-wrh.de\/tr\/wp-json\/wp\/v2\/comments?post=2887"}],"wp:featuredmedia":[{"embeddable":true,"href":"https:\/\/mueller-wrh.de\/tr\/wp-json\/wp\/v2\/media\/2886"}],"wp:attachment":[{"href":"https:\/\/mueller-wrh.de\/tr\/wp-json\/wp\/v2\/media?parent=2887"}],"wp:term":[{"taxonomy":"product_brand","embeddable":true,"href":"https:\/\/mueller-wrh.de\/tr\/wp-json\/wp\/v2\/product_brand?post=2887"},{"taxonomy":"product_cat","embeddable":true,"href":"https:\/\/mueller-wrh.de\/tr\/wp-json\/wp\/v2\/product_cat?post=2887"},{"taxonomy":"product_tag","embeddable":true,"href":"https:\/\/mueller-wrh.de\/tr\/wp-json\/wp\/v2\/product_tag?post=2887"}],"curies":[{"name":"wp","href":"https:\/\/api.w.org\/{rel}","templated":true}]}}