{"id":2858,"date":"2025-03-13T16:28:52","date_gmt":"2025-03-13T16:28:52","guid":{"rendered":"https:\/\/mueller-wrh.de\/produkt\/gebr-werkzeughalter-star-451-59-00_star-sv-20-intnr231153\/"},"modified":"2025-03-13T16:28:52","modified_gmt":"2025-03-13T16:28:52","slug":"gebr-werkzeughalter-star-451-59-00_star-sv-20-intnr231153","status":"publish","type":"product","link":"https:\/\/mueller-wrh.de\/tr\/urun\/gebr-werkzeughalter-star-451-59-00_star-sv-20-intnr231153\/","title":{"rendered":"STAR 451-59-00_Star SV-20 tak\u0131m tutucu (IntNo231153)"},"content":{"rendered":"<p><b>Konum:<\/b> Almanya, Baden-W\u00fcrttemberg G\u00fcneybat\u0131<\/p>\n<p><b>Durum:<\/b> Yeni kadar iyi<\/p>\n<p><b>\u00dcretici firma:<\/b> STAR Micronics<\/p>\n<p>\u00d6n ve arka delme i\u00e7in 2 milli \u00e7ift \u00f6n delme\/frezeleme \u00fcnitesi ER11<br \/>\nGeri i\u015fleme; y\u00fcksek h\u0131z 12000 1\/min ile<br \/>\nSo\u011futma s\u0131v\u0131s\u0131 beslemesi (harici)<br \/>\nana i\u015f mili ve kar\u015f\u0131 i\u015f mili i\u00e7in<br \/>\n451-59-00<br \/>\nA\u015fa\u011f\u0131daki STAR makine tipleri i\u00e7in uygundur:<br \/>\nST-20-32-38 SV-12-20-32 \/ ECAS<br \/>\nDi\u015fli oran\u0131 1:2.115<br \/>\nGiri\u015f h\u0131z\u0131 maks. 6000 1\/dak<br \/>\n\u00c7\u0131k\u0131\u015f h\u0131z\u0131 maks. 12000 1\/dak<br \/>\n\u00c7\u0131k\u0131\u015f torku maks. 12 Nm<br \/>\nTeknik veri ve bilgilerdeki de\u011fi\u015fiklikler ve hatalar ile \u00f6n sat\u0131\u015f hakk\u0131 sakl\u0131d\u0131r!<\/p>\n<p>A\u00e7\u0131s\u0131 ayarlanabilir ER11 delme\/frezeleme ata\u015fman\u0131 (0-90\u00b0); y\u00fcksek h\u0131zda \u00e7al\u0131\u015fma<br \/>\n12000 1\/dak<br \/>\nana mil i\u00e7in<br \/>\n451-55-00<br \/>\nA\u015fa\u011f\u0131daki STAR makine tipleri i\u00e7in uygundur:<br \/>\nST-20-32-38 SV-12-20-32 \/ ECAS<br \/>\n\u00c7\u0131k\u0131\u015f h\u0131z\u0131 maks. 12000 1\/dak<br \/>\nTeknik verilerdeki ve bilgilerdeki de\u011fi\u015fikliklere ve hatalara ve ayr\u0131ca sat\u0131\u015f \u00f6ncesine tabidir!<\/p>","protected":false},"excerpt":{"rendered":"<p>Standort: Deutschland, Baden-W\u00fcrttemberg S\u00fcdwest Zustand: Neuwertig Hersteller: STAR Micronics 2-Spindel-Doppelfrontalbohr-\/Fr\u00e4sapparat ER11 f\u00fcr Front- und R\u00fcckseitenbearbeitung; Schnelllauf 12000 1\/min mit K\u00fchlmittelzuf\u00fchrung (extern) zu Hauptspindel und Gegenspindel 451-59-00 Passend f\u00fcr folgende STAR-Maschinentypen: ST-20-32-38 SV-12-20-32 \/ ECAS \u00dcbersetzung 1:2,115 Eingangsdrehzahl max. 6000 1\/min Ausgangsdrehzahl max. 12000 1\/min Ausgangsdrehmoment max. 12 Nm Aenderungen und Irrtuemer in den technischen Daten [&hellip;]<\/p>\n","protected":false},"featured_media":2856,"comment_status":"open","ping_status":"closed","template":"","meta":{"_uf_show_specific_survey":0,"_uf_disable_surveys":false},"product_brand":[],"product_cat":[20],"product_tag":[],"class_list":{"0":"post-2858","1":"product","2":"type-product","3":"status-publish","4":"has-post-thumbnail","6":"product_cat-werkzeughalter","8":"first","9":"instock","10":"taxable","11":"shipping-taxable","12":"product-type-simple"},"aioseo_notices":[],"_links":{"self":[{"href":"https:\/\/mueller-wrh.de\/tr\/wp-json\/wp\/v2\/product\/2858","targetHints":{"allow":["GET"]}}],"collection":[{"href":"https:\/\/mueller-wrh.de\/tr\/wp-json\/wp\/v2\/product"}],"about":[{"href":"https:\/\/mueller-wrh.de\/tr\/wp-json\/wp\/v2\/types\/product"}],"replies":[{"embeddable":true,"href":"https:\/\/mueller-wrh.de\/tr\/wp-json\/wp\/v2\/comments?post=2858"}],"wp:featuredmedia":[{"embeddable":true,"href":"https:\/\/mueller-wrh.de\/tr\/wp-json\/wp\/v2\/media\/2856"}],"wp:attachment":[{"href":"https:\/\/mueller-wrh.de\/tr\/wp-json\/wp\/v2\/media?parent=2858"}],"wp:term":[{"taxonomy":"product_brand","embeddable":true,"href":"https:\/\/mueller-wrh.de\/tr\/wp-json\/wp\/v2\/product_brand?post=2858"},{"taxonomy":"product_cat","embeddable":true,"href":"https:\/\/mueller-wrh.de\/tr\/wp-json\/wp\/v2\/product_cat?post=2858"},{"taxonomy":"product_tag","embeddable":true,"href":"https:\/\/mueller-wrh.de\/tr\/wp-json\/wp\/v2\/product_tag?post=2858"}],"curies":[{"name":"wp","href":"https:\/\/api.w.org\/{rel}","templated":true}]}}