{"id":2843,"date":"2025-03-13T16:27:57","date_gmt":"2025-03-13T16:27:57","guid":{"rendered":"https:\/\/mueller-wrh.de\/produkt\/gebr-werkzeughalter-star-221-72-00-intnr231128\/"},"modified":"2025-03-13T16:27:57","modified_gmt":"2025-03-13T16:27:57","slug":"gebr-werkzeughalter-star-221-72-00-intnr231128","status":"publish","type":"product","link":"https:\/\/mueller-wrh.de\/tr\/urun\/gebr-werkzeughalter-star-221-72-00-intnr231128\/","title":{"rendered":"markal\u0131 tak\u0131m tutucu STAR 221-72-00 (IntNo231128)"},"content":{"rendered":"<p><b>Konum:<\/b> Almanya, Baden-W\u00fcrttemberg G\u00fcneybat\u0131<\/p>\n<p><b>Durum:<\/b> Yeni kadar iyi<\/p>\n<p><b>\u00dcretici firma:<\/b> STAR Micronics<\/p>\n<p>Arka taraf i\u00e7in 16 x 16 mm \u015faftl\u0131 tek tak\u0131m tutucu<br \/>\n tezgah mili i\u00e7in y\u00fcksekli\u011fi ayarlanabilir<br \/>\n221-72-00<br \/>\nA\u015fa\u011f\u0131daki STAR makine tipleri i\u00e7in uygundur:<br \/>\nST-20-32-38 SV-12-20-32 \/ ECAS<br \/>\nTeknik veri ve bilgilerdeki de\u011fi\u015fiklikler ve hatalar ile \u00f6n sat\u0131\u015f hakk\u0131 sakl\u0131d\u0131r!<\/p>\n<p>Arka taraf i\u00e7in 1 katl\u0131 tak\u0131m tutucu 16 x 16 mm \u015faft<br \/>\n tezgah mili i\u00e7in Y\u00fckseklik ayarlanabilir<br \/>\n221-72-00<br \/>\nA\u015fa\u011f\u0131daki STAR makine tipleri i\u00e7in uygundur:<br \/>\nST-20-32-38 SV-12-20-32 \/ ECAS<br \/>\nTeknik verilerdeki ve bilgilerdeki de\u011fi\u015fikliklere ve hatalara ve ayr\u0131ca sat\u0131\u015f \u00f6ncesine tabidir!<\/p>","protected":false},"excerpt":{"rendered":"<p>Standort: Deutschland, Baden-W\u00fcrttemberg S\u00fcdwest Zustand: Neuwertig Hersteller: STAR Micronics 1-fach Werkzeughalter 16 x 16mm Schaft f\u00fcr die R\u00fcckseite zu Gegenspindel H\u00f6henverstellbar 221-72-00 Passend f\u00fcr folgende STAR-Maschinentypen: ST-20-32-38 SV-12-20-32 \/ ECAS Aenderungen und Irrtuemer in den technischen Daten und Angaben sowie Zwischenverkauf vorbehalten! 1-fold tool holder 16 x 16 mm shank for the rear side for [&hellip;]<\/p>\n","protected":false},"featured_media":2841,"comment_status":"open","ping_status":"closed","template":"","meta":{"_uf_show_specific_survey":0,"_uf_disable_surveys":false},"product_brand":[],"product_cat":[20],"product_tag":[],"class_list":{"0":"post-2843","1":"product","2":"type-product","3":"status-publish","4":"has-post-thumbnail","6":"product_cat-werkzeughalter","8":"first","9":"instock","10":"taxable","11":"shipping-taxable","12":"product-type-simple"},"aioseo_notices":[],"_links":{"self":[{"href":"https:\/\/mueller-wrh.de\/tr\/wp-json\/wp\/v2\/product\/2843","targetHints":{"allow":["GET"]}}],"collection":[{"href":"https:\/\/mueller-wrh.de\/tr\/wp-json\/wp\/v2\/product"}],"about":[{"href":"https:\/\/mueller-wrh.de\/tr\/wp-json\/wp\/v2\/types\/product"}],"replies":[{"embeddable":true,"href":"https:\/\/mueller-wrh.de\/tr\/wp-json\/wp\/v2\/comments?post=2843"}],"wp:featuredmedia":[{"embeddable":true,"href":"https:\/\/mueller-wrh.de\/tr\/wp-json\/wp\/v2\/media\/2841"}],"wp:attachment":[{"href":"https:\/\/mueller-wrh.de\/tr\/wp-json\/wp\/v2\/media?parent=2843"}],"wp:term":[{"taxonomy":"product_brand","embeddable":true,"href":"https:\/\/mueller-wrh.de\/tr\/wp-json\/wp\/v2\/product_brand?post=2843"},{"taxonomy":"product_cat","embeddable":true,"href":"https:\/\/mueller-wrh.de\/tr\/wp-json\/wp\/v2\/product_cat?post=2843"},{"taxonomy":"product_tag","embeddable":true,"href":"https:\/\/mueller-wrh.de\/tr\/wp-json\/wp\/v2\/product_tag?post=2843"}],"curies":[{"name":"wp","href":"https:\/\/api.w.org\/{rel}","templated":true}]}}