{"id":2840,"date":"2025-03-13T16:27:51","date_gmt":"2025-03-13T16:27:51","guid":{"rendered":"https:\/\/mueller-wrh.de\/produkt\/gebr-werkzeughalter-star-221-20-00-intnr231127\/"},"modified":"2025-03-13T16:27:51","modified_gmt":"2025-03-13T16:27:51","slug":"gebr-werkzeughalter-star-221-20-00-intnr231127","status":"publish","type":"product","link":"https:\/\/mueller-wrh.de\/tr\/urun\/gebr-werkzeughalter-star-221-20-00-intnr231127\/","title":{"rendered":"markal\u0131 tak\u0131m tutucu STAR 221-20-00 (IntNo231127)"},"content":{"rendered":"<p><b>Konum:<\/b> Almanya, Baden-W\u00fcrttemberg G\u00fcneybat\u0131<\/p>\n<p><b>Durum:<\/b> Yeni kadar iyi<\/p>\n<p><b>\u00dcretici firma:<\/b> STAR Micronics<\/p>\n<p>ER16 \u00e7apraz delme\/frezeleme makinesi<br \/>\n ana i\u015f mili ve kar\u015f\u0131 i\u015f mili i\u00e7in<br \/>\n221-50-00 &amp; 221-20-00<br \/>\nA\u015fa\u011f\u0131daki STAR makine tipleri i\u00e7in uygundur:<br \/>\nST-20-32-38 SV-12-20-32 \/ ECAS<br \/>\n\u00c7eviri 1:1<br \/>\nGiri\u015f h\u0131z\u0131 maks. 5750 1\/dak<br \/>\n\u00c7\u0131k\u0131\u015f h\u0131z\u0131 maks. 5750 1\/dak<br \/>\n\u00c7\u0131k\u0131\u015f torku maks. 32 Nm<br \/>\nTeknik veri ve bilgilerdeki de\u011fi\u015fiklikler ve hatalar ile \u00f6n sat\u0131\u015f hakk\u0131 sakl\u0131d\u0131r!<\/p>\n<p>\u00c7apraz delme\/frezeleme ata\u015fman\u0131 ER16<br \/>\n ana i\u015f mili ve kar\u015f\u0131 i\u015f mili i\u00e7in<br \/>\n221-50-00 &amp; 221-20-00<br \/>\nA\u015fa\u011f\u0131daki STAR makine tipleri i\u00e7in uygundur:<br \/>\nST-20-32-38 SV-12-20-32 \/ ECAS<br \/>\nDi\u015fli oran\u0131 1:1<br \/>\nGiri\u015f h\u0131z\u0131 maks. 5750 1\/dak<br \/>\n\u00c7\u0131k\u0131\u015f h\u0131z\u0131 maks. 5750 1\/dak<br \/>\n\u00c7\u0131k\u0131\u015f torku maks. 32 Nm<br \/>\nTeknik verilerdeki ve bilgilerdeki de\u011fi\u015fikliklere ve hatalara ve ayr\u0131ca sat\u0131\u015f \u00f6ncesine tabidir!<\/p>","protected":false},"excerpt":{"rendered":"<p>Standort: Deutschland, Baden-W\u00fcrttemberg S\u00fcdwest Zustand: Neuwertig Hersteller: STAR Micronics Querbohr-\/Fr\u00e4sapparat ER16 zu Hauptspindel und Gegenspindel 221-50-00 &amp; 221-20-00 Passend f\u00fcr folgende STAR-Maschinentypen: ST-20-32-38 SV-12-20-32 \/ ECAS \u00dcbersetzung 1:1 Eingangsdrehzahl max. 5750 1\/min Ausgangsdrehzahl max. 5750 1\/min Ausgangsdrehmoment max. 32 Nm Aenderungen und Irrtuemer in den technischen Daten und Angaben sowie Zwischenverkauf vorbehalten! Cross drilling\/milling attachment [&hellip;]<\/p>\n","protected":false},"featured_media":2838,"comment_status":"open","ping_status":"closed","template":"","meta":{"_uf_show_specific_survey":0,"_uf_disable_surveys":false},"product_brand":[],"product_cat":[20],"product_tag":[],"class_list":{"0":"post-2840","1":"product","2":"type-product","3":"status-publish","4":"has-post-thumbnail","6":"product_cat-werkzeughalter","8":"first","9":"instock","10":"taxable","11":"shipping-taxable","12":"product-type-simple"},"aioseo_notices":[],"_links":{"self":[{"href":"https:\/\/mueller-wrh.de\/tr\/wp-json\/wp\/v2\/product\/2840","targetHints":{"allow":["GET"]}}],"collection":[{"href":"https:\/\/mueller-wrh.de\/tr\/wp-json\/wp\/v2\/product"}],"about":[{"href":"https:\/\/mueller-wrh.de\/tr\/wp-json\/wp\/v2\/types\/product"}],"replies":[{"embeddable":true,"href":"https:\/\/mueller-wrh.de\/tr\/wp-json\/wp\/v2\/comments?post=2840"}],"wp:featuredmedia":[{"embeddable":true,"href":"https:\/\/mueller-wrh.de\/tr\/wp-json\/wp\/v2\/media\/2838"}],"wp:attachment":[{"href":"https:\/\/mueller-wrh.de\/tr\/wp-json\/wp\/v2\/media?parent=2840"}],"wp:term":[{"taxonomy":"product_brand","embeddable":true,"href":"https:\/\/mueller-wrh.de\/tr\/wp-json\/wp\/v2\/product_brand?post=2840"},{"taxonomy":"product_cat","embeddable":true,"href":"https:\/\/mueller-wrh.de\/tr\/wp-json\/wp\/v2\/product_cat?post=2840"},{"taxonomy":"product_tag","embeddable":true,"href":"https:\/\/mueller-wrh.de\/tr\/wp-json\/wp\/v2\/product_tag?post=2840"}],"curies":[{"name":"wp","href":"https:\/\/api.w.org\/{rel}","templated":true}]}}