{"id":2784,"date":"2025-03-13T16:25:19","date_gmt":"2025-03-13T16:25:19","guid":{"rendered":"https:\/\/mueller-wrh.de\/produkt\/star-3-fach-bohrhalter-o22mm-mit-kuehlmittelzufuehrung-extern-oder-intern-intnr231119\/"},"modified":"2025-03-13T16:25:19","modified_gmt":"2025-03-13T16:25:19","slug":"star-3-fach-bohrhalter-o22mm-mit-kuehlmittelzufuehrung-extern-oder-intern-intnr231119","status":"publish","type":"product","link":"https:\/\/mueller-wrh.de\/tr\/urun\/star-3-fach-bohrhalter-o22mm-mit-kuehlmittelzufuehrung-extern-oder-intern-intnr231119\/","title":{"rendered":"STAR 3 katl\u0131 matkap tutucu \u00d822mm so\u011futma s\u0131v\u0131s\u0131 beslemeli (harici veya dahili) IntNr231119"},"content":{"rendered":"<p><b>Konum:<\/b> Almanya, Baden-W\u00fcrttemberg G\u00fcneybat\u0131<\/p>\n<p><b>Durum:<\/b> Yeni kadar iyi<\/p>\n<p><b>\u00dcretici firma:<\/b> STAR Micronics<\/p>\n<p><b>\u0130n\u015faat y\u0131l\u0131:<\/b> 2021<\/p>\n<p>So\u011futma s\u0131v\u0131s\u0131 beslemeli 3 katl\u0131 matkap tutucu \u00d822mm (harici veya<br \/>\ni\u00e7) ana i\u015f miline ve kar\u015f\u0131 i\u015f miline<br \/>\n7.074.495<br \/>\nA\u015fa\u011f\u0131daki STAR makine tipleri i\u00e7in uygundur:<br \/>\nST-20-32-38 SV-12-20-32 \/ ECAS<br \/>\nTeknik veri ve bilgilerdeki de\u011fi\u015fiklikler ve hatalar ile \u00f6n sat\u0131\u015f hakk\u0131 sakl\u0131d\u0131r!<\/p>\n<p>So\u011futma s\u0131v\u0131s\u0131 beslemeli 3 katl\u0131 matkap tutucu \u00d822mm (harici veya<br \/>\ni\u00e7) ana i\u015f miline ve kar\u015f\u0131 i\u015f miline<br \/>\n7.074.495<br \/>\nA\u015fa\u011f\u0131daki STAR makine tipleri i\u00e7in uygundur:<br \/>\nST-20-32-38- SV-12-20-32 \/ ECAS<br \/>\nTeknik verilerdeki ve bilgilerdeki de\u011fi\u015fikliklere ve hatalara ve ayr\u0131ca sat\u0131\u015f \u00f6ncesine tabidir!<\/p>","protected":false},"excerpt":{"rendered":"<p>Standort: Deutschland, Baden-W\u00fcrttemberg S\u00fcdwest Zustand: Neuwertig Hersteller: STAR Micronics Baujahr: 2021 3-fach Bohrhalter \u00d822mm mit K\u00fchlmittelzuf\u00fchrung (extern oder intern) zu Hauptspindel und Gegenspindel 7.074.495 Passend f\u00fcr folgende STAR-Maschinentypen: ST-20-32-38 SV-12-20-32 \/ ECAS Aenderungen und Irrtuemer in den technischen Daten und Angaben sowie Zwischenverkauf vorbehalten! 3-fold drill holder \u00d822mm with coolant supply (external or internal) to [&hellip;]<\/p>\n","protected":false},"featured_media":2782,"comment_status":"open","ping_status":"closed","template":"","meta":{"_uf_show_specific_survey":0,"_uf_disable_surveys":false},"product_brand":[],"product_cat":[20],"product_tag":[],"class_list":{"0":"post-2784","1":"product","2":"type-product","3":"status-publish","4":"has-post-thumbnail","6":"product_cat-werkzeughalter","8":"first","9":"instock","10":"taxable","11":"shipping-taxable","12":"product-type-simple"},"aioseo_notices":[],"_links":{"self":[{"href":"https:\/\/mueller-wrh.de\/tr\/wp-json\/wp\/v2\/product\/2784","targetHints":{"allow":["GET"]}}],"collection":[{"href":"https:\/\/mueller-wrh.de\/tr\/wp-json\/wp\/v2\/product"}],"about":[{"href":"https:\/\/mueller-wrh.de\/tr\/wp-json\/wp\/v2\/types\/product"}],"replies":[{"embeddable":true,"href":"https:\/\/mueller-wrh.de\/tr\/wp-json\/wp\/v2\/comments?post=2784"}],"wp:featuredmedia":[{"embeddable":true,"href":"https:\/\/mueller-wrh.de\/tr\/wp-json\/wp\/v2\/media\/2782"}],"wp:attachment":[{"href":"https:\/\/mueller-wrh.de\/tr\/wp-json\/wp\/v2\/media?parent=2784"}],"wp:term":[{"taxonomy":"product_brand","embeddable":true,"href":"https:\/\/mueller-wrh.de\/tr\/wp-json\/wp\/v2\/product_brand?post=2784"},{"taxonomy":"product_cat","embeddable":true,"href":"https:\/\/mueller-wrh.de\/tr\/wp-json\/wp\/v2\/product_cat?post=2784"},{"taxonomy":"product_tag","embeddable":true,"href":"https:\/\/mueller-wrh.de\/tr\/wp-json\/wp\/v2\/product_tag?post=2784"}],"curies":[{"name":"wp","href":"https:\/\/api.w.org\/{rel}","templated":true}]}}