{"id":2741,"date":"2025-03-13T16:17:32","date_gmt":"2025-03-13T16:17:32","guid":{"rendered":"https:\/\/mueller-wrh.de\/produkt\/gebr-tsugami-hs2075ax-bj-2012-intnr230381\/"},"modified":"2025-07-14T09:54:40","modified_gmt":"2025-07-14T09:54:40","slug":"gebr-tsugami-hs2075ax-bj-2012-intnr230381","status":"publish","type":"product","link":"https:\/\/mueller-wrh.de\/tr\/urun\/gebr-tsugami-hs2075ax-bj-2012-intnr230381\/","title":{"rendered":"Tsugami HS2075AX markal\u0131, 2012 y\u0131l\u0131 (IntNo230381)"},"content":{"rendered":"<p><b>Konum:<\/b> Almanya, Baden-W\u00fcrttemberg G\u00fcneybat\u0131<\/p>\n<p><b>Durum:<\/b> Kullan\u0131lm\u0131\u015f<\/p>\n<p><b>\u00dcretici firma:<\/b> TSUGAMI<\/p>\n<p><b>Model:<\/b> HS2075AX<\/p>\n<p><b>\u0130n\u015faat y\u0131l\u0131:<\/b> 2012<\/p>\n<p>B eksenli CNC kayar mesnetli torna\/freze merkezi<br \/>\n\u00c7al\u0131\u015fma saati: 7200<br \/>\nKontrol sistemi: Fanuc 31i-A<br \/>\n\u0130\u015fleme uzunlu\u011fu: maks. 250 mm<br \/>\nKontrol edilen eksen say\u0131s\u0131: 7 eksen ve ayn\u0131 anda maks. 5 eksen<br \/>\nB ekseni: 0\u00b0-130\u00b0 serbest\u00e7e programlanabilir<br \/>\n\u00c7ubuk ge\u00e7i\u015fi: \u00d8 3 mm ila maks. \u00d8 20 mm<br \/>\nTahrik g\u00fcc\u00fc ana i\u015f mili: 3,7 kW<br \/>\nTahrik g\u00fcc\u00fc kar\u015f\u0131 i\u015f mili: 2,2 kW<br \/>\nAna i\u015f mili h\u0131z\u0131: 10.000 rpm<br \/>\nKar\u015f\u0131 i\u015f mili h\u0131z\u0131: 10.000 rpm<br \/>\nC ekseni: Ana ve kar\u015f\u0131 i\u015f mili<br \/>\nDo\u011frusal destek say\u0131s\u0131: 2 adet<br \/>\nToplam alet say\u0131s\u0131: 35 adet<br \/>\nBoyutlar (LxWxH) mm cinsinden: 2,110\u00d71,200\u00d71,885<br \/>\nA\u011f\u0131rl\u0131k: 3,300 kg<br \/>\nUzun d\u00f6n\u00fc\u015ften k\u0131sa d\u00f6n\u00fc\u015fe d\u00f6n\u00fc\u015f\u00fcm<br \/>\nDerin delik sondaj istasyonlar\u0131<br \/>\nNAKANISHI y\u00fcksek h\u0131zl\u0131 i\u015f mili<br \/>\nY eksenli arka k\u0131zak<br \/>\n\u00c7apraz delme arka taraf<br \/>\nTala\u015f konvey\u00f6r\u00fc<br \/>\nYang\u0131n s\u00f6nd\u00fcrme sistemi<br \/>\nFMB \u00e7ubuk y\u00fckleyici Minimag 20, 2012 y\u0131l\u0131<\/p>\n<p>Makine \u00f6nceden ayarlanarak g\u00fc\u00e7 alt\u0131nda incelenebilir.<br \/>\nTeknik verilerdeki ve bilgilerdeki de\u011fi\u015fikliklere ve hatalara ve ayr\u0131ca sat\u0131\u015f \u00f6ncesine tabidir!<\/p>\n<p>B eksenli kullan\u0131lm\u0131\u015f CNC \u0130svi\u00e7re tipi torna\/freze merkezi<br \/>\n\u00e7al\u0131\u015fma saati: 7200<br \/>\nKontrol: Fanuc 31i-A<br \/>\ni\u015fleme uzunlu\u011fu: maks. 250 mm<br \/>\nKontrol edilen eksen say\u0131s\u0131: 7 eksen ve maks. 5 eksen e\u015fzamanl\u0131<br \/>\nB ekseni: 0\u00b0-130\u00b0 serbest\u00e7e programlanabilir<br \/>\n\u00c7ubuk kapasitesi: \u00d8 3 mm'den maks. \u00d8 20 mm'ye kadar<br \/>\ntahrik g\u00fcc\u00fc ana i\u015f mili: 3,7 kW<br \/>\ntahrik g\u00fcc\u00fc kar\u015f\u0131 i\u015f mili: 2,2 kW<br \/>\nh\u0131z ana i\u015f mili: 10.000 rpm<br \/>\nkar\u015f\u0131 i\u015f mili h\u0131z\u0131: 10.000 rpm<br \/>\nC ekseni: ana ve kar\u015f\u0131 i\u015f mili<br \/>\nlineer ta\u015f\u0131y\u0131c\u0131 say\u0131s\u0131: 2 adet<br \/>\nToplam alet say\u0131s\u0131: 35 adet<br \/>\nBoyutlar (LxWxH) mm cinsinden: 2,110\u00d71,200\u00d71,885<br \/>\nA\u011f\u0131rl\u0131k: 3,300 kg<br \/>\nUzun d\u00f6n\u00fc\u015ften k\u0131sa d\u00f6n\u00fc\u015fe d\u00f6n\u00fc\u015f\u00fcm<br \/>\nDerin delik delme istasyonlar\u0131<br \/>\nNAKANISHI y\u00fcksek h\u0131zl\u0131 i\u015f mili<br \/>\nY eksenli arka slayt<br \/>\n\u00c7apraz delme arka taraf<br \/>\nTala\u015f konvey\u00f6r\u00fc<br \/>\nYang\u0131n s\u00f6nd\u00fcrme sistemi<br \/>\nFMB \u00e7ubuk besleyici Minimag 20, 2012 y\u0131l\u0131<\/p>\n<p>Makine randevu ile elektrik alt\u0131nda incelenebilir.<br \/>\nTeknik veri ve bilgilerdeki de\u011fi\u015fiklikler ve hatalar \u00f6nceden sat\u0131\u015fa tabidir!<\/p>","protected":false},"excerpt":{"rendered":"<p>Standort: Deutschland, Baden-W\u00fcrttemberg S\u00fcdwest Zustand: Gebraucht Hersteller: TSUGAMI Modell: HS2075AX Baujahr: 2012 gebr. CNC-Lang-Kurzdreh\/Fr\u00e4szentrum mit B-Achse Betriebsstunden: 7200 Steuerung: Fanuc 31i-A Bearbeitungsl\u00e4nge: max. 250 mm Anzahl gesteuerter Achsen: 7 Achsen und max. 5-Achsen simultan B-Achse: 0\u00b0-130\u00b0 frei programmierbar Stangendurchlass: \u00d8 3 mm bis max. \u00d8 20 mm Antriebsleistung Hauptspindel: 3,7 kW Antriebsleistung Gegenspindel: 2,2 kW [&hellip;]<\/p>\n","protected":false},"featured_media":2732,"comment_status":"open","ping_status":"closed","template":"","meta":{"_uf_show_specific_survey":0,"_uf_disable_surveys":false},"product_brand":[],"product_cat":[23],"product_tag":[],"class_list":{"0":"post-2741","1":"product","2":"type-product","3":"status-publish","4":"has-post-thumbnail","6":"product_cat-cnc-langdrehmaschinen","8":"first","9":"instock","10":"taxable","11":"shipping-taxable","12":"product-type-simple"},"aioseo_notices":[],"_links":{"self":[{"href":"https:\/\/mueller-wrh.de\/tr\/wp-json\/wp\/v2\/product\/2741","targetHints":{"allow":["GET"]}}],"collection":[{"href":"https:\/\/mueller-wrh.de\/tr\/wp-json\/wp\/v2\/product"}],"about":[{"href":"https:\/\/mueller-wrh.de\/tr\/wp-json\/wp\/v2\/types\/product"}],"replies":[{"embeddable":true,"href":"https:\/\/mueller-wrh.de\/tr\/wp-json\/wp\/v2\/comments?post=2741"}],"wp:featuredmedia":[{"embeddable":true,"href":"https:\/\/mueller-wrh.de\/tr\/wp-json\/wp\/v2\/media\/2732"}],"wp:attachment":[{"href":"https:\/\/mueller-wrh.de\/tr\/wp-json\/wp\/v2\/media?parent=2741"}],"wp:term":[{"taxonomy":"product_brand","embeddable":true,"href":"https:\/\/mueller-wrh.de\/tr\/wp-json\/wp\/v2\/product_brand?post=2741"},{"taxonomy":"product_cat","embeddable":true,"href":"https:\/\/mueller-wrh.de\/tr\/wp-json\/wp\/v2\/product_cat?post=2741"},{"taxonomy":"product_tag","embeddable":true,"href":"https:\/\/mueller-wrh.de\/tr\/wp-json\/wp\/v2\/product_tag?post=2741"}],"curies":[{"name":"wp","href":"https:\/\/api.w.org\/{rel}","templated":true}]}}