{"id":2682,"date":"2025-03-13T16:15:19","date_gmt":"2025-03-13T16:15:19","guid":{"rendered":"https:\/\/mueller-wrh.de\/produkt\/werkzeughalter-agw_star-3-spindel-frontalbohr-fraesapparat-er16_nr-661-51-0-intnr202101166\/"},"modified":"2025-03-13T16:15:19","modified_gmt":"2025-03-13T16:15:19","slug":"werkzeughalter-agw_star-3-spindel-frontalbohr-fraesapparat-er16_nr-661-51-0-intnr202101166","status":"publish","type":"product","link":"https:\/\/mueller-wrh.de\/tr\/urun\/werkzeughalter-agw_star-3-spindel-frontalbohr-fraesapparat-er16_nr-661-51-0-intnr202101166\/","title":{"rendered":"Tak\u0131m tutucu AGW_Star -3 milli \u00f6nden delme\/frezeleme ata\u015fman\u0131 ER16_No.661-51-0 (IntNo202101166)"},"content":{"rendered":"<p><b>Konum:<\/b> Almanya, Baden-W\u00fcrttemberg G\u00fcneybat\u0131<\/p>\n<p><b>Durum:<\/b> Yeni kadar iyi<\/p>\n<p><b>\u00dcretici firma:<\/b> STAR Micronics<\/p>\n<p><b>Model:<\/b> ER16_No.661-51-00<\/p>\n<p><b>\u0130n\u015faat y\u0131l\u0131:<\/b> 2016<\/p>\n<p>Tak\u0131m tutucu Y\u0131ld\u0131z 3 milli \u00f6n delme\/frezeleme ata\u015fman\u0131 ER16<br \/>\nNo.661-51-00<br \/>\n(S_No_327989-4)<br \/>\nana i\u015f mili i\u00e7in<br \/>\nY\u0131ld\u0131z tipleri i\u00e7in uygundur:<br \/>\nY\u0131ld\u0131z ECAS-12\/20; SB-12\/20R; SB-16III; SD-26C\/E\/G\/S; SL-7\/10<br \/>\nSR-10J; SR-20J\/JN; SR-20JII-A; SR-20JII-B; SR-20RII; SR-20RIII<br \/>\nSR-20RIV; SR-32J\/JN; SR-32JII-A; SR-32JII-B\/JIII-B; SR-38 (Tip A\/B)<br \/>\nSV-20R; SW-12RII; SW-20<\/p>\n<p>H\u0131z maks. 8000 1\/mm<br \/>\nmaks. 13 Nm<br \/>\n\u00c7eviri 1:1<br \/>\nTeknik veri ve bilgilerdeki de\u011fi\u015fiklikler ve hatalar ile \u00f6n sat\u0131\u015f hakk\u0131 sakl\u0131d\u0131r!<\/p>\n<p>Tak\u0131m tutucu Y\u0131ld\u0131z-3 milli \u00f6n delme\/frezeleme ata\u015fman\u0131 ER16<br \/>\nNo.661-51-00<br \/>\n(S_No_327989-4)<br \/>\nana i\u015f mili i\u00e7in<br \/>\nY\u0131ld\u0131z tipleri i\u00e7in uygundur:<br \/>\nY\u0131ld\u0131z ECAS-12\/20; SB-12\/20R; SB-16III; SD-26C\/E\/G\/S; SL-7\/10<br \/>\nSR-10J; SR-20J\/JN; SR-20JII-A; SR-20JII-B; SR-20RII; SR-20RIII<br \/>\nSR-20RIV; SR-32J\/JN; SR-32JII-A; SR-32JII-B\/JIII-B; SR-38 (Tip A\/B)<br \/>\nSV-20R; SW-12RII; SW-20<\/p>\n<p>H\u0131z maks. 8000 1\/mm<br \/>\nmaks. 13 Nm<br \/>\nDi\u015fli oran\u0131 1:1<br \/>\nTeknik veri ve bilgilerdeki de\u011fi\u015fiklikler ve hatalar ile sat\u0131\u015f \u00f6ncesine tabidir!<\/p>","protected":false},"excerpt":{"rendered":"<p>Standort: Deutschland, Baden-W\u00fcrttemberg S\u00fcdwest Zustand: Neuwertig Hersteller: STAR Micronics Modell: ER16_Nr.661-51-00 Baujahr: 2016 Werkzeughalter Star-3-Spindel-Frontalbohr-Fr\u00e4sapparat ER16 Nr.661-51-00 (S_Nr_327989-4) f\u00fcr die Hauptspindel Passend f\u00fcr Star Typen: Star ECAS-12\/20; SB-12\/20R; SB-16III; SD-26C\/E\/G\/S;SL-7\/10 SR-10J; SR-20J\/JN; SR-20JII-A; SR-20JII-B; SR-20RII;SR-20RIII SR-20RIV; SR-32J\/JN; SR-32JII-A; SR-32JII-B\/JIII-B; SR-38 (Type A\/B) SV-20R; SW-12RII; SW-20 Drehzahl max. 8000 1\/mm max. 13 Nm Uebersetzung 1:1 Aenderungen [&hellip;]<\/p>\n","protected":false},"featured_media":2679,"comment_status":"open","ping_status":"closed","template":"","meta":{"_uf_show_specific_survey":0,"_uf_disable_surveys":false},"product_brand":[],"product_cat":[20],"product_tag":[],"class_list":{"0":"post-2682","1":"product","2":"type-product","3":"status-publish","4":"has-post-thumbnail","6":"product_cat-werkzeughalter","8":"first","9":"instock","10":"taxable","11":"shipping-taxable","12":"product-type-simple"},"aioseo_notices":[],"_links":{"self":[{"href":"https:\/\/mueller-wrh.de\/tr\/wp-json\/wp\/v2\/product\/2682","targetHints":{"allow":["GET"]}}],"collection":[{"href":"https:\/\/mueller-wrh.de\/tr\/wp-json\/wp\/v2\/product"}],"about":[{"href":"https:\/\/mueller-wrh.de\/tr\/wp-json\/wp\/v2\/types\/product"}],"replies":[{"embeddable":true,"href":"https:\/\/mueller-wrh.de\/tr\/wp-json\/wp\/v2\/comments?post=2682"}],"wp:featuredmedia":[{"embeddable":true,"href":"https:\/\/mueller-wrh.de\/tr\/wp-json\/wp\/v2\/media\/2679"}],"wp:attachment":[{"href":"https:\/\/mueller-wrh.de\/tr\/wp-json\/wp\/v2\/media?parent=2682"}],"wp:term":[{"taxonomy":"product_brand","embeddable":true,"href":"https:\/\/mueller-wrh.de\/tr\/wp-json\/wp\/v2\/product_brand?post=2682"},{"taxonomy":"product_cat","embeddable":true,"href":"https:\/\/mueller-wrh.de\/tr\/wp-json\/wp\/v2\/product_cat?post=2682"},{"taxonomy":"product_tag","embeddable":true,"href":"https:\/\/mueller-wrh.de\/tr\/wp-json\/wp\/v2\/product_tag?post=2682"}],"curies":[{"name":"wp","href":"https:\/\/api.w.org\/{rel}","templated":true}]}}