{"id":2655,"date":"2025-03-13T16:14:15","date_gmt":"2025-03-13T16:14:15","guid":{"rendered":"https:\/\/mueller-wrh.de\/produkt\/gebr-cnc-citizen-c16-vi-baujahr-2004-intnr230440\/"},"modified":"2025-03-13T16:14:15","modified_gmt":"2025-03-13T16:14:15","slug":"gebr-cnc-citizen-c16-vi-baujahr-2004-intnr230440","status":"publish","type":"product","link":"https:\/\/mueller-wrh.de\/tr\/urun\/gebr-cnc-citizen-c16-vi-baujahr-2004-intnr230440\/","title":{"rendered":"markal\u0131 CNC Citizen C16-VI y\u0131l 2004 (IntNr230440)"},"content":{"rendered":"<p><b>Konum:<\/b> Almanya, Baden-W\u00fcrttemberg G\u00fcneybat\u0131<\/p>\n<p><b>Durum:<\/b> Kullan\u0131lm\u0131\u015f<\/p>\n<p><b>\u00dcretici firma:<\/b> Citizen Makine<\/p>\n<p><b>Model:<\/b> C16-VI<\/p>\n<p><b>\u0130n\u015faat y\u0131l\u0131:<\/b> 2004<\/p>\n<p>CINCOM MITSUBISHI Meldas taraf\u0131ndan \u00fcretilen kontrol \u00fcnitesi<br \/>\n6 eksen (X1\/Z1\/Y1\/C1\/X2\/Z2),<br \/>\n\u00c7ubuk \u00d8 maks. 16 mm,<br \/>\nD\u00f6nd\u00fcrme uzunlu\u011fu maks. 200 mm,<br \/>\nAna i\u015f mili, maks. h\u0131z 10.000 rpm, C ekseni 0,001 derece,<br \/>\nKar\u015f\u0131 mil \u00d8 maks. 16 mm,<br \/>\nKar\u015f\u0131 i\u015f mili h\u0131z\u0131 maks. 10.000 rpm, i\u015f mili indeksleme dahil<br \/>\nToplam 17 tak\u0131m i\u00e7in tak\u0131m tutucu (lineer tak\u0131m tutucu, \u00f6n ata\u015fman, arka i\u015fleme),<br \/>\nPar\u00e7a konvey\u00f6r band\u0131<br \/>\nTala\u015f konvey\u00f6r\u00fc<br \/>\nYang\u0131n s\u00f6nd\u00fcrme sistemi<br \/>\nY\u00fckleme dergisi IEMCA Genius 118\/3200 Y\u0131l 2005<\/p>\n<p>Makine randevu ile g\u00f6r\u00fclebilir.<br \/>\nTeknik veri ve bilgilerdeki de\u011fi\u015fiklikler ve hatalar ile \u00f6n sat\u0131\u015f hakk\u0131 sakl\u0131d\u0131r!<\/p>\n<p>kontrol edin, CINCOM MITSUBISHI Meldas'\u0131 yap\u0131n<br \/>\n6 eksen (X1\/Z1\/Y1\/C1\/X2\/Z2),<br \/>\nbar-\u00d8 maks. 16 mm,<br \/>\nd\u00f6n\u00fc\u015f uzunlu\u011fu maks. 200 mm,<br \/>\nana i\u015f mili, h\u0131z maks. 10.000 rpm, C ekseni 0,001 derece,<br \/>\nkar\u015f\u0131 mil \u00d8 maks. 16 mm,<br \/>\nkar\u015f\u0131 i\u015f mili h\u0131z\u0131 maks. 10.000 rpm, i\u015f mili indeksleme dahil<br \/>\nToplam 17 tak\u0131m i\u00e7in tak\u0131m tutucu (lineer tak\u0131m tutucu, \u00f6n ata\u015fman, geri \u00e7al\u0131\u015fma),<br \/>\npar\u00e7a konvey\u00f6r band\u0131<br \/>\nTala\u015f konvey\u00f6r\u00fc<br \/>\nYang\u0131n s\u00f6nd\u00fcrme sistemi<br \/>\ny\u00fckleme dergisi IEMCA Genius 118\/3200 yap\u0131m y\u0131l\u0131 2005<\/p>\n<p>Makine randevu ile incelenebilir.<br \/>\nTeknik veri ve bilgilerdeki de\u011fi\u015fiklikler ve hatalar \u00f6nceden sat\u0131\u015fa tabidir!<\/p>","protected":false},"excerpt":{"rendered":"<p>Standort: Deutschland, Baden-W\u00fcrttemberg S\u00fcdwest Zustand: Gebraucht Hersteller: Citizen Machinery Modell: C16-VI Baujahr: 2004 Steuerung, Fabr. CINCOM MITSUBISHI Meldas 6 Achsen (X1\/Z1\/Y1\/C1\/X2\/Z2), Stangen-\u00d8 max. 16 mm, Drehl\u00e4nge max. 200 mm, Hauptspindel, Drehzahl max. 10.000 U\/min, C-Achse 0,001 Grad, Gegenspindel-\u00d8 max. 16 mm, Gegenspindeldrehzahl max. 10.000 U\/min, inkl. Spindelindexierung Werkzeughalter f. insgesamt 17 Werkzeuge (Linearwerkzeughalter, Frontapparat, R\u00fcckseitenbearbeitung), [&hellip;]<\/p>\n","protected":false},"featured_media":2646,"comment_status":"open","ping_status":"closed","template":"","meta":{"_uf_show_specific_survey":0,"_uf_disable_surveys":false},"product_brand":[],"product_cat":[23],"product_tag":[],"class_list":{"0":"post-2655","1":"product","2":"type-product","3":"status-publish","4":"has-post-thumbnail","6":"product_cat-cnc-langdrehmaschinen","8":"first","9":"instock","10":"taxable","11":"shipping-taxable","12":"product-type-simple"},"aioseo_notices":[],"_links":{"self":[{"href":"https:\/\/mueller-wrh.de\/tr\/wp-json\/wp\/v2\/product\/2655","targetHints":{"allow":["GET"]}}],"collection":[{"href":"https:\/\/mueller-wrh.de\/tr\/wp-json\/wp\/v2\/product"}],"about":[{"href":"https:\/\/mueller-wrh.de\/tr\/wp-json\/wp\/v2\/types\/product"}],"replies":[{"embeddable":true,"href":"https:\/\/mueller-wrh.de\/tr\/wp-json\/wp\/v2\/comments?post=2655"}],"wp:featuredmedia":[{"embeddable":true,"href":"https:\/\/mueller-wrh.de\/tr\/wp-json\/wp\/v2\/media\/2646"}],"wp:attachment":[{"href":"https:\/\/mueller-wrh.de\/tr\/wp-json\/wp\/v2\/media?parent=2655"}],"wp:term":[{"taxonomy":"product_brand","embeddable":true,"href":"https:\/\/mueller-wrh.de\/tr\/wp-json\/wp\/v2\/product_brand?post=2655"},{"taxonomy":"product_cat","embeddable":true,"href":"https:\/\/mueller-wrh.de\/tr\/wp-json\/wp\/v2\/product_cat?post=2655"},{"taxonomy":"product_tag","embeddable":true,"href":"https:\/\/mueller-wrh.de\/tr\/wp-json\/wp\/v2\/product_tag?post=2655"}],"curies":[{"name":"wp","href":"https:\/\/api.w.org\/{rel}","templated":true}]}}