{"id":767,"date":"2024-11-17T13:40:02","date_gmt":"2024-11-17T13:40:02","guid":{"rendered":"https:\/\/mueller-wrh.de\/cookie-richtlinie\/"},"modified":"2024-11-17T13:40:02","modified_gmt":"2024-11-17T13:40:02","slug":"cookie-richtlinie","status":"publish","type":"page","link":"https:\/\/mueller-wrh.de\/tr\/cookie-richtlinie\/","title":{"rendered":"\u00c7erez Politikas\u0131"},"content":{"rendered":"<p>Bu \u00e7erez politikas\u0131 ile \u00e7erezlerin ve \u00e7erez benzeri teknolojilerin ne oldu\u011funu, bizim ve di\u011fer hizmet sa\u011flay\u0131c\u0131lar\u0131n bunlar\u0131 bu web sitesinde nas\u0131l kulland\u0131\u011f\u0131n\u0131, hangi bilgileri toplad\u0131klar\u0131n\u0131, ne kadar s\u00fcreyle ve hangi ama\u00e7larla kulland\u0131\u011f\u0131m\u0131z\u0131 a\u00e7\u0131klamak istiyoruz.<\/p><h2>\u0130\u00e7indekiler tablosu<\/h2><ul><li><a href=\"#controller-of-the-website\">Web sitelerinden sorumlu ki\u015fi<\/a><\/li><li><a href=\"#diff-to-privacy-policy\">Veri Koruma Politikas\u0131na Ek<\/a><\/li><li><a href=\"#cookie-technology\">\u00c7erezler ve benzer teknolojiler nelerdir?<\/a><\/li><li><a href=\"#legal-basis\">\u00c7erezleri ayarlamak\/okumak i\u00e7in yasal dayanak nedir?<\/a><\/li><li><a href=\"#rights-of-visitor\">Web sitesi ziyaret\u00e7isinin ne gibi haklar\u0131 vard\u0131r?<\/a><\/li><li><a href=\"#manage-cookies\">Bir taray\u0131c\u0131da \u00e7erezleri nas\u0131l y\u00f6netirim?<\/a><\/li><li><a href=\"#types-of-cookies\">Ne t\u00fcr \u00e7erezler var?<\/a><\/li><li><a href=\"#cookies-origin\">Bu web sitesi \u00e7erezleri kimler ayarlayabilir?<\/a><\/li><li><a href=\"#list-of-services\">Bu web sitesinde hangi \u00e7erezler kullan\u0131l\u0131yor?<\/a><\/li><\/ul><h2 id=\"controller-of-the-website\">Web sitelerinden sorumlu ki\u015fi<\/h2><ul><li><strong>Sa\u011flay\u0131c\u0131: <\/strong>M\u00fcller Werkzeugmaschinen Robotik & Handelshaus e. K., Germany<\/li><li><strong>E-posta: <\/strong><a target=\"_blank\" href=\"mailto:Rolf.Mueller@mueller-wrh.de\">Rolf.Mueller@mueller-wrh.de<\/a><\/li><\/ul><h2 id=\"diff-to-privacy-policy\">Veri Koruma Politikas\u0131na Ek<\/h2><p>Bu \u00c7erez Politikas\u0131, bu web sitesinin {{PrivacyPolicy}}Gizlilik Politikas\u0131{{\/privacyPolicy}}'n\u0131n bir tamamlay\u0131c\u0131s\u0131d\u0131r. \u00c7erez politikas\u0131, bir web sitesinin \u00e7erezleri nas\u0131l kulland\u0131\u011f\u0131n\u0131 ve bunlarla hangi verileri toplad\u0131\u011f\u0131n\u0131 belirlerken, gizlilik politikas\u0131 web sitesindeki ve \u00f6tesindeki t\u00fcm veri i\u015fleme faaliyetlerine daha kapsaml\u0131 bir genel bak\u0131\u015f sa\u011flar.<\/p><h2 id=\"cookie-technology\">\u00c7erezler ve benzer teknolojiler nelerdir?<\/h2><p>\u00c7erezler, son cihazda saklanabilen ve okunabilen metin dosyalar\u0131na benzer k\u00fc\u00e7\u00fck bilgi birimleridir. Temel web sitesi i\u015flevlerinin s\u00fcrd\u00fcr\u00fclmesi, g\u00fcvenlik ve veri koruma, iste\u011fe ba\u011fl\u0131 web sitesi i\u015flevlerinin sa\u011flanmas\u0131, ziyaret\u00e7i ak\u0131\u015flar\u0131 hakk\u0131nda istatistiksel verilerin toplanmas\u0131 ve pazarlama sistemlerinin sa\u011flanmas\u0131 dahil olmak \u00fczere \u00e7e\u015fitli ama\u00e7lara hizmet ederler. \u00c7erezlerde nelerin saklanabilece\u011fine dair pratik \u00f6rnekler, kullan\u0131c\u0131 hesaplar\u0131nda oturum a\u00e7ma durumunun saklanmas\u0131, e-ticaret platformlar\u0131ndaki al\u0131\u015fveri\u015f sepetlerinin i\u00e7eri\u011fi veya web sitelerindeki davran\u0131\u015flar\u0131 izlemek i\u00e7in bir kullan\u0131c\u0131 kimli\u011fidir.<br \/><br \/>Bilgiler teknik olarak \u00e7e\u015fitli \u015fekillerde depolanabilir. Bunun en iyi bilinen \u00f6rnekleri HTTP \u00e7erezleri ve yerel depolama, oturum depolama veya IndexedDB gibi \u00e7erez benzeri teknolojilerdir. Her bir depolama t\u00fcr\u00fc, teknik kullan\u0131m\u0131, eri\u015filebilirli\u011fi ve bilgiye eri\u015fimden sorumlu yetkili ki\u015fileri belirleyen farkl\u0131 \u00f6zelliklere sahiptir. T\u00fcm bu depolama t\u00fcrleri genel olarak \"\u00e7erezler\" terimi alt\u0131nda \u00f6zetlenir ve bu nedenle bu \u00e7erez politikas\u0131nda da bu \u015fekilde an\u0131l\u0131r.<\/p><h2 id=\"legal-basis\">\u00c7erezleri ayarlamak\/okumak i\u00e7in yasal dayanak nedir?<\/h2><p>\u00c7erezlerin ayarlanmas\u0131na ve okunmas\u0131na Avrupa Birli\u011fi (AB) ve Avrupa Ekonomik Alan\u0131'nda (AEA) Art. 5 (3) ePrivacy Directive and Recital 66 ePrivacy Directive uyar\u0131nca yaln\u0131zca bir kullan\u0131c\u0131n\u0131n i\u015fleme ama\u00e7lar\u0131 hakk\u0131nda kapsaml\u0131 bilgi temelinde onay vermesi durumunda izin verilir. Web sitesi operat\u00f6r\u00fc, kullan\u0131c\u0131 olarak size a\u00e7\u0131k\u00e7a talep edilen hizmeti sa\u011flamak i\u00e7in kesinlikle gerekliyse \u00e7erezleri de ayarlayabilir, \u00f6rne\u011fin bu web sitesinin temel i\u00e7eri\u011fi veya izniniz olmadan size g\u00f6r\u00fcnt\u00fclenen web sitesinin temel i\u015flevleri i\u00e7in kesinlikle gerekli di\u011fer \u00e7erezler.<\/p><h2 id=\"rights-of-visitor\">Web sitesi ziyaret\u00e7isinin ne gibi haklar\u0131 vard\u0131r?<\/h2><p>Hizmetler ve \u00e7erezler, r\u0131zan\u0131z\u0131n veya me\u015fru menfaatinizin yasal dayana\u011f\u0131na g\u00f6re ayarlanabilir ve okunabilir. Bu web sitesi ilk kez ziyaret etti\u011finizde, sizden onay\u0131n\u0131z istendi ve belirli hizmetlerin kullan\u0131m\u0131na itiraz etme f\u0131rsat\u0131n\u0131z oldu. R\u0131za diyalo\u011fumuzda hangi hizmet i\u00e7in hangi yasal dayana\u011f\u0131n kullan\u0131ld\u0131\u011f\u0131n\u0131 a\u00e7\u0131klad\u0131k.<br \/><br \/>Se\u00e7imlerinizin ge\u00e7mi\u015fini g\u00f6r\u00fcnt\u00fcleme, gizlilik ayarlar\u0131n\u0131z\u0131 de\u011fi\u015ftirme, hizmetlerin kullan\u0131m\u0131na itiraz etme ve onay\u0131n\u0131z\u0131 istedi\u011finiz zaman geri \u00e7ekme hakk\u0131na sahipsiniz. A\u015fa\u011f\u0131da haklar\u0131n\u0131z\u0131 kullanman\u0131n yollar\u0131n\u0131 bulacaks\u0131n\u0131z:<br \/><ul><li><a  href=\"#consent-change\" role=\"button\" id=\"rcb-sc-link-change\" data-success-message=\"\" class=\"rcb-sc-link rcb-sc-link-change\">Gizlilik ayarlar\u0131n\u0131 de\u011fi\u015ftir<\/a><\/li><li><a  href=\"#consent-history\" role=\"button\" id=\"rcb-sc-link-history\" data-success-message=\"\" class=\"rcb-sc-link rcb-sc-link-history\">Gizlilik ayarlar\u0131n\u0131n ge\u00e7mi\u015fi<\/a><\/li><li><a  href=\"#consent-revoke\" role=\"button\" id=\"rcb-sc-link-revoke\" data-success-message=\"\u00c7erezleri ve ki\u015fisel verilerin i\u015flenmesiyle ilgili hizmetler i\u00e7in onay\u0131n\u0131z\u0131 ba\u015far\u0131yla iptal ettiniz. Sayfa \u015fimdi yeniden y\u00fcklenecektir!\" class=\"rcb-sc-link rcb-sc-link-revoke\">Onaylar\u0131 iptal et<\/a><\/li><\/ul><\/p><h2 id=\"manage-cookies\">Bir taray\u0131c\u0131da \u00e7erezleri nas\u0131l y\u00f6netirim?<\/h2><p><ul><li><strong>Bir taray\u0131c\u0131da \u00e7erezler nas\u0131l kald\u0131r\u0131l\u0131r:<\/strong> \u00c7erezleri cihaz\u0131n\u0131zdan kald\u0131rmak i\u00e7in taray\u0131c\u0131 ayarlar\u0131n\u0131zdan taray\u0131c\u0131 verilerini silebilirsiniz. Bu, muhtemelen kay\u0131tl\u0131 giri\u015f verileri ve web sitesi ayarlar\u0131 da dahil olmak \u00fczere ziyaret etti\u011finiz t\u00fcm web sitelerindeki t\u00fcm \u00e7erezleri silecektir. Baz\u0131 taray\u0131c\u0131larda, t\u00fcm tarama ge\u00e7mi\u015fini silmeden yaln\u0131zca \u00e7erezleri ve benzer verileri silebilirsiniz.<\/li><li><strong>Bir taray\u0131c\u0131da \u00e7erezler nas\u0131l kontrol edilir:<\/strong> Belirli web sitelerinin \u00e7erezleri \u00fczerinde daha hassas bir kontrole sahip olmak istiyorsan\u0131z, taray\u0131c\u0131n\u0131zdaki gizlilik ve \u00e7erez ayarlar\u0131na gidin. Burada, tek tek web sitelerinde \u00e7erez kullan\u0131m\u0131na ili\u015fkin ayarlar\u0131 yapabilirsiniz.<\/li><li><strong>Bir taray\u0131c\u0131da \u00e7erezler nas\u0131l engellenir:<\/strong> \u00c7o\u011fu modern taray\u0131c\u0131da, ayarlardan cihaz\u0131n\u0131zda hi\u00e7bir \u00e7erezin saklanmayaca\u011f\u0131n\u0131 belirtebilirsiniz. Ancak, \u00e7erezlerin engellenmesi, kullan\u0131c\u0131 olarak oturum a\u00e7ma gibi belirli hizmetlerin ve i\u015flevlerin d\u00fczg\u00fcn \u00e7al\u0131\u015fmamas\u0131na neden olabilir. Bir\u00e7ok taray\u0131c\u0131 i\u00e7in web sitelerinde \u00e7erezlerin ayarlanmas\u0131n\u0131 engelleyebilen uzant\u0131lar da vard\u0131r.<\/li><li><strong>Bu web sitelerindeki \u00e7erezler nas\u0131l y\u00f6netilir?<\/strong> Bu web sitesindeki \u00e7erezlerle ilgili tercihlerinizi \u00f6zelle\u015ftirmek i\u00e7in, \"Web sitesi ziyaret\u00e7i haklar\u0131\" b\u00f6l\u00fcm\u00fcndeki ba\u011flant\u0131ya t\u0131klayarak ayarlar\u0131n\u0131z\u0131 istedi\u011finiz zaman de\u011fi\u015ftirebilirsiniz.<\/li><\/li><\/ul><p>\u00c7erezlerin kullan\u0131m\u0131 hakk\u0131nda daha fazla bilgiyi \u015fu adreste bulabilirsiniz <a href=\"https:\/\/devowl.io\/de\/rcb\/cookie-handhabung\/\" target=\"_blank\">devowl.io\/tr\/rcb\/cookie-handling\/<\/a>.<\/p><\/p><h2 id=\"types-of-cookies\">Ne t\u00fcr \u00e7erezler var?<\/h2><p><ul><li><strong>Temel \u00e7erezler<\/strong> bir web sitesinin temel i\u015flevselli\u011fi i\u00e7in gereklidir ve oturum a\u00e7ma bilgilerinin saklanmas\u0131 veya web sitelerinin g\u00fcvenli alanlar\u0131na eri\u015fim gibi i\u015flevleri etkinle\u015ftirir. Bunlar, \u00f6rne\u011fin, bir \u00e7erezde bir kimlik do\u011frulama anahtar\u0131 depolayarak web sitesinde istenmeyen bir botu tan\u0131mlayabilen g\u00fcvenlik \u00e7erezlerini i\u00e7erir.<\/li><li><strong>Fonksiyonel \u00e7erezler<\/strong> ki\u015fiselle\u015ftirilmi\u015f bir g\u00f6r\u00fcnt\u00fc sa\u011flamak i\u00e7in dil ayarlar\u0131 veya web sitelerinin g\u00f6r\u00fcn\u00fcm\u00fcne ili\u015fkin ayarlar gibi bilgi ve tercihleri depolayarak kullan\u0131c\u0131 deneyimini iyile\u015ftirmek. Bu, \u00f6rne\u011fin, bir web sitesinin kullan\u0131c\u0131n\u0131n tercih etti\u011fi video kalitesini saklayan tercih \u00e7erezlerini i\u00e7erir.<\/li><li><strong>\u0130statistik \u00e7erezleri<\/strong> kullan\u0131c\u0131 davran\u0131\u015f\u0131 hakk\u0131nda bilgi edinmek ve web sitelerinin performans\u0131n\u0131 optimize etmek i\u00e7in bir web sitesinin kullan\u0131m\u0131 hakk\u0131nda veri toplamak. Bu, \u00f6rne\u011fin, web sitelerinin bir alt sayfas\u0131n\u0131 ziyaret edip etmedi\u011finizi belirlemek i\u00e7in kullan\u0131labilecek rastgele atanm\u0131\u015f bir kullan\u0131c\u0131 kimli\u011fini i\u00e7erir.<\/li><li><strong>Pazarlama \u00e7erezleri<\/strong> Farkl\u0131 web sitelerindeki kullan\u0131c\u0131 davran\u0131\u015flar\u0131n\u0131 izlemek ve kullan\u0131c\u0131lar\u0131n ilgi alanlar\u0131na ve tarama davran\u0131\u015flar\u0131na g\u00f6re ki\u015fiselle\u015ftirilmi\u015f reklamlar g\u00f6r\u00fcnt\u00fclemek i\u00e7in kullan\u0131l\u0131r. Bu, \u00f6rne\u011fin, web sitelerindeki bir reklamla etkile\u015fimi saklayan ve reklamverenlere ileten reklam \u00e7erezlerini veya sat\u0131n alma \u00f6ncesi sorular\u0131 ve m\u00fc\u015fteri deste\u011fi i\u00e7in bir sohbet sistemini i\u00e7erir.<\/li><\/li><\/ul><\/p><h2 id=\"cookies-origin\">Bu web sitesi \u00e7erezleri kimler ayarlayabilir?<\/h2><p>Bu web sitesinde, hem web sitesi operat\u00f6r\u00fc hem de bu web sitesinde kullan\u0131lan \u00fc\u00e7\u00fcnc\u00fc taraf hizmetleri \u00e7erezleri ayarlayabilir ve i\u00e7eriklerine eri\u015febilir. Kimin hangi \u00e7erezlere ve bunlar\u0131n i\u00e7eri\u011fine eri\u015febilece\u011fi konusunda birinci taraf ve \u00fc\u00e7\u00fcnc\u00fc taraf \u00e7erezleri aras\u0131nda bir ayr\u0131m yap\u0131l\u0131r. Birinci taraf \u00e7erezleri ziyaret edilen web sitesi taraf\u0131ndan olu\u015fturulur ve yaln\u0131zca web sitelerinin operat\u00f6r\u00fc ve bu web sitelerindeki entegre \u00fc\u00e7\u00fcnc\u00fc taraf hizmetleri taraf\u0131ndan okunabilir. \u00dc\u00e7\u00fcnc\u00fc taraf \u00e7erezleri genellikle di\u011fer alan adlar\u0131ndaki \u00fc\u00e7\u00fcnc\u00fc taraf hizmetleri taraf\u0131ndan olu\u015fturulur, alan ad\u0131n\u0131 kontrol eden hizmetin g\u00f6m\u00fcl\u00fc oldu\u011fu t\u00fcm web sitelerinde okunabilir ve \u00f6rne\u011fin reklam a\u011flar\u0131 taraf\u0131ndan farkl\u0131 web sitelerindeki kullan\u0131c\u0131 davran\u0131\u015flar\u0131n\u0131 izlemek ve ki\u015fiselle\u015ftirilmi\u015f reklamlar sunmak i\u00e7in kullan\u0131l\u0131r.<\/p><h2 id=\"list-of-services\">Bu web sitesinde hangi \u00e7erezler kullan\u0131l\u0131yor?<\/h2><script type=\"application\/json\">{\"search\":{\"placeholder\":\"Search...\"},\"sort\":{\"sortAsc\":\"Sort column ascending\",\"sortDesc\":\"Sort column descending\"},\"pagination\":{\"previous\":\"Previous\",\"next\":\"Next\",\"navigate\":\"Page %1$d of %2$d\",\"page\":\"Page %d\",\"showing\":\"Showing\",\"of\":\"of\",\"to\":\"to\",\"results\":\"results\"},\"noRecordsFound\":\"No matching records found\"}<\/script><table  class=\"devowl-wp-react-cookie-banner-cookie-policy\"><thead><tr><th width=\"200px\" scope=\"col\">Kategori<\/th><th width=\"400px\" scope=\"col\">Teknik \u00e7erez ad\u0131<\/th><th width=\"400px\" scope=\"col\">Teknik \u00e7erez sunucusu<\/th><th width=\"400px\" scope=\"col\">Hizmet<\/th><th width=\"250px\" scope=\"col\">Tatl\u0131l\u0131k<\/th><th width=\"200px\" scope=\"col\">Kap\u0131<\/th><th width=\"550px\" scope=\"col\">Ama\u00e7<\/th><\/tr><\/thead><tbody><tr><td>Temel<\/td><td>real_cookie_banner*<\/td><td>.mueller-wrh.de<\/td><td>Ger\u00e7ek Kurabiye Afi\u015fi<\/td><td>365 g\u00fcn<\/td><td>HTTP \u00e7erezi<\/td><td>Onay i\u00e7in benzersiz tan\u0131mlay\u0131c\u0131, ancak web sitesi ziyaret\u00e7isi i\u00e7in de\u011fil. \u00c7erez banner ayarlar\u0131 i\u00e7in revizyon karmas\u0131 (metinler, renkler, fonksiyonlar, hizmet gruplar\u0131, hizmetler, i\u00e7erik engelleyiciler, vb.) Onaylanan hizmetler ve hizmet gruplar\u0131 i\u00e7in kimlikler.<\/td><\/tr><tr><td>Temel<\/td><td>real_cookie_banner*-tcf<\/td><td>.mueller-wrh.de<\/td><td>Ger\u00e7ek Kurabiye Afi\u015fi<\/td><td>365 g\u00fcn<\/td><td>HTTP \u00e7erezi<\/td><td>TCF'nin bir par\u00e7as\u0131 olarak toplanan ve TCF sat\u0131c\u0131lar\u0131, ama\u00e7lar\u0131, \u00f6zel ama\u00e7lar\u0131, i\u015flevleri ve \u00f6zel i\u015flevleri dahil olmak \u00fczere TC String format\u0131nda saklanan onaylar.<\/td><\/tr><tr><td>Temel<\/td><td>real_cookie_banner*-gcm<\/td><td>.mueller-wrh.de<\/td><td>Ger\u00e7ek Kurabiye Afi\u015fi<\/td><td>365 g\u00fcn<\/td><td>HTTP \u00e7erezi<\/td><td>Google Onay Modu'nda \u00e7e\u015fitli onay t\u00fcrleri (ama\u00e7lar) i\u00e7in toplanan onaylar, Google Onay Modu ile uyumlu t\u00fcm hizmetler i\u00e7in saklan\u0131r.<\/td><\/tr><tr><td>Temel<\/td><td>real_cookie_banner-test<\/td><td>.mueller-wrh.de<\/td><td>Ger\u00e7ek Kurabiye Afi\u015fi<\/td><td>365 g\u00fcn<\/td><td>HTTP \u00e7erezi<\/td><td>HTTP \u00e7erezlerinin i\u015flevselli\u011fini test etmek i\u00e7in ayarlanan \u00e7erez. Testten hemen sonra silinir.<\/td><\/tr><tr><td>Temel<\/td><td>real_cookie_banner*<\/td><td>https:\/\/mueller-wrh.de<\/td><td>Ger\u00e7ek Kurabiye Afi\u015fi<\/td><td>-<\/td><td>Yerel Depolama<\/td><td>Onay i\u00e7in benzersiz tan\u0131mlay\u0131c\u0131, ancak web sitesi ziyaret\u00e7isi i\u00e7in de\u011fil. \u00c7erez banner ayarlar\u0131 i\u00e7in revizyon karmas\u0131 (metinler, renkler, fonksiyonlar, hizmet gruplar\u0131, hizmetler, i\u00e7erik engelleyiciler, vb.) Onaylanan hizmetler ve hizmet gruplar\u0131 i\u00e7in kimlikler. Yaln\u0131zca web sitesi sunucusunda onay belgelenene kadar saklan\u0131r.<\/td><\/tr><tr><td>Temel<\/td><td>real_cookie_banner*-tcf<\/td><td>https:\/\/mueller-wrh.de<\/td><td>Ger\u00e7ek Kurabiye Afi\u015fi<\/td><td>-<\/td><td>Yerel Depolama<\/td><td>TCF'nin bir par\u00e7as\u0131 olarak toplanan onaylar, TCF sat\u0131c\u0131lar\u0131, ama\u00e7lar, \u00f6zel ama\u00e7lar, i\u015flevler ve \u00f6zel i\u015flevler dahil olmak \u00fczere TC dizesi bi\u00e7iminde saklan\u0131r. Yaln\u0131zca onay web sitesi sunucusunda belgelenene kadar saklan\u0131r.<\/td><\/tr><tr><td>Temel<\/td><td>real_cookie_banner*-gcm<\/td><td>https:\/\/mueller-wrh.de<\/td><td>Ger\u00e7ek Kurabiye Afi\u015fi<\/td><td>-<\/td><td>Yerel Depolama<\/td><td>Google Onay Modunun bir par\u00e7as\u0131 olarak kaydedilen onaylar, Google Onay Modu ile uyumlu t\u00fcm hizmetler i\u00e7in onay t\u00fcrlerinde (ama\u00e7lar) saklan\u0131r. Yaln\u0131zca onay web sitesi sunucusunda belgelenene kadar saklan\u0131r.<\/td><\/tr><tr><td>Temel<\/td><td>real_cookie_banner-consent-queue*<\/td><td>https:\/\/mueller-wrh.de<\/td><td>Ger\u00e7ek Kurabiye Afi\u015fi<\/td><td>-<\/td><td>Yerel Depolama<\/td><td>Sunucu onay\u0131 belgeleyene kadar \u00e7erez ba\u015fl\u0131\u011f\u0131ndaki se\u00e7imin yerel olarak \u00f6nbelle\u011fe al\u0131nmas\u0131; sunucu kullan\u0131lam\u0131yorsa veya a\u015f\u0131r\u0131 y\u00fckl\u00fcyse periyodik olarak veya sayfa de\u011fi\u015ftirirken belgeleme denenir.<\/td><\/tr><tr><td>Fonksiyonel<\/td><td>wpEmojiSettingsSupports<\/td><td>https:\/\/mueller-wrh.de<\/td><td>WordPress Emojileri<\/td><td>OTURUM<\/td><td>Oturum Depolama<\/td><td>Zaman damgalar\u0131 ve emojileri ayarlaman\u0131n m\u00fcmk\u00fcn olup olmad\u0131\u011f\u0131<\/td><\/tr><\/tbody><\/table><p>\u00c7erez politikas\u0131 en son {{g\u00fcncelleme tarihi}} tarihinde g\u00fcncellenmi\u015ftir.<\/p>","protected":false},"excerpt":{"rendered":"","protected":false},"author":1,"featured_media":0,"parent":0,"menu_order":0,"comment_status":"closed","ping_status":"closed","template":"","meta":{"_uf_show_specific_survey":0,"_uf_disable_surveys":false,"footnotes":""},"class_list":["post-767","page","type-page","status-publish","hentry"],"aioseo_notices":[],"_links":{"self":[{"href":"https:\/\/mueller-wrh.de\/tr\/wp-json\/wp\/v2\/pages\/767","targetHints":{"allow":["GET"]}}],"collection":[{"href":"https:\/\/mueller-wrh.de\/tr\/wp-json\/wp\/v2\/pages"}],"about":[{"href":"https:\/\/mueller-wrh.de\/tr\/wp-json\/wp\/v2\/types\/page"}],"author":[{"embeddable":true,"href":"https:\/\/mueller-wrh.de\/tr\/wp-json\/wp\/v2\/users\/1"}],"replies":[{"embeddable":true,"href":"https:\/\/mueller-wrh.de\/tr\/wp-json\/wp\/v2\/comments?post=767"}],"version-history":[{"count":0,"href":"https:\/\/mueller-wrh.de\/tr\/wp-json\/wp\/v2\/pages\/767\/revisions"}],"wp:attachment":[{"href":"https:\/\/mueller-wrh.de\/tr\/wp-json\/wp\/v2\/media?parent=767"}],"curies":[{"name":"wp","href":"https:\/\/api.w.org\/{rel}","templated":true}]}}